{"id":10820,"date":"2026-02-18T12:36:48","date_gmt":"2026-02-18T12:36:48","guid":{"rendered":"https:\/\/www.adapt.it\/?page_id=10820"},"modified":"2026-03-13T16:31:25","modified_gmt":"2026-03-13T16:31:25","slug":"thematic-agenda","status":"publish","type":"page","link":"https:\/\/www.adapt.it\/tr\/incremental\/interactive-guide\/thematic-agenda\/","title":{"rendered":"Thematic Agenda &#8211; The What"},"content":{"rendered":"<div class=\"process-header\">\n<h2 style=\"font-size: 42px; font-weight: 800;\">Tematik G\u00fcndem<\/h2>\n<p style=\"font-size: 22px; max-width: 900px; margin: 0 auto 50px auto; color: #475569;\">Dijitalle\u015fme, de\u011fi\u015fim ve i\u015fin gelece\u011fini \u00e7\u00f6z\u00fcm odakl\u0131 bir bak\u0131\u015f a\u00e7\u0131s\u0131yla ele alan temel m\u00fczakere noktalar\u0131.<\/p>\n<\/div>\n<div class=\"node-container\">\n<div class=\"node-header\">\n<div class=\"node-number\">1<\/div>\n<h2>\u0130\u015f Organizasyonu<\/h2>\n<\/p><\/div>\n<div style=\"margin-bottom: 25px; line-height: 1.6;\" class=\" translation-block\"><strong>Odak Noktas\u0131:<\/strong> \u0130\u015f tasar\u0131m\u0131, haklar\u0131n yasal \u00e7er\u00e7evesi ve psikososyal ortam.<\/div>\n<div class=\"theme-grid\">\n<div class=\"theme-box\">\n<h4>\u0130\u00e7erik<\/h4>\n<p>            A\u015f\u0131r\u0131 i\u015f y\u00fck\u00fc, yo\u011fun stres ve i\u015f-\u00f6zel hayat s\u0131n\u0131rlar\u0131n\u0131n belirsizle\u015fmesiyle m\u00fccadele edilmesi.\n        <\/p><\/div>\n<div class=\"theme-box\">\n<h4>Psikososyal ve Yasal Odak<\/h4>\n<p class=\" translation-block\">\u015eiddet, taciz ve <strong>\u201cBa\u011flant\u0131y\u0131 Kesme Hakk\u0131\u201d<\/strong>n\u0131 (ula\u015f\u0131lamama hakk\u0131, kapatma hakk\u0131) a\u00e7\u0131k\u00e7a ele al\u0131r. Psikososyal risklerin erken tan\u0131nmas\u0131na ili\u015fkin yeni d\u00fczenlemeleri i\u00e7erir.<\/div>\n<div class=\"theme-box\" style=\"background-color: #f1f5f9;\">\n<h4>Ba\u011flam<\/h4>\n<p class=\" translation-block\">Psikososyal riskler bir bo\u015flukta ortaya \u00e7\u0131kmaz; daha geni\u015f sosyoekonomik ko\u015fullar taraf\u0131ndan \u015fekillenirler. <strong>T\u00fcrkiye ve \u0130talya<\/strong>'dan elde edilen \u00f6zel bulgulara dayanan bu b\u00f6l\u00fcm, makro d\u00fczeydeki bask\u0131lar\u0131n \u00e7al\u0131\u015fan stresini nas\u0131l do\u011frudan art\u0131rd\u0131\u011f\u0131n\u0131 g\u00f6stermektedir.<\/div>\n<\/p><\/div>\n<div class=\"tool-card-agenda\">\n<div class=\"tool-icon-box\"><span><\/span><\/div>\n<div class=\"tool-info\">\n<h3>Ba\u011flant\u0131y\u0131 Kesme Hakk\u0131 ve Tacizle M\u00fccadele Maddesi<\/h3>\n<p>Ara\u00e7 Kart\u0131n\u0131 Okuyun: \u00c7al\u0131\u015fan G\u00fcvenceleri ve M\u00fczakere Protokolleri Tasla\u011f\u0131<\/p>\n<p>            <a class=\"btn-tool\" href=\"https:\/\/www.adapt.it\/wp-content\/uploads\/2026\/03\/Tool-Card.docx\">Download Tool Card (.docx)<\/a>\n        <\/div>\n<\/p><\/div>\n<\/div>\n<div class=\"node-container\">\n<div class=\"node-header\">\n<div class=\"node-number\">2<\/div>\n<h2>De\u011fi\u015fimi Y\u00f6netmek (\u0130\u00e7 ve D\u0131\u015f Etkenler)<\/h2>\n<\/p><\/div>\n<p style=\"margin-bottom: 25px; line-height: 1.6;\" class=\" translation-block\"><strong>Odak Noktas\u0131:<\/strong> Teknoloji veya d\u00fczenlemelerin y\u00f6nlendirdi\u011fi d\u00f6n\u00fc\u015f\u00fcmlerde yol almak.<\/p>\n<div class=\"theme-grid\">\n<div class=\"theme-box\" style=\"border-left-color: #1e293b;\">\n<h4>\u0130\u00e7sel Etkenler (Dijitalle\u015fme ve Strateji)<\/h4>\n<p class=\" translation-block\">\u0130\u015f stratejisi ve teknolojik uygulamalara odaklan\u0131r. <strong>Yapay zek\u00e2 g\u00f6zetimi<\/strong>, performans \u00f6l\u00e7\u00fcm\u00fc ve gizlilik\/GDPR konular\u0131n\u0131 kapsar.<br>\n<br><strong>Psikososyal A\u00e7\u0131:<\/strong> \u201cTeknostres\u201d ve s\u00fcrekli izlenmenin yaratt\u0131\u011f\u0131 bask\u0131.<\/div>\n<div class=\"theme-box\" style=\"border-left-color: #3b82f6;\">\n<h4>D\u0131\u015fsal Etkenler (Ye\u015fil D\u00f6n\u00fc\u015f\u00fcm ve D\u00fczenleme):<\/h4>\n<p class=\" translation-block\">Bu alt b\u00f6l\u00fcm, yeni mevzuat, tarifeler veya Ye\u015fil D\u00f6n\u00fc\u015f\u00fcm taraf\u0131ndan zorunlu k\u0131l\u0131nan d\u00f6n\u00fc\u015f\u00fcmlere odaklanmaktad\u0131r. \u0130\u015fverenlerin i\u015fi nas\u0131l organize etti\u011fini temelden \u015fekillendiren daha geni\u015f sosyo-ekonomik ko\u015fullar\u0131 a\u00e7\u0131k\u00e7a kabul etmektedir: resesyonlar veya ekonomik daralmalar s\u0131kl\u0131kla k\u00fc\u00e7\u00fclmeye, i\u015f yo\u011funla\u015fmas\u0131na ve i\u015f g\u00fcvensizli\u011finin artmas\u0131na yol a\u00e7arken; h\u0131zl\u0131 b\u00fcy\u00fcme d\u00f6nemleri genellikle beceri eksiklikleri, fazla mesai bask\u0131lar\u0131 ve aceleye getirilmi\u015f \u00fcretim hedefleri ile sonu\u00e7lan\u0131r.<br>\n<br><strong>Gerek\u00e7e:<\/strong> Ye\u015fil teknoloji ba\u015flang\u0131\u00e7ta birincil e\u011fitim oda\u011f\u0131 olmasa da, burada \u2013 AB Ye\u015fil Mutabakat\u0131 \u00f6rne\u011finde oldu\u011fu gibi \u2013 i\u015f g\u00fcvencesini do\u011frudan etkileyen \u00e7ok \u00f6nemli bir d\u0131\u015f d\u00fczenleyici etken olarak dahil edilmi\u015ftir. Dahas\u0131, e\u011fitim kat\u0131l\u0131mc\u0131lar\u0131yla yap\u0131lan tart\u0131\u015fmalar ve onlar\u0131n \u00f6zel kurumsal ba\u011flamlar\u0131n\u0131n incelenmesi, bu konunun i\u015f yerinde ortaya \u00e7\u0131kan ek bir psikososyal risk oldu\u011funu ve bu haliyle e\u011fitim oturumlar\u0131nda \u00f6zel olarak ele al\u0131nmaya de\u011fer bir konu oldu\u011funu g\u00f6zlemlememizi sa\u011flam\u0131\u015ft\u0131r.<br>\n<br><strong>Psikososyal A\u00e7\u0131:<\/strong> Bu bile\u015fen \u201ceko-anksiyete\u201d ve i\u015f g\u00fcvensizli\u011fini ele almaktad\u0131r. \u201cEko-anksiyete\u201dnin bir\u00e7ok i\u015f\u00e7i ve sendika temsilcisi i\u00e7in a\u00e7\u0131klama gerektiren bir terim olabilece\u011fi kabul edilerek, burada iklim de\u011fi\u015fikli\u011finin bir sonucu olarak ortaya \u00e7\u0131kan bir ruh sa\u011fl\u0131\u011f\u0131 etkisi olarak tan\u0131mlanmaktad\u0131r; \u00f6rne\u011fin, gelecekteki \u00e7evresel zararlar ve sonu\u00e7lara dair korku ve s\u0131k\u0131nt\u0131 ile \u00e7evrenin durumuna dair belirsizlik; iklim olaylar\u0131 nedeniyle de\u011fi\u015fen veya k\u00f6t\u00fcle\u015fen ya\u015fam ko\u015fullar\u0131, afet sonras\u0131 d\u00fczenlemeler ve e\u015fitsizliklere verilen tepkiler; a\u015f\u0131r\u0131 hava olaylar\u0131 veya de\u011fi\u015fen ve bozulan do\u011fal \u00e7evre (\u00f6rne\u011fin s\u0131cakl\u0131k de\u011fi\u015fiklikleri, kurakl\u0131k, ya\u011f\u0131\u015f) (<a href=\"https:\/\/osha.europa.eu\/sites\/default\/files\/documents\/Eco-anxiety-OSH-emerging-risks_EN.pdf\" target=\"_self\">EU-OSHA, 2025<\/a>), art\u0131 h\u0131zl\u0131 \u00e7evresel ve d\u00fczenleyici de\u011fi\u015fimlerin neden oldu\u011fu ki\u015finin mesleki gelece\u011fine ili\u015fkin kronik s\u0131k\u0131nt\u0131 ve belirsizlik.<\/div>\n<\/p><\/div>\n<div style=\"display: flex; gap: 20px; flex-wrap: wrap;\">\n<div class=\"tool-card-agenda\" style=\"flex: 1; min-width: 300px;\">\n<div class=\"tool-icon-box\"><span><\/span><\/div>\n<div class=\"tool-info\">\n<h3>Algoritmik Etki De\u011ferlendirmesi<\/h3>\n<p>\u015eeffafl\u0131k, gizlilik ve teknostres risklerini izlemek i\u00e7in kontrol listesi.<\/p>\n<p>            <button class=\"btn-tool\" onclick=\"openModal('algorithmic')\" type=\"button\">Open Tool A<\/button>\n        <\/div>\n<\/p><\/div>\n<div class=\"tool-card-agenda\" style=\"flex: 1; min-width: 300px; background: #3b82f6;\">\n<div class=\"tool-icon-box\" style=\"background: #1e293b;\"><span><\/span><\/div>\n<div class=\"tool-info\">\n<h3>Adil Ge\u00e7i\u015f Kontrol Listesi<\/h3>\n<p>D\u0131\u015f d\u00fczenleyici \u015foklara kar\u015f\u0131 denetim haz\u0131rl\u0131\u011f\u0131 ve i\u015f g\u00fcvencesi garantileri.<\/p>\n<p>            <button class=\"btn-tool\" onclick=\"openModal('green')\" style=\"background: #1e293b;\" type=\"button\">Open Tool B<\/button>\n        <\/div>\n<\/p><\/div>\n<\/div>\n<\/div>\n<div class=\"node-container\">\n<div class=\"node-header\">\n<div class=\"node-number\">3<\/div>\n<h2>E\u011fitim ve Kariyer Geli\u015fimi<\/h2>\n<\/p><\/div>\n<div style=\"margin-bottom: 25px; line-height: 1.6;\" class=\" translation-block\"><strong>Odak:<\/strong> \u0130\u015f g\u00fcc\u00fcn\u00fcn becerilerinin art\u0131r\u0131lmas\u0131, beceri edinimi ve mesleki k\u00f6relmenin \u00f6nlenmesi.<\/div>\n<div class=\"theme-grid\">\n<div class=\"theme-box\">\n<h4>\u0130\u00e7erik<\/h4>\n<p class=\" translation-block\">E\u011fitimi g\u00f6n\u00fcll\u00fc bir \"ek hak\" olmaktan \u00e7\u0131kar\u0131p <strong>zorunlu bir s\u00f6zle\u015fme hakk\u0131na<\/strong> d\u00f6n\u00fc\u015ft\u00fcr\u00fcr. T\u00fcm e\u011fitimlerin tam \u00fccretli olmas\u0131n\u0131, \u00e7al\u0131\u015fma saatleri i\u00e7inde ger\u00e7ekle\u015ftirilmesini ve \u2014 en \u00f6nemlisi \u2014 sertifikasyonun ard\u0131ndan otomatik <strong>kademe ve maa\u015f art\u0131\u015f\u0131na<\/strong> ba\u011flanmas\u0131n\u0131 esas al\u0131r.<\/div>\n<div class=\"theme-box\">\n<h4>Psikososyal A\u00e7\u0131<\/h4>\n<p class=\" translation-block\">H\u0131zl\u0131 dijitalle\u015fmenin neden oldu\u011fu <strong>\"k\u00f6relme korkusu\"<\/strong> ve yetersizlik hissiyle do\u011frudan m\u00fccadele eder. Gelecekteki bir kariyer yolunu garanti alt\u0131na alarak kayg\u0131y\u0131 azalt\u0131r ve mesleki g\u00fcveni yeniden tesis eder.<\/div>\n<div class=\"theme-box\">\n<h4>Operasyonel Hedef:<\/h4>\n<p class=\" translation-block\">Beceri a\u00e7\u0131klar\u0131n\u0131 ortakla\u015fa tan\u0131mlamak ve finansman sa\u011flamak i\u00e7in <strong>Training Clause Builder<\/strong>'\u0131 kullanarak end\u00fcstriyel d\u00f6n\u00fc\u015f\u00fcmlerin i\u015ften \u00e7\u0131karmalar yerine i\u00e7 hareketlili\u011fe ve daha kaliteli i\u015flere yol a\u00e7mas\u0131n\u0131 sa\u011flar.<\/div>\n<\/p><\/div>\n<div class=\"tool-card-agenda\" style=\"background: #27ae60;\">\n<div class=\"tool-icon-box\" style=\"background: #1e293b;\"><span><\/span><\/div>\n<div class=\"tool-info\">\n<h3>E\u011fitim Maddesi Olu\u015fturucu<\/h3>\n<p>Beceri a\u00e7\u0131klar\u0131n\u0131 tan\u0131mlay\u0131n ve yerel s\u00f6zle\u015fmeniz i\u00e7in \u00f6zelle\u015ftirilmi\u015f bir hukuki madde olu\u015fturun.<\/p>\n<p>        <button class=\"btn-tool\" onclick=\"openModal('training')\" style=\"background: #1e293b;\" type=\"button\">Madde Olu\u015ftur<\/button>\n    <\/div>\n<\/div>\n<\/div>\n<div class=\"guide-navigation translation-block\"><a class=\"nav-link prev\" href=\"https:\/\/www.adapt.it\/incremental\/interactive-guide\/the-process-how\/\" target=\"_self\"><br>\r\n        <span class=\"nav-label\">Back<\/span><br>\r\n        <span class=\"nav-title\">\u2190 The Process<\/span><br>\r\n    <\/a><br>\r\n    <a class=\"nav-link next\" href=\"https:\/\/www.adapt.it\/incremental\/interactive-guide\/practical-examples\/\" target=\"_self\"><br>\r\n        <span class=\"nav-label\">Next Step<\/span><br>\r\n        <span class=\"nav-title\">Evidence Library \u2192<\/span><br>\r\n    <\/a><\/div>","protected":false},"excerpt":{"rendered":"<p>Thematic Agenda Core negotiation nodes to address digitalization, change, and the future of work with a solution-oriented mindset. 1 Work Organisation Focus: The design of work, the legal framework of rights, and the psychosocial environment. Content Addressing excessive workload, intense stress, and the blurring of work-life boundaries. Psychosocial &#038; Legal Focus Explicitly addresses violence, harassment, [&hellip;]<\/p>\n","protected":false},"author":7,"featured_media":0,"parent":10814,"menu_order":0,"comment_status":"closed","ping_status":"closed","template":"page-incremental-guide.php","meta":{"_acf_changed":false,"ocean_post_layout":"","ocean_both_sidebars_style":"","ocean_both_sidebars_content_width":0,"ocean_both_sidebars_sidebars_width":0,"ocean_sidebar":"0","ocean_second_sidebar":"0","ocean_disable_margins":"enable","ocean_add_body_class":"","ocean_shortcode_before_top_bar":"","ocean_shortcode_after_top_bar":"","ocean_shortcode_before_header":"","ocean_shortcode_after_header":"","ocean_has_shortcode":"","ocean_shortcode_after_title":"","ocean_shortcode_before_footer_widgets":"","ocean_shortcode_after_footer_widgets":"","ocean_shortcode_before_footer_bottom":"","ocean_shortcode_after_footer_bottom":"","ocean_display_top_bar":"default","ocean_display_header":"default","ocean_header_style":"","ocean_center_header_left_menu":"0","ocean_custom_header_template":"0","ocean_custom_logo":0,"ocean_custom_retina_logo":0,"ocean_custom_logo_max_width":0,"ocean_custom_logo_tablet_max_width":0,"ocean_custom_logo_mobile_max_width":0,"ocean_custom_logo_max_height":0,"ocean_custom_logo_tablet_max_height":0,"ocean_custom_logo_mobile_max_height":0,"ocean_header_custom_menu":"0","ocean_menu_typo_font_family":"0","ocean_menu_typo_font_subset":"","ocean_menu_typo_font_size":0,"ocean_menu_typo_font_size_tablet":0,"ocean_menu_typo_font_size_mobile":0,"ocean_menu_typo_font_size_unit":"px","ocean_menu_typo_font_weight":"","ocean_menu_typo_font_weight_tablet":"","ocean_menu_typo_font_weight_mobile":"","ocean_menu_typo_transform":"","ocean_menu_typo_transform_tablet":"","ocean_menu_typo_transform_mobile":"","ocean_menu_typo_line_height":0,"ocean_menu_typo_line_height_tablet":0,"ocean_menu_typo_line_height_mobile":0,"ocean_menu_typo_line_height_unit":"","ocean_menu_typo_spacing":0,"ocean_menu_typo_spacing_tablet":0,"ocean_menu_typo_spacing_mobile":0,"ocean_menu_typo_spacing_unit":"","ocean_menu_link_color":"","ocean_menu_link_color_hover":"","ocean_menu_link_color_active":"","ocean_menu_link_background":"","ocean_menu_link_hover_background":"","ocean_menu_link_active_background":"","ocean_menu_social_links_bg":"","ocean_menu_social_hover_links_bg":"","ocean_menu_social_links_color":"","ocean_menu_social_hover_links_color":"","ocean_disable_title":"default","ocean_disable_heading":"default","ocean_post_title":"","ocean_post_subheading":"","ocean_post_title_style":"","ocean_post_title_background_color":"","ocean_post_title_background":0,"ocean_post_title_bg_image_position":"","ocean_post_title_bg_image_attachment":"","ocean_post_title_bg_image_repeat":"","ocean_post_title_bg_image_size":"","ocean_post_title_height":0,"ocean_post_title_bg_overlay":0.5,"ocean_post_title_bg_overlay_color":"","ocean_disable_breadcrumbs":"default","ocean_breadcrumbs_color":"","ocean_breadcrumbs_separator_color":"","ocean_breadcrumbs_links_color":"","ocean_breadcrumbs_links_hover_color":"","ocean_display_footer_widgets":"default","ocean_display_footer_bottom":"default","ocean_custom_footer_template":"0","footnotes":""},"class_list":["post-10820","page","type-page","status-publish","hentry","entry"],"acf":[],"yoast_head":"<!-- This site is optimized with the Yoast SEO plugin v27.3 - https:\/\/yoast.com\/product\/yoast-seo-wordpress\/ -->\n<title>Thematic Agenda - The What<\/title>\n<meta name=\"robots\" content=\"index, follow, max-snippet:-1, max-image-preview:large, max-video-preview:-1\" \/>\n<link rel=\"canonical\" href=\"https:\/\/www.adapt.it\/tr\/incremental\/interactive-guide\/thematic-agenda\/\" \/>\n<meta property=\"og:locale\" content=\"tr_TR\" \/>\n<meta property=\"og:type\" content=\"article\" \/>\n<meta property=\"og:title\" content=\"Thematic Agenda - The What\" \/>\n<meta property=\"og:description\" content=\"Thematic Agenda Core negotiation nodes to address digitalization, change, and the future of work with a solution-oriented mindset. 1 Work Organisation Focus: The design of work, the legal framework of rights, and the psychosocial environment. Content Addressing excessive workload, intense stress, and the blurring of work-life boundaries. Psychosocial &#038; Legal Focus Explicitly addresses violence, harassment, [&hellip;]\" \/>\n<meta property=\"og:url\" content=\"https:\/\/www.adapt.it\/tr\/incremental\/interactive-guide\/thematic-agenda\/\" \/>\n<meta property=\"og:site_name\" content=\"Adapt.it\" \/>\n<meta property=\"article:publisher\" content=\"https:\/\/www.facebook.com\/adaptland\/\" \/>\n<meta property=\"article:modified_time\" content=\"2026-03-13T16:31:25+00:00\" \/>\n<meta name=\"twitter:card\" content=\"summary_large_image\" \/>\n<meta name=\"twitter:site\" content=\"@adaptland\" \/>\n<meta name=\"twitter:label1\" content=\"Tahmini okuma s\u00fcresi\" \/>\n\t<meta name=\"twitter:data1\" content=\"4 dakika\" \/>\n<script type=\"application\/ld+json\" class=\"yoast-schema-graph\">{\"@context\":\"https:\\\/\\\/schema.org\",\"@graph\":[{\"@type\":\"WebPage\",\"@id\":\"https:\\\/\\\/www.adapt.it\\\/incremental\\\/interactive-guide\\\/thematic-agenda\\\/\",\"url\":\"https:\\\/\\\/www.adapt.it\\\/incremental\\\/interactive-guide\\\/thematic-agenda\\\/\",\"name\":\"Thematic Agenda - The What\",\"isPartOf\":{\"@id\":\"https:\\\/\\\/www.adapt.it\\\/#website\"},\"datePublished\":\"2026-02-18T12:36:48+00:00\",\"dateModified\":\"2026-03-13T16:31:25+00:00\",\"breadcrumb\":{\"@id\":\"https:\\\/\\\/www.adapt.it\\\/incremental\\\/interactive-guide\\\/thematic-agenda\\\/#breadcrumb\"},\"inLanguage\":\"tr\",\"potentialAction\":[{\"@type\":\"ReadAction\",\"target\":[\"https:\\\/\\\/www.adapt.it\\\/incremental\\\/interactive-guide\\\/thematic-agenda\\\/\"]}]},{\"@type\":\"BreadcrumbList\",\"@id\":\"https:\\\/\\\/www.adapt.it\\\/incremental\\\/interactive-guide\\\/thematic-agenda\\\/#breadcrumb\",\"itemListElement\":[{\"@type\":\"ListItem\",\"position\":1,\"name\":\"Home\",\"item\":\"https:\\\/\\\/www.adapt.it\\\/\"},{\"@type\":\"ListItem\",\"position\":2,\"name\":\"Incremental\",\"item\":\"https:\\\/\\\/www.adapt.it\\\/incremental\\\/\"},{\"@type\":\"ListItem\",\"position\":3,\"name\":\"The Increme(n)tal Interactive Guide\",\"item\":\"https:\\\/\\\/www.adapt.it\\\/incremental\\\/interactive-guide\\\/\"},{\"@type\":\"ListItem\",\"position\":4,\"name\":\"Thematic Agenda &#8211; The What\"}]},{\"@type\":\"WebSite\",\"@id\":\"https:\\\/\\\/www.adapt.it\\\/#website\",\"url\":\"https:\\\/\\\/www.adapt.it\\\/\",\"name\":\"adapt.it\",\"description\":\"Building the Future of Work Together\",\"publisher\":{\"@id\":\"https:\\\/\\\/www.adapt.it\\\/#organization\"},\"potentialAction\":[{\"@type\":\"SearchAction\",\"target\":{\"@type\":\"EntryPoint\",\"urlTemplate\":\"https:\\\/\\\/www.adapt.it\\\/?s={search_term_string}\"},\"query-input\":{\"@type\":\"PropertyValueSpecification\",\"valueRequired\":true,\"valueName\":\"search_term_string\"}}],\"inLanguage\":\"tr\"},{\"@type\":\"Organization\",\"@id\":\"https:\\\/\\\/www.adapt.it\\\/#organization\",\"name\":\"ADAPT\",\"url\":\"https:\\\/\\\/www.adapt.it\\\/\",\"logo\":{\"@type\":\"ImageObject\",\"inLanguage\":\"tr\",\"@id\":\"https:\\\/\\\/www.adapt.it\\\/#\\\/schema\\\/logo\\\/image\\\/\",\"url\":\"https:\\\/\\\/www.adapt.it\\\/wp-content\\\/uploads\\\/2026\\\/01\\\/ADAPT.jpg\",\"contentUrl\":\"https:\\\/\\\/www.adapt.it\\\/wp-content\\\/uploads\\\/2026\\\/01\\\/ADAPT.jpg\",\"width\":2378,\"height\":744,\"caption\":\"ADAPT\"},\"image\":{\"@id\":\"https:\\\/\\\/www.adapt.it\\\/#\\\/schema\\\/logo\\\/image\\\/\"},\"sameAs\":[\"https:\\\/\\\/www.facebook.com\\\/adaptland\\\/\",\"https:\\\/\\\/x.com\\\/adaptland\",\"https:\\\/\\\/www.instagram.com\\\/adaptland\\\/\",\"https:\\\/\\\/www.linkedin.com\\\/company\\\/adapt---centro-studi-marco-biagi\\\/\",\"https:\\\/\\\/www.youtube.com\\\/@adaptchannel\"]}]}<\/script>\n<!-- \/ Yoast SEO plugin. -->","yoast_head_json":{"title":"Thematic Agenda - The What","robots":{"index":"index","follow":"follow","max-snippet":"max-snippet:-1","max-image-preview":"max-image-preview:large","max-video-preview":"max-video-preview:-1"},"canonical":"https:\/\/www.adapt.it\/tr\/incremental\/interactive-guide\/thematic-agenda\/","og_locale":"tr_TR","og_type":"article","og_title":"Thematic Agenda - The What","og_description":"Thematic Agenda Core negotiation nodes to address digitalization, change, and the future of work with a solution-oriented mindset. 1 Work Organisation Focus: The design of work, the legal framework of rights, and the psychosocial environment. Content Addressing excessive workload, intense stress, and the blurring of work-life boundaries. Psychosocial &#038; Legal Focus Explicitly addresses violence, harassment, [&hellip;]","og_url":"https:\/\/www.adapt.it\/tr\/incremental\/interactive-guide\/thematic-agenda\/","og_site_name":"Adapt.it","article_publisher":"https:\/\/www.facebook.com\/adaptland\/","article_modified_time":"2026-03-13T16:31:25+00:00","twitter_card":"summary_large_image","twitter_site":"@adaptland","twitter_misc":{"Tahmini okuma s\u00fcresi":"4 dakika"},"schema":{"@context":"https:\/\/schema.org","@graph":[{"@type":"WebPage","@id":"https:\/\/www.adapt.it\/incremental\/interactive-guide\/thematic-agenda\/","url":"https:\/\/www.adapt.it\/incremental\/interactive-guide\/thematic-agenda\/","name":"Thematic Agenda - The What","isPartOf":{"@id":"https:\/\/www.adapt.it\/#website"},"datePublished":"2026-02-18T12:36:48+00:00","dateModified":"2026-03-13T16:31:25+00:00","breadcrumb":{"@id":"https:\/\/www.adapt.it\/incremental\/interactive-guide\/thematic-agenda\/#breadcrumb"},"inLanguage":"tr","potentialAction":[{"@type":"ReadAction","target":["https:\/\/www.adapt.it\/incremental\/interactive-guide\/thematic-agenda\/"]}]},{"@type":"BreadcrumbList","@id":"https:\/\/www.adapt.it\/incremental\/interactive-guide\/thematic-agenda\/#breadcrumb","itemListElement":[{"@type":"ListItem","position":1,"name":"Home","item":"https:\/\/www.adapt.it\/"},{"@type":"ListItem","position":2,"name":"Incremental","item":"https:\/\/www.adapt.it\/incremental\/"},{"@type":"ListItem","position":3,"name":"The Increme(n)tal Interactive Guide","item":"https:\/\/www.adapt.it\/incremental\/interactive-guide\/"},{"@type":"ListItem","position":4,"name":"Thematic Agenda &#8211; The What"}]},{"@type":"WebSite","@id":"https:\/\/www.adapt.it\/#website","url":"https:\/\/www.adapt.it\/","name":"adapt.it","description":"Building the Future of Work Together","publisher":{"@id":"https:\/\/www.adapt.it\/#organization"},"potentialAction":[{"@type":"SearchAction","target":{"@type":"EntryPoint","urlTemplate":"https:\/\/www.adapt.it\/?s={search_term_string}"},"query-input":{"@type":"PropertyValueSpecification","valueRequired":true,"valueName":"search_term_string"}}],"inLanguage":"tr"},{"@type":"Organization","@id":"https:\/\/www.adapt.it\/#organization","name":"ADAPT","url":"https:\/\/www.adapt.it\/","logo":{"@type":"ImageObject","inLanguage":"tr","@id":"https:\/\/www.adapt.it\/#\/schema\/logo\/image\/","url":"https:\/\/www.adapt.it\/wp-content\/uploads\/2026\/01\/ADAPT.jpg","contentUrl":"https:\/\/www.adapt.it\/wp-content\/uploads\/2026\/01\/ADAPT.jpg","width":2378,"height":744,"caption":"ADAPT"},"image":{"@id":"https:\/\/www.adapt.it\/#\/schema\/logo\/image\/"},"sameAs":["https:\/\/www.facebook.com\/adaptland\/","https:\/\/x.com\/adaptland","https:\/\/www.instagram.com\/adaptland\/","https:\/\/www.linkedin.com\/company\/adapt---centro-studi-marco-biagi\/","https:\/\/www.youtube.com\/@adaptchannel"]}]}},"_links":{"self":[{"href":"https:\/\/www.adapt.it\/tr\/wp-json\/wp\/v2\/pages\/10820","targetHints":{"allow":["GET"]}}],"collection":[{"href":"https:\/\/www.adapt.it\/tr\/wp-json\/wp\/v2\/pages"}],"about":[{"href":"https:\/\/www.adapt.it\/tr\/wp-json\/wp\/v2\/types\/page"}],"author":[{"embeddable":true,"href":"https:\/\/www.adapt.it\/tr\/wp-json\/wp\/v2\/users\/7"}],"replies":[{"embeddable":true,"href":"https:\/\/www.adapt.it\/tr\/wp-json\/wp\/v2\/comments?post=10820"}],"version-history":[{"count":17,"href":"https:\/\/www.adapt.it\/tr\/wp-json\/wp\/v2\/pages\/10820\/revisions"}],"predecessor-version":[{"id":11089,"href":"https:\/\/www.adapt.it\/tr\/wp-json\/wp\/v2\/pages\/10820\/revisions\/11089"}],"up":[{"embeddable":true,"href":"https:\/\/www.adapt.it\/tr\/wp-json\/wp\/v2\/pages\/10814"}],"wp:attachment":[{"href":"https:\/\/www.adapt.it\/tr\/wp-json\/wp\/v2\/media?parent=10820"}],"curies":[{"name":"wp","href":"https:\/\/api.w.org\/{rel}","templated":true}]}}