{"id":10820,"date":"2026-02-18T12:36:48","date_gmt":"2026-02-18T12:36:48","guid":{"rendered":"https:\/\/www.adapt.it\/?page_id=10820"},"modified":"2026-03-13T16:31:25","modified_gmt":"2026-03-13T16:31:25","slug":"thematic-agenda","status":"publish","type":"page","link":"https:\/\/www.adapt.it\/sl\/incremental\/interactive-guide\/thematic-agenda\/","title":{"rendered":"Thematic Agenda &#8211; The What"},"content":{"rendered":"<div class=\"process-header\">\n<h2 style=\"font-size: 42px; font-weight: 800;\">Tematski dnevni red<\/h2>\n<p style=\"font-size: 22px; max-width: 900px; margin: 0 auto 50px auto; color: #475569;\">Klju\u010dna pogajalska izhodi\u0161\u010da za obravnavo digitalizacije, sprememb in prihodnosti dela z miselnostjo, usmerjeno v re\u0161itve.<\/p>\n<\/div>\n<div class=\"node-container\">\n<div class=\"node-header\">\n<div class=\"node-number\">1<\/div>\n<h2>Organizacija dela<\/h2>\n<\/p><\/div>\n<div style=\"margin-bottom: 25px; line-height: 1.6;\" class=\" translation-block\"><strong>Fokus:<\/strong> Oblikovanje dela, pravni okvir pravic in psihosocialno okolje.<\/div>\n<div class=\"theme-grid\">\n<div class=\"theme-box\">\n<h4>Vsebina<\/h4>\n<p>            Obravnava prekomerne delovne obremenitve, intenzivnega stresa in brisanja meja med poklicnim in zasebnim \u017eivljenjem.\n        <\/p><\/div>\n<div class=\"theme-box\">\n<h4>Psihosocialni in pravni fokus<\/h4>\n<p class=\" translation-block\">Izrecno obravnava nasilje, nadlegovanje in <strong>\u201epravico do odklopa\u201c<\/strong> (pravica do nedosegljivosti, pravica do izklopa naprav). Vklju\u010duje nove predpise glede zgodnjega prepoznavanja psihosocialnih tveganj.<\/div>\n<div class=\"theme-box\" style=\"background-color: #f1f5f9;\">\n<h4>Kontekst<\/h4>\n<p class=\" translation-block\">Psihosocialna tveganja ne nastanejo v vakuumu; oblikujejo jih \u0161ir\u0161e socio-ekonomske razmere. Na podlagi posebnih ugotovitev iz <strong>Tur\u010dije in Italije<\/strong> ta razdelek ponazarja, kako pritiski na makro ravni neposredno pove\u010dujejo stres delavcev.<\/div>\n<\/p><\/div>\n<div class=\"tool-card-agenda\">\n<div class=\"tool-icon-box\"><span><\/span><\/div>\n<div class=\"tool-info\">\n<h3>Klavzula o pravici do odklopa in prepre\u010devanju nadlegovanja<\/h3>\n<p>Preberite kartico z orodjem: Na\u010drt za za\u0161\u010ditne ukrepe za delavce in pogajalske protokole<\/p>\n<p>            <a class=\"btn-tool\" href=\"https:\/\/www.adapt.it\/wp-content\/uploads\/2026\/03\/Tool-Card.docx\">Download Tool Card (.docx)<\/a>\n        <\/div>\n<\/p><\/div>\n<\/div>\n<div class=\"node-container\">\n<div class=\"node-header\">\n<div class=\"node-number\">2<\/div>\n<h2>Upravljanje sprememb (notranji in zunanji dejavniki)<\/h2>\n<\/p><\/div>\n<p style=\"margin-bottom: 25px; line-height: 1.6;\" class=\" translation-block\"><strong>Fokus:<\/strong> Usmerjanje preobrazb, ki jih spodbujajo tehnologija ali predpisi.<\/p>\n<div class=\"theme-grid\">\n<div class=\"theme-box\" style=\"border-left-color: #1e293b;\">\n<h4>Notranji dejavniki (digitalizacija in strategija)<\/h4>\n<p class=\" translation-block\">Osredoto\u010da se na poslovno strategijo in tehnolo\u0161ko implementacijo. Vklju\u010duje <strong>nadzor z umetno inteligenco<\/strong>, merjenje uspe\u0161nosti ter vpra\u0161anja zasebnosti\/GDPR.<br>\n<br><strong>Psihosocialni vidik:<\/strong> \u201eTehnostres\u201c in pritisk nenehnega spremljanja.<\/div>\n<div class=\"theme-box\" style=\"border-left-color: #3b82f6;\">\n<h4>Zunanji dejavniki (zeleni prehod in regulacija):<\/h4>\n<p class=\" translation-block\">Ta pododdelek se osredoto\u010da na preobrazbe, ki jih zahtevajo nova zakonodaja, tarife ali zeleni prehod. Izrecno priznava, da \u0161ir\u0161e socio-ekonomske razmere temeljno oblikujejo na\u010din, kako delodajalci organizirajo delo: recesije ali gospodarski upadi pogosto vodijo v zmanj\u0161evanje \u0161tevila zaposlenih, intenzifikacijo dela in pove\u010dano negotovost zaposlitve, medtem ko obdobja hitre rasti pogosto povzro\u010dijo pomanjkanje spretnosti, pritiske zaradi nadur in prenagljene proizvodne cilje.<br>\n<br><strong>Utemeljitev:<\/strong> \u010ceprav zelena tehnologija prvotno ni bila primarni poudarek usposabljanja, je tukaj vklju\u010dena kot klju\u010dno zunanje regulativno gonilo \u2013 primer je evropski zeleni dogovor \u2013, ki neposredno vpliva na varnost zaposlitve. Poleg tega so nam razprave z udele\u017eenci usposabljanja in raziskovanje njihovih specifi\u010dnih organizacijskih kontekstov omogo\u010dili opazovanje, kako je to vpra\u0161anje dodatno nastajajo\u010de psihosocialno tveganje na delovnem mestu in kot tako tema, vredna posebne obravnave na sejah usposabljanja.<br>\n<br><strong>Psihosocialni vidik:<\/strong> Ta komponenta obravnava \u00bbeko-anksioznost\u00ab in negotovost zaposlitve. Ob priznavanju, da je \u00bbeko-anksioznost\u00ab izraz, ki morda zahteva pojasnilo za \u0161tevilne delavce in sindikalne predstavnike, je tukaj opredeljena kot vpliv na du\u0161evno zdravje, ki nastane kot posledica podnebnih sprememb, npr. strah in stiska zaradi prihodnje okoljske \u0161kode in posledic ter negotovost glede stanja okolja; spreminjanje ali poslab\u0161anje \u017eivljenjskih razmer zaradi podnebnih dogodkov, prilagajanje po nesre\u010dah in odzivi na razlike; ekstremni vremenski dogodki ali spreminjajo\u010de se in poslab\u0161ano naravno okolje (npr. spremembe temperature, su\u0161a, padavine) (<a href=\"https:\/\/osha.europa.eu\/sites\/default\/files\/documents\/Eco-anxiety-OSH-emerging-risks_EN.pdf\" target=\"_self\">EU-OSHA, 2025<\/a>), poleg kroni\u010dne stiske in negotovosti glede lastne poklicne prihodnosti, ki jo povzro\u010dajo hitre okoljske in regulativne spremembe.<\/div>\n<\/p><\/div>\n<div style=\"display: flex; gap: 20px; flex-wrap: wrap;\">\n<div class=\"tool-card-agenda\" style=\"flex: 1; min-width: 300px;\">\n<div class=\"tool-icon-box\"><span><\/span><\/div>\n<div class=\"tool-info\">\n<h3>Ocena u\u010dinka algoritmov<\/h3>\n<p>Kontrolni seznam za spremljanje tveganj glede preglednosti, zasebnosti in tehnostresa.<\/p>\n<p>            <button class=\"btn-tool\" onclick=\"openModal('algorithmic')\" type=\"button\">Open Tool A<\/button>\n        <\/div>\n<\/p><\/div>\n<div class=\"tool-card-agenda\" style=\"flex: 1; min-width: 300px; background: #3b82f6;\">\n<div class=\"tool-icon-box\" style=\"background: #1e293b;\"><span><\/span><\/div>\n<div class=\"tool-info\">\n<h3>Kontrolni seznam za pravi\u010den prehod<\/h3>\n<p>Revizijska pripravljenost na zunanje regulativne \u0161oke in jamstva za varnost zaposlitve.<\/p>\n<p>            <button class=\"btn-tool\" onclick=\"openModal('green')\" style=\"background: #1e293b;\" type=\"button\">Open Tool B<\/button>\n        <\/div>\n<\/p><\/div>\n<\/div>\n<\/div>\n<div class=\"node-container\">\n<div class=\"node-header\">\n<div class=\"node-number\">3<\/div>\n<h2>Usposabljanje in razvoj kariere<\/h2>\n<\/p><\/div>\n<div style=\"margin-bottom: 25px; line-height: 1.6;\" class=\" translation-block\"><strong>Poudarek:<\/strong> Izpopolnjevanje delovne sile, pridobivanje spretnosti in prepre\u010devanje poklicne zastarelosti.<\/div>\n<div class=\"theme-grid\">\n<div class=\"theme-box\">\n<h4>Vsebina<\/h4>\n<p class=\" translation-block\">Usposabljanje spreminja iz prostovoljne \u201eugodnosti\u201c v <strong>obvezno pogodbeno pravico<\/strong>. Dolo\u010da, da mora biti vsako usposabljanje v celoti pla\u010dano, opravljeno med delovnim \u010dasom in \u2014 kar je klju\u010dno \u2014 povezano s samodejno <strong>razvrstitvijo in zvi\u0161anjem pla\u010de<\/strong> po pridobitvi certifikata.<\/div>\n<div class=\"theme-box\">\n<h4>Psihosocialni vidik<\/h4>\n<p class=\" translation-block\">Neposredno se bori proti <strong>\u201estrahu pred zastarelostjo\u201c<\/strong> in ob\u010dutkom nekompetentnosti, ki jih povzro\u010da hitra digitalizacija. Z zagotavljanjem prihodnje poklicne poti zmanj\u0161uje tesnobo in vra\u010da poklicno samozavest.<\/div>\n<div class=\"theme-box\">\n<h4>Operativni cilj:<\/h4>\n<p class=\" translation-block\">Uporablja <strong>Training Clause Builder<\/strong> za skupno opredelitev vrzeli v spretnosteh in zagotovitev financiranja, kar zagotavlja, da industrijski prehodi vodijo k notranji mobilnosti in kakovostnej\u0161im delovnim mestom namesto k odpu\u0161\u010danju.<\/div>\n<\/p><\/div>\n<div class=\"tool-card-agenda\" style=\"background: #27ae60;\">\n<div class=\"tool-icon-box\" style=\"background: #1e293b;\"><span><\/span><\/div>\n<div class=\"tool-info\">\n<h3>Orodje za pripravo dolo\u010dil o usposabljanju<\/h3>\n<p>Opredelite vrzeli v spretnosteh in pripravite prilagojeno pravno dolo\u010dilo za va\u0161 lokalni sporazum.<\/p>\n<p>        <button class=\"btn-tool\" onclick=\"openModal('training')\" style=\"background: #1e293b;\" type=\"button\">Pripravi dolo\u010dilo<\/button>\n    <\/div>\n<\/div>\n<\/div>\n<div class=\"guide-navigation translation-block\"><a class=\"nav-link prev\" href=\"https:\/\/www.adapt.it\/incremental\/interactive-guide\/the-process-how\/\" target=\"_self\"><br>\r\n        <span class=\"nav-label\">Back<\/span><br>\r\n        <span class=\"nav-title\">\u2190 The Process<\/span><br>\r\n    <\/a><br>\r\n    <a class=\"nav-link next\" href=\"https:\/\/www.adapt.it\/incremental\/interactive-guide\/practical-examples\/\" target=\"_self\"><br>\r\n        <span class=\"nav-label\">Next Step<\/span><br>\r\n        <span class=\"nav-title\">Evidence Library \u2192<\/span><br>\r\n    <\/a><\/div>","protected":false},"excerpt":{"rendered":"<p>Thematic Agenda Core negotiation nodes to address digitalization, change, and the future of work with a solution-oriented mindset. 1 Work Organisation Focus: The design of work, the legal framework of rights, and the psychosocial environment. Content Addressing excessive workload, intense stress, and the blurring of work-life boundaries. Psychosocial &#038; Legal Focus Explicitly addresses violence, harassment, [&hellip;]<\/p>\n","protected":false},"author":7,"featured_media":0,"parent":10814,"menu_order":0,"comment_status":"closed","ping_status":"closed","template":"page-incremental-guide.php","meta":{"_acf_changed":false,"ocean_post_layout":"","ocean_both_sidebars_style":"","ocean_both_sidebars_content_width":0,"ocean_both_sidebars_sidebars_width":0,"ocean_sidebar":"0","ocean_second_sidebar":"0","ocean_disable_margins":"enable","ocean_add_body_class":"","ocean_shortcode_before_top_bar":"","ocean_shortcode_after_top_bar":"","ocean_shortcode_before_header":"","ocean_shortcode_after_header":"","ocean_has_shortcode":"","ocean_shortcode_after_title":"","ocean_shortcode_before_footer_widgets":"","ocean_shortcode_after_footer_widgets":"","ocean_shortcode_before_footer_bottom":"","ocean_shortcode_after_footer_bottom":"","ocean_display_top_bar":"default","ocean_display_header":"default","ocean_header_style":"","ocean_center_header_left_menu":"0","ocean_custom_header_template":"0","ocean_custom_logo":0,"ocean_custom_retina_logo":0,"ocean_custom_logo_max_width":0,"ocean_custom_logo_tablet_max_width":0,"ocean_custom_logo_mobile_max_width":0,"ocean_custom_logo_max_height":0,"ocean_custom_logo_tablet_max_height":0,"ocean_custom_logo_mobile_max_height":0,"ocean_header_custom_menu":"0","ocean_menu_typo_font_family":"0","ocean_menu_typo_font_subset":"","ocean_menu_typo_font_size":0,"ocean_menu_typo_font_size_tablet":0,"ocean_menu_typo_font_size_mobile":0,"ocean_menu_typo_font_size_unit":"px","ocean_menu_typo_font_weight":"","ocean_menu_typo_font_weight_tablet":"","ocean_menu_typo_font_weight_mobile":"","ocean_menu_typo_transform":"","ocean_menu_typo_transform_tablet":"","ocean_menu_typo_transform_mobile":"","ocean_menu_typo_line_height":0,"ocean_menu_typo_line_height_tablet":0,"ocean_menu_typo_line_height_mobile":0,"ocean_menu_typo_line_height_unit":"","ocean_menu_typo_spacing":0,"ocean_menu_typo_spacing_tablet":0,"ocean_menu_typo_spacing_mobile":0,"ocean_menu_typo_spacing_unit":"","ocean_menu_link_color":"","ocean_menu_link_color_hover":"","ocean_menu_link_color_active":"","ocean_menu_link_background":"","ocean_menu_link_hover_background":"","ocean_menu_link_active_background":"","ocean_menu_social_links_bg":"","ocean_menu_social_hover_links_bg":"","ocean_menu_social_links_color":"","ocean_menu_social_hover_links_color":"","ocean_disable_title":"default","ocean_disable_heading":"default","ocean_post_title":"","ocean_post_subheading":"","ocean_post_title_style":"","ocean_post_title_background_color":"","ocean_post_title_background":0,"ocean_post_title_bg_image_position":"","ocean_post_title_bg_image_attachment":"","ocean_post_title_bg_image_repeat":"","ocean_post_title_bg_image_size":"","ocean_post_title_height":0,"ocean_post_title_bg_overlay":0.5,"ocean_post_title_bg_overlay_color":"","ocean_disable_breadcrumbs":"default","ocean_breadcrumbs_color":"","ocean_breadcrumbs_separator_color":"","ocean_breadcrumbs_links_color":"","ocean_breadcrumbs_links_hover_color":"","ocean_display_footer_widgets":"default","ocean_display_footer_bottom":"default","ocean_custom_footer_template":"0","footnotes":""},"class_list":["post-10820","page","type-page","status-publish","hentry","entry"],"acf":[],"yoast_head":"<!-- This site is optimized with the Yoast SEO plugin v27.3 - https:\/\/yoast.com\/product\/yoast-seo-wordpress\/ -->\n<title>Thematic Agenda - The What<\/title>\n<meta name=\"robots\" content=\"index, follow, max-snippet:-1, max-image-preview:large, max-video-preview:-1\" \/>\n<link rel=\"canonical\" href=\"https:\/\/www.adapt.it\/sl\/incremental\/interactive-guide\/thematic-agenda\/\" \/>\n<meta property=\"og:locale\" content=\"sl_SI\" \/>\n<meta property=\"og:type\" content=\"article\" \/>\n<meta property=\"og:title\" content=\"Thematic Agenda - The What\" \/>\n<meta property=\"og:description\" content=\"Thematic Agenda Core negotiation nodes to address digitalization, change, and the future of work with a solution-oriented mindset. 1 Work Organisation Focus: The design of work, the legal framework of rights, and the psychosocial environment. Content Addressing excessive workload, intense stress, and the blurring of work-life boundaries. Psychosocial &#038; Legal Focus Explicitly addresses violence, harassment, [&hellip;]\" \/>\n<meta property=\"og:url\" content=\"https:\/\/www.adapt.it\/sl\/incremental\/interactive-guide\/thematic-agenda\/\" \/>\n<meta property=\"og:site_name\" content=\"Adapt.it\" \/>\n<meta property=\"article:publisher\" content=\"https:\/\/www.facebook.com\/adaptland\/\" \/>\n<meta property=\"article:modified_time\" content=\"2026-03-13T16:31:25+00:00\" \/>\n<meta name=\"twitter:card\" content=\"summary_large_image\" \/>\n<meta name=\"twitter:site\" content=\"@adaptland\" \/>\n<meta name=\"twitter:label1\" content=\"Est. reading time\" \/>\n\t<meta name=\"twitter:data1\" content=\"4 minute\" \/>\n<script type=\"application\/ld+json\" class=\"yoast-schema-graph\">{\"@context\":\"https:\\\/\\\/schema.org\",\"@graph\":[{\"@type\":\"WebPage\",\"@id\":\"https:\\\/\\\/www.adapt.it\\\/incremental\\\/interactive-guide\\\/thematic-agenda\\\/\",\"url\":\"https:\\\/\\\/www.adapt.it\\\/incremental\\\/interactive-guide\\\/thematic-agenda\\\/\",\"name\":\"Thematic Agenda - The What\",\"isPartOf\":{\"@id\":\"https:\\\/\\\/www.adapt.it\\\/#website\"},\"datePublished\":\"2026-02-18T12:36:48+00:00\",\"dateModified\":\"2026-03-13T16:31:25+00:00\",\"breadcrumb\":{\"@id\":\"https:\\\/\\\/www.adapt.it\\\/incremental\\\/interactive-guide\\\/thematic-agenda\\\/#breadcrumb\"},\"inLanguage\":\"sl-SI\",\"potentialAction\":[{\"@type\":\"ReadAction\",\"target\":[\"https:\\\/\\\/www.adapt.it\\\/incremental\\\/interactive-guide\\\/thematic-agenda\\\/\"]}]},{\"@type\":\"BreadcrumbList\",\"@id\":\"https:\\\/\\\/www.adapt.it\\\/incremental\\\/interactive-guide\\\/thematic-agenda\\\/#breadcrumb\",\"itemListElement\":[{\"@type\":\"ListItem\",\"position\":1,\"name\":\"Home\",\"item\":\"https:\\\/\\\/www.adapt.it\\\/\"},{\"@type\":\"ListItem\",\"position\":2,\"name\":\"Incremental\",\"item\":\"https:\\\/\\\/www.adapt.it\\\/incremental\\\/\"},{\"@type\":\"ListItem\",\"position\":3,\"name\":\"The Increme(n)tal Interactive Guide\",\"item\":\"https:\\\/\\\/www.adapt.it\\\/incremental\\\/interactive-guide\\\/\"},{\"@type\":\"ListItem\",\"position\":4,\"name\":\"Thematic Agenda &#8211; The What\"}]},{\"@type\":\"WebSite\",\"@id\":\"https:\\\/\\\/www.adapt.it\\\/#website\",\"url\":\"https:\\\/\\\/www.adapt.it\\\/\",\"name\":\"adapt.it\",\"description\":\"Building the Future of Work Together\",\"publisher\":{\"@id\":\"https:\\\/\\\/www.adapt.it\\\/#organization\"},\"potentialAction\":[{\"@type\":\"SearchAction\",\"target\":{\"@type\":\"EntryPoint\",\"urlTemplate\":\"https:\\\/\\\/www.adapt.it\\\/?s={search_term_string}\"},\"query-input\":{\"@type\":\"PropertyValueSpecification\",\"valueRequired\":true,\"valueName\":\"search_term_string\"}}],\"inLanguage\":\"sl-SI\"},{\"@type\":\"Organization\",\"@id\":\"https:\\\/\\\/www.adapt.it\\\/#organization\",\"name\":\"ADAPT\",\"url\":\"https:\\\/\\\/www.adapt.it\\\/\",\"logo\":{\"@type\":\"ImageObject\",\"inLanguage\":\"sl-SI\",\"@id\":\"https:\\\/\\\/www.adapt.it\\\/#\\\/schema\\\/logo\\\/image\\\/\",\"url\":\"https:\\\/\\\/www.adapt.it\\\/wp-content\\\/uploads\\\/2026\\\/01\\\/ADAPT.jpg\",\"contentUrl\":\"https:\\\/\\\/www.adapt.it\\\/wp-content\\\/uploads\\\/2026\\\/01\\\/ADAPT.jpg\",\"width\":2378,\"height\":744,\"caption\":\"ADAPT\"},\"image\":{\"@id\":\"https:\\\/\\\/www.adapt.it\\\/#\\\/schema\\\/logo\\\/image\\\/\"},\"sameAs\":[\"https:\\\/\\\/www.facebook.com\\\/adaptland\\\/\",\"https:\\\/\\\/x.com\\\/adaptland\",\"https:\\\/\\\/www.instagram.com\\\/adaptland\\\/\",\"https:\\\/\\\/www.linkedin.com\\\/company\\\/adapt---centro-studi-marco-biagi\\\/\",\"https:\\\/\\\/www.youtube.com\\\/@adaptchannel\"]}]}<\/script>\n<!-- \/ Yoast SEO plugin. -->","yoast_head_json":{"title":"Thematic Agenda - The What","robots":{"index":"index","follow":"follow","max-snippet":"max-snippet:-1","max-image-preview":"max-image-preview:large","max-video-preview":"max-video-preview:-1"},"canonical":"https:\/\/www.adapt.it\/sl\/incremental\/interactive-guide\/thematic-agenda\/","og_locale":"sl_SI","og_type":"article","og_title":"Thematic Agenda - The What","og_description":"Thematic Agenda Core negotiation nodes to address digitalization, change, and the future of work with a solution-oriented mindset. 1 Work Organisation Focus: The design of work, the legal framework of rights, and the psychosocial environment. Content Addressing excessive workload, intense stress, and the blurring of work-life boundaries. Psychosocial &#038; Legal Focus Explicitly addresses violence, harassment, [&hellip;]","og_url":"https:\/\/www.adapt.it\/sl\/incremental\/interactive-guide\/thematic-agenda\/","og_site_name":"Adapt.it","article_publisher":"https:\/\/www.facebook.com\/adaptland\/","article_modified_time":"2026-03-13T16:31:25+00:00","twitter_card":"summary_large_image","twitter_site":"@adaptland","twitter_misc":{"Est. reading time":"4 minute"},"schema":{"@context":"https:\/\/schema.org","@graph":[{"@type":"WebPage","@id":"https:\/\/www.adapt.it\/incremental\/interactive-guide\/thematic-agenda\/","url":"https:\/\/www.adapt.it\/incremental\/interactive-guide\/thematic-agenda\/","name":"Thematic Agenda - The What","isPartOf":{"@id":"https:\/\/www.adapt.it\/#website"},"datePublished":"2026-02-18T12:36:48+00:00","dateModified":"2026-03-13T16:31:25+00:00","breadcrumb":{"@id":"https:\/\/www.adapt.it\/incremental\/interactive-guide\/thematic-agenda\/#breadcrumb"},"inLanguage":"sl-SI","potentialAction":[{"@type":"ReadAction","target":["https:\/\/www.adapt.it\/incremental\/interactive-guide\/thematic-agenda\/"]}]},{"@type":"BreadcrumbList","@id":"https:\/\/www.adapt.it\/incremental\/interactive-guide\/thematic-agenda\/#breadcrumb","itemListElement":[{"@type":"ListItem","position":1,"name":"Home","item":"https:\/\/www.adapt.it\/"},{"@type":"ListItem","position":2,"name":"Incremental","item":"https:\/\/www.adapt.it\/incremental\/"},{"@type":"ListItem","position":3,"name":"The Increme(n)tal Interactive Guide","item":"https:\/\/www.adapt.it\/incremental\/interactive-guide\/"},{"@type":"ListItem","position":4,"name":"Thematic Agenda &#8211; The What"}]},{"@type":"WebSite","@id":"https:\/\/www.adapt.it\/#website","url":"https:\/\/www.adapt.it\/","name":"adapt.it","description":"Building the Future of Work Together","publisher":{"@id":"https:\/\/www.adapt.it\/#organization"},"potentialAction":[{"@type":"SearchAction","target":{"@type":"EntryPoint","urlTemplate":"https:\/\/www.adapt.it\/?s={search_term_string}"},"query-input":{"@type":"PropertyValueSpecification","valueRequired":true,"valueName":"search_term_string"}}],"inLanguage":"sl-SI"},{"@type":"Organization","@id":"https:\/\/www.adapt.it\/#organization","name":"ADAPT","url":"https:\/\/www.adapt.it\/","logo":{"@type":"ImageObject","inLanguage":"sl-SI","@id":"https:\/\/www.adapt.it\/#\/schema\/logo\/image\/","url":"https:\/\/www.adapt.it\/wp-content\/uploads\/2026\/01\/ADAPT.jpg","contentUrl":"https:\/\/www.adapt.it\/wp-content\/uploads\/2026\/01\/ADAPT.jpg","width":2378,"height":744,"caption":"ADAPT"},"image":{"@id":"https:\/\/www.adapt.it\/#\/schema\/logo\/image\/"},"sameAs":["https:\/\/www.facebook.com\/adaptland\/","https:\/\/x.com\/adaptland","https:\/\/www.instagram.com\/adaptland\/","https:\/\/www.linkedin.com\/company\/adapt---centro-studi-marco-biagi\/","https:\/\/www.youtube.com\/@adaptchannel"]}]}},"_links":{"self":[{"href":"https:\/\/www.adapt.it\/sl\/wp-json\/wp\/v2\/pages\/10820","targetHints":{"allow":["GET"]}}],"collection":[{"href":"https:\/\/www.adapt.it\/sl\/wp-json\/wp\/v2\/pages"}],"about":[{"href":"https:\/\/www.adapt.it\/sl\/wp-json\/wp\/v2\/types\/page"}],"author":[{"embeddable":true,"href":"https:\/\/www.adapt.it\/sl\/wp-json\/wp\/v2\/users\/7"}],"replies":[{"embeddable":true,"href":"https:\/\/www.adapt.it\/sl\/wp-json\/wp\/v2\/comments?post=10820"}],"version-history":[{"count":17,"href":"https:\/\/www.adapt.it\/sl\/wp-json\/wp\/v2\/pages\/10820\/revisions"}],"predecessor-version":[{"id":11089,"href":"https:\/\/www.adapt.it\/sl\/wp-json\/wp\/v2\/pages\/10820\/revisions\/11089"}],"up":[{"embeddable":true,"href":"https:\/\/www.adapt.it\/sl\/wp-json\/wp\/v2\/pages\/10814"}],"wp:attachment":[{"href":"https:\/\/www.adapt.it\/sl\/wp-json\/wp\/v2\/media?parent=10820"}],"curies":[{"name":"wp","href":"https:\/\/api.w.org\/{rel}","templated":true}]}}