{"id":10820,"date":"2026-02-18T12:36:48","date_gmt":"2026-02-18T12:36:48","guid":{"rendered":"https:\/\/www.adapt.it\/?page_id=10820"},"modified":"2026-03-13T16:31:25","modified_gmt":"2026-03-13T16:31:25","slug":"thematic-agenda","status":"publish","type":"page","link":"https:\/\/www.adapt.it\/sk\/incremental\/interactive-guide\/thematic-agenda\/","title":{"rendered":"Thematic Agenda &#8211; The What"},"content":{"rendered":"<div class=\"process-header\">\n<h2 style=\"font-size: 42px; font-weight: 800;\">Tematick\u00fd program<\/h2>\n<p style=\"font-size: 22px; max-width: 900px; margin: 0 auto 50px auto; color: #475569;\">Hlavn\u00e9 vyjedn\u00e1vacie body pre rie\u0161enie digitaliz\u00e1cie, zmien a bud\u00facnosti pr\u00e1ce s pr\u00edstupom zameran\u00fdm na rie\u0161enia.<\/p>\n<\/div>\n<div class=\"node-container\">\n<div class=\"node-header\">\n<div class=\"node-number\">1<\/div>\n<h2>Organiz\u00e1cia pr\u00e1ce<\/h2>\n<\/p><\/div>\n<div style=\"margin-bottom: 25px; line-height: 1.6;\" class=\" translation-block\"><strong>Zameranie:<\/strong> Podoba pr\u00e1ce, pr\u00e1vny r\u00e1mec pr\u00e1v a psychosoci\u00e1lne prostredie.<\/div>\n<div class=\"theme-grid\">\n<div class=\"theme-box\">\n<h4>Obsah<\/h4>\n<p>            Rie\u0161enie nadmern\u00e9ho pracovn\u00e9ho za\u0165a\u017eenia, intenz\u00edvneho stresu a stierania hran\u00edc medzi pracovn\u00fdm a s\u00fakromn\u00fdm \u017eivotom.\n        <\/p><\/div>\n<div class=\"theme-box\">\n<h4>Psychosoci\u00e1lne a pr\u00e1vne zameranie<\/h4>\n<p class=\" translation-block\">V\u00fdslovne sa zaober\u00e1 n\u00e1sil\u00edm, ob\u0165a\u017eovan\u00edm a <strong>\u201epr\u00e1vom na odpojenie\u201c<\/strong> (pr\u00e1vo by\u0165 nedostupn\u00fd, pr\u00e1vo vypn\u00fa\u0165 zariadenia). Zah\u0155\u0148a nov\u00e9 predpisy t\u00fdkaj\u00face se v\u010dasn\u00e9ho rozpoznania psychosoci\u00e1lnych riz\u00edk.<\/div>\n<div class=\"theme-box\" style=\"background-color: #f1f5f9;\">\n<h4>Kontext<\/h4>\n<p class=\" translation-block\">Psychosoci\u00e1lne rizik\u00e1 nevznikaj\u00fa vo v\u00e1kuu; s\u00fa formovan\u00e9 \u0161ir\u0161\u00edmi socioekonomick\u00fdmi podmienkami. Na z\u00e1klade konkr\u00e9tnych zisten\u00ed z <strong>Turecka a Talianska<\/strong> tento oddiel ilustruje, ako tlaky na makro\u00farovni priamo zvy\u0161uj\u00fa stres pracovn\u00edkov.<\/div>\n<\/p><\/div>\n<div class=\"tool-card-agenda\">\n<div class=\"tool-icon-box\"><span><\/span><\/div>\n<div class=\"tool-info\">\n<h3>Ustanovenie o pr\u00e1ve na odpojenie a proti ob\u0165a\u017eovaniu<\/h3>\n<p>Pre\u010d\u00edtajte si kartu n\u00e1stroja: Pl\u00e1n ochrann\u00fdch opatren\u00ed pre pracovn\u00edkov a vyjedn\u00e1vac\u00edch protokolov<\/p>\n<p>            <a class=\"btn-tool\" href=\"https:\/\/www.adapt.it\/wp-content\/uploads\/2026\/03\/Tool-Card.docx\">Download Tool Card (.docx)<\/a>\n        <\/div>\n<\/p><\/div>\n<\/div>\n<div class=\"node-container\">\n<div class=\"node-header\">\n<div class=\"node-number\">2<\/div>\n<h2>Riadenie zmien (vn\u00fatorn\u00e9 a vonkaj\u0161ie faktory)<\/h2>\n<\/p><\/div>\n<p style=\"margin-bottom: 25px; line-height: 1.6;\" class=\" translation-block\"><strong>Zameranie:<\/strong> Zvl\u00e1danie transform\u00e1ci\u00ed poh\u00e1\u0148an\u00fdch technol\u00f3giami alebo regul\u00e1ciou.<\/p>\n<div class=\"theme-grid\">\n<div class=\"theme-box\" style=\"border-left-color: #1e293b;\">\n<h4>Vn\u00fatorne motivovan\u00e9 (digitaliz\u00e1cia a strat\u00e9gia)<\/h4>\n<p class=\" translation-block\">Zameriava sa na obchodn\u00fa strat\u00e9giu a technologick\u00fa implement\u00e1ciu. Zah\u0155\u0148a <strong>sledovanie pomocou AI<\/strong>, meranie v\u00fdkonu a ot\u00e1zky s\u00fakromia\/GDPR.<br>\n<br><strong>Psychosoci\u00e1lny pohled:<\/strong> \u201eTechnostres\u201c a tlak vypl\u00fdvaj\u00faci z nepretr\u017eit\u00e9ho monitorovania.<\/div>\n<div class=\"theme-box\" style=\"border-left-color: #3b82f6;\">\n<h4>Vonkaj\u0161ie motivovan\u00e9 (zelen\u00e1 transform\u00e1cia a regul\u00e1cia):<\/h4>\n<p class=\" translation-block\">T\u00e1to podsekcia sa zameriava na transform\u00e1cie nariaden\u00e9 novou legislat\u00edvou, tarifami alebo Zelenou transform\u00e1ciou. V\u00fdslovne uzn\u00e1va, \u017ee \u0161ir\u0161ie socioekonomick\u00e9 podmienky z\u00e1sadne formuj\u00fa sp\u00f4sob, ak\u00fdm zamestn\u00e1vatelia organizuj\u00fa pr\u00e1cu: recesie alebo hospod\u00e1rsky \u00fatlm \u010dasto ved\u00fa k prep\u00fa\u0161\u0165aniu, intenzifik\u00e1cii pr\u00e1ce a zv\u00fd\u0161enej neistote zamestnania, zatia\u013e \u010do obdobia r\u00fdchleho rastu \u010dasto vy\u00fas\u0165uj\u00fa do nedostatku zru\u010dnost\u00ed, tlaku na nad\u010dasy a un\u00e1h\u013een\u00fdch v\u00fdrobn\u00fdch cie\u013eov.<br>\n<br><strong>Od\u00f4vodnenie:<\/strong> Hoci zelen\u00e9 technol\u00f3gie neboli p\u00f4vodne prim\u00e1rnym zameran\u00edm \u0161kolenia, s\u00fa tu zahrnut\u00e9 ako k\u013e\u00fa\u010dov\u00fd extern\u00fd regula\u010dn\u00fd faktor \u2013 pr\u00edkladom je Zelen\u00e1 dohoda E\u00da \u2013 ktor\u00fd m\u00e1 priamy vplyv na istotu zamestnania. Diskusie s \u00fa\u010dastn\u00edkmi \u0161kolenia a sk\u00famanie ich \u0161pecifick\u00fdch organiza\u010dn\u00fdch kontextov n\u00e1m navy\u0161e umo\u017enili pozorova\u0165, ako je t\u00e1to ot\u00e1zka \u010fal\u0161\u00edm vznikaj\u00facim psychosoci\u00e1lnym rizikom na pracovisku, a ako tak\u00e1 predstavuje t\u00e9mu hodn\u00fa osobitn\u00e9ho zrete\u013ea v r\u00e1mci \u0161kolen\u00ed.<br>\n<br><strong>Psychosoci\u00e1lny poh\u013ead:<\/strong> T\u00e1to zlo\u017eka sa zaober\u00e1 \u201eeko-\u00fazkos\u0165ou\u201c a neistotou zamestnania. Vzh\u013eadom na to, \u017ee \u201eeko-\u00fazkos\u0165\u201c m\u00f4\u017ee by\u0165 term\u00edn vy\u017eaduj\u00faci u mnoh\u00fdch pracovn\u00edkov a odborov\u00fdch z\u00e1stupcov vysvetlenie, je tu definovan\u00e1 ako dopad na du\u0161evn\u00e9 zdravie, ktor\u00fd vznik\u00e1 v d\u00f4sledku zmeny kl\u00edmy, napr. strach a \u00fazkos\u0165 z bud\u00facich \u0161k\u00f4d na \u017eivotnom prostred\u00ed a ich n\u00e1sledkov a neistota oh\u013eadom stavu \u017eivotn\u00e9ho prostredia; meniace sa alebo zhor\u0161uj\u00face sa \u017eivotn\u00e9 podmienky v d\u00f4sledku klimatick\u00fdch udalost\u00ed, adapt\u00e1cia po katastrof\u00e1ch a reakcie na nerovnosti; extr\u00e9mne poveternostn\u00e9 javy alebo meniace sa a degraduj\u00face pr\u00edrodn\u00e9 prostredie (napr. zmeny tepl\u00f4t, sucho, zr\u00e1\u017eky) (<a href=\"https:\/\/osha.europa.eu\/sites\/default\/files\/documents\/Eco-anxiety-OSH-emerging-risks_EN.pdf\" target=\"_self\">EU-OSHA, 2025<\/a>), plus chronick\u00e1 \u00fazkos\u0165 a neistota oh\u013eadom profesijnej bud\u00facnosti sp\u00f4soben\u00e1 r\u00fdchlymi environment\u00e1lnymi a regula\u010dn\u00fdmi zmenami.<\/div>\n<\/p><\/div>\n<div style=\"display: flex; gap: 20px; flex-wrap: wrap;\">\n<div class=\"tool-card-agenda\" style=\"flex: 1; min-width: 300px;\">\n<div class=\"tool-icon-box\"><span><\/span><\/div>\n<div class=\"tool-info\">\n<h3>Pos\u00fadenie vplyvu algoritmov<\/h3>\n<p>Kontroln\u00fd zoznam na monitorovanie riz\u00edk v oblasti transparentnosti, s\u00fakromia a technostresu.<\/p>\n<p>            <button class=\"btn-tool\" onclick=\"openModal('algorithmic')\" type=\"button\">Open Tool A<\/button>\n        <\/div>\n<\/p><\/div>\n<div class=\"tool-card-agenda\" style=\"flex: 1; min-width: 300px; background: #3b82f6;\">\n<div class=\"tool-icon-box\" style=\"background: #1e293b;\"><span><\/span><\/div>\n<div class=\"tool-info\">\n<h3>Kontroln\u00fd zoznam pre spravodliv\u00fd prechod<\/h3>\n<p>Pripravenos\u0165 na audit v pr\u00edpade extern\u00fdch regula\u010dn\u00fdch \u0161okov a z\u00e1ruky istoty zamestnania.<\/p>\n<p>            <button class=\"btn-tool\" onclick=\"openModal('green')\" style=\"background: #1e293b;\" type=\"button\">Open Tool B<\/button>\n        <\/div>\n<\/p><\/div>\n<\/div>\n<\/div>\n<div class=\"node-container\">\n<div class=\"node-header\">\n<div class=\"node-number\">3<\/div>\n<h2>Vzdel\u00e1vanie a kari\u00e9rny rozvoj<\/h2>\n<\/p><\/div>\n<div style=\"margin-bottom: 25px; line-height: 1.6;\" class=\" translation-block\"><strong>Zameranie:<\/strong> Zvy\u0161ovanie kvalifik\u00e1cie pracovnej sily, z\u00edskavanje zru\u010dnost\u00ed a prevencia profesion\u00e1lneho zastar\u00e1vania.<\/div>\n<div class=\"theme-grid\">\n<div class=\"theme-box\">\n<h4>Obsah<\/h4>\n<p class=\" translation-block\">Men\u00ed \u0161kolenia z dobrovo\u013en\u00e9ho \u201ebenefitu\u201c na <strong>povinn\u00e9 zmluvn\u00e9 pr\u00e1vo<\/strong>. Stanovuje, \u017ee v\u0161etky \u0161kolenia musia by\u0165 plne platen\u00e9, vykon\u00e1van\u00e9 po\u010das pracovnej doby a \u2014 \u010do je d\u00f4le\u017eit\u00e9 \u2014 spojen\u00e9 s automatick\u00fdm <strong>zaraden\u00edm a zv\u00fd\u0161en\u00edm platu<\/strong> po z\u00edskan\u00ed certifik\u00e1cie.<\/div>\n<div class=\"theme-box\">\n<h4>Psychosoci\u00e1lny aspekt<\/h4>\n<p class=\" translation-block\">Priamo bojuje proti <strong>\u201estrachu zo zastar\u00e1vania\u201c<\/strong> a pocitom nekompetentnosti sp\u00f4soben\u00fdm r\u00fdchlou digitaliz\u00e1ciou. Zaru\u010den\u00edm bud\u00facej kari\u00e9rnej cesty zni\u017euje \u00fazkos\u0165 a obnovuje profesion\u00e1lne sebavedomie.<\/div>\n<div class=\"theme-box\">\n<h4>Operat\u00edvny cie\u013e:<\/h4>\n<p class=\" translation-block\">Vyu\u017e\u00edva <strong>Training Clause Builder<\/strong> na spolo\u010dn\u00e9 definovanie nedostatkov v zru\u010dnostiach a zabezpe\u010denie financovania, \u010d\u00edm zabezpe\u010duje, \u017ee priemyseln\u00e1 transform\u00e1cia povedie k vn\u00fatornej mobilite a kvalitnej\u0161\u00edm pracovn\u00fdm miestam namiesto prep\u00fa\u0161\u0165ania.<\/div>\n<\/p><\/div>\n<div class=\"tool-card-agenda\" style=\"background: #27ae60;\">\n<div class=\"tool-icon-box\" style=\"background: #1e293b;\"><span><\/span><\/div>\n<div class=\"tool-info\">\n<h3>N\u00e1stroj na tvorbu dolo\u017eiek o vzdel\u00e1van\u00ed<\/h3>\n<p>Definujte nedostatky v zru\u010dnostiach a vygenerujte prisp\u00f4soben\u00fa pr\u00e1vnu dolo\u017eku pre va\u0161u miestnu dohodu.<\/p>\n<p>        <button class=\"btn-tool\" onclick=\"openModal('training')\" style=\"background: #1e293b;\" type=\"button\">Generova\u0165 dolo\u017eku<\/button>\n    <\/div>\n<\/div>\n<\/div>\n<div class=\"guide-navigation translation-block\"><a class=\"nav-link prev\" href=\"https:\/\/www.adapt.it\/incremental\/interactive-guide\/the-process-how\/\" target=\"_self\"><br>\r\n        <span class=\"nav-label\">Back<\/span><br>\r\n        <span class=\"nav-title\">\u2190 The Process<\/span><br>\r\n    <\/a><br>\r\n    <a class=\"nav-link next\" href=\"https:\/\/www.adapt.it\/incremental\/interactive-guide\/practical-examples\/\" target=\"_self\"><br>\r\n        <span class=\"nav-label\">Next Step<\/span><br>\r\n        <span class=\"nav-title\">Evidence Library \u2192<\/span><br>\r\n    <\/a><\/div>","protected":false},"excerpt":{"rendered":"<p>Thematic Agenda Core negotiation nodes to address digitalization, change, and the future of work with a solution-oriented mindset. 1 Work Organisation Focus: The design of work, the legal framework of rights, and the psychosocial environment. Content Addressing excessive workload, intense stress, and the blurring of work-life boundaries. Psychosocial &#038; Legal Focus Explicitly addresses violence, harassment, [&hellip;]<\/p>\n","protected":false},"author":7,"featured_media":0,"parent":10814,"menu_order":0,"comment_status":"closed","ping_status":"closed","template":"page-incremental-guide.php","meta":{"_acf_changed":false,"ocean_post_layout":"","ocean_both_sidebars_style":"","ocean_both_sidebars_content_width":0,"ocean_both_sidebars_sidebars_width":0,"ocean_sidebar":"0","ocean_second_sidebar":"0","ocean_disable_margins":"enable","ocean_add_body_class":"","ocean_shortcode_before_top_bar":"","ocean_shortcode_after_top_bar":"","ocean_shortcode_before_header":"","ocean_shortcode_after_header":"","ocean_has_shortcode":"","ocean_shortcode_after_title":"","ocean_shortcode_before_footer_widgets":"","ocean_shortcode_after_footer_widgets":"","ocean_shortcode_before_footer_bottom":"","ocean_shortcode_after_footer_bottom":"","ocean_display_top_bar":"default","ocean_display_header":"default","ocean_header_style":"","ocean_center_header_left_menu":"0","ocean_custom_header_template":"0","ocean_custom_logo":0,"ocean_custom_retina_logo":0,"ocean_custom_logo_max_width":0,"ocean_custom_logo_tablet_max_width":0,"ocean_custom_logo_mobile_max_width":0,"ocean_custom_logo_max_height":0,"ocean_custom_logo_tablet_max_height":0,"ocean_custom_logo_mobile_max_height":0,"ocean_header_custom_menu":"0","ocean_menu_typo_font_family":"0","ocean_menu_typo_font_subset":"","ocean_menu_typo_font_size":0,"ocean_menu_typo_font_size_tablet":0,"ocean_menu_typo_font_size_mobile":0,"ocean_menu_typo_font_size_unit":"px","ocean_menu_typo_font_weight":"","ocean_menu_typo_font_weight_tablet":"","ocean_menu_typo_font_weight_mobile":"","ocean_menu_typo_transform":"","ocean_menu_typo_transform_tablet":"","ocean_menu_typo_transform_mobile":"","ocean_menu_typo_line_height":0,"ocean_menu_typo_line_height_tablet":0,"ocean_menu_typo_line_height_mobile":0,"ocean_menu_typo_line_height_unit":"","ocean_menu_typo_spacing":0,"ocean_menu_typo_spacing_tablet":0,"ocean_menu_typo_spacing_mobile":0,"ocean_menu_typo_spacing_unit":"","ocean_menu_link_color":"","ocean_menu_link_color_hover":"","ocean_menu_link_color_active":"","ocean_menu_link_background":"","ocean_menu_link_hover_background":"","ocean_menu_link_active_background":"","ocean_menu_social_links_bg":"","ocean_menu_social_hover_links_bg":"","ocean_menu_social_links_color":"","ocean_menu_social_hover_links_color":"","ocean_disable_title":"default","ocean_disable_heading":"default","ocean_post_title":"","ocean_post_subheading":"","ocean_post_title_style":"","ocean_post_title_background_color":"","ocean_post_title_background":0,"ocean_post_title_bg_image_position":"","ocean_post_title_bg_image_attachment":"","ocean_post_title_bg_image_repeat":"","ocean_post_title_bg_image_size":"","ocean_post_title_height":0,"ocean_post_title_bg_overlay":0.5,"ocean_post_title_bg_overlay_color":"","ocean_disable_breadcrumbs":"default","ocean_breadcrumbs_color":"","ocean_breadcrumbs_separator_color":"","ocean_breadcrumbs_links_color":"","ocean_breadcrumbs_links_hover_color":"","ocean_display_footer_widgets":"default","ocean_display_footer_bottom":"default","ocean_custom_footer_template":"0","footnotes":""},"class_list":["post-10820","page","type-page","status-publish","hentry","entry"],"acf":[],"yoast_head":"<!-- This site is optimized with the Yoast SEO plugin v27.3 - https:\/\/yoast.com\/product\/yoast-seo-wordpress\/ -->\n<title>Thematic Agenda - The What<\/title>\n<meta name=\"robots\" content=\"index, follow, max-snippet:-1, max-image-preview:large, max-video-preview:-1\" \/>\n<link rel=\"canonical\" href=\"https:\/\/www.adapt.it\/sk\/incremental\/interactive-guide\/thematic-agenda\/\" \/>\n<meta property=\"og:locale\" content=\"sk_SK\" \/>\n<meta property=\"og:type\" content=\"article\" \/>\n<meta property=\"og:title\" content=\"Thematic Agenda - The What\" \/>\n<meta property=\"og:description\" content=\"Thematic Agenda Core negotiation nodes to address digitalization, change, and the future of work with a solution-oriented mindset. 1 Work Organisation Focus: The design of work, the legal framework of rights, and the psychosocial environment. Content Addressing excessive workload, intense stress, and the blurring of work-life boundaries. Psychosocial &#038; Legal Focus Explicitly addresses violence, harassment, [&hellip;]\" \/>\n<meta property=\"og:url\" content=\"https:\/\/www.adapt.it\/sk\/incremental\/interactive-guide\/thematic-agenda\/\" \/>\n<meta property=\"og:site_name\" content=\"Adapt.it\" \/>\n<meta property=\"article:publisher\" content=\"https:\/\/www.facebook.com\/adaptland\/\" \/>\n<meta property=\"article:modified_time\" content=\"2026-03-13T16:31:25+00:00\" \/>\n<meta name=\"twitter:card\" content=\"summary_large_image\" \/>\n<meta name=\"twitter:site\" content=\"@adaptland\" \/>\n<meta name=\"twitter:label1\" content=\"Predpokladan\u00fd \u010das \u010d\u00edtania\" \/>\n\t<meta name=\"twitter:data1\" content=\"4 min\u00faty\" \/>\n<script type=\"application\/ld+json\" class=\"yoast-schema-graph\">{\"@context\":\"https:\\\/\\\/schema.org\",\"@graph\":[{\"@type\":\"WebPage\",\"@id\":\"https:\\\/\\\/www.adapt.it\\\/incremental\\\/interactive-guide\\\/thematic-agenda\\\/\",\"url\":\"https:\\\/\\\/www.adapt.it\\\/incremental\\\/interactive-guide\\\/thematic-agenda\\\/\",\"name\":\"Thematic Agenda - The What\",\"isPartOf\":{\"@id\":\"https:\\\/\\\/www.adapt.it\\\/#website\"},\"datePublished\":\"2026-02-18T12:36:48+00:00\",\"dateModified\":\"2026-03-13T16:31:25+00:00\",\"breadcrumb\":{\"@id\":\"https:\\\/\\\/www.adapt.it\\\/incremental\\\/interactive-guide\\\/thematic-agenda\\\/#breadcrumb\"},\"inLanguage\":\"sk-SK\",\"potentialAction\":[{\"@type\":\"ReadAction\",\"target\":[\"https:\\\/\\\/www.adapt.it\\\/incremental\\\/interactive-guide\\\/thematic-agenda\\\/\"]}]},{\"@type\":\"BreadcrumbList\",\"@id\":\"https:\\\/\\\/www.adapt.it\\\/incremental\\\/interactive-guide\\\/thematic-agenda\\\/#breadcrumb\",\"itemListElement\":[{\"@type\":\"ListItem\",\"position\":1,\"name\":\"Home\",\"item\":\"https:\\\/\\\/www.adapt.it\\\/\"},{\"@type\":\"ListItem\",\"position\":2,\"name\":\"Incremental\",\"item\":\"https:\\\/\\\/www.adapt.it\\\/incremental\\\/\"},{\"@type\":\"ListItem\",\"position\":3,\"name\":\"The Increme(n)tal Interactive Guide\",\"item\":\"https:\\\/\\\/www.adapt.it\\\/incremental\\\/interactive-guide\\\/\"},{\"@type\":\"ListItem\",\"position\":4,\"name\":\"Thematic Agenda &#8211; The What\"}]},{\"@type\":\"WebSite\",\"@id\":\"https:\\\/\\\/www.adapt.it\\\/#website\",\"url\":\"https:\\\/\\\/www.adapt.it\\\/\",\"name\":\"adapt.it\",\"description\":\"Building the Future of Work Together\",\"publisher\":{\"@id\":\"https:\\\/\\\/www.adapt.it\\\/#organization\"},\"potentialAction\":[{\"@type\":\"SearchAction\",\"target\":{\"@type\":\"EntryPoint\",\"urlTemplate\":\"https:\\\/\\\/www.adapt.it\\\/?s={search_term_string}\"},\"query-input\":{\"@type\":\"PropertyValueSpecification\",\"valueRequired\":true,\"valueName\":\"search_term_string\"}}],\"inLanguage\":\"sk-SK\"},{\"@type\":\"Organization\",\"@id\":\"https:\\\/\\\/www.adapt.it\\\/#organization\",\"name\":\"ADAPT\",\"url\":\"https:\\\/\\\/www.adapt.it\\\/\",\"logo\":{\"@type\":\"ImageObject\",\"inLanguage\":\"sk-SK\",\"@id\":\"https:\\\/\\\/www.adapt.it\\\/#\\\/schema\\\/logo\\\/image\\\/\",\"url\":\"https:\\\/\\\/www.adapt.it\\\/wp-content\\\/uploads\\\/2026\\\/01\\\/ADAPT.jpg\",\"contentUrl\":\"https:\\\/\\\/www.adapt.it\\\/wp-content\\\/uploads\\\/2026\\\/01\\\/ADAPT.jpg\",\"width\":2378,\"height\":744,\"caption\":\"ADAPT\"},\"image\":{\"@id\":\"https:\\\/\\\/www.adapt.it\\\/#\\\/schema\\\/logo\\\/image\\\/\"},\"sameAs\":[\"https:\\\/\\\/www.facebook.com\\\/adaptland\\\/\",\"https:\\\/\\\/x.com\\\/adaptland\",\"https:\\\/\\\/www.instagram.com\\\/adaptland\\\/\",\"https:\\\/\\\/www.linkedin.com\\\/company\\\/adapt---centro-studi-marco-biagi\\\/\",\"https:\\\/\\\/www.youtube.com\\\/@adaptchannel\"]}]}<\/script>\n<!-- \/ Yoast SEO plugin. -->","yoast_head_json":{"title":"Thematic Agenda - The What","robots":{"index":"index","follow":"follow","max-snippet":"max-snippet:-1","max-image-preview":"max-image-preview:large","max-video-preview":"max-video-preview:-1"},"canonical":"https:\/\/www.adapt.it\/sk\/incremental\/interactive-guide\/thematic-agenda\/","og_locale":"sk_SK","og_type":"article","og_title":"Thematic Agenda - The What","og_description":"Thematic Agenda Core negotiation nodes to address digitalization, change, and the future of work with a solution-oriented mindset. 1 Work Organisation Focus: The design of work, the legal framework of rights, and the psychosocial environment. Content Addressing excessive workload, intense stress, and the blurring of work-life boundaries. Psychosocial &#038; Legal Focus Explicitly addresses violence, harassment, [&hellip;]","og_url":"https:\/\/www.adapt.it\/sk\/incremental\/interactive-guide\/thematic-agenda\/","og_site_name":"Adapt.it","article_publisher":"https:\/\/www.facebook.com\/adaptland\/","article_modified_time":"2026-03-13T16:31:25+00:00","twitter_card":"summary_large_image","twitter_site":"@adaptland","twitter_misc":{"Predpokladan\u00fd \u010das \u010d\u00edtania":"4 min\u00faty"},"schema":{"@context":"https:\/\/schema.org","@graph":[{"@type":"WebPage","@id":"https:\/\/www.adapt.it\/incremental\/interactive-guide\/thematic-agenda\/","url":"https:\/\/www.adapt.it\/incremental\/interactive-guide\/thematic-agenda\/","name":"Thematic Agenda - The What","isPartOf":{"@id":"https:\/\/www.adapt.it\/#website"},"datePublished":"2026-02-18T12:36:48+00:00","dateModified":"2026-03-13T16:31:25+00:00","breadcrumb":{"@id":"https:\/\/www.adapt.it\/incremental\/interactive-guide\/thematic-agenda\/#breadcrumb"},"inLanguage":"sk-SK","potentialAction":[{"@type":"ReadAction","target":["https:\/\/www.adapt.it\/incremental\/interactive-guide\/thematic-agenda\/"]}]},{"@type":"BreadcrumbList","@id":"https:\/\/www.adapt.it\/incremental\/interactive-guide\/thematic-agenda\/#breadcrumb","itemListElement":[{"@type":"ListItem","position":1,"name":"Home","item":"https:\/\/www.adapt.it\/"},{"@type":"ListItem","position":2,"name":"Incremental","item":"https:\/\/www.adapt.it\/incremental\/"},{"@type":"ListItem","position":3,"name":"The Increme(n)tal Interactive Guide","item":"https:\/\/www.adapt.it\/incremental\/interactive-guide\/"},{"@type":"ListItem","position":4,"name":"Thematic Agenda &#8211; The What"}]},{"@type":"WebSite","@id":"https:\/\/www.adapt.it\/#website","url":"https:\/\/www.adapt.it\/","name":"adapt.it","description":"Building the Future of Work Together","publisher":{"@id":"https:\/\/www.adapt.it\/#organization"},"potentialAction":[{"@type":"SearchAction","target":{"@type":"EntryPoint","urlTemplate":"https:\/\/www.adapt.it\/?s={search_term_string}"},"query-input":{"@type":"PropertyValueSpecification","valueRequired":true,"valueName":"search_term_string"}}],"inLanguage":"sk-SK"},{"@type":"Organization","@id":"https:\/\/www.adapt.it\/#organization","name":"ADAPT","url":"https:\/\/www.adapt.it\/","logo":{"@type":"ImageObject","inLanguage":"sk-SK","@id":"https:\/\/www.adapt.it\/#\/schema\/logo\/image\/","url":"https:\/\/www.adapt.it\/wp-content\/uploads\/2026\/01\/ADAPT.jpg","contentUrl":"https:\/\/www.adapt.it\/wp-content\/uploads\/2026\/01\/ADAPT.jpg","width":2378,"height":744,"caption":"ADAPT"},"image":{"@id":"https:\/\/www.adapt.it\/#\/schema\/logo\/image\/"},"sameAs":["https:\/\/www.facebook.com\/adaptland\/","https:\/\/x.com\/adaptland","https:\/\/www.instagram.com\/adaptland\/","https:\/\/www.linkedin.com\/company\/adapt---centro-studi-marco-biagi\/","https:\/\/www.youtube.com\/@adaptchannel"]}]}},"_links":{"self":[{"href":"https:\/\/www.adapt.it\/sk\/wp-json\/wp\/v2\/pages\/10820","targetHints":{"allow":["GET"]}}],"collection":[{"href":"https:\/\/www.adapt.it\/sk\/wp-json\/wp\/v2\/pages"}],"about":[{"href":"https:\/\/www.adapt.it\/sk\/wp-json\/wp\/v2\/types\/page"}],"author":[{"embeddable":true,"href":"https:\/\/www.adapt.it\/sk\/wp-json\/wp\/v2\/users\/7"}],"replies":[{"embeddable":true,"href":"https:\/\/www.adapt.it\/sk\/wp-json\/wp\/v2\/comments?post=10820"}],"version-history":[{"count":17,"href":"https:\/\/www.adapt.it\/sk\/wp-json\/wp\/v2\/pages\/10820\/revisions"}],"predecessor-version":[{"id":11089,"href":"https:\/\/www.adapt.it\/sk\/wp-json\/wp\/v2\/pages\/10820\/revisions\/11089"}],"up":[{"embeddable":true,"href":"https:\/\/www.adapt.it\/sk\/wp-json\/wp\/v2\/pages\/10814"}],"wp:attachment":[{"href":"https:\/\/www.adapt.it\/sk\/wp-json\/wp\/v2\/media?parent=10820"}],"curies":[{"name":"wp","href":"https:\/\/api.w.org\/{rel}","templated":true}]}}