{"id":10822,"date":"2026-02-18T12:38:30","date_gmt":"2026-02-18T12:38:30","guid":{"rendered":"https:\/\/www.adapt.it\/?page_id=10822"},"modified":"2026-03-13T12:24:21","modified_gmt":"2026-03-13T12:24:21","slug":"practical-examples","status":"publish","type":"page","link":"https:\/\/www.adapt.it\/pt\/incremental\/interactive-guide\/practical-examples\/","title":{"rendered":"Practical Examples &#8211; The Evidence"},"content":{"rendered":"<div class=\"process-header\">\n<h2 style=\"font-size: 42px; font-weight: 800;\">Biblioteca de evid\u00eancias<\/h2>\n<p style=\"font-size: 21px; max-width: 900px; margin: 0 auto 40px auto; color: #475569;\">Esta sec\u00e7\u00e3o estabelece a liga\u00e7\u00e3o entre as conclus\u00f5es do projeto e contextos espec\u00edficos, de modo a fornecer provas pr\u00e1ticas para as reivindica\u00e7\u00f5es de negocia\u00e7\u00e3o. Abaixo, encontrar\u00e1 exemplos pr\u00e1ticos e cl\u00e1usulas para ultrapassar as obje\u00e7\u00f5es da gest\u00e3o. Utilize estes \"pontos de prova\" (os casos reais) para mostrar que as suas exig\u00eancias j\u00e1 s\u00e3o normas noutros locais.<\/p>\n<\/div>\n<div class=\"library-controls\">\n<div class=\"filter-group\">\n        <span style=\"font-weight: 800; display: block; margin-bottom: 8px; color: #94a3b8; text-transform: uppercase; font-size: 11px; letter-spacing: 1px;\">Topics<\/span><\/p>\n<div id=\"topic-filters\" class=\"library-filters\">\n            <button class=\"filter-btn active\" onclick=\"filterLibrary('topic', 'all')\">All Topics<\/button><br \/>\n            <button class=\"filter-btn\" onclick=\"filterLibrary('topic', 'work-org')\">Work Org.<\/button><br \/>\n            <button class=\"filter-btn\" onclick=\"filterLibrary('topic', 'change')\">Change<\/button><br \/>\n            <button class=\"filter-btn\" onclick=\"filterLibrary('topic', 'training')\">Training<\/button>\n        <\/div>\n<\/p><\/div>\n<div class=\"filter-group\">\n        <span style=\"font-weight: 800; display: block; margin-bottom: 8px; color: #94a3b8; text-transform: uppercase; font-size: 11px; letter-spacing: 1px;\">Countries<\/span><\/p>\n<div id=\"country-filters\" class=\"library-filters\">\n            <button class=\"filter-btn active\" onclick=\"filterLibrary('country', 'all')\">All Countries<\/button><br \/>\n            <button class=\"filter-btn\" onclick=\"filterLibrary('country', 'belgium')\">Belgium<\/button><br \/>\n            <button class=\"filter-btn\" onclick=\"filterLibrary('country', 'spain')\">Spain<\/button><br \/>\n            <button class=\"filter-btn\" onclick=\"filterLibrary('country', 'slovenia')\">Slovenia<\/button><br \/>\n            <button class=\"filter-btn\" onclick=\"filterLibrary('country', 'turkey')\">Turkey<\/button><br \/>\n            <button class=\"filter-btn\" onclick=\"filterLibrary('country', 'italy')\">Italy<\/button><br \/>\n            <button class=\"filter-btn\" onclick=\"filterLibrary('country', 'ireland')\">Ireland<\/button><br \/>\n            <button class=\"filter-btn\" onclick=\"filterLibrary('country', 'slovakia')\">Slovakia<\/button>\n        <\/div>\n<\/p><\/div>\n<\/div>\n<div class=\"evidence-grid\">\n<div class=\"case-card warning-case\" data-topic=\"change\" data-country=\"italy\">\n<div class=\"case-badge\">Caso de aviso<\/div>\n<div class=\"case-country\">Italy<\/div>\n<h3>Estigma<\/h3>\n<p>Em It\u00e1lia, 64% dei inquiridos acreditam que a revela\u00e7\u00e3o de uma condi\u00e7\u00e3o de sa\u00fade mental poderia ter um impacto negativo na sua carreira, uma percentagem significativamente superior \u00e0 m\u00e9dia da UE (50%). Isto coloca a It\u00e1lia entre os pa\u00edses com o estigma mais forte.<\/p>\n<div class=\"case-footer\">Theme: <strong>Gest\u00e3o da mudan\u00e7a<\/strong><\/div>\n<p>        <a class=\"btn-tool\" href=\"https:\/\/www.adapt.it\/wp-content\/uploads\/2025\/04\/NH_Italy_ITA_V10425_DEF.pdf\" target=\"_blank\" style=\"font-size: 12px; padding: 8px 15px; margin-top: 10px;\">View National Highlights<\/a>\n    <\/div>\n<div class=\"case-card best-practice\" data-topic=\"change\" data-country=\"italy\">\n<div class=\"case-badge\">Boas pr\u00e1ticas<\/div>\n<div class=\"case-country\">Italy<\/div>\n<h3>Fundos de sa\u00fade complementares<\/h3>\n<p>Os metal\u00fargicos italianos (por exemplo, Metasalute) oferecem servi\u00e7os relacionados com a sa\u00fade mental, tais como apoio psicol\u00f3gico p\u00f3s-parto, refletindo a inten\u00e7\u00e3o dos parceiros sociais de salvaguardar o bem-estar dos trabalhadores em sentido lato.<\/p>\n<div class=\"case-footer\">Theme: <strong>Gest\u00e3o da mudan\u00e7a<\/strong><\/div>\n<p>        <a class=\"btn-tool\" href=\"https:\/\/www.adapt.it\/wp-content\/uploads\/2025\/04\/NH_Italy_ITA_V10425_DEF.pdf\" target=\"_blank\" style=\"font-size: 12px; padding: 8px 15px; margin-top: 10px;\">View National Highlights<\/a>\n    <\/div>\n<div class=\"case-card best-practice\" data-topic=\"work-org\" data-country=\"spain\">\n<div class=\"case-badge\">Boas pr\u00e1ticas<\/div>\n<div class=\"case-country\">Spain<\/div>\n<h3>Limites de monitoriza\u00e7\u00e3o e vigil\u00e2ncia<\/h3>\n<p>A Lei Org\u00e2nica 3\/2018 e o Estatuto dos Trabalhadores regulam a utiliza\u00e7\u00e3o de dispositivos eletr\u00f3nicos profissionais e a videovigil\u00e2ncia, exigindo proporcionalidade e o respeito pela privacidade para atenuar o stress decorrente da vigil\u00e2ncia.<\/p>\n<div class=\"case-footer\">Theme: <strong>Organiza\u00e7\u00e3o do trabalho<\/strong><\/div>\n<p>        <a class=\"btn-tool\" href=\"https:\/\/www.adapt.it\/wp-content\/uploads\/2025\/03\/NH_ES_def.pdf\" target=\"_blank\" style=\"font-size: 12px; padding: 8px 15px; margin-top: 10px;\">View National Highlights<\/a>\n    <\/div>\n<div class=\"case-card best-practice\" data-topic=\"work-org\" data-country=\"belgium\">\n<div class=\"case-badge\">Boas pr\u00e1ticas<\/div>\n<div class=\"case-country\">Belgium<\/div>\n<h3>Direito a desligar<\/h3>\n<p>Com base na Lei do Bem-Estar dos Trabalhadores (1996), os empregadores devem monitorizar e prevenir o stress. O di\u00e1logo social e os organismos de preven\u00e7\u00e3o abordam a desconex\u00e3o digital para ajudar a prevenir o stress e a sobrecarga.<\/p>\n<div class=\"case-footer\">Theme: <strong>Organiza\u00e7\u00e3o do trabalho<\/strong><\/div>\n<p>        <a class=\"btn-tool\" href=\"https:\/\/www.adapt.it\/wp-content\/uploads\/2025\/03\/NH_BELGIUM_Dutch_final-1.pdf\" target=\"_blank\" style=\"font-size: 12px; padding: 8px 15px; margin-top: 10px;\">View National Highlights<\/a>\n    <\/div>\n<div class=\"case-card warning-case\" data-topic=\"change\" data-country=\"turkey\">\n<div class=\"case-badge\">Caso de aviso<\/div>\n<div class=\"case-country\">Turkey<\/div>\n<h3>Contexto econ\u00f3mico<\/h3>\n<p>Os riscos psicossociais s\u00e3o moldados por condi\u00e7\u00f5es sociais e econ\u00f3micas mais amplas. As mudan\u00e7as no mercado de trabalho e as muta\u00e7\u00f5es econ\u00f3micas influenciam a estabilidade do emprego e a exposi\u00e7\u00e3o ao stress e a outros perigos.<\/p>\n<div class=\"case-footer\">Theme: <strong>Gest\u00e3o da mudan\u00e7a<\/strong><\/div>\n<p>        <a class=\"btn-tool\" href=\"https:\/\/www.adapt.it\/wp-content\/uploads\/2025\/03\/NH_Turkey_Final_TR_14.3.2025.pdf\" target=\"_blank\" style=\"font-size: 12px; padding: 8px 15px; margin-top: 10px;\">View National Highlights<\/a>\n    <\/div>\n<div class=\"case-card best-practice\" data-topic=\"training\" data-country=\"ireland\">\n<div class=\"case-badge\">Boas pr\u00e1ticas<\/div>\n<div class=\"case-country\">Ireland<\/div>\n<h3>Servi\u00e7o de gest\u00e3o de riscos psicossociais<\/h3>\n<p>O servi\u00e7o Work PositiveCI \u00e9 um programa gratuito que ajuda as organiza\u00e7\u00f5es a identificar stressores psicossociais, avaliar o bem-estar e elaborar planos de a\u00e7\u00e3o para atenuar os riscos.<\/p>\n<div class=\"case-footer\">Theme: <strong>Training<\/strong><\/div>\n<p>        <a class=\"btn-tool\" href=\"https:\/\/www.adapt.it\/wp-content\/uploads\/2025\/03\/National-Highlights-Ireland-final-14-03-2025.pdf\" target=\"_blank\" style=\"font-size: 12px; padding: 8px 15px; margin-top: 10px;\">View National Highlights<\/a>\n    <\/div>\n<div class=\"case-card best-practice\" data-topic=\"work-org\" data-country=\"slovenia\">\n<div class=\"case-badge\">Boas pr\u00e1ticas<\/div>\n<div class=\"case-country\">Slovenia<\/div>\n<h3>Avalia\u00e7\u00e3o de riscos psicossociais no local de trabalho<\/h3>\n<p>A Eslov\u00e9nia incorpora a avalia\u00e7\u00e3o de riscos psicossociais nas obriga\u00e7\u00f5es do empregador. A avalia\u00e7\u00e3o regular e o envolvimento dos trabalhadores ajudam as organiza\u00e7\u00f5es a detetar sinais precoces de stress e esgotamento profissional.<\/p>\n<div class=\"case-footer\">Theme: <strong>Organiza\u00e7\u00e3o do trabalho<\/strong><\/div>\n<p>        <a class=\"btn-tool\" href=\"https:\/\/www.adapt.it\/wp-content\/uploads\/2025\/03\/NH_Slovenia_Final_12.3.2025.pdf\" target=\"_blank\" style=\"font-size: 12px; padding: 8px 15px; margin-top: 10px;\">View National Highlights<\/a>\n    <\/div>\n<div class=\"case-card warning-case\" data-topic=\"work-org\" data-country=\"slovakia\">\n<div class=\"case-badge\">Caso de aviso<\/div>\n<div class=\"case-country\">Slovakia<\/div>\n<h3>Desafios do trabalho digital<\/h3>\n<p>O stress relacionado com a digitaliza\u00e7\u00e3o e a carga de trabalho excessiva contribuem para a tens\u00e3o emocional. As fronteiras t\u00e9nues entre a vida profissional e a vida pessoal apresentam novos riscos que as medidas existentes t\u00eam dificuldade em atenuar.<\/p>\n<div class=\"case-footer\">Theme: <strong>Organiza\u00e7\u00e3o do trabalho<\/strong><\/div>\n<p>        <a class=\"btn-tool\" href=\"https:\/\/www.adapt.it\/wp-content\/uploads\/2025\/03\/NH_Slovakia_in-Slovak_FINAL.pdf\" target=\"_blank\" style=\"font-size: 12px; padding: 8px 15px; margin-top: 10px;\">View National Highlights<\/a>\n    <\/div>\n<div class=\"case-card best-practice\" data-topic=\"change\" data-country=\"slovakia\">\n<div class=\"case-badge\">Boas pr\u00e1ticas<\/div>\n<div class=\"case-country\">Slovakia<\/div>\n<h3>Integra\u00e7\u00e3o na estrat\u00e9gia nacional de SST<\/h3>\n<p>A Eslov\u00e1quia integrou requisitos em leis laborais fundamentais e na Estrat\u00e9gia de SST 2021-2027, que reconhece explicitamente os riscos psicossociais a par de desafios como a digitaliza\u00e7\u00e3o.<\/p>\n<div class=\"case-footer\">Theme: <strong>Gest\u00e3o da mudan\u00e7a<\/strong><\/div>\n<p>        <a class=\"btn-tool\" href=\"https:\/\/www.adapt.it\/wp-content\/uploads\/2025\/03\/NH_Slovakia_in-Slovak_FINAL.pdf\" target=\"_blank\" style=\"font-size: 12px; padding: 8px 15px; margin-top: 10px;\">View National Highlights<\/a>\n    <\/div>\n<\/div>\n<div class=\"guide-navigation translation-block\"><a class=\"nav-link prev\" href=\"https:\/\/www.adapt.it\/incremental\/interactive-guide\/thematic-agenda\/\" target=\"_self\"><br>\n    <span class=\"nav-label\">Voltar<\/span><br>\n    <span class=\"nav-title\">\u2190 Agenda tem\u00e1tica<\/span><br>\n<\/a><br>\n<a class=\"nav-link next\" href=\"https:\/\/www.adapt.it\/incremental\/interactive-guide\/glossary-action-plan\/\" target=\"_self\"><br>\n    <span class=\"nav-label\">Pr\u00f3ximo passo<\/span><br>\n    <span class=\"nav-title\">Gloss\u00e1rio e Plano de A\u00e7\u00e3o \u2192<\/span><br>\n<\/a><\/div>","protected":false},"excerpt":{"rendered":"<p>Evidence Library This section links the project&#8217;s findings to specific contexts to provide practical evidence for bargaining demands. Below you can find practical examples and clauses to overcome management objections. Use these \u201cProof Points\u201d (the actual cases) to show that your demands are already standards elsewhere. Topics All Topics Work Org. Change Training Countries All [&hellip;]<\/p>\n","protected":false},"author":7,"featured_media":0,"parent":10814,"menu_order":0,"comment_status":"closed","ping_status":"closed","template":"page-incremental-guide.php","meta":{"_acf_changed":false,"ocean_post_layout":"","ocean_both_sidebars_style":"","ocean_both_sidebars_content_width":0,"ocean_both_sidebars_sidebars_width":0,"ocean_sidebar":"0","ocean_second_sidebar":"0","ocean_disable_margins":"enable","ocean_add_body_class":"","ocean_shortcode_before_top_bar":"","ocean_shortcode_after_top_bar":"","ocean_shortcode_before_header":"","ocean_shortcode_after_header":"","ocean_has_shortcode":"","ocean_shortcode_after_title":"","ocean_shortcode_before_footer_widgets":"","ocean_shortcode_after_footer_widgets":"","ocean_shortcode_before_footer_bottom":"","ocean_shortcode_after_footer_bottom":"","ocean_display_top_bar":"default","ocean_display_header":"default","ocean_header_style":"","ocean_center_header_left_menu":"0","ocean_custom_header_template":"0","ocean_custom_logo":0,"ocean_custom_retina_logo":0,"ocean_custom_logo_max_width":0,"ocean_custom_logo_tablet_max_width":0,"ocean_custom_logo_mobile_max_width":0,"ocean_custom_logo_max_height":0,"ocean_custom_logo_tablet_max_height":0,"ocean_custom_logo_mobile_max_height":0,"ocean_header_custom_menu":"0","ocean_menu_typo_font_family":"0","ocean_menu_typo_font_subset":"","ocean_menu_typo_font_size":0,"ocean_menu_typo_font_size_tablet":0,"ocean_menu_typo_font_size_mobile":0,"ocean_menu_typo_font_size_unit":"px","ocean_menu_typo_font_weight":"","ocean_menu_typo_font_weight_tablet":"","ocean_menu_typo_font_weight_mobile":"","ocean_menu_typo_transform":"","ocean_menu_typo_transform_tablet":"","ocean_menu_typo_transform_mobile":"","ocean_menu_typo_line_height":0,"ocean_menu_typo_line_height_tablet":0,"ocean_menu_typo_line_height_mobile":0,"ocean_menu_typo_line_height_unit":"","ocean_menu_typo_spacing":0,"ocean_menu_typo_spacing_tablet":0,"ocean_menu_typo_spacing_mobile":0,"ocean_menu_typo_spacing_unit":"","ocean_menu_link_color":"","ocean_menu_link_color_hover":"","ocean_menu_link_color_active":"","ocean_menu_link_background":"","ocean_menu_link_hover_background":"","ocean_menu_link_active_background":"","ocean_menu_social_links_bg":"","ocean_menu_social_hover_links_bg":"","ocean_menu_social_links_color":"","ocean_menu_social_hover_links_color":"","ocean_disable_title":"default","ocean_disable_heading":"default","ocean_post_title":"","ocean_post_subheading":"","ocean_post_title_style":"","ocean_post_title_background_color":"","ocean_post_title_background":0,"ocean_post_title_bg_image_position":"","ocean_post_title_bg_image_attachment":"","ocean_post_title_bg_image_repeat":"","ocean_post_title_bg_image_size":"","ocean_post_title_height":0,"ocean_post_title_bg_overlay":0.5,"ocean_post_title_bg_overlay_color":"","ocean_disable_breadcrumbs":"default","ocean_breadcrumbs_color":"","ocean_breadcrumbs_separator_color":"","ocean_breadcrumbs_links_color":"","ocean_breadcrumbs_links_hover_color":"","ocean_display_footer_widgets":"default","ocean_display_footer_bottom":"default","ocean_custom_footer_template":"0","footnotes":""},"class_list":["post-10822","page","type-page","status-publish","hentry","entry"],"acf":[],"yoast_head":"<!-- This site is optimized with the Yoast SEO plugin v27.3 - https:\/\/yoast.com\/product\/yoast-seo-wordpress\/ -->\n<title>Practical Examples - The Evidence<\/title>\n<meta name=\"robots\" content=\"index, follow, max-snippet:-1, max-image-preview:large, max-video-preview:-1\" \/>\n<link rel=\"canonical\" href=\"https:\/\/www.adapt.it\/pt\/incremental\/interactive-guide\/practical-examples\/\" \/>\n<meta property=\"og:locale\" content=\"pt_PT\" \/>\n<meta property=\"og:type\" content=\"article\" \/>\n<meta property=\"og:title\" content=\"Practical Examples - The Evidence\" \/>\n<meta property=\"og:description\" content=\"Evidence Library This section links the project&#8217;s findings to specific contexts to provide practical evidence for bargaining demands. Below you can find practical examples and clauses to overcome management objections. Use these \u201cProof Points\u201d (the actual cases) to show that your demands are already standards elsewhere. Topics All Topics Work Org. Change Training Countries All [&hellip;]\" \/>\n<meta property=\"og:url\" content=\"https:\/\/www.adapt.it\/pt\/incremental\/interactive-guide\/practical-examples\/\" \/>\n<meta property=\"og:site_name\" content=\"Adapt.it\" \/>\n<meta property=\"article:publisher\" content=\"https:\/\/www.facebook.com\/adaptland\/\" \/>\n<meta property=\"article:modified_time\" content=\"2026-03-13T12:24:21+00:00\" \/>\n<meta name=\"twitter:card\" content=\"summary_large_image\" \/>\n<meta name=\"twitter:site\" content=\"@adaptland\" \/>\n<meta name=\"twitter:label1\" content=\"Tempo estimado de leitura\" \/>\n\t<meta name=\"twitter:data1\" content=\"1 minuto\" \/>\n<script type=\"application\/ld+json\" class=\"yoast-schema-graph\">{\"@context\":\"https:\\\/\\\/schema.org\",\"@graph\":[{\"@type\":\"WebPage\",\"@id\":\"https:\\\/\\\/www.adapt.it\\\/incremental\\\/interactive-guide\\\/practical-examples\\\/\",\"url\":\"https:\\\/\\\/www.adapt.it\\\/incremental\\\/interactive-guide\\\/practical-examples\\\/\",\"name\":\"Practical Examples - The Evidence\",\"isPartOf\":{\"@id\":\"https:\\\/\\\/www.adapt.it\\\/#website\"},\"datePublished\":\"2026-02-18T12:38:30+00:00\",\"dateModified\":\"2026-03-13T12:24:21+00:00\",\"breadcrumb\":{\"@id\":\"https:\\\/\\\/www.adapt.it\\\/incremental\\\/interactive-guide\\\/practical-examples\\\/#breadcrumb\"},\"inLanguage\":\"pt-PT\",\"potentialAction\":[{\"@type\":\"ReadAction\",\"target\":[\"https:\\\/\\\/www.adapt.it\\\/incremental\\\/interactive-guide\\\/practical-examples\\\/\"]}]},{\"@type\":\"BreadcrumbList\",\"@id\":\"https:\\\/\\\/www.adapt.it\\\/incremental\\\/interactive-guide\\\/practical-examples\\\/#breadcrumb\",\"itemListElement\":[{\"@type\":\"ListItem\",\"position\":1,\"name\":\"Home\",\"item\":\"https:\\\/\\\/www.adapt.it\\\/\"},{\"@type\":\"ListItem\",\"position\":2,\"name\":\"Incremental\",\"item\":\"https:\\\/\\\/www.adapt.it\\\/incremental\\\/\"},{\"@type\":\"ListItem\",\"position\":3,\"name\":\"The Increme(n)tal Interactive Guide\",\"item\":\"https:\\\/\\\/www.adapt.it\\\/incremental\\\/interactive-guide\\\/\"},{\"@type\":\"ListItem\",\"position\":4,\"name\":\"Practical Examples &#8211; The Evidence\"}]},{\"@type\":\"WebSite\",\"@id\":\"https:\\\/\\\/www.adapt.it\\\/#website\",\"url\":\"https:\\\/\\\/www.adapt.it\\\/\",\"name\":\"adapt.it\",\"description\":\"Building the Future of Work Together\",\"publisher\":{\"@id\":\"https:\\\/\\\/www.adapt.it\\\/#organization\"},\"potentialAction\":[{\"@type\":\"SearchAction\",\"target\":{\"@type\":\"EntryPoint\",\"urlTemplate\":\"https:\\\/\\\/www.adapt.it\\\/?s={search_term_string}\"},\"query-input\":{\"@type\":\"PropertyValueSpecification\",\"valueRequired\":true,\"valueName\":\"search_term_string\"}}],\"inLanguage\":\"pt-PT\"},{\"@type\":\"Organization\",\"@id\":\"https:\\\/\\\/www.adapt.it\\\/#organization\",\"name\":\"ADAPT\",\"url\":\"https:\\\/\\\/www.adapt.it\\\/\",\"logo\":{\"@type\":\"ImageObject\",\"inLanguage\":\"pt-PT\",\"@id\":\"https:\\\/\\\/www.adapt.it\\\/#\\\/schema\\\/logo\\\/image\\\/\",\"url\":\"https:\\\/\\\/www.adapt.it\\\/wp-content\\\/uploads\\\/2026\\\/01\\\/ADAPT.jpg\",\"contentUrl\":\"https:\\\/\\\/www.adapt.it\\\/wp-content\\\/uploads\\\/2026\\\/01\\\/ADAPT.jpg\",\"width\":2378,\"height\":744,\"caption\":\"ADAPT\"},\"image\":{\"@id\":\"https:\\\/\\\/www.adapt.it\\\/#\\\/schema\\\/logo\\\/image\\\/\"},\"sameAs\":[\"https:\\\/\\\/www.facebook.com\\\/adaptland\\\/\",\"https:\\\/\\\/x.com\\\/adaptland\",\"https:\\\/\\\/www.instagram.com\\\/adaptland\\\/\",\"https:\\\/\\\/www.linkedin.com\\\/company\\\/adapt---centro-studi-marco-biagi\\\/\",\"https:\\\/\\\/www.youtube.com\\\/@adaptchannel\"]}]}<\/script>\n<!-- \/ Yoast SEO plugin. -->","yoast_head_json":{"title":"Practical Examples - The Evidence","robots":{"index":"index","follow":"follow","max-snippet":"max-snippet:-1","max-image-preview":"max-image-preview:large","max-video-preview":"max-video-preview:-1"},"canonical":"https:\/\/www.adapt.it\/pt\/incremental\/interactive-guide\/practical-examples\/","og_locale":"pt_PT","og_type":"article","og_title":"Practical Examples - The Evidence","og_description":"Evidence Library This section links the project&#8217;s findings to specific contexts to provide practical evidence for bargaining demands. Below you can find practical examples and clauses to overcome management objections. Use these \u201cProof Points\u201d (the actual cases) to show that your demands are already standards elsewhere. Topics All Topics Work Org. Change Training Countries All [&hellip;]","og_url":"https:\/\/www.adapt.it\/pt\/incremental\/interactive-guide\/practical-examples\/","og_site_name":"Adapt.it","article_publisher":"https:\/\/www.facebook.com\/adaptland\/","article_modified_time":"2026-03-13T12:24:21+00:00","twitter_card":"summary_large_image","twitter_site":"@adaptland","twitter_misc":{"Tempo estimado de leitura":"1 minuto"},"schema":{"@context":"https:\/\/schema.org","@graph":[{"@type":"WebPage","@id":"https:\/\/www.adapt.it\/incremental\/interactive-guide\/practical-examples\/","url":"https:\/\/www.adapt.it\/incremental\/interactive-guide\/practical-examples\/","name":"Practical Examples - The Evidence","isPartOf":{"@id":"https:\/\/www.adapt.it\/#website"},"datePublished":"2026-02-18T12:38:30+00:00","dateModified":"2026-03-13T12:24:21+00:00","breadcrumb":{"@id":"https:\/\/www.adapt.it\/incremental\/interactive-guide\/practical-examples\/#breadcrumb"},"inLanguage":"pt-PT","potentialAction":[{"@type":"ReadAction","target":["https:\/\/www.adapt.it\/incremental\/interactive-guide\/practical-examples\/"]}]},{"@type":"BreadcrumbList","@id":"https:\/\/www.adapt.it\/incremental\/interactive-guide\/practical-examples\/#breadcrumb","itemListElement":[{"@type":"ListItem","position":1,"name":"Home","item":"https:\/\/www.adapt.it\/"},{"@type":"ListItem","position":2,"name":"Incremental","item":"https:\/\/www.adapt.it\/incremental\/"},{"@type":"ListItem","position":3,"name":"The Increme(n)tal Interactive Guide","item":"https:\/\/www.adapt.it\/incremental\/interactive-guide\/"},{"@type":"ListItem","position":4,"name":"Practical Examples &#8211; The Evidence"}]},{"@type":"WebSite","@id":"https:\/\/www.adapt.it\/#website","url":"https:\/\/www.adapt.it\/","name":"adapt.it","description":"Building the Future of Work Together","publisher":{"@id":"https:\/\/www.adapt.it\/#organization"},"potentialAction":[{"@type":"SearchAction","target":{"@type":"EntryPoint","urlTemplate":"https:\/\/www.adapt.it\/?s={search_term_string}"},"query-input":{"@type":"PropertyValueSpecification","valueRequired":true,"valueName":"search_term_string"}}],"inLanguage":"pt-PT"},{"@type":"Organization","@id":"https:\/\/www.adapt.it\/#organization","name":"ADAPT","url":"https:\/\/www.adapt.it\/","logo":{"@type":"ImageObject","inLanguage":"pt-PT","@id":"https:\/\/www.adapt.it\/#\/schema\/logo\/image\/","url":"https:\/\/www.adapt.it\/wp-content\/uploads\/2026\/01\/ADAPT.jpg","contentUrl":"https:\/\/www.adapt.it\/wp-content\/uploads\/2026\/01\/ADAPT.jpg","width":2378,"height":744,"caption":"ADAPT"},"image":{"@id":"https:\/\/www.adapt.it\/#\/schema\/logo\/image\/"},"sameAs":["https:\/\/www.facebook.com\/adaptland\/","https:\/\/x.com\/adaptland","https:\/\/www.instagram.com\/adaptland\/","https:\/\/www.linkedin.com\/company\/adapt---centro-studi-marco-biagi\/","https:\/\/www.youtube.com\/@adaptchannel"]}]}},"_links":{"self":[{"href":"https:\/\/www.adapt.it\/pt\/wp-json\/wp\/v2\/pages\/10822","targetHints":{"allow":["GET"]}}],"collection":[{"href":"https:\/\/www.adapt.it\/pt\/wp-json\/wp\/v2\/pages"}],"about":[{"href":"https:\/\/www.adapt.it\/pt\/wp-json\/wp\/v2\/types\/page"}],"author":[{"embeddable":true,"href":"https:\/\/www.adapt.it\/pt\/wp-json\/wp\/v2\/users\/7"}],"replies":[{"embeddable":true,"href":"https:\/\/www.adapt.it\/pt\/wp-json\/wp\/v2\/comments?post=10822"}],"version-history":[{"count":11,"href":"https:\/\/www.adapt.it\/pt\/wp-json\/wp\/v2\/pages\/10822\/revisions"}],"predecessor-version":[{"id":11081,"href":"https:\/\/www.adapt.it\/pt\/wp-json\/wp\/v2\/pages\/10822\/revisions\/11081"}],"up":[{"embeddable":true,"href":"https:\/\/www.adapt.it\/pt\/wp-json\/wp\/v2\/pages\/10814"}],"wp:attachment":[{"href":"https:\/\/www.adapt.it\/pt\/wp-json\/wp\/v2\/media?parent=10822"}],"curies":[{"name":"wp","href":"https:\/\/api.w.org\/{rel}","templated":true}]}}