{"id":10822,"date":"2026-02-18T12:38:30","date_gmt":"2026-02-18T12:38:30","guid":{"rendered":"https:\/\/www.adapt.it\/?page_id=10822"},"modified":"2026-03-13T12:24:21","modified_gmt":"2026-03-13T12:24:21","slug":"practical-examples","status":"publish","type":"page","link":"https:\/\/www.adapt.it\/pl\/incremental\/interactive-guide\/practical-examples\/","title":{"rendered":"Practical Examples &#8211; The Evidence"},"content":{"rendered":"<div class=\"process-header\">\n<h2 style=\"font-size: 42px; font-weight: 800;\">Biblioteka dowod\u00f3w<\/h2>\n<p style=\"font-size: 21px; max-width: 900px; margin: 0 auto 40px auto; color: #475569;\">W tej sekcji powi\u0105zano wyniki projektu z konkretnymi kontekstami, aby dostarczy\u0107 praktycznych dowod\u00f3w na poparcie \u017c\u0105da\u0144 negocjacyjnych. Poni\u017cej znajduj\u0105 si\u0119 praktyczne przyk\u0142ady i klauzule pozwalaj\u0105ce przezwyci\u0119\u017cy\u0107 sprzeciw kierownictwa. Wykorzystaj te \u201epunkty dowodowe\u201d (rzeczywiste przypadki), aby pokaza\u0107, \u017ce Twoje \u017c\u0105dania s\u0105 ju\u017c standardem w innych miejscach.<\/p>\n<\/div>\n<div class=\"library-controls\">\n<div class=\"filter-group\">\n        <span style=\"font-weight: 800; display: block; margin-bottom: 8px; color: #94a3b8; text-transform: uppercase; font-size: 11px; letter-spacing: 1px;\">Topics<\/span><\/p>\n<div id=\"topic-filters\" class=\"library-filters\">\n            <button class=\"filter-btn active\" onclick=\"filterLibrary('topic', 'all')\">All Topics<\/button><br \/>\n            <button class=\"filter-btn\" onclick=\"filterLibrary('topic', 'work-org')\">Work Org.<\/button><br \/>\n            <button class=\"filter-btn\" onclick=\"filterLibrary('topic', 'change')\">Change<\/button><br \/>\n            <button class=\"filter-btn\" onclick=\"filterLibrary('topic', 'training')\">Training<\/button>\n        <\/div>\n<\/p><\/div>\n<div class=\"filter-group\">\n        <span style=\"font-weight: 800; display: block; margin-bottom: 8px; color: #94a3b8; text-transform: uppercase; font-size: 11px; letter-spacing: 1px;\">Countries<\/span><\/p>\n<div id=\"country-filters\" class=\"library-filters\">\n            <button class=\"filter-btn active\" onclick=\"filterLibrary('country', 'all')\">All Countries<\/button><br \/>\n            <button class=\"filter-btn\" onclick=\"filterLibrary('country', 'belgium')\">Belgium<\/button><br \/>\n            <button class=\"filter-btn\" onclick=\"filterLibrary('country', 'spain')\">Spain<\/button><br \/>\n            <button class=\"filter-btn\" onclick=\"filterLibrary('country', 'slovenia')\">Slovenia<\/button><br \/>\n            <button class=\"filter-btn\" onclick=\"filterLibrary('country', 'turkey')\">Turkey<\/button><br \/>\n            <button class=\"filter-btn\" onclick=\"filterLibrary('country', 'italy')\">Italy<\/button><br \/>\n            <button class=\"filter-btn\" onclick=\"filterLibrary('country', 'ireland')\">Ireland<\/button><br \/>\n            <button class=\"filter-btn\" onclick=\"filterLibrary('country', 'slovakia')\">Slovakia<\/button>\n        <\/div>\n<\/p><\/div>\n<\/div>\n<div class=\"evidence-grid\">\n<div class=\"case-card warning-case\" data-topic=\"change\" data-country=\"italy\">\n<div class=\"case-badge\">Przypadek ostrzegawczy<\/div>\n<div class=\"case-country\">Italy<\/div>\n<h3>Pi\u0119tno<\/h3>\n<p>W\u0142oszech 64% respondent\u00f3w uwa\u017ca, \u017ce ujawnienie stanu zdrowia psychicznego mog\u0142oby negatywnie wp\u0142yn\u0105\u0107 na ich karier\u0119; jest to odsetek znacznie wy\u017cszy ni\u017c \u015brednia unijna (50%). Plasuje to W\u0142ochy w\u015br\u00f3d kraj\u00f3w o najsilniejszym uprzedzeniu (stygmacie).<\/p>\n<div class=\"case-footer\">Theme: <strong>Zarz\u0105dzanie zmian\u0105<\/strong><\/div>\n<p>        <a class=\"btn-tool\" href=\"https:\/\/www.adapt.it\/wp-content\/uploads\/2025\/04\/NH_Italy_ITA_V10425_DEF.pdf\" target=\"_blank\" style=\"font-size: 12px; padding: 8px 15px; margin-top: 10px;\">View National Highlights<\/a>\n    <\/div>\n<div class=\"case-card best-practice\" data-topic=\"change\" data-country=\"italy\">\n<div class=\"case-badge\">Dobra praktyka<\/div>\n<div class=\"case-country\">Italy<\/div>\n<h3>Uzupe\u0142niaj\u0105ce fundusze opieki zdrowotnej<\/h3>\n<p>W\u0142oscy metalowcy (np. Metasalute) oferuj\u0105 us\u0142ugi zwi\u0105zane ze zdrowiem psychicznym, takie jak poporodowe wsparcie psychologiczne, co odzwierciedla zamiar partner\u00f3w spo\u0142ecznych w zakresie ochrony dobrostanu pracownik\u00f3w w szerokim tego s\u0142owa znaczeniu.<\/p>\n<div class=\"case-footer\">Theme: <strong>Zarz\u0105dzanie zmian\u0105<\/strong><\/div>\n<p>        <a class=\"btn-tool\" href=\"https:\/\/www.adapt.it\/wp-content\/uploads\/2025\/04\/NH_Italy_ITA_V10425_DEF.pdf\" target=\"_blank\" style=\"font-size: 12px; padding: 8px 15px; margin-top: 10px;\">View National Highlights<\/a>\n    <\/div>\n<div class=\"case-card best-practice\" data-topic=\"work-org\" data-country=\"spain\">\n<div class=\"case-badge\">Dobra praktyka<\/div>\n<div class=\"case-country\">Spain<\/div>\n<h3>Ograniczenia monitorowania i nadzoru<\/h3>\n<p>Ustawa organiczna 3\/2018 i Statut Pracowniczy reguluj\u0105 korzystanie z profesjonalnych urz\u0105dze\u0144 elektronicznych i monitoringu wideo, wymagaj\u0105c proporcjonalno\u015bci i poszanowania prywatno\u015bci w celu z\u0142agodzenia stresu wynikaj\u0105cego z nadzoru.<\/p>\n<div class=\"case-footer\">Theme: <strong>Organizacja pracy<\/strong><\/div>\n<p>        <a class=\"btn-tool\" href=\"https:\/\/www.adapt.it\/wp-content\/uploads\/2025\/03\/NH_ES_def.pdf\" target=\"_blank\" style=\"font-size: 12px; padding: 8px 15px; margin-top: 10px;\">View National Highlights<\/a>\n    <\/div>\n<div class=\"case-card best-practice\" data-topic=\"work-org\" data-country=\"belgium\">\n<div class=\"case-badge\">Dobra praktyka<\/div>\n<div class=\"case-country\">Belgium<\/div>\n<h3>Prawo do bycia offline<\/h3>\n<p>Na podstawie ustawy o dobrostanie pracownik\u00f3w (1996 r.) pracodawcy musz\u0105 monitorowa\u0107 stres i zapobiega\u0107 mu. Organy dialogu spo\u0142ecznego i prewencji zajmuj\u0105 si\u0119 od\u0142\u0105czeniem cyfrowym, aby pom\u00f3c w zapobieganiu stresowi i przeci\u0105\u017ceniu.<\/p>\n<div class=\"case-footer\">Theme: <strong>Organizacja pracy<\/strong><\/div>\n<p>        <a class=\"btn-tool\" href=\"https:\/\/www.adapt.it\/wp-content\/uploads\/2025\/03\/NH_BELGIUM_Dutch_final-1.pdf\" target=\"_blank\" style=\"font-size: 12px; padding: 8px 15px; margin-top: 10px;\">View National Highlights<\/a>\n    <\/div>\n<div class=\"case-card warning-case\" data-topic=\"change\" data-country=\"turkey\">\n<div class=\"case-badge\">Przypadek ostrzegawczy<\/div>\n<div class=\"case-country\">Turkey<\/div>\n<h3>Kontekst ekonomiczny<\/h3>\n<p>Ryzyko psychospo\u0142eczne jest kszta\u0142towane przez szersze uwarunkowania spo\u0142eczne i ekonomiczne. Zmiany na rynku pracy i przesuni\u0119cia gospodarcze wp\u0142ywaj\u0105 na stabilno\u015b\u0107 zatrudnienia oraz nara\u017cenie na stres i inne zagro\u017cenia.<\/p>\n<div class=\"case-footer\">Theme: <strong>Zarz\u0105dzanie zmian\u0105<\/strong><\/div>\n<p>        <a class=\"btn-tool\" href=\"https:\/\/www.adapt.it\/wp-content\/uploads\/2025\/03\/NH_Turkey_Final_TR_14.3.2025.pdf\" target=\"_blank\" style=\"font-size: 12px; padding: 8px 15px; margin-top: 10px;\">View National Highlights<\/a>\n    <\/div>\n<div class=\"case-card best-practice\" data-topic=\"training\" data-country=\"ireland\">\n<div class=\"case-badge\">Dobra praktyka<\/div>\n<div class=\"case-country\">Ireland<\/div>\n<h3>Us\u0142uga zarz\u0105dzania ryzykiem psychospo\u0142ecznym<\/h3>\n<p>Us\u0142uga Work PositiveCI to bezp\u0142atny program, kt\u00f3ry pomaga organizacjom identyfikowa\u0107 psychospo\u0142eczne czynniki stresogenne, ocenia\u0107 dobrostan i opracowywa\u0107 plany dzia\u0142ania w celu \u0142agodzenia ryzyka.<\/p>\n<div class=\"case-footer\">Theme: <strong>Training<\/strong><\/div>\n<p>        <a class=\"btn-tool\" href=\"https:\/\/www.adapt.it\/wp-content\/uploads\/2025\/03\/National-Highlights-Ireland-final-14-03-2025.pdf\" target=\"_blank\" style=\"font-size: 12px; padding: 8px 15px; margin-top: 10px;\">View National Highlights<\/a>\n    <\/div>\n<div class=\"case-card best-practice\" data-topic=\"work-org\" data-country=\"slovenia\">\n<div class=\"case-badge\">Dobra praktyka<\/div>\n<div class=\"case-country\">Slovenia<\/div>\n<h3>Ocena ryzyka psychospo\u0142ecznego w miejscu pracy<\/h3>\n<p>S\u0142owenia w\u0142\u0105cza ocen\u0119 ryzyka psychospo\u0142ecznego do obowi\u0105zk\u00f3w pracodawcy. Regularna ewaluacja i anga\u017cowanie pracownik\u00f3w pomagaj\u0105 organizacjom wykrywa\u0107 wczesne oznaki stresu i wypalenia zawodowego.<\/p>\n<div class=\"case-footer\">Theme: <strong>Organizacja pracy<\/strong><\/div>\n<p>        <a class=\"btn-tool\" href=\"https:\/\/www.adapt.it\/wp-content\/uploads\/2025\/03\/NH_Slovenia_Final_12.3.2025.pdf\" target=\"_blank\" style=\"font-size: 12px; padding: 8px 15px; margin-top: 10px;\">View National Highlights<\/a>\n    <\/div>\n<div class=\"case-card warning-case\" data-topic=\"work-org\" data-country=\"slovakia\">\n<div class=\"case-badge\">Przypadek ostrzegawczy<\/div>\n<div class=\"case-country\">Slovakia<\/div>\n<h3>Wyzwania pracy cyfrowej<\/h3>\n<p>Stres zwi\u0105zany z cyfryzacj\u0105 i nadmierne obci\u0105\u017cenie prac\u0105 przyczyniaj\u0105 si\u0119 do napi\u0119cia emocjonalnego. Zatarte granice mi\u0119dzy \u017cyciem zawodowym a prywatnym stwarzaj\u0105 nowe zagro\u017cenia, kt\u00f3re trudno z\u0142agodzi\u0107 za pomoc\u0105 istniej\u0105cych \u015brodk\u00f3w.<\/p>\n<div class=\"case-footer\">Theme: <strong>Organizacja pracy<\/strong><\/div>\n<p>        <a class=\"btn-tool\" href=\"https:\/\/www.adapt.it\/wp-content\/uploads\/2025\/03\/NH_Slovakia_in-Slovak_FINAL.pdf\" target=\"_blank\" style=\"font-size: 12px; padding: 8px 15px; margin-top: 10px;\">View National Highlights<\/a>\n    <\/div>\n<div class=\"case-card best-practice\" data-topic=\"change\" data-country=\"slovakia\">\n<div class=\"case-badge\">Dobra praktyka<\/div>\n<div class=\"case-country\">Slovakia<\/div>\n<h3>W\u0142\u0105czenie do krajowej strategii BHP<\/h3>\n<p>S\u0142owacja w\u0142\u0105czy\u0142a wymogi do kluczowych przepis\u00f3w prawa pracy oraz Strategii BHP na lata 2021\u20132027, kt\u00f3ra wyra\u017anie uznaje ryzyko psychospo\u0142eczne obok wyzwa\u0144 takich jak cyfryzacja.<\/p>\n<div class=\"case-footer\">Theme: <strong>Zarz\u0105dzanie zmian\u0105<\/strong><\/div>\n<p>        <a class=\"btn-tool\" href=\"https:\/\/www.adapt.it\/wp-content\/uploads\/2025\/03\/NH_Slovakia_in-Slovak_FINAL.pdf\" target=\"_blank\" style=\"font-size: 12px; padding: 8px 15px; margin-top: 10px;\">View National Highlights<\/a>\n    <\/div>\n<\/div>\n<div class=\"guide-navigation translation-block\"><a class=\"nav-link prev\" href=\"https:\/\/www.adapt.it\/incremental\/interactive-guide\/thematic-agenda\/\" target=\"_self\"><br>\n    <span class=\"nav-label\">Wstecz<\/span><br>\n    <span class=\"nav-title\">\u2190 Agenda tematyczna<\/span><br>\n<\/a><br>\n<a class=\"nav-link next\" href=\"https:\/\/www.adapt.it\/incremental\/interactive-guide\/glossary-action-plan\/\" target=\"_self\"><br>\n    <span class=\"nav-label\">Nast\u0119pny krok<\/span><br>\n    <span class=\"nav-title\">Glosariusz i plan dzia\u0142ania \u2192<\/span><br>\n<\/a><\/div>","protected":false},"excerpt":{"rendered":"<p>Evidence Library This section links the project&#8217;s findings to specific contexts to provide practical evidence for bargaining demands. Below you can find practical examples and clauses to overcome management objections. Use these \u201cProof Points\u201d (the actual cases) to show that your demands are already standards elsewhere. Topics All Topics Work Org. Change Training Countries All [&hellip;]<\/p>\n","protected":false},"author":7,"featured_media":0,"parent":10814,"menu_order":0,"comment_status":"closed","ping_status":"closed","template":"page-incremental-guide.php","meta":{"_acf_changed":false,"ocean_post_layout":"","ocean_both_sidebars_style":"","ocean_both_sidebars_content_width":0,"ocean_both_sidebars_sidebars_width":0,"ocean_sidebar":"0","ocean_second_sidebar":"0","ocean_disable_margins":"enable","ocean_add_body_class":"","ocean_shortcode_before_top_bar":"","ocean_shortcode_after_top_bar":"","ocean_shortcode_before_header":"","ocean_shortcode_after_header":"","ocean_has_shortcode":"","ocean_shortcode_after_title":"","ocean_shortcode_before_footer_widgets":"","ocean_shortcode_after_footer_widgets":"","ocean_shortcode_before_footer_bottom":"","ocean_shortcode_after_footer_bottom":"","ocean_display_top_bar":"default","ocean_display_header":"default","ocean_header_style":"","ocean_center_header_left_menu":"0","ocean_custom_header_template":"0","ocean_custom_logo":0,"ocean_custom_retina_logo":0,"ocean_custom_logo_max_width":0,"ocean_custom_logo_tablet_max_width":0,"ocean_custom_logo_mobile_max_width":0,"ocean_custom_logo_max_height":0,"ocean_custom_logo_tablet_max_height":0,"ocean_custom_logo_mobile_max_height":0,"ocean_header_custom_menu":"0","ocean_menu_typo_font_family":"0","ocean_menu_typo_font_subset":"","ocean_menu_typo_font_size":0,"ocean_menu_typo_font_size_tablet":0,"ocean_menu_typo_font_size_mobile":0,"ocean_menu_typo_font_size_unit":"px","ocean_menu_typo_font_weight":"","ocean_menu_typo_font_weight_tablet":"","ocean_menu_typo_font_weight_mobile":"","ocean_menu_typo_transform":"","ocean_menu_typo_transform_tablet":"","ocean_menu_typo_transform_mobile":"","ocean_menu_typo_line_height":0,"ocean_menu_typo_line_height_tablet":0,"ocean_menu_typo_line_height_mobile":0,"ocean_menu_typo_line_height_unit":"","ocean_menu_typo_spacing":0,"ocean_menu_typo_spacing_tablet":0,"ocean_menu_typo_spacing_mobile":0,"ocean_menu_typo_spacing_unit":"","ocean_menu_link_color":"","ocean_menu_link_color_hover":"","ocean_menu_link_color_active":"","ocean_menu_link_background":"","ocean_menu_link_hover_background":"","ocean_menu_link_active_background":"","ocean_menu_social_links_bg":"","ocean_menu_social_hover_links_bg":"","ocean_menu_social_links_color":"","ocean_menu_social_hover_links_color":"","ocean_disable_title":"default","ocean_disable_heading":"default","ocean_post_title":"","ocean_post_subheading":"","ocean_post_title_style":"","ocean_post_title_background_color":"","ocean_post_title_background":0,"ocean_post_title_bg_image_position":"","ocean_post_title_bg_image_attachment":"","ocean_post_title_bg_image_repeat":"","ocean_post_title_bg_image_size":"","ocean_post_title_height":0,"ocean_post_title_bg_overlay":0.5,"ocean_post_title_bg_overlay_color":"","ocean_disable_breadcrumbs":"default","ocean_breadcrumbs_color":"","ocean_breadcrumbs_separator_color":"","ocean_breadcrumbs_links_color":"","ocean_breadcrumbs_links_hover_color":"","ocean_display_footer_widgets":"default","ocean_display_footer_bottom":"default","ocean_custom_footer_template":"0","footnotes":""},"class_list":["post-10822","page","type-page","status-publish","hentry","entry"],"acf":[],"yoast_head":"<!-- This site is optimized with the Yoast SEO plugin v27.3 - https:\/\/yoast.com\/product\/yoast-seo-wordpress\/ -->\n<title>Practical Examples - The Evidence<\/title>\n<meta name=\"robots\" content=\"index, follow, max-snippet:-1, max-image-preview:large, max-video-preview:-1\" \/>\n<link rel=\"canonical\" href=\"https:\/\/www.adapt.it\/pl\/incremental\/interactive-guide\/practical-examples\/\" \/>\n<meta property=\"og:locale\" content=\"pl_PL\" \/>\n<meta property=\"og:type\" content=\"article\" \/>\n<meta property=\"og:title\" content=\"Practical Examples - The Evidence\" \/>\n<meta property=\"og:description\" content=\"Evidence Library This section links the project&#8217;s findings to specific contexts to provide practical evidence for bargaining demands. Below you can find practical examples and clauses to overcome management objections. Use these \u201cProof Points\u201d (the actual cases) to show that your demands are already standards elsewhere. Topics All Topics Work Org. Change Training Countries All [&hellip;]\" \/>\n<meta property=\"og:url\" content=\"https:\/\/www.adapt.it\/pl\/incremental\/interactive-guide\/practical-examples\/\" \/>\n<meta property=\"og:site_name\" content=\"Adapt.it\" \/>\n<meta property=\"article:publisher\" content=\"https:\/\/www.facebook.com\/adaptland\/\" \/>\n<meta property=\"article:modified_time\" content=\"2026-03-13T12:24:21+00:00\" \/>\n<meta name=\"twitter:card\" content=\"summary_large_image\" \/>\n<meta name=\"twitter:site\" content=\"@adaptland\" \/>\n<meta name=\"twitter:label1\" content=\"Szacowany czas czytania\" \/>\n\t<meta name=\"twitter:data1\" content=\"1 minuta\" \/>\n<script type=\"application\/ld+json\" class=\"yoast-schema-graph\">{\"@context\":\"https:\\\/\\\/schema.org\",\"@graph\":[{\"@type\":\"WebPage\",\"@id\":\"https:\\\/\\\/www.adapt.it\\\/incremental\\\/interactive-guide\\\/practical-examples\\\/\",\"url\":\"https:\\\/\\\/www.adapt.it\\\/incremental\\\/interactive-guide\\\/practical-examples\\\/\",\"name\":\"Practical Examples - The Evidence\",\"isPartOf\":{\"@id\":\"https:\\\/\\\/www.adapt.it\\\/#website\"},\"datePublished\":\"2026-02-18T12:38:30+00:00\",\"dateModified\":\"2026-03-13T12:24:21+00:00\",\"breadcrumb\":{\"@id\":\"https:\\\/\\\/www.adapt.it\\\/incremental\\\/interactive-guide\\\/practical-examples\\\/#breadcrumb\"},\"inLanguage\":\"pl-PL\",\"potentialAction\":[{\"@type\":\"ReadAction\",\"target\":[\"https:\\\/\\\/www.adapt.it\\\/incremental\\\/interactive-guide\\\/practical-examples\\\/\"]}]},{\"@type\":\"BreadcrumbList\",\"@id\":\"https:\\\/\\\/www.adapt.it\\\/incremental\\\/interactive-guide\\\/practical-examples\\\/#breadcrumb\",\"itemListElement\":[{\"@type\":\"ListItem\",\"position\":1,\"name\":\"Home\",\"item\":\"https:\\\/\\\/www.adapt.it\\\/\"},{\"@type\":\"ListItem\",\"position\":2,\"name\":\"Incremental\",\"item\":\"https:\\\/\\\/www.adapt.it\\\/incremental\\\/\"},{\"@type\":\"ListItem\",\"position\":3,\"name\":\"The Increme(n)tal Interactive Guide\",\"item\":\"https:\\\/\\\/www.adapt.it\\\/incremental\\\/interactive-guide\\\/\"},{\"@type\":\"ListItem\",\"position\":4,\"name\":\"Practical Examples &#8211; The Evidence\"}]},{\"@type\":\"WebSite\",\"@id\":\"https:\\\/\\\/www.adapt.it\\\/#website\",\"url\":\"https:\\\/\\\/www.adapt.it\\\/\",\"name\":\"adapt.it\",\"description\":\"Building the Future of Work Together\",\"publisher\":{\"@id\":\"https:\\\/\\\/www.adapt.it\\\/#organization\"},\"potentialAction\":[{\"@type\":\"SearchAction\",\"target\":{\"@type\":\"EntryPoint\",\"urlTemplate\":\"https:\\\/\\\/www.adapt.it\\\/?s={search_term_string}\"},\"query-input\":{\"@type\":\"PropertyValueSpecification\",\"valueRequired\":true,\"valueName\":\"search_term_string\"}}],\"inLanguage\":\"pl-PL\"},{\"@type\":\"Organization\",\"@id\":\"https:\\\/\\\/www.adapt.it\\\/#organization\",\"name\":\"ADAPT\",\"url\":\"https:\\\/\\\/www.adapt.it\\\/\",\"logo\":{\"@type\":\"ImageObject\",\"inLanguage\":\"pl-PL\",\"@id\":\"https:\\\/\\\/www.adapt.it\\\/#\\\/schema\\\/logo\\\/image\\\/\",\"url\":\"https:\\\/\\\/www.adapt.it\\\/wp-content\\\/uploads\\\/2026\\\/01\\\/ADAPT.jpg\",\"contentUrl\":\"https:\\\/\\\/www.adapt.it\\\/wp-content\\\/uploads\\\/2026\\\/01\\\/ADAPT.jpg\",\"width\":2378,\"height\":744,\"caption\":\"ADAPT\"},\"image\":{\"@id\":\"https:\\\/\\\/www.adapt.it\\\/#\\\/schema\\\/logo\\\/image\\\/\"},\"sameAs\":[\"https:\\\/\\\/www.facebook.com\\\/adaptland\\\/\",\"https:\\\/\\\/x.com\\\/adaptland\",\"https:\\\/\\\/www.instagram.com\\\/adaptland\\\/\",\"https:\\\/\\\/www.linkedin.com\\\/company\\\/adapt---centro-studi-marco-biagi\\\/\",\"https:\\\/\\\/www.youtube.com\\\/@adaptchannel\"]}]}<\/script>\n<!-- \/ Yoast SEO plugin. -->","yoast_head_json":{"title":"Practical Examples - The Evidence","robots":{"index":"index","follow":"follow","max-snippet":"max-snippet:-1","max-image-preview":"max-image-preview:large","max-video-preview":"max-video-preview:-1"},"canonical":"https:\/\/www.adapt.it\/pl\/incremental\/interactive-guide\/practical-examples\/","og_locale":"pl_PL","og_type":"article","og_title":"Practical Examples - The Evidence","og_description":"Evidence Library This section links the project&#8217;s findings to specific contexts to provide practical evidence for bargaining demands. Below you can find practical examples and clauses to overcome management objections. Use these \u201cProof Points\u201d (the actual cases) to show that your demands are already standards elsewhere. Topics All Topics Work Org. Change Training Countries All [&hellip;]","og_url":"https:\/\/www.adapt.it\/pl\/incremental\/interactive-guide\/practical-examples\/","og_site_name":"Adapt.it","article_publisher":"https:\/\/www.facebook.com\/adaptland\/","article_modified_time":"2026-03-13T12:24:21+00:00","twitter_card":"summary_large_image","twitter_site":"@adaptland","twitter_misc":{"Szacowany czas czytania":"1 minuta"},"schema":{"@context":"https:\/\/schema.org","@graph":[{"@type":"WebPage","@id":"https:\/\/www.adapt.it\/incremental\/interactive-guide\/practical-examples\/","url":"https:\/\/www.adapt.it\/incremental\/interactive-guide\/practical-examples\/","name":"Practical Examples - The Evidence","isPartOf":{"@id":"https:\/\/www.adapt.it\/#website"},"datePublished":"2026-02-18T12:38:30+00:00","dateModified":"2026-03-13T12:24:21+00:00","breadcrumb":{"@id":"https:\/\/www.adapt.it\/incremental\/interactive-guide\/practical-examples\/#breadcrumb"},"inLanguage":"pl-PL","potentialAction":[{"@type":"ReadAction","target":["https:\/\/www.adapt.it\/incremental\/interactive-guide\/practical-examples\/"]}]},{"@type":"BreadcrumbList","@id":"https:\/\/www.adapt.it\/incremental\/interactive-guide\/practical-examples\/#breadcrumb","itemListElement":[{"@type":"ListItem","position":1,"name":"Home","item":"https:\/\/www.adapt.it\/"},{"@type":"ListItem","position":2,"name":"Incremental","item":"https:\/\/www.adapt.it\/incremental\/"},{"@type":"ListItem","position":3,"name":"The Increme(n)tal Interactive Guide","item":"https:\/\/www.adapt.it\/incremental\/interactive-guide\/"},{"@type":"ListItem","position":4,"name":"Practical Examples &#8211; The Evidence"}]},{"@type":"WebSite","@id":"https:\/\/www.adapt.it\/#website","url":"https:\/\/www.adapt.it\/","name":"adapt.it","description":"Building the Future of Work Together","publisher":{"@id":"https:\/\/www.adapt.it\/#organization"},"potentialAction":[{"@type":"SearchAction","target":{"@type":"EntryPoint","urlTemplate":"https:\/\/www.adapt.it\/?s={search_term_string}"},"query-input":{"@type":"PropertyValueSpecification","valueRequired":true,"valueName":"search_term_string"}}],"inLanguage":"pl-PL"},{"@type":"Organization","@id":"https:\/\/www.adapt.it\/#organization","name":"ADAPT","url":"https:\/\/www.adapt.it\/","logo":{"@type":"ImageObject","inLanguage":"pl-PL","@id":"https:\/\/www.adapt.it\/#\/schema\/logo\/image\/","url":"https:\/\/www.adapt.it\/wp-content\/uploads\/2026\/01\/ADAPT.jpg","contentUrl":"https:\/\/www.adapt.it\/wp-content\/uploads\/2026\/01\/ADAPT.jpg","width":2378,"height":744,"caption":"ADAPT"},"image":{"@id":"https:\/\/www.adapt.it\/#\/schema\/logo\/image\/"},"sameAs":["https:\/\/www.facebook.com\/adaptland\/","https:\/\/x.com\/adaptland","https:\/\/www.instagram.com\/adaptland\/","https:\/\/www.linkedin.com\/company\/adapt---centro-studi-marco-biagi\/","https:\/\/www.youtube.com\/@adaptchannel"]}]}},"_links":{"self":[{"href":"https:\/\/www.adapt.it\/pl\/wp-json\/wp\/v2\/pages\/10822","targetHints":{"allow":["GET"]}}],"collection":[{"href":"https:\/\/www.adapt.it\/pl\/wp-json\/wp\/v2\/pages"}],"about":[{"href":"https:\/\/www.adapt.it\/pl\/wp-json\/wp\/v2\/types\/page"}],"author":[{"embeddable":true,"href":"https:\/\/www.adapt.it\/pl\/wp-json\/wp\/v2\/users\/7"}],"replies":[{"embeddable":true,"href":"https:\/\/www.adapt.it\/pl\/wp-json\/wp\/v2\/comments?post=10822"}],"version-history":[{"count":11,"href":"https:\/\/www.adapt.it\/pl\/wp-json\/wp\/v2\/pages\/10822\/revisions"}],"predecessor-version":[{"id":11081,"href":"https:\/\/www.adapt.it\/pl\/wp-json\/wp\/v2\/pages\/10822\/revisions\/11081"}],"up":[{"embeddable":true,"href":"https:\/\/www.adapt.it\/pl\/wp-json\/wp\/v2\/pages\/10814"}],"wp:attachment":[{"href":"https:\/\/www.adapt.it\/pl\/wp-json\/wp\/v2\/media?parent=10822"}],"curies":[{"name":"wp","href":"https:\/\/api.w.org\/{rel}","templated":true}]}}