{"id":10820,"date":"2026-02-18T12:36:48","date_gmt":"2026-02-18T12:36:48","guid":{"rendered":"https:\/\/www.adapt.it\/?page_id=10820"},"modified":"2026-03-13T16:31:25","modified_gmt":"2026-03-13T16:31:25","slug":"thematic-agenda","status":"publish","type":"page","link":"https:\/\/www.adapt.it\/pl\/incremental\/interactive-guide\/thematic-agenda\/","title":{"rendered":"Thematic Agenda &#8211; The What"},"content":{"rendered":"<div class=\"process-header\">\n<h2 style=\"font-size: 42px; font-weight: 800;\">Agenda tematyczna<\/h2>\n<p style=\"font-size: 22px; max-width: 900px; margin: 0 auto 50px auto; color: #475569;\">Kluczowe punkty negocjacyjne dotycz\u0105ce cyfryzacji, zmian i przysz\u0142o\u015bci pracy, zorientowane na poszukiwanie rozwi\u0105za\u0144.<\/p>\n<\/div>\n<div class=\"node-container\">\n<div class=\"node-header\">\n<div class=\"node-number\">1<\/div>\n<h2>Organizacja pracy<\/h2>\n<\/p><\/div>\n<div style=\"margin-bottom: 25px; line-height: 1.6;\" class=\" translation-block\"><strong>Cel:<\/strong> Projektowanie pracy, ramy prawne praw oraz \u015brodowisko psychospo\u0142eczne.<\/div>\n<div class=\"theme-grid\">\n<div class=\"theme-box\">\n<h4>Tre\u015b\u0107<\/h4>\n<p>            Przeciwdzia\u0142anie nadmiernemu obci\u0105\u017ceniu prac\u0105, silnemu stresowi oraz zacieraniu si\u0119 granic mi\u0119dzy \u017cyciem zawodowym a prywatnym.\n        <\/p><\/div>\n<div class=\"theme-box\">\n<h4>Aspekt psychospo\u0142eczny i prawny<\/h4>\n<p class=\" translation-block\">Wyra\u017anie odnosi si\u0119 do przemocy, molestowania oraz <strong>\u201eprawa do bycia offline\u201d<\/strong> (prawa do nieodbierania po\u0142\u0105cze\u0144, prawa do wy\u0142\u0105czenia urz\u0105dze\u0144). Obejmuje nowe przepisy dotycz\u0105ce wczesnego rozpoznawania zagro\u017ce\u0144 psychospo\u0142ecznych.<\/div>\n<div class=\"theme-box\" style=\"background-color: #f1f5f9;\">\n<h4>Kontekst<\/h4>\n<p class=\" translation-block\">Zagro\u017cenia psychospo\u0142eczne nie powstaj\u0105 w pr\u00f3\u017cni; s\u0105 one kszta\u0142towane przez szersze uwarunkowania spo\u0142eczno-gospodarcze. Opieraj\u0105c si\u0119 na szczeg\u00f3\u0142owych ustaleniach dotycz\u0105cych <strong>Turcji i W\u0142och<\/strong>, niniejsza sekcja ilustruje, w jaki spos\u00f3b naciski na poziomie makro bezpo\u015brednio pot\u0119guj\u0105 stres pracownik\u00f3w.<\/div>\n<\/p><\/div>\n<div class=\"tool-card-agenda\">\n<div class=\"tool-icon-box\"><span><\/span><\/div>\n<div class=\"tool-info\">\n<h3>Klauzula dotycz\u0105ca prawa do bycia offline i przeciwdzia\u0142ania molestowaniu<\/h3>\n<p>Przeczytaj kart\u0119 narz\u0119dziow\u0105: Plan zabezpiecze\u0144 dla pracownik\u00f3w i protoko\u0142\u00f3w negocjacyjnych<\/p>\n<p>            <a class=\"btn-tool\" href=\"https:\/\/www.adapt.it\/wp-content\/uploads\/2026\/03\/Tool-Card.docx\">Download Tool Card (.docx)<\/a>\n        <\/div>\n<\/p><\/div>\n<\/div>\n<div class=\"node-container\">\n<div class=\"node-header\">\n<div class=\"node-number\">2<\/div>\n<h2>Zarz\u0105dzanie zmian\u0105 (czynniki wewn\u0119trzne i zewn\u0119trzne)<\/h2>\n<\/p><\/div>\n<p style=\"margin-bottom: 25px; line-height: 1.6;\" class=\" translation-block\"><strong>Cel:<\/strong> Zarz\u0105dzanie transformacjami nap\u0119dzanymi przez technologi\u0119 lub regulacje.<\/p>\n<div class=\"theme-grid\">\n<div class=\"theme-box\" style=\"border-left-color: #1e293b;\">\n<h4>Czynniki wewn\u0119trzne (cyfryzacja i strategia)<\/h4>\n<p class=\" translation-block\">Koncentruje si\u0119 na strategii biznesowej i wdra\u017caniu technologii. Obejmuje <strong>nadz\u00f3r AI<\/strong>, pomiar wydajno\u015bci oraz kwestie prywatno\u015bci\/RODO.<br>\n<br><strong>Aspekt psychospo\u0142eczny:<\/strong> \u201eTechnostres\u201d i presja wynikaj\u0105ca z ci\u0105g\u0142ego monitorowania.<\/div>\n<div class=\"theme-box\" style=\"border-left-color: #3b82f6;\">\n<h4>Czynniki zewn\u0119trzne (zielona transformacja i regulacje):<\/h4>\n<p class=\" translation-block\">Niniejsza podsekcja koncentruje si\u0119 na transformacjach wymuszonych przez nowe przepisy, taryfy lub Zielon\u0105 Transformacj\u0119. Wyra\u017anie uznaje, \u017ce szersze warunki spo\u0142eczno-gospodarcze w fundamentalny spos\u00f3b kszta\u0142tuj\u0105 spos\u00f3b, w jaki pracodawcy organizuj\u0105 prac\u0119: recesje lub spowolnienia gospodarcze cz\u0119sto prowadz\u0105 do redukcji zatrudnienia, intensyfikacji pracy i zwi\u0119kszonego poczucia niepewno\u015bci zatrudnienia, podczas gdy okresy szybkiego wzrostu cz\u0119sto skutkuj\u0105 niedoborami umiej\u0119tno\u015bci, presj\u0105 na nadgodziny i po\u015bpiesznymi celami produkcyjnymi.<br>\n<br><strong>Uzasadnienie:<\/strong> Cho\u0107 zielone technologie nie by\u0142y pocz\u0105tkowo g\u0142\u00f3wnym celem szkolenia, zosta\u0142y tutaj uwzgl\u0119dnione jako kluczowy zewn\u0119trzny czynnik regulacyjny \u2013 czego przyk\u0142adem jest Europejski Zielony \u0141ad \u2013 kt\u00f3ry bezpo\u015brednio wp\u0142ywa na bezpiecze\u0144stwo pracy. Ponadto dyskusje z uczestnikami szkole\u0144 i badanie ich specyficznych kontekst\u00f3w organizacyjnych pozwoli\u0142y nam zaobserwowa\u0107, \u017ce kwestia ta stanowi dodatkowe, pojawiaj\u0105ce si\u0119 zagro\u017cenie psychospo\u0142eczne w miejscu pracy i jako taka jest tematem wartym szczeg\u00f3lnego uwzgl\u0119dnienia podczas sesji szkoleniowych.<br>\n<br><strong>Aspekt psychospo\u0142eczny:<\/strong> Ten komponent dotyczy \u201eeko-l\u0119ku\u201d (eco-anxiety) i niepewno\u015bci zatrudnienia. Uznaj\u0105c, \u017ce \u201eeko-l\u0119k\u201d mo\u017ce by\u0107 terminem wymagaj\u0105cym wyja\u015bnienia dla wielu pracownik\u00f3w i przedstawicieli zwi\u0105zk\u00f3w zawodowych, zosta\u0142 on tutaj zdefiniowany jako wp\u0142yw na zdrowie psychiczne wynikaj\u0105cy ze zmian klimatu, np. strach i cierpienie z powodu przysz\u0142ych szk\u00f3d \u015brodowiskowych i ich konsekwencji oraz niepewno\u015b\u0107 co do stanu \u015brodowiska; zmieniaj\u0105ce si\u0119 lub pogarszaj\u0105ce si\u0119 warunki \u017cycia z powodu zdarze\u0144 klimatycznych, adaptacja po katastrofach i reakcje na nier\u00f3wno\u015bci; ekstremalne zjawiska pogodowe lub zmieniaj\u0105ce si\u0119 i degraduj\u0105ce \u015brodowisko naturalne (np. zmiany temperatury, susza, opady) (<a href=\"https:\/\/osha.europa.eu\/sites\/default\/files\/documents\/Eco-anxiety-OSH-emerging-risks_EN.pdf\" target=\"_self\">EU-OSHA, 2025<\/a>), a tak\u017ce przewlek\u0142y stres i niepewno\u015b\u0107 co do w\u0142asnej przysz\u0142o\u015bci zawodowej spowodowane gwa\u0142townymi zmianami \u015brodowiskowymi i regulacyjnymi.<\/div>\n<\/p><\/div>\n<div style=\"display: flex; gap: 20px; flex-wrap: wrap;\">\n<div class=\"tool-card-agenda\" style=\"flex: 1; min-width: 300px;\">\n<div class=\"tool-icon-box\"><span><\/span><\/div>\n<div class=\"tool-info\">\n<h3>Ocena wp\u0142ywu algorytm\u00f3w<\/h3>\n<p>Lista kontrolna do monitorowania ryzyk zwi\u0105zanych z przejrzysto\u015bci\u0105, prywatno\u015bci\u0105 i technostresem.<\/p>\n<p>            <button class=\"btn-tool\" onclick=\"openModal('algorithmic')\" type=\"button\">Open Tool A<\/button>\n        <\/div>\n<\/p><\/div>\n<div class=\"tool-card-agenda\" style=\"flex: 1; min-width: 300px; background: #3b82f6;\">\n<div class=\"tool-icon-box\" style=\"background: #1e293b;\"><span><\/span><\/div>\n<div class=\"tool-info\">\n<h3>Lista kontrolna sprawiedliwej transformacji<\/h3>\n<p>Gotowo\u015b\u0107 do audytu na wypadek zewn\u0119trznych wstrz\u0105s\u00f3w regulacyjnych i gwarancje bezpiecze\u0144stwa pracy.<\/p>\n<p>            <button class=\"btn-tool\" onclick=\"openModal('green')\" style=\"background: #1e293b;\" type=\"button\">Open Tool B<\/button>\n        <\/div>\n<\/p><\/div>\n<\/div>\n<\/div>\n<div class=\"node-container\">\n<div class=\"node-header\">\n<div class=\"node-number\">3<\/div>\n<h2>Szkolenia i rozw\u00f3j kariery<\/h2>\n<\/p><\/div>\n<div style=\"margin-bottom: 25px; line-height: 1.6;\" class=\" translation-block\"><strong>Cel:<\/strong> Podnoszenie kwalifikacji si\u0142y roboczej, nabywanie umiej\u0119tno\u015bci i zapobieganie dezaktualizacji zawodowej.<\/div>\n<div class=\"theme-grid\">\n<div class=\"theme-box\">\n<h4>Tre\u015b\u0107<\/h4>\n<p class=\" translation-block\">Przekszta\u0142ca szkolenia z dobrowolnego \u201eprzywileju\u201d w <strong>obowi\u0105zkowe prawo umowne<\/strong>. Okre\u015bla, \u017ce wszystkie szkolenia musz\u0105 by\u0107 w pe\u0142ni p\u0142atne, odbywa\u0107 si\u0119 w godzinach pracy i \u2014 co kluczowe \u2014 wi\u0105za\u0107 si\u0119 z automatycznym <strong>aszeregowaniem i podwy\u017ck\u0105 p\u0142ac<\/strong> po uzyskaniu certyfikatu.<\/div>\n<div class=\"theme-box\">\n<h4>K\u0105t psychospo\u0142eczny<\/h4>\n<p class=\" translation-block\">Bezpo\u015brednio zwalcza <strong>\u201el\u0119k przed dezaktualizacj\u0105 zawodow\u0105\u201d<\/strong> i poczucie niekompetencji wywo\u0142ane szybk\u0105 cyfryzacj\u0105. Gwarantuj\u0105c przysz\u0142\u0105 \u015bcie\u017ck\u0119 kariery, redukuje niepok\u00f3j i przywraca pewno\u015b\u0107 siebie w sferze zawodowej.<\/div>\n<div class=\"theme-box\">\n<h4>Cel operacyjny:<\/h4>\n<p class=\" translation-block\">Wykorzystuje <strong>Training Clause Builder<\/strong> do wsp\u00f3lnego definiowania luk kompetencyjnych i zabezpieczania finansowania, dbaj\u0105c o to, by transformacja przemys\u0142owa prowadzi\u0142a do mobilno\u015bci wewn\u0119trznej i wy\u017cszej jako\u015bci miejsc pracy, a nie do zwolnie\u0144.<\/div>\n<\/p><\/div>\n<div class=\"tool-card-agenda\" style=\"background: #27ae60;\">\n<div class=\"tool-icon-box\" style=\"background: #1e293b;\"><span><\/span><\/div>\n<div class=\"tool-info\">\n<h3>Kreator klauzul szkoleniowych<\/h3>\n<p>Zdefiniuj luki kompetencyjne i wygeneruj spersonalizowan\u0105 klauzul\u0119 prawn\u0105 dla swojego lokalnego porozumienia.<\/p>\n<p>        <button class=\"btn-tool\" onclick=\"openModal('training')\" style=\"background: #1e293b;\" type=\"button\">Generuj klauzul\u0119<\/button>\n    <\/div>\n<\/div>\n<\/div>\n<div class=\"guide-navigation translation-block\"><a class=\"nav-link prev\" href=\"https:\/\/www.adapt.it\/incremental\/interactive-guide\/the-process-how\/\" target=\"_self\"><br>\r\n        <span class=\"nav-label\">Back<\/span><br>\r\n        <span class=\"nav-title\">\u2190 The Process<\/span><br>\r\n    <\/a><br>\r\n    <a class=\"nav-link next\" href=\"https:\/\/www.adapt.it\/incremental\/interactive-guide\/practical-examples\/\" target=\"_self\"><br>\r\n        <span class=\"nav-label\">Next Step<\/span><br>\r\n        <span class=\"nav-title\">Evidence Library \u2192<\/span><br>\r\n    <\/a><\/div>","protected":false},"excerpt":{"rendered":"<p>Thematic Agenda Core negotiation nodes to address digitalization, change, and the future of work with a solution-oriented mindset. 1 Work Organisation Focus: The design of work, the legal framework of rights, and the psychosocial environment. Content Addressing excessive workload, intense stress, and the blurring of work-life boundaries. Psychosocial &#038; Legal Focus Explicitly addresses violence, harassment, [&hellip;]<\/p>\n","protected":false},"author":7,"featured_media":0,"parent":10814,"menu_order":0,"comment_status":"closed","ping_status":"closed","template":"page-incremental-guide.php","meta":{"_acf_changed":false,"ocean_post_layout":"","ocean_both_sidebars_style":"","ocean_both_sidebars_content_width":0,"ocean_both_sidebars_sidebars_width":0,"ocean_sidebar":"0","ocean_second_sidebar":"0","ocean_disable_margins":"enable","ocean_add_body_class":"","ocean_shortcode_before_top_bar":"","ocean_shortcode_after_top_bar":"","ocean_shortcode_before_header":"","ocean_shortcode_after_header":"","ocean_has_shortcode":"","ocean_shortcode_after_title":"","ocean_shortcode_before_footer_widgets":"","ocean_shortcode_after_footer_widgets":"","ocean_shortcode_before_footer_bottom":"","ocean_shortcode_after_footer_bottom":"","ocean_display_top_bar":"default","ocean_display_header":"default","ocean_header_style":"","ocean_center_header_left_menu":"0","ocean_custom_header_template":"0","ocean_custom_logo":0,"ocean_custom_retina_logo":0,"ocean_custom_logo_max_width":0,"ocean_custom_logo_tablet_max_width":0,"ocean_custom_logo_mobile_max_width":0,"ocean_custom_logo_max_height":0,"ocean_custom_logo_tablet_max_height":0,"ocean_custom_logo_mobile_max_height":0,"ocean_header_custom_menu":"0","ocean_menu_typo_font_family":"0","ocean_menu_typo_font_subset":"","ocean_menu_typo_font_size":0,"ocean_menu_typo_font_size_tablet":0,"ocean_menu_typo_font_size_mobile":0,"ocean_menu_typo_font_size_unit":"px","ocean_menu_typo_font_weight":"","ocean_menu_typo_font_weight_tablet":"","ocean_menu_typo_font_weight_mobile":"","ocean_menu_typo_transform":"","ocean_menu_typo_transform_tablet":"","ocean_menu_typo_transform_mobile":"","ocean_menu_typo_line_height":0,"ocean_menu_typo_line_height_tablet":0,"ocean_menu_typo_line_height_mobile":0,"ocean_menu_typo_line_height_unit":"","ocean_menu_typo_spacing":0,"ocean_menu_typo_spacing_tablet":0,"ocean_menu_typo_spacing_mobile":0,"ocean_menu_typo_spacing_unit":"","ocean_menu_link_color":"","ocean_menu_link_color_hover":"","ocean_menu_link_color_active":"","ocean_menu_link_background":"","ocean_menu_link_hover_background":"","ocean_menu_link_active_background":"","ocean_menu_social_links_bg":"","ocean_menu_social_hover_links_bg":"","ocean_menu_social_links_color":"","ocean_menu_social_hover_links_color":"","ocean_disable_title":"default","ocean_disable_heading":"default","ocean_post_title":"","ocean_post_subheading":"","ocean_post_title_style":"","ocean_post_title_background_color":"","ocean_post_title_background":0,"ocean_post_title_bg_image_position":"","ocean_post_title_bg_image_attachment":"","ocean_post_title_bg_image_repeat":"","ocean_post_title_bg_image_size":"","ocean_post_title_height":0,"ocean_post_title_bg_overlay":0.5,"ocean_post_title_bg_overlay_color":"","ocean_disable_breadcrumbs":"default","ocean_breadcrumbs_color":"","ocean_breadcrumbs_separator_color":"","ocean_breadcrumbs_links_color":"","ocean_breadcrumbs_links_hover_color":"","ocean_display_footer_widgets":"default","ocean_display_footer_bottom":"default","ocean_custom_footer_template":"0","footnotes":""},"class_list":["post-10820","page","type-page","status-publish","hentry","entry"],"acf":[],"yoast_head":"<!-- This site is optimized with the Yoast SEO plugin v27.3 - https:\/\/yoast.com\/product\/yoast-seo-wordpress\/ -->\n<title>Thematic Agenda - The What<\/title>\n<meta name=\"robots\" content=\"index, follow, max-snippet:-1, max-image-preview:large, max-video-preview:-1\" \/>\n<link rel=\"canonical\" href=\"https:\/\/www.adapt.it\/pl\/incremental\/interactive-guide\/thematic-agenda\/\" \/>\n<meta property=\"og:locale\" content=\"pl_PL\" \/>\n<meta property=\"og:type\" content=\"article\" \/>\n<meta property=\"og:title\" content=\"Thematic Agenda - The What\" \/>\n<meta property=\"og:description\" content=\"Thematic Agenda Core negotiation nodes to address digitalization, change, and the future of work with a solution-oriented mindset. 1 Work Organisation Focus: The design of work, the legal framework of rights, and the psychosocial environment. Content Addressing excessive workload, intense stress, and the blurring of work-life boundaries. Psychosocial &#038; Legal Focus Explicitly addresses violence, harassment, [&hellip;]\" \/>\n<meta property=\"og:url\" content=\"https:\/\/www.adapt.it\/pl\/incremental\/interactive-guide\/thematic-agenda\/\" \/>\n<meta property=\"og:site_name\" content=\"Adapt.it\" \/>\n<meta property=\"article:publisher\" content=\"https:\/\/www.facebook.com\/adaptland\/\" \/>\n<meta property=\"article:modified_time\" content=\"2026-03-13T16:31:25+00:00\" \/>\n<meta name=\"twitter:card\" content=\"summary_large_image\" \/>\n<meta name=\"twitter:site\" content=\"@adaptland\" \/>\n<meta name=\"twitter:label1\" content=\"Szacowany czas czytania\" \/>\n\t<meta name=\"twitter:data1\" content=\"4 minuty\" \/>\n<script type=\"application\/ld+json\" class=\"yoast-schema-graph\">{\"@context\":\"https:\\\/\\\/schema.org\",\"@graph\":[{\"@type\":\"WebPage\",\"@id\":\"https:\\\/\\\/www.adapt.it\\\/incremental\\\/interactive-guide\\\/thematic-agenda\\\/\",\"url\":\"https:\\\/\\\/www.adapt.it\\\/incremental\\\/interactive-guide\\\/thematic-agenda\\\/\",\"name\":\"Thematic Agenda - The What\",\"isPartOf\":{\"@id\":\"https:\\\/\\\/www.adapt.it\\\/#website\"},\"datePublished\":\"2026-02-18T12:36:48+00:00\",\"dateModified\":\"2026-03-13T16:31:25+00:00\",\"breadcrumb\":{\"@id\":\"https:\\\/\\\/www.adapt.it\\\/incremental\\\/interactive-guide\\\/thematic-agenda\\\/#breadcrumb\"},\"inLanguage\":\"pl-PL\",\"potentialAction\":[{\"@type\":\"ReadAction\",\"target\":[\"https:\\\/\\\/www.adapt.it\\\/incremental\\\/interactive-guide\\\/thematic-agenda\\\/\"]}]},{\"@type\":\"BreadcrumbList\",\"@id\":\"https:\\\/\\\/www.adapt.it\\\/incremental\\\/interactive-guide\\\/thematic-agenda\\\/#breadcrumb\",\"itemListElement\":[{\"@type\":\"ListItem\",\"position\":1,\"name\":\"Home\",\"item\":\"https:\\\/\\\/www.adapt.it\\\/\"},{\"@type\":\"ListItem\",\"position\":2,\"name\":\"Incremental\",\"item\":\"https:\\\/\\\/www.adapt.it\\\/incremental\\\/\"},{\"@type\":\"ListItem\",\"position\":3,\"name\":\"The Increme(n)tal Interactive Guide\",\"item\":\"https:\\\/\\\/www.adapt.it\\\/incremental\\\/interactive-guide\\\/\"},{\"@type\":\"ListItem\",\"position\":4,\"name\":\"Thematic Agenda &#8211; The What\"}]},{\"@type\":\"WebSite\",\"@id\":\"https:\\\/\\\/www.adapt.it\\\/#website\",\"url\":\"https:\\\/\\\/www.adapt.it\\\/\",\"name\":\"adapt.it\",\"description\":\"Building the Future of Work Together\",\"publisher\":{\"@id\":\"https:\\\/\\\/www.adapt.it\\\/#organization\"},\"potentialAction\":[{\"@type\":\"SearchAction\",\"target\":{\"@type\":\"EntryPoint\",\"urlTemplate\":\"https:\\\/\\\/www.adapt.it\\\/?s={search_term_string}\"},\"query-input\":{\"@type\":\"PropertyValueSpecification\",\"valueRequired\":true,\"valueName\":\"search_term_string\"}}],\"inLanguage\":\"pl-PL\"},{\"@type\":\"Organization\",\"@id\":\"https:\\\/\\\/www.adapt.it\\\/#organization\",\"name\":\"ADAPT\",\"url\":\"https:\\\/\\\/www.adapt.it\\\/\",\"logo\":{\"@type\":\"ImageObject\",\"inLanguage\":\"pl-PL\",\"@id\":\"https:\\\/\\\/www.adapt.it\\\/#\\\/schema\\\/logo\\\/image\\\/\",\"url\":\"https:\\\/\\\/www.adapt.it\\\/wp-content\\\/uploads\\\/2026\\\/01\\\/ADAPT.jpg\",\"contentUrl\":\"https:\\\/\\\/www.adapt.it\\\/wp-content\\\/uploads\\\/2026\\\/01\\\/ADAPT.jpg\",\"width\":2378,\"height\":744,\"caption\":\"ADAPT\"},\"image\":{\"@id\":\"https:\\\/\\\/www.adapt.it\\\/#\\\/schema\\\/logo\\\/image\\\/\"},\"sameAs\":[\"https:\\\/\\\/www.facebook.com\\\/adaptland\\\/\",\"https:\\\/\\\/x.com\\\/adaptland\",\"https:\\\/\\\/www.instagram.com\\\/adaptland\\\/\",\"https:\\\/\\\/www.linkedin.com\\\/company\\\/adapt---centro-studi-marco-biagi\\\/\",\"https:\\\/\\\/www.youtube.com\\\/@adaptchannel\"]}]}<\/script>\n<!-- \/ Yoast SEO plugin. -->","yoast_head_json":{"title":"Thematic Agenda - The What","robots":{"index":"index","follow":"follow","max-snippet":"max-snippet:-1","max-image-preview":"max-image-preview:large","max-video-preview":"max-video-preview:-1"},"canonical":"https:\/\/www.adapt.it\/pl\/incremental\/interactive-guide\/thematic-agenda\/","og_locale":"pl_PL","og_type":"article","og_title":"Thematic Agenda - The What","og_description":"Thematic Agenda Core negotiation nodes to address digitalization, change, and the future of work with a solution-oriented mindset. 1 Work Organisation Focus: The design of work, the legal framework of rights, and the psychosocial environment. Content Addressing excessive workload, intense stress, and the blurring of work-life boundaries. Psychosocial &#038; Legal Focus Explicitly addresses violence, harassment, [&hellip;]","og_url":"https:\/\/www.adapt.it\/pl\/incremental\/interactive-guide\/thematic-agenda\/","og_site_name":"Adapt.it","article_publisher":"https:\/\/www.facebook.com\/adaptland\/","article_modified_time":"2026-03-13T16:31:25+00:00","twitter_card":"summary_large_image","twitter_site":"@adaptland","twitter_misc":{"Szacowany czas czytania":"4 minuty"},"schema":{"@context":"https:\/\/schema.org","@graph":[{"@type":"WebPage","@id":"https:\/\/www.adapt.it\/incremental\/interactive-guide\/thematic-agenda\/","url":"https:\/\/www.adapt.it\/incremental\/interactive-guide\/thematic-agenda\/","name":"Thematic Agenda - The What","isPartOf":{"@id":"https:\/\/www.adapt.it\/#website"},"datePublished":"2026-02-18T12:36:48+00:00","dateModified":"2026-03-13T16:31:25+00:00","breadcrumb":{"@id":"https:\/\/www.adapt.it\/incremental\/interactive-guide\/thematic-agenda\/#breadcrumb"},"inLanguage":"pl-PL","potentialAction":[{"@type":"ReadAction","target":["https:\/\/www.adapt.it\/incremental\/interactive-guide\/thematic-agenda\/"]}]},{"@type":"BreadcrumbList","@id":"https:\/\/www.adapt.it\/incremental\/interactive-guide\/thematic-agenda\/#breadcrumb","itemListElement":[{"@type":"ListItem","position":1,"name":"Home","item":"https:\/\/www.adapt.it\/"},{"@type":"ListItem","position":2,"name":"Incremental","item":"https:\/\/www.adapt.it\/incremental\/"},{"@type":"ListItem","position":3,"name":"The Increme(n)tal Interactive Guide","item":"https:\/\/www.adapt.it\/incremental\/interactive-guide\/"},{"@type":"ListItem","position":4,"name":"Thematic Agenda &#8211; The What"}]},{"@type":"WebSite","@id":"https:\/\/www.adapt.it\/#website","url":"https:\/\/www.adapt.it\/","name":"adapt.it","description":"Building the Future of Work Together","publisher":{"@id":"https:\/\/www.adapt.it\/#organization"},"potentialAction":[{"@type":"SearchAction","target":{"@type":"EntryPoint","urlTemplate":"https:\/\/www.adapt.it\/?s={search_term_string}"},"query-input":{"@type":"PropertyValueSpecification","valueRequired":true,"valueName":"search_term_string"}}],"inLanguage":"pl-PL"},{"@type":"Organization","@id":"https:\/\/www.adapt.it\/#organization","name":"ADAPT","url":"https:\/\/www.adapt.it\/","logo":{"@type":"ImageObject","inLanguage":"pl-PL","@id":"https:\/\/www.adapt.it\/#\/schema\/logo\/image\/","url":"https:\/\/www.adapt.it\/wp-content\/uploads\/2026\/01\/ADAPT.jpg","contentUrl":"https:\/\/www.adapt.it\/wp-content\/uploads\/2026\/01\/ADAPT.jpg","width":2378,"height":744,"caption":"ADAPT"},"image":{"@id":"https:\/\/www.adapt.it\/#\/schema\/logo\/image\/"},"sameAs":["https:\/\/www.facebook.com\/adaptland\/","https:\/\/x.com\/adaptland","https:\/\/www.instagram.com\/adaptland\/","https:\/\/www.linkedin.com\/company\/adapt---centro-studi-marco-biagi\/","https:\/\/www.youtube.com\/@adaptchannel"]}]}},"_links":{"self":[{"href":"https:\/\/www.adapt.it\/pl\/wp-json\/wp\/v2\/pages\/10820","targetHints":{"allow":["GET"]}}],"collection":[{"href":"https:\/\/www.adapt.it\/pl\/wp-json\/wp\/v2\/pages"}],"about":[{"href":"https:\/\/www.adapt.it\/pl\/wp-json\/wp\/v2\/types\/page"}],"author":[{"embeddable":true,"href":"https:\/\/www.adapt.it\/pl\/wp-json\/wp\/v2\/users\/7"}],"replies":[{"embeddable":true,"href":"https:\/\/www.adapt.it\/pl\/wp-json\/wp\/v2\/comments?post=10820"}],"version-history":[{"count":17,"href":"https:\/\/www.adapt.it\/pl\/wp-json\/wp\/v2\/pages\/10820\/revisions"}],"predecessor-version":[{"id":11089,"href":"https:\/\/www.adapt.it\/pl\/wp-json\/wp\/v2\/pages\/10820\/revisions\/11089"}],"up":[{"embeddable":true,"href":"https:\/\/www.adapt.it\/pl\/wp-json\/wp\/v2\/pages\/10814"}],"wp:attachment":[{"href":"https:\/\/www.adapt.it\/pl\/wp-json\/wp\/v2\/media?parent=10820"}],"curies":[{"name":"wp","href":"https:\/\/api.w.org\/{rel}","templated":true}]}}