{"id":10820,"date":"2026-02-18T12:36:48","date_gmt":"2026-02-18T12:36:48","guid":{"rendered":"https:\/\/www.adapt.it\/?page_id=10820"},"modified":"2026-03-13T16:31:25","modified_gmt":"2026-03-13T16:31:25","slug":"thematic-agenda","status":"publish","type":"page","link":"https:\/\/www.adapt.it\/lv\/incremental\/interactive-guide\/thematic-agenda\/","title":{"rendered":"Thematic Agenda &#8211; The What"},"content":{"rendered":"<div class=\"process-header\">\n<h2 style=\"font-size: 42px; font-weight: 800;\">Tematisk\u0101 darba k\u0101rt\u012bba<\/h2>\n<p style=\"font-size: 22px; max-width: 900px; margin: 0 auto 50px auto; color: #475569;\">Galvenie sarunu punkti digitaliz\u0101cijas, p\u0101rmai\u0146u un darba n\u0101kotnes jaut\u0101jumu risin\u0101\u0161anai ar uz risin\u0101jumu v\u0113rstu dom\u0101\u0161anu.<\/p>\n<\/div>\n<div class=\"node-container\">\n<div class=\"node-header\">\n<div class=\"node-number\">1<\/div>\n<h2>Darba organiz\u0101cija<\/h2>\n<\/p><\/div>\n<div style=\"margin-bottom: 25px; line-height: 1.6;\" class=\" translation-block\"><strong>Fokuss:<\/strong> Darba pl\u0101no\u0161ana, ties\u012bbu juridiskais ietvars un psihosoci\u0101l\u0101 vide.<\/div>\n<div class=\"theme-grid\">\n<div class=\"theme-box\">\n<h4>Saturs<\/h4>\n<p>            P\u0101rm\u0113r\u012bgas darba slodzes, intens\u012bva stresa un darba un priv\u0101t\u0101s dz\u012bves robe\u017eu izpl\u016b\u0161anas risin\u0101\u0161ana.\n        <\/p><\/div>\n<div class=\"theme-box\">\n<h4>Psihosoci\u0101lais un juridiskais fokuss<\/h4>\n<p class=\" translation-block\">Skaidri defin\u0113 vardarb\u012bbu, aizskar\u0161anu un <strong>\u201eties\u012bbas atsl\u0113gties\u201d<\/strong> (ties\u012bbas neb\u016bt sasniedzamam, ties\u012bbas izsl\u0113gt ier\u012bces). Ietver jaunus noteikumus par psihosoci\u0101lo risku agr\u012bnu atpaz\u012b\u0161anu.<\/div>\n<div class=\"theme-box\" style=\"background-color: #f1f5f9;\">\n<h4>Konteksts<\/h4>\n<p class=\" translation-block\">Psihosoci\u0101lie riski nerodas vakuum\u0101; tos veido pla\u0161\u0101ki soci\u0101lekonomiskie apst\u0101k\u013ci. Balstoties uz konkr\u0113tiem konstat\u0113jumiem par <strong>Turciju un It\u0101liju<\/strong>, \u0161aj\u0101 sada\u013c\u0101 ir par\u0101d\u012bts, k\u0101 makrol\u012bme\u0146a spiediens tie\u0161i pastiprina darbinieku stresu.<\/div>\n<\/p><\/div>\n<div class=\"tool-card-agenda\">\n<div class=\"tool-icon-box\"><span><\/span><\/div>\n<div class=\"tool-info\">\n<h3>Ties\u012bbu atsl\u0113gties un pret aizskar\u0161anu v\u0113rsta klauzula<\/h3>\n<p>Izlasiet r\u012bka kart\u012bti: Darbinieku aizsardz\u012bbas pas\u0101kumu un sarunu protokolu projekts<\/p>\n<p>            <a class=\"btn-tool\" href=\"https:\/\/www.adapt.it\/wp-content\/uploads\/2026\/03\/Tool-Card.docx\">Download Tool Card (.docx)<\/a>\n        <\/div>\n<\/p><\/div>\n<\/div>\n<div class=\"node-container\">\n<div class=\"node-header\">\n<div class=\"node-number\">2<\/div>\n<h2>P\u0101rmai\u0146u vad\u012bba (iek\u0161\u0113jie un \u0101r\u0113jie virz\u012bt\u0101jsp\u0113ki)<\/h2>\n<\/p><\/div>\n<p style=\"margin-bottom: 25px; line-height: 1.6;\" class=\" translation-block\"><strong>Fokuss:<\/strong> Orient\u0113\u0161an\u0101s p\u0101rmai\u0146\u0101s, ko virza tehnolo\u0123ijas vai regul\u0113jums.<\/p>\n<div class=\"theme-grid\">\n<div class=\"theme-box\" style=\"border-left-color: #1e293b;\">\n<h4>Iek\u0161\u0113ji virz\u012bti (digitaliz\u0101cija un strat\u0113\u0123ija)<\/h4>\n<p class=\" translation-block\">Koncentr\u0113jas uz uz\u0146\u0113m\u0113jdarb\u012bbas strat\u0113\u0123iju un tehnolo\u0123isko ievie\u0161anu. Aptver <strong>m\u0101ksl\u012bg\u0101 intelekta uzraudz\u012bbu<\/strong>, darb\u012bbas m\u0113r\u012bjumus un priv\u0101tuma\/VDAR jaut\u0101jumus.<br>\n<br><strong>Psihosoci\u0101lais skat\u012bjums:<\/strong> \u201eTehnostress\u201d un nep\u0101rtrauktas uzraudz\u012bbas rad\u012btais spiediens.<\/div>\n<div class=\"theme-box\" style=\"border-left-color: #3b82f6;\">\n<h4>\u0100r\u0113ji virz\u012bti (za\u013c\u0101 p\u0101rk\u0101rto\u0161an\u0101s un regul\u0113jums):<\/h4>\n<p class=\" translation-block\">\u0160\u012b apak\u0161sada\u013ca koncentr\u0113jas uz p\u0101rmai\u0146\u0101m, ko nosaka jauni ties\u012bbu akti, tarifi vai za\u013c\u0101 p\u0101reja. Taj\u0101 ir skaidri atz\u012bts, ka pla\u0161\u0101ki soci\u0101lekonomiskie apst\u0101k\u013ci b\u016btiski ietekm\u0113 to, k\u0101 darba dev\u0113ji organiz\u0113 darbu: recesija vai ekonomikas lejupsl\u012bde bie\u017ei noved pie darbinieku skaita samazin\u0101\u0161anas, darba intensifik\u0101cijas un pastiprin\u0101tas darba neaizsarg\u0101t\u012bbas, savuk\u0101rt straujas izaugsmes periodi bie\u017ei izraisa prasmju tr\u016bkumu, virsstundu spiedienu un sasteigtus ra\u017eo\u0161anas m\u0113r\u0137us.<br>\n<br><strong>Pamatojums:<\/strong> Lai gan za\u013c\u0101s tehnolo\u0123ijas s\u0101kotn\u0113ji nebija galvenais m\u0101c\u012bbu fokuss, t\u0101s \u0161eit ir iek\u013cautas k\u0101 b\u016btisks \u0101r\u0113js regulat\u012bvais virz\u012bt\u0101jsp\u0113ks \u2013 piem\u0113ram, ES Za\u013cais kurss \u2013, kas tie\u0161i ietekm\u0113 darba dro\u0161\u012bbu. Turkl\u0101t diskusijas ar apm\u0101c\u012bbu dal\u012bbniekiem un vi\u0146u specifisk\u0101 organizatorisk\u0101 konteksta izp\u0113te \u013c\u0101va mums nov\u0113rot, ka \u0161is jaut\u0101jums ir papildu jauns psihosoci\u0101lais risks darba viet\u0101 un k\u0101 t\u0101ds ir t\u0113ma, kas peln\u012bjusi \u012bpa\u0161u uzman\u012bbu m\u0101c\u012bbu sesij\u0101s.<br>\n<br><strong>Psihosoci\u0101lais skat\u012bjums:<\/strong> \u0160is komponents piev\u0113r\u0161as \u201eeko-trauksmei\u201d un darba neaizsarg\u0101t\u012bbai. Atz\u012bstot, ka \u201eeko-trauksme\u201d var\u0113tu b\u016bt termins, kas prasa skaidrojumu daudziem darbiniekiem un arodbiedr\u012bbu p\u0101rst\u0101vjiem, \u0161eit tas tiek defin\u0113ts k\u0101 ietekme uz gar\u012bgo vesel\u012bbu, kas rodas klimata p\u0101rmai\u0146u rezult\u0101t\u0101, piem\u0113ram, bailes un distress par turpm\u0101kiem vides boj\u0101jumiem un sek\u0101m, k\u0101 ar\u012b nenoteikt\u012bba par vides st\u0101vokli; dz\u012bves apst\u0101k\u013cu mai\u0146a vai pasliktin\u0101\u0161an\u0101s klimatisko notikumu d\u0113\u013c, piel\u0101go\u0161an\u0101s p\u0113c katastrof\u0101m un reakcija uz nevienl\u012bdz\u012bbu; ekstrem\u0101li laikapst\u0101k\u013ci vai dabas vides mai\u0146a un pasliktin\u0101\u0161an\u0101s (piem\u0113ram, temperat\u016bras izmai\u0146as, sausums, nokri\u0161\u0146i) (<a href=\"https:\/\/osha.europa.eu\/sites\/default\/files\/documents\/Eco-anxiety-OSH-emerging-risks_EN.pdf\" target=\"_self\">EU-OSHA, 2025<\/a>), k\u0101 ar\u012b hronisks distress un nenoteikt\u012bba par savu profesion\u0101lo n\u0101kotni, ko rada straujas vides un regul\u0113juma izmai\u0146as.<\/div>\n<\/p><\/div>\n<div style=\"display: flex; gap: 20px; flex-wrap: wrap;\">\n<div class=\"tool-card-agenda\" style=\"flex: 1; min-width: 300px;\">\n<div class=\"tool-icon-box\"><span><\/span><\/div>\n<div class=\"tool-info\">\n<h3>Algoritmu ietekmes nov\u0113rt\u0113jums<\/h3>\n<p>Kontrolsaraksts p\u0101rredzam\u012bbas, priv\u0101tuma un tehnostresa risku uzraudz\u012bbai.<\/p>\n<p>            <button class=\"btn-tool\" onclick=\"openModal('algorithmic')\" type=\"button\">Open Tool A<\/button>\n        <\/div>\n<\/p><\/div>\n<div class=\"tool-card-agenda\" style=\"flex: 1; min-width: 300px; background: #3b82f6;\">\n<div class=\"tool-icon-box\" style=\"background: #1e293b;\"><span><\/span><\/div>\n<div class=\"tool-info\">\n<h3>Taisn\u012bgas p\u0101rk\u0101rto\u0161an\u0101s kontrolsaraksts<\/h3>\n<p>Gatav\u012bba rev\u012bzijai \u0101r\u0113ju regulat\u012bvo triecienu gad\u012bjum\u0101 un darba dro\u0161\u012bbas garantijas.<\/p>\n<p>            <button class=\"btn-tool\" onclick=\"openModal('green')\" style=\"background: #1e293b;\" type=\"button\">Open Tool B<\/button>\n        <\/div>\n<\/p><\/div>\n<\/div>\n<\/div>\n<div class=\"node-container\">\n<div class=\"node-header\">\n<div class=\"node-number\">3<\/div>\n<h2>Apm\u0101c\u012bba un karjeras att\u012bst\u012bba<\/h2>\n<\/p><\/div>\n<div style=\"margin-bottom: 25px; line-height: 1.6;\" class=\" translation-block\"><strong>Fokuss:<\/strong> Darbasp\u0113ka kvalifik\u0101cijas cel\u0161ana, prasmju apguve un profesion\u0101l\u0101s noveco\u0161an\u0101s nov\u0113r\u0161ana.<\/div>\n<div class=\"theme-grid\">\n<div class=\"theme-box\">\n<h4>Saturs<\/h4>\n<p class=\" translation-block\">P\u0101rveido apm\u0101c\u012bbu no br\u012bvpr\u0101t\u012bgas \"privil\u0113\u0123ijas\" par <strong>oblig\u0101t\u0101m l\u012bgumisk\u0101m ties\u012bb\u0101m<\/strong>. Tas nosaka, ka vis\u0101m apm\u0101c\u012bb\u0101m j\u0101b\u016bt piln\u012bb\u0101 apmaks\u0101t\u0101m, t\u0101m j\u0101notiek darba laik\u0101 un \u2014 kas ir b\u016btiski \u2014 t\u0101m j\u0101b\u016bt saist\u012bt\u0101m ar autom\u0101tisku <strong>klasifik\u0101ciju un algas paaugstin\u0101\u0161anu<\/strong> p\u0113c sertifik\u0101cijas.<\/div>\n<div class=\"theme-box\">\n<h4>Psihosoci\u0101lais aspekts<\/h4>\n<p class=\" translation-block\">Tie\u0161i c\u012bn\u0101s pret <strong>\u201cbail\u0113m no noveco\u0161an\u0101s\u201d<\/strong> un nekompetences saj\u016btu, ko rada strauj\u0101 digitaliz\u0101cija. Garant\u0113jot turpm\u0101ko karjeras ce\u013cu, tas mazina trauksmi un atjauno profesion\u0101lo p\u0101rliec\u012bbu.<\/div>\n<div class=\"theme-box\">\n<h4>Operat\u012bvais m\u0113r\u0137is:<\/h4>\n<p class=\" translation-block\">Izmanto <strong>Training Clause Builder<\/strong>, lai kop\u012bgi noteiktu prasmju tr\u016bkumu un nodro\u0161in\u0101tu finans\u0113jumu, garant\u0113jot, ka r\u016bpniecisk\u0101 p\u0101reja nodro\u0161ina iek\u0161\u0113jo mobilit\u0101ti un augst\u0101kas kvalit\u0101tes darbvietas, nevis darbinieku atlai\u0161anu.<\/div>\n<\/p><\/div>\n<div class=\"tool-card-agenda\" style=\"background: #27ae60;\">\n<div class=\"tool-icon-box\" style=\"background: #1e293b;\"><span><\/span><\/div>\n<div class=\"tool-info\">\n<h3>M\u0101c\u012bbu klauzulu veidot\u0101js<\/h3>\n<p>Nosakiet prasmju tr\u016bkumu un izveidojiet piel\u0101gotu juridisku klauzulu savam viet\u0113jam l\u012bgumam.<\/p>\n<p>        <button class=\"btn-tool\" onclick=\"openModal('training')\" style=\"background: #1e293b;\" type=\"button\">\u0122ener\u0113t klauzulu<\/button>\n    <\/div>\n<\/div>\n<\/div>\n<div class=\"guide-navigation translation-block\"><a class=\"nav-link prev\" href=\"https:\/\/www.adapt.it\/incremental\/interactive-guide\/the-process-how\/\" target=\"_self\"><br>\r\n        <span class=\"nav-label\">Back<\/span><br>\r\n        <span class=\"nav-title\">\u2190 The Process<\/span><br>\r\n    <\/a><br>\r\n    <a class=\"nav-link next\" href=\"https:\/\/www.adapt.it\/incremental\/interactive-guide\/practical-examples\/\" target=\"_self\"><br>\r\n        <span class=\"nav-label\">Next Step<\/span><br>\r\n        <span class=\"nav-title\">Evidence Library \u2192<\/span><br>\r\n    <\/a><\/div>","protected":false},"excerpt":{"rendered":"<p>Thematic Agenda Core negotiation nodes to address digitalization, change, and the future of work with a solution-oriented mindset. 1 Work Organisation Focus: The design of work, the legal framework of rights, and the psychosocial environment. Content Addressing excessive workload, intense stress, and the blurring of work-life boundaries. Psychosocial &#038; Legal Focus Explicitly addresses violence, harassment, [&hellip;]<\/p>\n","protected":false},"author":7,"featured_media":0,"parent":10814,"menu_order":0,"comment_status":"closed","ping_status":"closed","template":"page-incremental-guide.php","meta":{"_acf_changed":false,"ocean_post_layout":"","ocean_both_sidebars_style":"","ocean_both_sidebars_content_width":0,"ocean_both_sidebars_sidebars_width":0,"ocean_sidebar":"0","ocean_second_sidebar":"0","ocean_disable_margins":"enable","ocean_add_body_class":"","ocean_shortcode_before_top_bar":"","ocean_shortcode_after_top_bar":"","ocean_shortcode_before_header":"","ocean_shortcode_after_header":"","ocean_has_shortcode":"","ocean_shortcode_after_title":"","ocean_shortcode_before_footer_widgets":"","ocean_shortcode_after_footer_widgets":"","ocean_shortcode_before_footer_bottom":"","ocean_shortcode_after_footer_bottom":"","ocean_display_top_bar":"default","ocean_display_header":"default","ocean_header_style":"","ocean_center_header_left_menu":"0","ocean_custom_header_template":"0","ocean_custom_logo":0,"ocean_custom_retina_logo":0,"ocean_custom_logo_max_width":0,"ocean_custom_logo_tablet_max_width":0,"ocean_custom_logo_mobile_max_width":0,"ocean_custom_logo_max_height":0,"ocean_custom_logo_tablet_max_height":0,"ocean_custom_logo_mobile_max_height":0,"ocean_header_custom_menu":"0","ocean_menu_typo_font_family":"0","ocean_menu_typo_font_subset":"","ocean_menu_typo_font_size":0,"ocean_menu_typo_font_size_tablet":0,"ocean_menu_typo_font_size_mobile":0,"ocean_menu_typo_font_size_unit":"px","ocean_menu_typo_font_weight":"","ocean_menu_typo_font_weight_tablet":"","ocean_menu_typo_font_weight_mobile":"","ocean_menu_typo_transform":"","ocean_menu_typo_transform_tablet":"","ocean_menu_typo_transform_mobile":"","ocean_menu_typo_line_height":0,"ocean_menu_typo_line_height_tablet":0,"ocean_menu_typo_line_height_mobile":0,"ocean_menu_typo_line_height_unit":"","ocean_menu_typo_spacing":0,"ocean_menu_typo_spacing_tablet":0,"ocean_menu_typo_spacing_mobile":0,"ocean_menu_typo_spacing_unit":"","ocean_menu_link_color":"","ocean_menu_link_color_hover":"","ocean_menu_link_color_active":"","ocean_menu_link_background":"","ocean_menu_link_hover_background":"","ocean_menu_link_active_background":"","ocean_menu_social_links_bg":"","ocean_menu_social_hover_links_bg":"","ocean_menu_social_links_color":"","ocean_menu_social_hover_links_color":"","ocean_disable_title":"default","ocean_disable_heading":"default","ocean_post_title":"","ocean_post_subheading":"","ocean_post_title_style":"","ocean_post_title_background_color":"","ocean_post_title_background":0,"ocean_post_title_bg_image_position":"","ocean_post_title_bg_image_attachment":"","ocean_post_title_bg_image_repeat":"","ocean_post_title_bg_image_size":"","ocean_post_title_height":0,"ocean_post_title_bg_overlay":0.5,"ocean_post_title_bg_overlay_color":"","ocean_disable_breadcrumbs":"default","ocean_breadcrumbs_color":"","ocean_breadcrumbs_separator_color":"","ocean_breadcrumbs_links_color":"","ocean_breadcrumbs_links_hover_color":"","ocean_display_footer_widgets":"default","ocean_display_footer_bottom":"default","ocean_custom_footer_template":"0","footnotes":""},"class_list":["post-10820","page","type-page","status-publish","hentry","entry"],"acf":[],"yoast_head":"<!-- This site is optimized with the Yoast SEO plugin v27.3 - https:\/\/yoast.com\/product\/yoast-seo-wordpress\/ -->\n<title>Thematic Agenda - The What<\/title>\n<meta name=\"robots\" content=\"index, follow, max-snippet:-1, max-image-preview:large, max-video-preview:-1\" \/>\n<link rel=\"canonical\" href=\"https:\/\/www.adapt.it\/lv\/incremental\/interactive-guide\/thematic-agenda\/\" \/>\n<meta property=\"og:locale\" content=\"lv_LV\" \/>\n<meta property=\"og:type\" content=\"article\" \/>\n<meta property=\"og:title\" content=\"Thematic Agenda - The What\" \/>\n<meta property=\"og:description\" content=\"Thematic Agenda Core negotiation nodes to address digitalization, change, and the future of work with a solution-oriented mindset. 1 Work Organisation Focus: The design of work, the legal framework of rights, and the psychosocial environment. Content Addressing excessive workload, intense stress, and the blurring of work-life boundaries. Psychosocial &#038; Legal Focus Explicitly addresses violence, harassment, [&hellip;]\" \/>\n<meta property=\"og:url\" content=\"https:\/\/www.adapt.it\/lv\/incremental\/interactive-guide\/thematic-agenda\/\" \/>\n<meta property=\"og:site_name\" content=\"Adapt.it\" \/>\n<meta property=\"article:publisher\" content=\"https:\/\/www.facebook.com\/adaptland\/\" \/>\n<meta property=\"article:modified_time\" content=\"2026-03-13T16:31:25+00:00\" \/>\n<meta name=\"twitter:card\" content=\"summary_large_image\" \/>\n<meta name=\"twitter:site\" content=\"@adaptland\" \/>\n<meta name=\"twitter:label1\" content=\"Est. reading time\" \/>\n\t<meta name=\"twitter:data1\" content=\"4 min\u016btes\" \/>\n<script type=\"application\/ld+json\" class=\"yoast-schema-graph\">{\"@context\":\"https:\\\/\\\/schema.org\",\"@graph\":[{\"@type\":\"WebPage\",\"@id\":\"https:\\\/\\\/www.adapt.it\\\/incremental\\\/interactive-guide\\\/thematic-agenda\\\/\",\"url\":\"https:\\\/\\\/www.adapt.it\\\/incremental\\\/interactive-guide\\\/thematic-agenda\\\/\",\"name\":\"Thematic Agenda - The What\",\"isPartOf\":{\"@id\":\"https:\\\/\\\/www.adapt.it\\\/#website\"},\"datePublished\":\"2026-02-18T12:36:48+00:00\",\"dateModified\":\"2026-03-13T16:31:25+00:00\",\"breadcrumb\":{\"@id\":\"https:\\\/\\\/www.adapt.it\\\/incremental\\\/interactive-guide\\\/thematic-agenda\\\/#breadcrumb\"},\"inLanguage\":\"lv-LV\",\"potentialAction\":[{\"@type\":\"ReadAction\",\"target\":[\"https:\\\/\\\/www.adapt.it\\\/incremental\\\/interactive-guide\\\/thematic-agenda\\\/\"]}]},{\"@type\":\"BreadcrumbList\",\"@id\":\"https:\\\/\\\/www.adapt.it\\\/incremental\\\/interactive-guide\\\/thematic-agenda\\\/#breadcrumb\",\"itemListElement\":[{\"@type\":\"ListItem\",\"position\":1,\"name\":\"Home\",\"item\":\"https:\\\/\\\/www.adapt.it\\\/\"},{\"@type\":\"ListItem\",\"position\":2,\"name\":\"Incremental\",\"item\":\"https:\\\/\\\/www.adapt.it\\\/incremental\\\/\"},{\"@type\":\"ListItem\",\"position\":3,\"name\":\"The Increme(n)tal Interactive Guide\",\"item\":\"https:\\\/\\\/www.adapt.it\\\/incremental\\\/interactive-guide\\\/\"},{\"@type\":\"ListItem\",\"position\":4,\"name\":\"Thematic Agenda &#8211; The What\"}]},{\"@type\":\"WebSite\",\"@id\":\"https:\\\/\\\/www.adapt.it\\\/#website\",\"url\":\"https:\\\/\\\/www.adapt.it\\\/\",\"name\":\"adapt.it\",\"description\":\"Building the Future of Work Together\",\"publisher\":{\"@id\":\"https:\\\/\\\/www.adapt.it\\\/#organization\"},\"potentialAction\":[{\"@type\":\"SearchAction\",\"target\":{\"@type\":\"EntryPoint\",\"urlTemplate\":\"https:\\\/\\\/www.adapt.it\\\/?s={search_term_string}\"},\"query-input\":{\"@type\":\"PropertyValueSpecification\",\"valueRequired\":true,\"valueName\":\"search_term_string\"}}],\"inLanguage\":\"lv-LV\"},{\"@type\":\"Organization\",\"@id\":\"https:\\\/\\\/www.adapt.it\\\/#organization\",\"name\":\"ADAPT\",\"url\":\"https:\\\/\\\/www.adapt.it\\\/\",\"logo\":{\"@type\":\"ImageObject\",\"inLanguage\":\"lv-LV\",\"@id\":\"https:\\\/\\\/www.adapt.it\\\/#\\\/schema\\\/logo\\\/image\\\/\",\"url\":\"https:\\\/\\\/www.adapt.it\\\/wp-content\\\/uploads\\\/2026\\\/01\\\/ADAPT.jpg\",\"contentUrl\":\"https:\\\/\\\/www.adapt.it\\\/wp-content\\\/uploads\\\/2026\\\/01\\\/ADAPT.jpg\",\"width\":2378,\"height\":744,\"caption\":\"ADAPT\"},\"image\":{\"@id\":\"https:\\\/\\\/www.adapt.it\\\/#\\\/schema\\\/logo\\\/image\\\/\"},\"sameAs\":[\"https:\\\/\\\/www.facebook.com\\\/adaptland\\\/\",\"https:\\\/\\\/x.com\\\/adaptland\",\"https:\\\/\\\/www.instagram.com\\\/adaptland\\\/\",\"https:\\\/\\\/www.linkedin.com\\\/company\\\/adapt---centro-studi-marco-biagi\\\/\",\"https:\\\/\\\/www.youtube.com\\\/@adaptchannel\"]}]}<\/script>\n<!-- \/ Yoast SEO plugin. -->","yoast_head_json":{"title":"Thematic Agenda - The What","robots":{"index":"index","follow":"follow","max-snippet":"max-snippet:-1","max-image-preview":"max-image-preview:large","max-video-preview":"max-video-preview:-1"},"canonical":"https:\/\/www.adapt.it\/lv\/incremental\/interactive-guide\/thematic-agenda\/","og_locale":"lv_LV","og_type":"article","og_title":"Thematic Agenda - The What","og_description":"Thematic Agenda Core negotiation nodes to address digitalization, change, and the future of work with a solution-oriented mindset. 1 Work Organisation Focus: The design of work, the legal framework of rights, and the psychosocial environment. Content Addressing excessive workload, intense stress, and the blurring of work-life boundaries. Psychosocial &#038; Legal Focus Explicitly addresses violence, harassment, [&hellip;]","og_url":"https:\/\/www.adapt.it\/lv\/incremental\/interactive-guide\/thematic-agenda\/","og_site_name":"Adapt.it","article_publisher":"https:\/\/www.facebook.com\/adaptland\/","article_modified_time":"2026-03-13T16:31:25+00:00","twitter_card":"summary_large_image","twitter_site":"@adaptland","twitter_misc":{"Est. reading time":"4 min\u016btes"},"schema":{"@context":"https:\/\/schema.org","@graph":[{"@type":"WebPage","@id":"https:\/\/www.adapt.it\/incremental\/interactive-guide\/thematic-agenda\/","url":"https:\/\/www.adapt.it\/incremental\/interactive-guide\/thematic-agenda\/","name":"Thematic Agenda - The What","isPartOf":{"@id":"https:\/\/www.adapt.it\/#website"},"datePublished":"2026-02-18T12:36:48+00:00","dateModified":"2026-03-13T16:31:25+00:00","breadcrumb":{"@id":"https:\/\/www.adapt.it\/incremental\/interactive-guide\/thematic-agenda\/#breadcrumb"},"inLanguage":"lv-LV","potentialAction":[{"@type":"ReadAction","target":["https:\/\/www.adapt.it\/incremental\/interactive-guide\/thematic-agenda\/"]}]},{"@type":"BreadcrumbList","@id":"https:\/\/www.adapt.it\/incremental\/interactive-guide\/thematic-agenda\/#breadcrumb","itemListElement":[{"@type":"ListItem","position":1,"name":"Home","item":"https:\/\/www.adapt.it\/"},{"@type":"ListItem","position":2,"name":"Incremental","item":"https:\/\/www.adapt.it\/incremental\/"},{"@type":"ListItem","position":3,"name":"The Increme(n)tal Interactive Guide","item":"https:\/\/www.adapt.it\/incremental\/interactive-guide\/"},{"@type":"ListItem","position":4,"name":"Thematic Agenda &#8211; The What"}]},{"@type":"WebSite","@id":"https:\/\/www.adapt.it\/#website","url":"https:\/\/www.adapt.it\/","name":"adapt.it","description":"Building the Future of Work Together","publisher":{"@id":"https:\/\/www.adapt.it\/#organization"},"potentialAction":[{"@type":"SearchAction","target":{"@type":"EntryPoint","urlTemplate":"https:\/\/www.adapt.it\/?s={search_term_string}"},"query-input":{"@type":"PropertyValueSpecification","valueRequired":true,"valueName":"search_term_string"}}],"inLanguage":"lv-LV"},{"@type":"Organization","@id":"https:\/\/www.adapt.it\/#organization","name":"ADAPT","url":"https:\/\/www.adapt.it\/","logo":{"@type":"ImageObject","inLanguage":"lv-LV","@id":"https:\/\/www.adapt.it\/#\/schema\/logo\/image\/","url":"https:\/\/www.adapt.it\/wp-content\/uploads\/2026\/01\/ADAPT.jpg","contentUrl":"https:\/\/www.adapt.it\/wp-content\/uploads\/2026\/01\/ADAPT.jpg","width":2378,"height":744,"caption":"ADAPT"},"image":{"@id":"https:\/\/www.adapt.it\/#\/schema\/logo\/image\/"},"sameAs":["https:\/\/www.facebook.com\/adaptland\/","https:\/\/x.com\/adaptland","https:\/\/www.instagram.com\/adaptland\/","https:\/\/www.linkedin.com\/company\/adapt---centro-studi-marco-biagi\/","https:\/\/www.youtube.com\/@adaptchannel"]}]}},"_links":{"self":[{"href":"https:\/\/www.adapt.it\/lv\/wp-json\/wp\/v2\/pages\/10820","targetHints":{"allow":["GET"]}}],"collection":[{"href":"https:\/\/www.adapt.it\/lv\/wp-json\/wp\/v2\/pages"}],"about":[{"href":"https:\/\/www.adapt.it\/lv\/wp-json\/wp\/v2\/types\/page"}],"author":[{"embeddable":true,"href":"https:\/\/www.adapt.it\/lv\/wp-json\/wp\/v2\/users\/7"}],"replies":[{"embeddable":true,"href":"https:\/\/www.adapt.it\/lv\/wp-json\/wp\/v2\/comments?post=10820"}],"version-history":[{"count":17,"href":"https:\/\/www.adapt.it\/lv\/wp-json\/wp\/v2\/pages\/10820\/revisions"}],"predecessor-version":[{"id":11089,"href":"https:\/\/www.adapt.it\/lv\/wp-json\/wp\/v2\/pages\/10820\/revisions\/11089"}],"up":[{"embeddable":true,"href":"https:\/\/www.adapt.it\/lv\/wp-json\/wp\/v2\/pages\/10814"}],"wp:attachment":[{"href":"https:\/\/www.adapt.it\/lv\/wp-json\/wp\/v2\/media?parent=10820"}],"curies":[{"name":"wp","href":"https:\/\/api.w.org\/{rel}","templated":true}]}}