{"id":10820,"date":"2026-02-18T12:36:48","date_gmt":"2026-02-18T12:36:48","guid":{"rendered":"https:\/\/www.adapt.it\/?page_id=10820"},"modified":"2026-03-13T16:31:25","modified_gmt":"2026-03-13T16:31:25","slug":"thematic-agenda","status":"publish","type":"page","link":"https:\/\/www.adapt.it\/hu\/incremental\/interactive-guide\/thematic-agenda\/","title":{"rendered":"Thematic Agenda &#8211; The What"},"content":{"rendered":"<div class=\"process-header\">\n<h2 style=\"font-size: 42px; font-weight: 800;\">Tematikus menetrend<\/h2>\n<p style=\"font-size: 22px; max-width: 900px; margin: 0 auto 50px auto; color: #475569;\">K\u00f6zponti t\u00e1rgyal\u00e1si pontok a digitaliz\u00e1ci\u00f3, a v\u00e1ltoz\u00e1s \u00e9s a munka j\u00f6v\u0151j\u00e9nek kezel\u00e9s\u00e9re megold\u00e1sk\u00f6zpont\u00fa szeml\u00e9lettel.<\/p>\n<\/div>\n<div class=\"node-container\">\n<div class=\"node-header\">\n<div class=\"node-number\">1<\/div>\n<h2>Munkaszervez\u00e9s<\/h2>\n<\/p><\/div>\n<div style=\"margin-bottom: 25px; line-height: 1.6;\" class=\" translation-block\"><strong>F\u00f3kusz:<\/strong> A munka kialak\u00edt\u00e1sa, a jogok jogi keretei \u00e9s a pszichoszoci\u00e1lis k\u00f6rnyezet.<\/div>\n<div class=\"theme-grid\">\n<div class=\"theme-box\">\n<h4>Tartalom<\/h4>\n<p>            A t\u00falzott munkaterhel\u00e9s, az intenz\u00edv stressz, \u043a\u0430\u043a\u0442\u043e \u0438 a munka \u00e9s a mag\u00e1n\u00e9let k\u00f6z\u00f6tti hat\u00e1rok elmos\u00f3d\u00e1s\u00e1nak kezel\u00e9se.\n        <\/p><\/div>\n<div class=\"theme-box\">\n<h4>Pszichoszoci\u00e1lis \u00e9s jogi f\u00f3kusz<\/h4>\n<p class=\" translation-block\">Kifejezetten foglalkozik az er\u0151szakkal, a zaklat\u00e1ssal \u00e9s a <strong>\u201elecsatlakoz\u00e1shoz val\u00f3 joggal\u201d<\/strong> (az el\u00e9rhetetlens\u00e9ghez val\u00f3 jog, a kikapcsol\u00e1shoz val\u00f3 jog). \u00daj szab\u00e1lyoz\u00e1sokat tartalmaz a pszichoszoci\u00e1lis kock\u00e1zatok korai felismer\u00e9s\u00e9re vonatkoz\u00f3an.<\/div>\n<div class=\"theme-box\" style=\"background-color: #f1f5f9;\">\n<h4>Kontextus<\/h4>\n<p class=\" translation-block\">A pszichoszoci\u00e1lis kock\u00e1zatok nem v\u00e1kuumban keletkeznek; t\u00e1gabb t\u00e1rsadalmi-gazdas\u00e1gi k\u00f6r\u00fclm\u00e9nyek alak\u00edtj\u00e1k \u0151ket. A <strong>T\u00f6r\u00f6korsz\u00e1gb\u00f3l \u00e9s Olaszorsz\u00e1gb\u00f3l<\/strong> sz\u00e1rmaz\u00f3 konkr\u00e9t meg\u00e1llap\u00edt\u00e1sokra t\u00e1maszkodva ez a szakasz szeml\u00e9lteti, hogyan fokozz\u00e1k k\u00f6zvetlen\u00fcl a munkav\u00e1llal\u00f3i stresszt a makroszint\u0171 nyom\u00e1sok.<\/div>\n<\/p><\/div>\n<div class=\"tool-card-agenda\">\n<div class=\"tool-icon-box\"><span><\/span><\/div>\n<div class=\"tool-info\">\n<h3>A lecsatlakoz\u00e1shoz val\u00f3 jog \u00e9s a zaklat\u00e1s elleni z\u00e1rad\u00e9k<\/h3>\n<p>Olvassa el az eszk\u00f6zk\u00e1rty\u00e1t: Munkav\u00e1llal\u00f3i garanci\u00e1k \u00e9s t\u00e1rgyal\u00e1si protokollok tervezete<\/p>\n<p>            <a class=\"btn-tool\" href=\"https:\/\/www.adapt.it\/wp-content\/uploads\/2026\/03\/Tool-Card.docx\">Download Tool Card (.docx)<\/a>\n        <\/div>\n<\/p><\/div>\n<\/div>\n<div class=\"node-container\">\n<div class=\"node-header\">\n<div class=\"node-number\">2<\/div>\n<h2>V\u00e1ltoz\u00e1smenedzsment (bels\u0151 \u00e9s k\u00fcls\u0151 t\u00e9nyez\u0151k)<\/h2>\n<\/p><\/div>\n<p style=\"margin-bottom: 25px; line-height: 1.6;\" class=\" translation-block\"><strong>F\u00f3kusz:<\/strong> A technol\u00f3gia vagy a szab\u00e1lyoz\u00e1s \u00e1ltal vez\u00e9relt \u00e1talakul\u00e1sok kezel\u00e9se.<\/p>\n<div class=\"theme-grid\">\n<div class=\"theme-box\" style=\"border-left-color: #1e293b;\">\n<h4>Bels\u0151 k\u00e9sztet\u00e9s\u0171 (digitaliz\u00e1ci\u00f3 \u00e9s strat\u00e9gia)<\/h4>\n<p class=\" translation-block\">Az \u00fczleti strat\u00e9gi\u00e1ra \u00e9s a technol\u00f3giai megval\u00f3s\u00edt\u00e1sra \u00f6sszpontos\u00edt. Kiterjed a <strong>mesters\u00e9ges intelligenci\u00e1val v\u00e9gzett megfigyel\u00e9sre<\/strong>, a teljes\u00edtm\u00e9nym\u00e9r\u00e9sre \u00e9s az adatv\u00e9delmi\/GDPR-k\u00e9rd\u00e9sekre.<br>\n<br><strong>Pszichoszoci\u00e1lis megk\u00f6zel\u00edt\u00e9s:<\/strong> \u201eTechnostressz\u201d \u00e9s a folyamatos nyomon k\u00f6vet\u00e9s okozta nyom\u00e1s.<\/div>\n<div class=\"theme-box\" style=\"border-left-color: #3b82f6;\">\n<h4>K\u00fcls\u0151 k\u00e9sztet\u00e9s\u0171 (z\u00f6ld \u00e1t\u00e1ll\u00e1s \u00e9s szab\u00e1lyoz\u00e1s):<\/h4>\n<p class=\" translation-block\">Ez az alszakasz az \u00faj jogszab\u00e1lyok, tarif\u00e1k vagy a Z\u00f6ld \u00c1t\u00e1ll\u00e1s \u00e1ltal elrendelt \u00e1talak\u00edt\u00e1sokra \u00f6sszpontos\u00edt. Kifejezetten elismeri, hogy a t\u00e1gabb t\u00e1rsadalmi-gazdas\u00e1gi k\u00f6r\u00fclm\u00e9nyek alapvet\u0151en meghat\u00e1rozz\u00e1k, hogyan szervezik meg a munk\u00e1ltat\u00f3k a munk\u00e1t: a recesszi\u00f3k vagy a gazdas\u00e1gi visszaes\u00e9sek gyakran le\u00e9p\u00edt\u00e9sekhez, a munka intenz\u00edvebb\u00e9 v\u00e1l\u00e1s\u00e1hoz \u00e9s fokozott munkahelyi bizonytalans\u00e1ghoz vezetnek, m\u00edg a gyors n\u00f6veked\u00e9si id\u0151szakok gyakran szakk\u00e9pzetts\u00e9ghi\u00e1nyt, t\u00fal\u00f3ra-nyom\u00e1st \u00e9s elkapkodott termel\u00e9si c\u00e9lokat eredm\u00e9nyeznek.<br>\n<br><strong>Indokl\u00e1s:<\/strong> B\u00e1r a z\u00f6ld technol\u00f3gia eredetileg nem volt els\u0151dleges k\u00e9pz\u00e9si f\u00f3kusz, itt kulcsfontoss\u00e1g\u00fa k\u00fcls\u0151 szab\u00e1lyoz\u00e1si t\u00e9nyez\u0151k\u00e9nt szerepel \u2013 amire az EU Z\u00f6ld Meg\u00e1llapod\u00e1sa a p\u00e9lda \u2013, amely k\u00f6zvetlen\u00fcl \u00e9rinti a munkahelyi biztons\u00e1got. Emellett a k\u00e9pz\u00e9s r\u00e9sztvev\u0151ivel folytatott megbesz\u00e9l\u00e9sek \u00e9s saj\u00e1tos szervezeti k\u00f6rnyezet\u00fck felt\u00e1r\u00e1sa lehet\u0151v\u00e9 tette sz\u00e1munkra annak megfigyel\u00e9s\u00e9t, hogy ez a k\u00e9rd\u00e9s egy tov\u00e1bbi, \u00fajonnan megjelen\u0151 pszichoszoci\u00e1lis kock\u00e1zatot jelent a munkahelyen, \u00e9s mint ilyen, a k\u00e9pz\u00e9seken k\u00fcl\u00f6n\u00f6s figyelmet \u00e9rdeml\u0151 t\u00e9ma.<br>\n<br><strong>Pszichoszoci\u00e1lis megk\u00f6zel\u00edt\u00e9s:<\/strong> Ez az \u00f6sszetev\u0151 az \u201e\u00f6koszorong\u00e1ssal\u201d \u00e9s a munkahelyi bizonytalans\u00e1ggal foglalkozik. Felismerve, hogy az \u201e\u00f6koszorong\u00e1s\u201d olyan fogalom lehet, amely sok munkav\u00e1llal\u00f3 and szakszervezeti k\u00e9pvisel\u0151 sz\u00e1m\u00e1ra tiszt\u00e1z\u00e1st ig\u00e9nyel, itt \u00fagy hat\u00e1rozzuk meg, mint az \u00e9ghajlatv\u00e1ltoz\u00e1s k\u00f6vetkezt\u00e9ben fell\u00e9p\u0151 ment\u00e1lis eg\u00e9szs\u00e9gi hat\u00e1st, pl. a j\u00f6v\u0151beli k\u00f6rnyezeti k\u00e1rokt\u00f3l \u00e9s k\u00f6vetkezm\u00e9nyekt\u0151l val\u00f3 f\u00e9lelem \u00e9s szorong\u00e1s, valamint a k\u00f6rnyezet \u00e1llapot\u00e1val kapcsolatos bizonytalans\u00e1g; az \u00e9ghajlati esem\u00e9nyek miatti megv\u00e1ltozott vagy roml\u00f3 \u00e9letk\u00f6r\u00fclm\u00e9nyek, a katasztr\u00f3f\u00e1k ut\u00e1ni kiigaz\u00edt\u00e1sok \u00e9s az egyenl\u0151tlens\u00e9gekre adott reakci\u00f3k; sz\u00e9ls\u0151s\u00e9ges id\u0151j\u00e1r\u00e1si esem\u00e9nyek vagy a term\u00e9szeti k\u00f6rnyezet v\u00e1ltoz\u00e1sa \u00e9s roml\u00e1sa (pl. h\u0151m\u00e9rs\u00e9klet-v\u00e1ltoz\u00e1s, asz\u00e1ly, csapad\u00e9k) (<a href=\"https:\/\/osha.europa.eu\/sites\/default\/files\/documents\/Eco-anxiety-OSH-emerging-risks_EN.pdf\" target=\"_self\">EU-OSHA, 2025<\/a>), kieg\u00e9sz\u00fclve a gyors k\u00f6rnyezeti \u00e9s szab\u00e1lyoz\u00e1si v\u00e1ltoz\u00e1sok okozta, a szakmai j\u00f6v\u0151t \u00e9rint\u0151 kr\u00f3nikus distresszel \u00e9s bizonytalans\u00e1ggal.<\/div>\n<\/p><\/div>\n<div style=\"display: flex; gap: 20px; flex-wrap: wrap;\">\n<div class=\"tool-card-agenda\" style=\"flex: 1; min-width: 300px;\">\n<div class=\"tool-icon-box\"><span><\/span><\/div>\n<div class=\"tool-info\">\n<h3>Algoritmikus hat\u00e1svizsg\u00e1lat<\/h3>\n<p>Ellen\u0151rz\u0151 lista az \u00e1tl\u00e1that\u00f3s\u00e1gi, adatv\u00e9delmi \u00e9s technostressz-kock\u00e1zatok nyomon k\u00f6vet\u00e9s\u00e9re.<\/p>\n<p>            <button class=\"btn-tool\" onclick=\"openModal('algorithmic')\" type=\"button\">Open Tool A<\/button>\n        <\/div>\n<\/p><\/div>\n<div class=\"tool-card-agenda\" style=\"flex: 1; min-width: 300px; background: #3b82f6;\">\n<div class=\"tool-icon-box\" style=\"background: #1e293b;\"><span><\/span><\/div>\n<div class=\"tool-info\">\n<h3>Igazs\u00e1gos \u00e1tmenet ellen\u0151rz\u0151 lista<\/h3>\n<p>Audit\u00e1l\u00e1si felk\u00e9sz\u00fclts\u00e9g a k\u00fcls\u0151 szab\u00e1lyoz\u00e1si sokkokra \u00e9s munkahelyi biztons\u00e1gi garanci\u00e1k.<\/p>\n<p>            <button class=\"btn-tool\" onclick=\"openModal('green')\" style=\"background: #1e293b;\" type=\"button\">Open Tool B<\/button>\n        <\/div>\n<\/p><\/div>\n<\/div>\n<\/div>\n<div class=\"node-container\">\n<div class=\"node-header\">\n<div class=\"node-number\">3<\/div>\n<h2>K\u00e9pz\u00e9s \u00e9s karrierfejleszt\u00e9s<\/h2>\n<\/p><\/div>\n<div style=\"margin-bottom: 25px; line-height: 1.6;\" class=\" translation-block\"><strong>F\u00f3kusz:<\/strong> A munkaer\u0151 tov\u00e1bbk\u00e9pz\u00e9se, k\u00e9szs\u00e9gelsaj\u00e1t\u00edt\u00e1s \u00e9s a szakmai elavul\u00e1s megel\u0151z\u00e9se.<\/div>\n<div class=\"theme-grid\">\n<div class=\"theme-box\">\n<h4>Tartalom<\/h4>\n<p class=\" translation-block\">A k\u00e9pz\u00e9st \u00f6nk\u00e9ntes \u201ecafeteri\u00e1b\u00f3l\u201d <strong>k\u00f6telez\u0151 szerz\u0151d\u00e9ses jogg\u00e1<\/strong> alak\u00edtja. Meg\u00e1llap\u00edtja, hogy minden k\u00e9pz\u00e9st teljes m\u00e9rt\u00e9kben ki kell fizetni, munkaid\u0151ben kell elv\u00e9gezni, \u00e9s \u2014 ami alapvet\u0151 fontoss\u00e1g\u00fa \u2014 a tan\u00fas\u00edt\u00e1s megszerz\u00e9sekor automatikus <strong>besorol\u00e1shoz \u00e9s fizet\u00e9semel\u00e9shez<\/strong> kell k\u00f6tni.<\/div>\n<div class=\"theme-box\">\n<h4>Pszichoszoci\u00e1lis megk\u00f6zel\u00edt\u00e9s<\/h4>\n<p class=\" translation-block\">K\u00f6zvetlen\u00fcl k\u00fczd a gyors digitaliz\u00e1ci\u00f3 okozta <strong>\u201eelavul\u00e1st\u00f3l val\u00f3 f\u00e9lelem\u201d<\/strong> \u00e9s az alkalmatlans\u00e1g \u00e9rz\u00e9se ellen. A j\u00f6v\u0151beli karrier\u00fat garant\u00e1l\u00e1s\u00e1val cs\u00f6kkenti a szorong\u00e1st \u00e9s helyre\u00e1ll\u00edtja a szakmai \u00f6nbizalmat.<\/div>\n<div class=\"theme-box\">\n<h4>Operat\u00edv c\u00e9l:<\/h4>\n<p class=\" translation-block\">A <strong>Training Clause Builder<\/strong> seg\u00edts\u00e9g\u00e9vel k\u00f6z\u00f6sen hat\u00e1rozz\u00e1k meg a k\u00e9szs\u00e9ghi\u00e1nyokat \u00e9s biztos\u00edtj\u00e1k a finansz\u00edroz\u00e1st, garant\u00e1lva, hogy az ipari \u00e1tmenet bels\u0151 mobilit\u00e1shoz \u00e9s jobb min\u0151s\u00e9g\u0171 munkahelyekhez vezessen a l\u00e9tsz\u00e1mle\u00e9p\u00edt\u00e9s helyett.<\/div>\n<\/p><\/div>\n<div class=\"tool-card-agenda\" style=\"background: #27ae60;\">\n<div class=\"tool-icon-box\" style=\"background: #1e293b;\"><span><\/span><\/div>\n<div class=\"tool-info\">\n<h3>K\u00e9pz\u00e9si z\u00e1rad\u00e9k\u00e9p\u00edt\u0151<\/h3>\n<p>Hat\u00e1rozza meg a k\u00e9szs\u00e9ghi\u00e1nyokat, \u0438 gener\u00e1ljon testreszabott jogi z\u00e1rad\u00e9kot a helyi meg\u00e1llapod\u00e1shoz.<\/p>\n<p>        <button class=\"btn-tool\" onclick=\"openModal('training')\" style=\"background: #1e293b;\" type=\"button\">Z\u00e1rad\u00e9k gener\u00e1l\u00e1sa<\/button>\n    <\/div>\n<\/div>\n<\/div>\n<div class=\"guide-navigation translation-block\"><a class=\"nav-link prev\" href=\"https:\/\/www.adapt.it\/incremental\/interactive-guide\/the-process-how\/\" target=\"_self\"><br>\r\n        <span class=\"nav-label\">Back<\/span><br>\r\n        <span class=\"nav-title\">\u2190 The Process<\/span><br>\r\n    <\/a><br>\r\n    <a class=\"nav-link next\" href=\"https:\/\/www.adapt.it\/incremental\/interactive-guide\/practical-examples\/\" target=\"_self\"><br>\r\n        <span class=\"nav-label\">Next Step<\/span><br>\r\n        <span class=\"nav-title\">Evidence Library \u2192<\/span><br>\r\n    <\/a><\/div>","protected":false},"excerpt":{"rendered":"<p>Thematic Agenda Core negotiation nodes to address digitalization, change, and the future of work with a solution-oriented mindset. 1 Work Organisation Focus: The design of work, the legal framework of rights, and the psychosocial environment. Content Addressing excessive workload, intense stress, and the blurring of work-life boundaries. Psychosocial &#038; Legal Focus Explicitly addresses violence, harassment, [&hellip;]<\/p>\n","protected":false},"author":7,"featured_media":0,"parent":10814,"menu_order":0,"comment_status":"closed","ping_status":"closed","template":"page-incremental-guide.php","meta":{"_acf_changed":false,"ocean_post_layout":"","ocean_both_sidebars_style":"","ocean_both_sidebars_content_width":0,"ocean_both_sidebars_sidebars_width":0,"ocean_sidebar":"0","ocean_second_sidebar":"0","ocean_disable_margins":"enable","ocean_add_body_class":"","ocean_shortcode_before_top_bar":"","ocean_shortcode_after_top_bar":"","ocean_shortcode_before_header":"","ocean_shortcode_after_header":"","ocean_has_shortcode":"","ocean_shortcode_after_title":"","ocean_shortcode_before_footer_widgets":"","ocean_shortcode_after_footer_widgets":"","ocean_shortcode_before_footer_bottom":"","ocean_shortcode_after_footer_bottom":"","ocean_display_top_bar":"default","ocean_display_header":"default","ocean_header_style":"","ocean_center_header_left_menu":"0","ocean_custom_header_template":"0","ocean_custom_logo":0,"ocean_custom_retina_logo":0,"ocean_custom_logo_max_width":0,"ocean_custom_logo_tablet_max_width":0,"ocean_custom_logo_mobile_max_width":0,"ocean_custom_logo_max_height":0,"ocean_custom_logo_tablet_max_height":0,"ocean_custom_logo_mobile_max_height":0,"ocean_header_custom_menu":"0","ocean_menu_typo_font_family":"0","ocean_menu_typo_font_subset":"","ocean_menu_typo_font_size":0,"ocean_menu_typo_font_size_tablet":0,"ocean_menu_typo_font_size_mobile":0,"ocean_menu_typo_font_size_unit":"px","ocean_menu_typo_font_weight":"","ocean_menu_typo_font_weight_tablet":"","ocean_menu_typo_font_weight_mobile":"","ocean_menu_typo_transform":"","ocean_menu_typo_transform_tablet":"","ocean_menu_typo_transform_mobile":"","ocean_menu_typo_line_height":0,"ocean_menu_typo_line_height_tablet":0,"ocean_menu_typo_line_height_mobile":0,"ocean_menu_typo_line_height_unit":"","ocean_menu_typo_spacing":0,"ocean_menu_typo_spacing_tablet":0,"ocean_menu_typo_spacing_mobile":0,"ocean_menu_typo_spacing_unit":"","ocean_menu_link_color":"","ocean_menu_link_color_hover":"","ocean_menu_link_color_active":"","ocean_menu_link_background":"","ocean_menu_link_hover_background":"","ocean_menu_link_active_background":"","ocean_menu_social_links_bg":"","ocean_menu_social_hover_links_bg":"","ocean_menu_social_links_color":"","ocean_menu_social_hover_links_color":"","ocean_disable_title":"default","ocean_disable_heading":"default","ocean_post_title":"","ocean_post_subheading":"","ocean_post_title_style":"","ocean_post_title_background_color":"","ocean_post_title_background":0,"ocean_post_title_bg_image_position":"","ocean_post_title_bg_image_attachment":"","ocean_post_title_bg_image_repeat":"","ocean_post_title_bg_image_size":"","ocean_post_title_height":0,"ocean_post_title_bg_overlay":0.5,"ocean_post_title_bg_overlay_color":"","ocean_disable_breadcrumbs":"default","ocean_breadcrumbs_color":"","ocean_breadcrumbs_separator_color":"","ocean_breadcrumbs_links_color":"","ocean_breadcrumbs_links_hover_color":"","ocean_display_footer_widgets":"default","ocean_display_footer_bottom":"default","ocean_custom_footer_template":"0","footnotes":""},"class_list":["post-10820","page","type-page","status-publish","hentry","entry"],"acf":[],"yoast_head":"<!-- This site is optimized with the Yoast SEO plugin v27.3 - https:\/\/yoast.com\/product\/yoast-seo-wordpress\/ -->\n<title>Thematic Agenda - The What<\/title>\n<meta name=\"robots\" content=\"index, follow, max-snippet:-1, max-image-preview:large, max-video-preview:-1\" \/>\n<link rel=\"canonical\" href=\"https:\/\/www.adapt.it\/hu\/incremental\/interactive-guide\/thematic-agenda\/\" \/>\n<meta property=\"og:locale\" content=\"hu_HU\" \/>\n<meta property=\"og:type\" content=\"article\" \/>\n<meta property=\"og:title\" content=\"Thematic Agenda - The What\" \/>\n<meta property=\"og:description\" content=\"Thematic Agenda Core negotiation nodes to address digitalization, change, and the future of work with a solution-oriented mindset. 1 Work Organisation Focus: The design of work, the legal framework of rights, and the psychosocial environment. Content Addressing excessive workload, intense stress, and the blurring of work-life boundaries. Psychosocial &#038; Legal Focus Explicitly addresses violence, harassment, [&hellip;]\" \/>\n<meta property=\"og:url\" content=\"https:\/\/www.adapt.it\/hu\/incremental\/interactive-guide\/thematic-agenda\/\" \/>\n<meta property=\"og:site_name\" content=\"Adapt.it\" \/>\n<meta property=\"article:publisher\" content=\"https:\/\/www.facebook.com\/adaptland\/\" \/>\n<meta property=\"article:modified_time\" content=\"2026-03-13T16:31:25+00:00\" \/>\n<meta name=\"twitter:card\" content=\"summary_large_image\" \/>\n<meta name=\"twitter:site\" content=\"@adaptland\" \/>\n<meta name=\"twitter:label1\" content=\"Becs\u00fclt olvas\u00e1si id\u0151\" \/>\n\t<meta name=\"twitter:data1\" content=\"4 perc\" \/>\n<script type=\"application\/ld+json\" class=\"yoast-schema-graph\">{\"@context\":\"https:\\\/\\\/schema.org\",\"@graph\":[{\"@type\":\"WebPage\",\"@id\":\"https:\\\/\\\/www.adapt.it\\\/incremental\\\/interactive-guide\\\/thematic-agenda\\\/\",\"url\":\"https:\\\/\\\/www.adapt.it\\\/incremental\\\/interactive-guide\\\/thematic-agenda\\\/\",\"name\":\"Thematic Agenda - The What\",\"isPartOf\":{\"@id\":\"https:\\\/\\\/www.adapt.it\\\/#website\"},\"datePublished\":\"2026-02-18T12:36:48+00:00\",\"dateModified\":\"2026-03-13T16:31:25+00:00\",\"breadcrumb\":{\"@id\":\"https:\\\/\\\/www.adapt.it\\\/incremental\\\/interactive-guide\\\/thematic-agenda\\\/#breadcrumb\"},\"inLanguage\":\"hu\",\"potentialAction\":[{\"@type\":\"ReadAction\",\"target\":[\"https:\\\/\\\/www.adapt.it\\\/incremental\\\/interactive-guide\\\/thematic-agenda\\\/\"]}]},{\"@type\":\"BreadcrumbList\",\"@id\":\"https:\\\/\\\/www.adapt.it\\\/incremental\\\/interactive-guide\\\/thematic-agenda\\\/#breadcrumb\",\"itemListElement\":[{\"@type\":\"ListItem\",\"position\":1,\"name\":\"Home\",\"item\":\"https:\\\/\\\/www.adapt.it\\\/\"},{\"@type\":\"ListItem\",\"position\":2,\"name\":\"Incremental\",\"item\":\"https:\\\/\\\/www.adapt.it\\\/incremental\\\/\"},{\"@type\":\"ListItem\",\"position\":3,\"name\":\"The Increme(n)tal Interactive Guide\",\"item\":\"https:\\\/\\\/www.adapt.it\\\/incremental\\\/interactive-guide\\\/\"},{\"@type\":\"ListItem\",\"position\":4,\"name\":\"Thematic Agenda &#8211; The What\"}]},{\"@type\":\"WebSite\",\"@id\":\"https:\\\/\\\/www.adapt.it\\\/#website\",\"url\":\"https:\\\/\\\/www.adapt.it\\\/\",\"name\":\"adapt.it\",\"description\":\"Building the Future of Work Together\",\"publisher\":{\"@id\":\"https:\\\/\\\/www.adapt.it\\\/#organization\"},\"potentialAction\":[{\"@type\":\"SearchAction\",\"target\":{\"@type\":\"EntryPoint\",\"urlTemplate\":\"https:\\\/\\\/www.adapt.it\\\/?s={search_term_string}\"},\"query-input\":{\"@type\":\"PropertyValueSpecification\",\"valueRequired\":true,\"valueName\":\"search_term_string\"}}],\"inLanguage\":\"hu\"},{\"@type\":\"Organization\",\"@id\":\"https:\\\/\\\/www.adapt.it\\\/#organization\",\"name\":\"ADAPT\",\"url\":\"https:\\\/\\\/www.adapt.it\\\/\",\"logo\":{\"@type\":\"ImageObject\",\"inLanguage\":\"hu\",\"@id\":\"https:\\\/\\\/www.adapt.it\\\/#\\\/schema\\\/logo\\\/image\\\/\",\"url\":\"https:\\\/\\\/www.adapt.it\\\/wp-content\\\/uploads\\\/2026\\\/01\\\/ADAPT.jpg\",\"contentUrl\":\"https:\\\/\\\/www.adapt.it\\\/wp-content\\\/uploads\\\/2026\\\/01\\\/ADAPT.jpg\",\"width\":2378,\"height\":744,\"caption\":\"ADAPT\"},\"image\":{\"@id\":\"https:\\\/\\\/www.adapt.it\\\/#\\\/schema\\\/logo\\\/image\\\/\"},\"sameAs\":[\"https:\\\/\\\/www.facebook.com\\\/adaptland\\\/\",\"https:\\\/\\\/x.com\\\/adaptland\",\"https:\\\/\\\/www.instagram.com\\\/adaptland\\\/\",\"https:\\\/\\\/www.linkedin.com\\\/company\\\/adapt---centro-studi-marco-biagi\\\/\",\"https:\\\/\\\/www.youtube.com\\\/@adaptchannel\"]}]}<\/script>\n<!-- \/ Yoast SEO plugin. -->","yoast_head_json":{"title":"Thematic Agenda - The What","robots":{"index":"index","follow":"follow","max-snippet":"max-snippet:-1","max-image-preview":"max-image-preview:large","max-video-preview":"max-video-preview:-1"},"canonical":"https:\/\/www.adapt.it\/hu\/incremental\/interactive-guide\/thematic-agenda\/","og_locale":"hu_HU","og_type":"article","og_title":"Thematic Agenda - The What","og_description":"Thematic Agenda Core negotiation nodes to address digitalization, change, and the future of work with a solution-oriented mindset. 1 Work Organisation Focus: The design of work, the legal framework of rights, and the psychosocial environment. Content Addressing excessive workload, intense stress, and the blurring of work-life boundaries. Psychosocial &#038; Legal Focus Explicitly addresses violence, harassment, [&hellip;]","og_url":"https:\/\/www.adapt.it\/hu\/incremental\/interactive-guide\/thematic-agenda\/","og_site_name":"Adapt.it","article_publisher":"https:\/\/www.facebook.com\/adaptland\/","article_modified_time":"2026-03-13T16:31:25+00:00","twitter_card":"summary_large_image","twitter_site":"@adaptland","twitter_misc":{"Becs\u00fclt olvas\u00e1si id\u0151":"4 perc"},"schema":{"@context":"https:\/\/schema.org","@graph":[{"@type":"WebPage","@id":"https:\/\/www.adapt.it\/incremental\/interactive-guide\/thematic-agenda\/","url":"https:\/\/www.adapt.it\/incremental\/interactive-guide\/thematic-agenda\/","name":"Thematic Agenda - The What","isPartOf":{"@id":"https:\/\/www.adapt.it\/#website"},"datePublished":"2026-02-18T12:36:48+00:00","dateModified":"2026-03-13T16:31:25+00:00","breadcrumb":{"@id":"https:\/\/www.adapt.it\/incremental\/interactive-guide\/thematic-agenda\/#breadcrumb"},"inLanguage":"hu","potentialAction":[{"@type":"ReadAction","target":["https:\/\/www.adapt.it\/incremental\/interactive-guide\/thematic-agenda\/"]}]},{"@type":"BreadcrumbList","@id":"https:\/\/www.adapt.it\/incremental\/interactive-guide\/thematic-agenda\/#breadcrumb","itemListElement":[{"@type":"ListItem","position":1,"name":"Home","item":"https:\/\/www.adapt.it\/"},{"@type":"ListItem","position":2,"name":"Incremental","item":"https:\/\/www.adapt.it\/incremental\/"},{"@type":"ListItem","position":3,"name":"The Increme(n)tal Interactive Guide","item":"https:\/\/www.adapt.it\/incremental\/interactive-guide\/"},{"@type":"ListItem","position":4,"name":"Thematic Agenda &#8211; The What"}]},{"@type":"WebSite","@id":"https:\/\/www.adapt.it\/#website","url":"https:\/\/www.adapt.it\/","name":"adapt.it","description":"Building the Future of Work Together","publisher":{"@id":"https:\/\/www.adapt.it\/#organization"},"potentialAction":[{"@type":"SearchAction","target":{"@type":"EntryPoint","urlTemplate":"https:\/\/www.adapt.it\/?s={search_term_string}"},"query-input":{"@type":"PropertyValueSpecification","valueRequired":true,"valueName":"search_term_string"}}],"inLanguage":"hu"},{"@type":"Organization","@id":"https:\/\/www.adapt.it\/#organization","name":"ADAPT","url":"https:\/\/www.adapt.it\/","logo":{"@type":"ImageObject","inLanguage":"hu","@id":"https:\/\/www.adapt.it\/#\/schema\/logo\/image\/","url":"https:\/\/www.adapt.it\/wp-content\/uploads\/2026\/01\/ADAPT.jpg","contentUrl":"https:\/\/www.adapt.it\/wp-content\/uploads\/2026\/01\/ADAPT.jpg","width":2378,"height":744,"caption":"ADAPT"},"image":{"@id":"https:\/\/www.adapt.it\/#\/schema\/logo\/image\/"},"sameAs":["https:\/\/www.facebook.com\/adaptland\/","https:\/\/x.com\/adaptland","https:\/\/www.instagram.com\/adaptland\/","https:\/\/www.linkedin.com\/company\/adapt---centro-studi-marco-biagi\/","https:\/\/www.youtube.com\/@adaptchannel"]}]}},"_links":{"self":[{"href":"https:\/\/www.adapt.it\/hu\/wp-json\/wp\/v2\/pages\/10820","targetHints":{"allow":["GET"]}}],"collection":[{"href":"https:\/\/www.adapt.it\/hu\/wp-json\/wp\/v2\/pages"}],"about":[{"href":"https:\/\/www.adapt.it\/hu\/wp-json\/wp\/v2\/types\/page"}],"author":[{"embeddable":true,"href":"https:\/\/www.adapt.it\/hu\/wp-json\/wp\/v2\/users\/7"}],"replies":[{"embeddable":true,"href":"https:\/\/www.adapt.it\/hu\/wp-json\/wp\/v2\/comments?post=10820"}],"version-history":[{"count":17,"href":"https:\/\/www.adapt.it\/hu\/wp-json\/wp\/v2\/pages\/10820\/revisions"}],"predecessor-version":[{"id":11089,"href":"https:\/\/www.adapt.it\/hu\/wp-json\/wp\/v2\/pages\/10820\/revisions\/11089"}],"up":[{"embeddable":true,"href":"https:\/\/www.adapt.it\/hu\/wp-json\/wp\/v2\/pages\/10814"}],"wp:attachment":[{"href":"https:\/\/www.adapt.it\/hu\/wp-json\/wp\/v2\/media?parent=10820"}],"curies":[{"name":"wp","href":"https:\/\/api.w.org\/{rel}","templated":true}]}}