{"id":10820,"date":"2026-02-18T12:36:48","date_gmt":"2026-02-18T12:36:48","guid":{"rendered":"https:\/\/www.adapt.it\/?page_id=10820"},"modified":"2026-03-13T16:31:25","modified_gmt":"2026-03-13T16:31:25","slug":"thematic-agenda","status":"publish","type":"page","link":"https:\/\/www.adapt.it\/hr\/incremental\/interactive-guide\/thematic-agenda\/","title":{"rendered":"Thematic Agenda &#8211; The What"},"content":{"rendered":"<div class=\"process-header\">\n<h2 style=\"font-size: 42px; font-weight: 800;\">Tematski dnevni red<\/h2>\n<p style=\"font-size: 22px; max-width: 900px; margin: 0 auto 50px auto; color: #475569;\">Klju\u010dni pregovara\u010dki \u010dvorovi za rje\u0161avanje digitalizacije, promjena i budu\u0107nosti rada s pristupom usmjerenim na rje\u0161enja.<\/p>\n<\/div>\n<div class=\"node-container\">\n<div class=\"node-header\">\n<div class=\"node-number\">1<\/div>\n<h2>Organizacija rada<\/h2>\n<\/p><\/div>\n<div style=\"margin-bottom: 25px; line-height: 1.6;\" class=\" translation-block\"><strong>Fokus:<\/strong> Dizajn rada, pravni okvir prava i psihosocijalno okru\u017eenje.<\/div>\n<div class=\"theme-grid\">\n<div class=\"theme-box\">\n<h4>Sadr\u017eaj<\/h4>\n<p>            Rje\u0161avanje prekomjernog radnog optere\u0107enja, intenzivnog stresa i brisanja granica izme\u0111u poslovnog i privatnog \u017eivota.\n        <\/p><\/div>\n<div class=\"theme-box\">\n<h4>Psihosocijalni i pravni fokus<\/h4>\n<p class=\" translation-block\">Izri\u010dito se bavi nasiljem, uznemiravanjem i <strong>\u201epravom na isklju\u010denje\u201d<\/strong> (pravo na nedostupnost, pravo na isklju\u010divanje ure\u0111aja). Uklju\u010duje nove propise o ranom prepoznavanju psihosocijalnih rizika.<\/div>\n<div class=\"theme-box\" style=\"background-color: #f1f5f9;\">\n<h4>Kontekst<\/h4>\n<p class=\" translation-block\">Psihosocijalni rizici ne nastaju u vakuumu; oblikuju ih \u0161iri socioekonomski uvjeti. Oslanjaju\u0107i se na specifi\u010dne nalaze iz <strong>Turske i Italije<\/strong>, ovaj odjeljak ilustrira kako pritisci na makrorazini izravno pogor\u0161avaju stres radnika.<\/div>\n<\/p><\/div>\n<div class=\"tool-card-agenda\">\n<div class=\"tool-icon-box\"><span><\/span><\/div>\n<div class=\"tool-info\">\n<h3>Klauzula o pravu na isklju\u010denje i suzbijanju uznemiravanja<\/h3>\n<p>Pro\u010ditajte karticu s alatima: Nacrt za\u0161titnih mjera za radnike i protokola za pregovore<\/p>\n<p>            <a class=\"btn-tool\" href=\"https:\/\/www.adapt.it\/wp-content\/uploads\/2026\/03\/Tool-Card.docx\">Download Tool Card (.docx)<\/a>\n        <\/div>\n<\/p><\/div>\n<\/div>\n<div class=\"node-container\">\n<div class=\"node-header\">\n<div class=\"node-number\">2<\/div>\n<h2>Upravljanje promjenama (unutarnji i vanjski \u010dimbenici)<\/h2>\n<\/p><\/div>\n<p style=\"margin-bottom: 25px; line-height: 1.6;\" class=\" translation-block\"><strong>Fokus:<\/strong> Upravljanje transformacijama vo\u0111enim tehnologijom ili regulacijom.<\/p>\n<div class=\"theme-grid\">\n<div class=\"theme-box\" style=\"border-left-color: #1e293b;\">\n<h4>Unutarnji \u010dimbenici (digitalizacija i strategija)<\/h4>\n<p class=\" translation-block\">Fokusira se na poslovnu strategiju i tehnolo\u0161ku implementaciju. Obuhva\u0107a <strong>nadzor putem umjetne inteligencije<\/strong>, mjerenje u\u010dinka te pitanja privatnosti\/GDPR-a.<br>\n<br><strong>Psihosocijalni kut:<\/strong> \u201eTehnostres\u201d i pritisak stalnog nadzora.<\/div>\n<div class=\"theme-box\" style=\"border-left-color: #3b82f6;\">\n<h4>Vanjski \u010dimbenici (zelena tranzicija i regulacija):<\/h4>\n<p class=\" translation-block\">Ovaj se pododjeljak fokusira na transformacije propisane novim zakonodavstvom, tarifama ili Zelenom tranzicijom. Izri\u010dito priznaje da \u0161iri socio-ekonomski uvjeti temeljno oblikuju na\u010din na koji poslodavci organiziraju rad: recesije ili gospodarski padovi \u010desto dovode do smanjenja broja zaposlenih, intenziviranja rada i pove\u0107ane nesigurnosti posla, dok razdoblja brzog rasta \u010desto rezultiraju nedostatkom vje\u0161tina, pritiscima zbog prekovremenog rada i po\u017eurivanjem proizvodnih ciljeva.<br>\n<br><strong>Obrazlo\u017eenje:<\/strong> Iako zelena tehnologija prvotno nije bila primarni fokus obuke, ovdje je uklju\u010dena kao klju\u010dni vanjski regulatorni pokreta\u010d \u2013 primjer \u010dega je Europski zeleni plan \u2013 koji izravno utje\u010de na sigurnost posla. Nadalje, rasprave s sudionicima obuke i istra\u017eivanje njihovih specifi\u010dnih organizacijskih konteksta omogu\u0107ili su nam da uo\u010dimo kako je ovo pitanje dodatni psihosocijalni rizik u nastajanju na radnom mjestu te je, kao takvo, tema vrijedna posebne pozornosti u sesijama obuke.<br>\n<br><strong>Psihosocijalni kut:<\/strong> Ova komponenta bavi se \u201eeko-anksiozno\u0161\u0107u\u201d i nesigurno\u0161\u0107u posla. Prepoznaju\u0107i da je \u201eeko-anksioznost\u201d termin koji mnogim radnicima i sindikalnim predstavnicima mo\u017ee zahtijevati poja\u0161njenje, ovdje se definira kao utjecaj na mentalno zdravlje koji nastaje kao posljedica klimatskih promjena, npr. strah i uznemirenost zbog budu\u0107ih ekolo\u0161kih \u0161teta i posljedica, te neizvjesnost oko stanja okoli\u0161a; promjena ili pogor\u0161anje \u017eivotnih uvjeta zbog klimatskih doga\u0111aja, prilagodbe nakon katastrofa i reakcije na nejednakosti; ekstremni vremenski doga\u0111aji ili promjena i degradacija prirodnog okoli\u0161a (npr. promjene temperature, su\u0161a, oborine) (<a href=\"https:\/\/osha.europa.eu\/sites\/default\/files\/documents\/Eco-anxiety-OSH-emerging-risks_EN.pdf\" target=\"_self\">EU-OSHA, 2025<\/a>), uz kroni\u010dnu uznemirenost i neizvjesnost glede profesionalne budu\u0107nosti uzrokovanu brzim ekolo\u0161kim i regulatornim promjenama.<\/div>\n<\/p><\/div>\n<div style=\"display: flex; gap: 20px; flex-wrap: wrap;\">\n<div class=\"tool-card-agenda\" style=\"flex: 1; min-width: 300px;\">\n<div class=\"tool-icon-box\"><span><\/span><\/div>\n<div class=\"tool-info\">\n<h3>Procjena utjecaja algoritama<\/h3>\n<p>Kontrolni popis za pra\u0107enje rizika transparentnosti, privatnosti i tehnostresa.<\/p>\n<p>            <button class=\"btn-tool\" onclick=\"openModal('algorithmic')\" type=\"button\">Open Tool A<\/button>\n        <\/div>\n<\/p><\/div>\n<div class=\"tool-card-agenda\" style=\"flex: 1; min-width: 300px; background: #3b82f6;\">\n<div class=\"tool-icon-box\" style=\"background: #1e293b;\"><span><\/span><\/div>\n<div class=\"tool-info\">\n<h3>Kontrolni popis za pravednu tranziciju<\/h3>\n<p>Spremnost za reviziju u slu\u010daju vanjskih regulatornih \u0161okova i jamstva sigurnosti posla.<\/p>\n<p>            <button class=\"btn-tool\" onclick=\"openModal('green')\" style=\"background: #1e293b;\" type=\"button\">Open Tool B<\/button>\n        <\/div>\n<\/p><\/div>\n<\/div>\n<\/div>\n<div class=\"node-container\">\n<div class=\"node-header\">\n<div class=\"node-number\">3<\/div>\n<h2>Obuka i razvoj karijere<\/h2>\n<\/p><\/div>\n<div style=\"margin-bottom: 25px; line-height: 1.6;\" class=\" translation-block\"><strong>Fokus:<\/strong> Usavr\u0161avanje radne snage, stjecanje vje\u0161tina i sprje\u010davanje profesionalne zastarjelosti.<\/div>\n<div class=\"theme-grid\">\n<div class=\"theme-box\">\n<h4>Sadr\u017eaj<\/h4>\n<p class=\" translation-block\">\u041f\u0440\u0435\u043c\u0435\u0441\u0442\u0432\u0430 \u043e\u0431\u0443\u0447\u0435\u043d\u0438\u0435\u0442\u043e \u043e\u0442 \u0434\u043e\u0431\u0440\u043e\u0432\u043e\u043b\u043d\u0430 \u201e\u043f\u0440\u0438\u0434\u043e\u0431\u0438\u0432\u043a\u0430\u201c \u043a\u044a\u043c <strong>\u0437\u0430\u0434\u044a\u043b\u0436\u0438\u0442\u0435\u043b\u043d\u043e \u0434\u043e\u0433\u043e\u0432\u043e\u0440\u043d\u043e \u043f\u0440\u0430\u0432\u043e<\/strong>. \u0422\u043e \u0443\u0441\u0442\u0430\u043d\u043e\u0432\u044f\u0432\u0430, \u0447\u0435 \u0446\u044f\u043b\u043e\u0442\u043e \u043e\u0431\u0443\u0447\u0435\u043d\u0438\u0435 \u0442\u0440\u044f\u0431\u0432\u0430 \u0434\u0430 \u0431\u044a\u0434\u0435 \u043d\u0430\u043f\u044a\u043b\u043d\u043e \u043f\u043b\u0430\u0442\u0435\u043d\u043e, \u0434\u0430 \u0441\u0435 \u043f\u0440\u043e\u0432\u0435\u0436\u0434\u0430 \u0432 \u0440\u0430\u0431\u043e\u0442\u043d\u043e \u0432\u0440\u0435\u043c\u0435 \u0438 \u2014 \u043a\u043e\u0435\u0442\u043e \u0435 \u043e\u0442 \u0440\u0435\u0448\u0430\u0432\u0430\u0449\u043e \u0437\u043d\u0430\u0447\u0435\u043d\u0438\u0435 \u2014 \u0434\u0430 \u0431\u044a\u0434\u0435 \u0441\u0432\u044a\u0440\u0437\u0430\u043d\u043e \u0441 \u0430\u0432\u0442\u043e\u043c\u0430\u0442\u0438\u0447\u043d\u0430 <strong>\u043a\u043b\u0430\u0441\u0438\u0444\u0438\u043a\u0430\u0446\u0438\u044f \u0438 \u043f\u043e\u0432\u0438\u0448\u0430\u0432\u0430\u043d\u0435 \u043d\u0430 \u0437\u0430\u043f\u043b\u0430\u0449\u0430\u043d\u0435\u0442\u043e<\/strong> \u0441\u043b\u0435\u0434 \u0441\u0435\u0440\u0442\u0438\u0444\u0438\u0446\u0438\u0440\u0430\u043d\u0435.<\/div>\n<div class=\"theme-box\">\n<h4>Psihosocijalni kut<\/h4>\n<p class=\" translation-block\">Izravno se bori protiv <strong>\u201estraha od zastarjelosti\u201d<\/strong> i osje\u0107aja nesposob\u043d\u043e\u0441\u0442\u0438 uzrokovanih brzom digitalizacijom. Jam\u010denjem budu\u0107eg puta u karijeri, smanjuje tjeskobu i vra\u0107a profesionalno samopouzdanje.<\/div>\n<div class=\"theme-box\">\n<h4>Operativni cilj:<\/h4>\n<p class=\" translation-block\">Koristi <strong>Training Clause Builder<\/strong> za zajedni\u010dko definiranje nedostataka u vje\u0161tinama i osiguravanje financiranja, osiguravaju\u0107i da industrijske tranzicije dovedu do unutarnje mobilnosti i kvalitetnijih radnih mjesta, a ne do otpu\u0161tanja.<\/div>\n<\/p><\/div>\n<div class=\"tool-card-agenda\" style=\"background: #27ae60;\">\n<div class=\"tool-icon-box\" style=\"background: #1e293b;\"><span><\/span><\/div>\n<div class=\"tool-info\">\n<h3>Alat za izradu klauzula o osposobljavanju<\/h3>\n<p>Definirajte nedostatke u vje\u0161tinama i izradite prilago\u0111enu pravnu klauzulu za svoj lokalni sporazum.<\/p>\n<p>        <button class=\"btn-tool\" onclick=\"openModal('training')\" style=\"background: #1e293b;\" type=\"button\">Generiraj klauzulu<\/button>\n    <\/div>\n<\/div>\n<\/div>\n<div class=\"guide-navigation translation-block\"><a class=\"nav-link prev\" href=\"https:\/\/www.adapt.it\/incremental\/interactive-guide\/the-process-how\/\" target=\"_self\"><br>\r\n        <span class=\"nav-label\">Back<\/span><br>\r\n        <span class=\"nav-title\">\u2190 The Process<\/span><br>\r\n    <\/a><br>\r\n    <a class=\"nav-link next\" href=\"https:\/\/www.adapt.it\/incremental\/interactive-guide\/practical-examples\/\" target=\"_self\"><br>\r\n        <span class=\"nav-label\">Next Step<\/span><br>\r\n        <span class=\"nav-title\">Evidence Library \u2192<\/span><br>\r\n    <\/a><\/div>","protected":false},"excerpt":{"rendered":"<p>Thematic Agenda Core negotiation nodes to address digitalization, change, and the future of work with a solution-oriented mindset. 1 Work Organisation Focus: The design of work, the legal framework of rights, and the psychosocial environment. Content Addressing excessive workload, intense stress, and the blurring of work-life boundaries. Psychosocial &#038; Legal Focus Explicitly addresses violence, harassment, [&hellip;]<\/p>\n","protected":false},"author":7,"featured_media":0,"parent":10814,"menu_order":0,"comment_status":"closed","ping_status":"closed","template":"page-incremental-guide.php","meta":{"_acf_changed":false,"ocean_post_layout":"","ocean_both_sidebars_style":"","ocean_both_sidebars_content_width":0,"ocean_both_sidebars_sidebars_width":0,"ocean_sidebar":"0","ocean_second_sidebar":"0","ocean_disable_margins":"enable","ocean_add_body_class":"","ocean_shortcode_before_top_bar":"","ocean_shortcode_after_top_bar":"","ocean_shortcode_before_header":"","ocean_shortcode_after_header":"","ocean_has_shortcode":"","ocean_shortcode_after_title":"","ocean_shortcode_before_footer_widgets":"","ocean_shortcode_after_footer_widgets":"","ocean_shortcode_before_footer_bottom":"","ocean_shortcode_after_footer_bottom":"","ocean_display_top_bar":"default","ocean_display_header":"default","ocean_header_style":"","ocean_center_header_left_menu":"0","ocean_custom_header_template":"0","ocean_custom_logo":0,"ocean_custom_retina_logo":0,"ocean_custom_logo_max_width":0,"ocean_custom_logo_tablet_max_width":0,"ocean_custom_logo_mobile_max_width":0,"ocean_custom_logo_max_height":0,"ocean_custom_logo_tablet_max_height":0,"ocean_custom_logo_mobile_max_height":0,"ocean_header_custom_menu":"0","ocean_menu_typo_font_family":"0","ocean_menu_typo_font_subset":"","ocean_menu_typo_font_size":0,"ocean_menu_typo_font_size_tablet":0,"ocean_menu_typo_font_size_mobile":0,"ocean_menu_typo_font_size_unit":"px","ocean_menu_typo_font_weight":"","ocean_menu_typo_font_weight_tablet":"","ocean_menu_typo_font_weight_mobile":"","ocean_menu_typo_transform":"","ocean_menu_typo_transform_tablet":"","ocean_menu_typo_transform_mobile":"","ocean_menu_typo_line_height":0,"ocean_menu_typo_line_height_tablet":0,"ocean_menu_typo_line_height_mobile":0,"ocean_menu_typo_line_height_unit":"","ocean_menu_typo_spacing":0,"ocean_menu_typo_spacing_tablet":0,"ocean_menu_typo_spacing_mobile":0,"ocean_menu_typo_spacing_unit":"","ocean_menu_link_color":"","ocean_menu_link_color_hover":"","ocean_menu_link_color_active":"","ocean_menu_link_background":"","ocean_menu_link_hover_background":"","ocean_menu_link_active_background":"","ocean_menu_social_links_bg":"","ocean_menu_social_hover_links_bg":"","ocean_menu_social_links_color":"","ocean_menu_social_hover_links_color":"","ocean_disable_title":"default","ocean_disable_heading":"default","ocean_post_title":"","ocean_post_subheading":"","ocean_post_title_style":"","ocean_post_title_background_color":"","ocean_post_title_background":0,"ocean_post_title_bg_image_position":"","ocean_post_title_bg_image_attachment":"","ocean_post_title_bg_image_repeat":"","ocean_post_title_bg_image_size":"","ocean_post_title_height":0,"ocean_post_title_bg_overlay":0.5,"ocean_post_title_bg_overlay_color":"","ocean_disable_breadcrumbs":"default","ocean_breadcrumbs_color":"","ocean_breadcrumbs_separator_color":"","ocean_breadcrumbs_links_color":"","ocean_breadcrumbs_links_hover_color":"","ocean_display_footer_widgets":"default","ocean_display_footer_bottom":"default","ocean_custom_footer_template":"0","footnotes":""},"class_list":["post-10820","page","type-page","status-publish","hentry","entry"],"acf":[],"yoast_head":"<!-- This site is optimized with the Yoast SEO plugin v27.3 - https:\/\/yoast.com\/product\/yoast-seo-wordpress\/ -->\n<title>Thematic Agenda - The What<\/title>\n<meta name=\"robots\" content=\"index, follow, max-snippet:-1, max-image-preview:large, max-video-preview:-1\" \/>\n<link rel=\"canonical\" href=\"https:\/\/www.adapt.it\/hr\/incremental\/interactive-guide\/thematic-agenda\/\" \/>\n<meta property=\"og:locale\" content=\"hr_HR\" \/>\n<meta property=\"og:type\" content=\"article\" \/>\n<meta property=\"og:title\" content=\"Thematic Agenda - The What\" \/>\n<meta property=\"og:description\" content=\"Thematic Agenda Core negotiation nodes to address digitalization, change, and the future of work with a solution-oriented mindset. 1 Work Organisation Focus: The design of work, the legal framework of rights, and the psychosocial environment. Content Addressing excessive workload, intense stress, and the blurring of work-life boundaries. Psychosocial &#038; Legal Focus Explicitly addresses violence, harassment, [&hellip;]\" \/>\n<meta property=\"og:url\" content=\"https:\/\/www.adapt.it\/hr\/incremental\/interactive-guide\/thematic-agenda\/\" \/>\n<meta property=\"og:site_name\" content=\"Adapt.it\" \/>\n<meta property=\"article:publisher\" content=\"https:\/\/www.facebook.com\/adaptland\/\" \/>\n<meta property=\"article:modified_time\" content=\"2026-03-13T16:31:25+00:00\" \/>\n<meta name=\"twitter:card\" content=\"summary_large_image\" \/>\n<meta name=\"twitter:site\" content=\"@adaptland\" \/>\n<meta name=\"twitter:label1\" content=\"Procijenjeno vrijeme \u010ditanja\" \/>\n\t<meta name=\"twitter:data1\" content=\"4 minute\" \/>\n<script type=\"application\/ld+json\" class=\"yoast-schema-graph\">{\"@context\":\"https:\\\/\\\/schema.org\",\"@graph\":[{\"@type\":\"WebPage\",\"@id\":\"https:\\\/\\\/www.adapt.it\\\/incremental\\\/interactive-guide\\\/thematic-agenda\\\/\",\"url\":\"https:\\\/\\\/www.adapt.it\\\/incremental\\\/interactive-guide\\\/thematic-agenda\\\/\",\"name\":\"Thematic Agenda - The What\",\"isPartOf\":{\"@id\":\"https:\\\/\\\/www.adapt.it\\\/#website\"},\"datePublished\":\"2026-02-18T12:36:48+00:00\",\"dateModified\":\"2026-03-13T16:31:25+00:00\",\"breadcrumb\":{\"@id\":\"https:\\\/\\\/www.adapt.it\\\/incremental\\\/interactive-guide\\\/thematic-agenda\\\/#breadcrumb\"},\"inLanguage\":\"hr\",\"potentialAction\":[{\"@type\":\"ReadAction\",\"target\":[\"https:\\\/\\\/www.adapt.it\\\/incremental\\\/interactive-guide\\\/thematic-agenda\\\/\"]}]},{\"@type\":\"BreadcrumbList\",\"@id\":\"https:\\\/\\\/www.adapt.it\\\/incremental\\\/interactive-guide\\\/thematic-agenda\\\/#breadcrumb\",\"itemListElement\":[{\"@type\":\"ListItem\",\"position\":1,\"name\":\"Home\",\"item\":\"https:\\\/\\\/www.adapt.it\\\/\"},{\"@type\":\"ListItem\",\"position\":2,\"name\":\"Incremental\",\"item\":\"https:\\\/\\\/www.adapt.it\\\/incremental\\\/\"},{\"@type\":\"ListItem\",\"position\":3,\"name\":\"The Increme(n)tal Interactive Guide\",\"item\":\"https:\\\/\\\/www.adapt.it\\\/incremental\\\/interactive-guide\\\/\"},{\"@type\":\"ListItem\",\"position\":4,\"name\":\"Thematic Agenda &#8211; The What\"}]},{\"@type\":\"WebSite\",\"@id\":\"https:\\\/\\\/www.adapt.it\\\/#website\",\"url\":\"https:\\\/\\\/www.adapt.it\\\/\",\"name\":\"adapt.it\",\"description\":\"Building the Future of Work Together\",\"publisher\":{\"@id\":\"https:\\\/\\\/www.adapt.it\\\/#organization\"},\"potentialAction\":[{\"@type\":\"SearchAction\",\"target\":{\"@type\":\"EntryPoint\",\"urlTemplate\":\"https:\\\/\\\/www.adapt.it\\\/?s={search_term_string}\"},\"query-input\":{\"@type\":\"PropertyValueSpecification\",\"valueRequired\":true,\"valueName\":\"search_term_string\"}}],\"inLanguage\":\"hr\"},{\"@type\":\"Organization\",\"@id\":\"https:\\\/\\\/www.adapt.it\\\/#organization\",\"name\":\"ADAPT\",\"url\":\"https:\\\/\\\/www.adapt.it\\\/\",\"logo\":{\"@type\":\"ImageObject\",\"inLanguage\":\"hr\",\"@id\":\"https:\\\/\\\/www.adapt.it\\\/#\\\/schema\\\/logo\\\/image\\\/\",\"url\":\"https:\\\/\\\/www.adapt.it\\\/wp-content\\\/uploads\\\/2026\\\/01\\\/ADAPT.jpg\",\"contentUrl\":\"https:\\\/\\\/www.adapt.it\\\/wp-content\\\/uploads\\\/2026\\\/01\\\/ADAPT.jpg\",\"width\":2378,\"height\":744,\"caption\":\"ADAPT\"},\"image\":{\"@id\":\"https:\\\/\\\/www.adapt.it\\\/#\\\/schema\\\/logo\\\/image\\\/\"},\"sameAs\":[\"https:\\\/\\\/www.facebook.com\\\/adaptland\\\/\",\"https:\\\/\\\/x.com\\\/adaptland\",\"https:\\\/\\\/www.instagram.com\\\/adaptland\\\/\",\"https:\\\/\\\/www.linkedin.com\\\/company\\\/adapt---centro-studi-marco-biagi\\\/\",\"https:\\\/\\\/www.youtube.com\\\/@adaptchannel\"]}]}<\/script>\n<!-- \/ Yoast SEO plugin. -->","yoast_head_json":{"title":"Thematic Agenda - The What","robots":{"index":"index","follow":"follow","max-snippet":"max-snippet:-1","max-image-preview":"max-image-preview:large","max-video-preview":"max-video-preview:-1"},"canonical":"https:\/\/www.adapt.it\/hr\/incremental\/interactive-guide\/thematic-agenda\/","og_locale":"hr_HR","og_type":"article","og_title":"Thematic Agenda - The What","og_description":"Thematic Agenda Core negotiation nodes to address digitalization, change, and the future of work with a solution-oriented mindset. 1 Work Organisation Focus: The design of work, the legal framework of rights, and the psychosocial environment. Content Addressing excessive workload, intense stress, and the blurring of work-life boundaries. Psychosocial &#038; Legal Focus Explicitly addresses violence, harassment, [&hellip;]","og_url":"https:\/\/www.adapt.it\/hr\/incremental\/interactive-guide\/thematic-agenda\/","og_site_name":"Adapt.it","article_publisher":"https:\/\/www.facebook.com\/adaptland\/","article_modified_time":"2026-03-13T16:31:25+00:00","twitter_card":"summary_large_image","twitter_site":"@adaptland","twitter_misc":{"Procijenjeno vrijeme \u010ditanja":"4 minute"},"schema":{"@context":"https:\/\/schema.org","@graph":[{"@type":"WebPage","@id":"https:\/\/www.adapt.it\/incremental\/interactive-guide\/thematic-agenda\/","url":"https:\/\/www.adapt.it\/incremental\/interactive-guide\/thematic-agenda\/","name":"Thematic Agenda - The What","isPartOf":{"@id":"https:\/\/www.adapt.it\/#website"},"datePublished":"2026-02-18T12:36:48+00:00","dateModified":"2026-03-13T16:31:25+00:00","breadcrumb":{"@id":"https:\/\/www.adapt.it\/incremental\/interactive-guide\/thematic-agenda\/#breadcrumb"},"inLanguage":"hr","potentialAction":[{"@type":"ReadAction","target":["https:\/\/www.adapt.it\/incremental\/interactive-guide\/thematic-agenda\/"]}]},{"@type":"BreadcrumbList","@id":"https:\/\/www.adapt.it\/incremental\/interactive-guide\/thematic-agenda\/#breadcrumb","itemListElement":[{"@type":"ListItem","position":1,"name":"Home","item":"https:\/\/www.adapt.it\/"},{"@type":"ListItem","position":2,"name":"Incremental","item":"https:\/\/www.adapt.it\/incremental\/"},{"@type":"ListItem","position":3,"name":"The Increme(n)tal Interactive Guide","item":"https:\/\/www.adapt.it\/incremental\/interactive-guide\/"},{"@type":"ListItem","position":4,"name":"Thematic Agenda &#8211; The What"}]},{"@type":"WebSite","@id":"https:\/\/www.adapt.it\/#website","url":"https:\/\/www.adapt.it\/","name":"adapt.it","description":"Building the Future of Work Together","publisher":{"@id":"https:\/\/www.adapt.it\/#organization"},"potentialAction":[{"@type":"SearchAction","target":{"@type":"EntryPoint","urlTemplate":"https:\/\/www.adapt.it\/?s={search_term_string}"},"query-input":{"@type":"PropertyValueSpecification","valueRequired":true,"valueName":"search_term_string"}}],"inLanguage":"hr"},{"@type":"Organization","@id":"https:\/\/www.adapt.it\/#organization","name":"ADAPT","url":"https:\/\/www.adapt.it\/","logo":{"@type":"ImageObject","inLanguage":"hr","@id":"https:\/\/www.adapt.it\/#\/schema\/logo\/image\/","url":"https:\/\/www.adapt.it\/wp-content\/uploads\/2026\/01\/ADAPT.jpg","contentUrl":"https:\/\/www.adapt.it\/wp-content\/uploads\/2026\/01\/ADAPT.jpg","width":2378,"height":744,"caption":"ADAPT"},"image":{"@id":"https:\/\/www.adapt.it\/#\/schema\/logo\/image\/"},"sameAs":["https:\/\/www.facebook.com\/adaptland\/","https:\/\/x.com\/adaptland","https:\/\/www.instagram.com\/adaptland\/","https:\/\/www.linkedin.com\/company\/adapt---centro-studi-marco-biagi\/","https:\/\/www.youtube.com\/@adaptchannel"]}]}},"_links":{"self":[{"href":"https:\/\/www.adapt.it\/hr\/wp-json\/wp\/v2\/pages\/10820","targetHints":{"allow":["GET"]}}],"collection":[{"href":"https:\/\/www.adapt.it\/hr\/wp-json\/wp\/v2\/pages"}],"about":[{"href":"https:\/\/www.adapt.it\/hr\/wp-json\/wp\/v2\/types\/page"}],"author":[{"embeddable":true,"href":"https:\/\/www.adapt.it\/hr\/wp-json\/wp\/v2\/users\/7"}],"replies":[{"embeddable":true,"href":"https:\/\/www.adapt.it\/hr\/wp-json\/wp\/v2\/comments?post=10820"}],"version-history":[{"count":17,"href":"https:\/\/www.adapt.it\/hr\/wp-json\/wp\/v2\/pages\/10820\/revisions"}],"predecessor-version":[{"id":11089,"href":"https:\/\/www.adapt.it\/hr\/wp-json\/wp\/v2\/pages\/10820\/revisions\/11089"}],"up":[{"embeddable":true,"href":"https:\/\/www.adapt.it\/hr\/wp-json\/wp\/v2\/pages\/10814"}],"wp:attachment":[{"href":"https:\/\/www.adapt.it\/hr\/wp-json\/wp\/v2\/media?parent=10820"}],"curies":[{"name":"wp","href":"https:\/\/api.w.org\/{rel}","templated":true}]}}