{"id":10822,"date":"2026-02-18T12:38:30","date_gmt":"2026-02-18T12:38:30","guid":{"rendered":"https:\/\/www.adapt.it\/?page_id=10822"},"modified":"2026-03-13T12:24:21","modified_gmt":"2026-03-13T12:24:21","slug":"practical-examples","status":"publish","type":"page","link":"https:\/\/www.adapt.it\/ga\/incremental\/interactive-guide\/practical-examples\/","title":{"rendered":"Practical Examples &#8211; The Evidence"},"content":{"rendered":"<div class=\"process-header\">\n<h2 style=\"font-size: 42px; font-weight: 800;\">Leabharlann Fianaise<\/h2>\n<p style=\"font-size: 21px; max-width: 900px; margin: 0 auto 40px auto; color: #475569;\">Nascann an rann\u00f3g seo tortha\u00ed an tionscadail le comhth\u00e9acsanna sonracha chun fianaise phraitici\u00fail a shol\u00e1thar d'\u00e9ilimh mharg\u00e1la. Anseo th\u00edos is f\u00e9idir leat sampla\u00ed praitici\u00fala agus cl\u00e1sail a fh\u00e1il chun cur i gcoinne ag\u00f3id\u00ed bainist\u00edochta. Bain \u00fas\u00e1id as na \"Point\u00ed Cruth\u00fanais\" seo (na c\u00e1sanna iarbh\u00edr) chun a thaispe\u00e1int go bhfuil d'\u00e9ilimh ina gcaighde\u00e1in cheana f\u00e9in in \u00e1iteanna eile.<\/p>\n<\/div>\n<div class=\"library-controls\">\n<div class=\"filter-group\">\n        <span style=\"font-weight: 800; display: block; margin-bottom: 8px; color: #94a3b8; text-transform: uppercase; font-size: 11px; letter-spacing: 1px;\">Topics<\/span><\/p>\n<div id=\"topic-filters\" class=\"library-filters\">\n            <button class=\"filter-btn active\" onclick=\"filterLibrary('topic', 'all')\">All Topics<\/button><br \/>\n            <button class=\"filter-btn\" onclick=\"filterLibrary('topic', 'work-org')\">Work Org.<\/button><br \/>\n            <button class=\"filter-btn\" onclick=\"filterLibrary('topic', 'change')\">Change<\/button><br \/>\n            <button class=\"filter-btn\" onclick=\"filterLibrary('topic', 'training')\">Training<\/button>\n        <\/div>\n<\/p><\/div>\n<div class=\"filter-group\">\n        <span style=\"font-weight: 800; display: block; margin-bottom: 8px; color: #94a3b8; text-transform: uppercase; font-size: 11px; letter-spacing: 1px;\">Countries<\/span><\/p>\n<div id=\"country-filters\" class=\"library-filters\">\n            <button class=\"filter-btn active\" onclick=\"filterLibrary('country', 'all')\">All Countries<\/button><br \/>\n            <button class=\"filter-btn\" onclick=\"filterLibrary('country', 'belgium')\">Belgium<\/button><br \/>\n            <button class=\"filter-btn\" onclick=\"filterLibrary('country', 'spain')\">Spain<\/button><br \/>\n            <button class=\"filter-btn\" onclick=\"filterLibrary('country', 'slovenia')\">Slovenia<\/button><br \/>\n            <button class=\"filter-btn\" onclick=\"filterLibrary('country', 'turkey')\">Turkey<\/button><br \/>\n            <button class=\"filter-btn\" onclick=\"filterLibrary('country', 'italy')\">Italy<\/button><br \/>\n            <button class=\"filter-btn\" onclick=\"filterLibrary('country', 'ireland')\">Ireland<\/button><br \/>\n            <button class=\"filter-btn\" onclick=\"filterLibrary('country', 'slovakia')\">Slovakia<\/button>\n        <\/div>\n<\/p><\/div>\n<\/div>\n<div class=\"evidence-grid\">\n<div class=\"case-card warning-case\" data-topic=\"change\" data-country=\"italy\">\n<div class=\"case-badge\">C\u00e1s Rabhaidh<\/div>\n<div class=\"case-country\">Italy<\/div>\n<h3>Stigma<\/h3>\n<p>An Iod\u00e1il, creideann 64% de na freagr\u00f3ir\u00ed go bhf\u00e9adfadh tionchar di\u00faltach a bheith ag nochtadh riocht sl\u00e1inte meabhrach ar a ngairmr\u00e9im, c\u00e9atad\u00e1n i bhfad n\u00edos airde n\u00e1 me\u00e1n an AE (50%). Cuireann s\u00e9 seo an Iod\u00e1il i measc na dt\u00edortha leis an stiogma is l\u00e1idre.<\/p>\n<div class=\"case-footer\">Theme: <strong>Bainisti\u00fa athraithe<\/strong><\/div>\n<p>        <a class=\"btn-tool\" href=\"https:\/\/www.adapt.it\/wp-content\/uploads\/2025\/04\/NH_Italy_ITA_V10425_DEF.pdf\" target=\"_blank\" style=\"font-size: 12px; padding: 8px 15px; margin-top: 10px;\">View National Highlights<\/a>\n    <\/div>\n<div class=\"case-card best-practice\" data-topic=\"change\" data-country=\"italy\">\n<div class=\"case-badge\">Dea-chleachtas<\/div>\n<div class=\"case-country\">Italy<\/div>\n<h3>Cist\u00ed c\u00faraim sl\u00e1inte forl\u00edontacha<\/h3>\n<p>Cuireann oibrithear miotail na hIod\u00e1ile (m.sh. Metasalute) seirbh\u00eds\u00ed ar f\u00e1il a bhaineann le meabhairshl\u00e1inte, amhail taca\u00edocht sh\u00edceola\u00edoch iar-bhreithe, rud a l\u00e9ir\u00edonn r\u00fan na gcomhph\u00e1irtithe s\u00f3isialta foll\u00e1ine oibrithe a chosaint i gc\u00e9ill leathan.<\/p>\n<div class=\"case-footer\">Theme: <strong>Bainisti\u00fa athraithe<\/strong><\/div>\n<p>        <a class=\"btn-tool\" href=\"https:\/\/www.adapt.it\/wp-content\/uploads\/2025\/04\/NH_Italy_ITA_V10425_DEF.pdf\" target=\"_blank\" style=\"font-size: 12px; padding: 8px 15px; margin-top: 10px;\">View National Highlights<\/a>\n    <\/div>\n<div class=\"case-card best-practice\" data-topic=\"work-org\" data-country=\"spain\">\n<div class=\"case-badge\">Dea-chleachtas<\/div>\n<div class=\"case-country\">Spain<\/div>\n<h3>Teorainneacha monat\u00f3ireachta agus faireachais<\/h3>\n<p>Riala\u00edonn an Dl\u00ed Org\u00e1nach 3\/2018 agus Reacht na nOibrithe \u00fas\u00e1id feist\u00ed leictreonacha gairmi\u00fala agus faireachas f\u00edse\u00e1in, rud a \u00e9il\u00edonn comhr\u00e9ireacht agus urraim don phr\u00edobh\u00e1ideachas chun an strus \u00f3n bhfaireachas a mhaol\u00fa.<\/p>\n<div class=\"case-footer\">Theme: <strong>Eagr\u00fa na hOibre<\/strong><\/div>\n<p>        <a class=\"btn-tool\" href=\"https:\/\/www.adapt.it\/wp-content\/uploads\/2025\/03\/NH_ES_def.pdf\" target=\"_blank\" style=\"font-size: 12px; padding: 8px 15px; margin-top: 10px;\">View National Highlights<\/a>\n    <\/div>\n<div class=\"case-card best-practice\" data-topic=\"work-org\" data-country=\"belgium\">\n<div class=\"case-badge\">Dea-chleachtas<\/div>\n<div class=\"case-country\">Belgium<\/div>\n<h3>An ceart chun d\u00ednascadh<\/h3>\n<p>Bunaithe ar an Acht um Fholl\u00e1ine Oibrithe (1996), n\u00ed m\u00f3r d\u2019fhost\u00f3ir\u00ed monat\u00f3ireacht a dh\u00e9anamh ar strus agus \u00e9 a chosc. Tugann idirphl\u00e9 s\u00f3isialta agus comhlachta\u00ed coiscthe aghaidh ar dh\u00ednascadh digiteach chun cabhr\u00fa le strus agus r\u00f3-ualach a chosc.<\/p>\n<div class=\"case-footer\">Theme: <strong>Eagr\u00fa na hOibre<\/strong><\/div>\n<p>        <a class=\"btn-tool\" href=\"https:\/\/www.adapt.it\/wp-content\/uploads\/2025\/03\/NH_BELGIUM_Dutch_final-1.pdf\" target=\"_blank\" style=\"font-size: 12px; padding: 8px 15px; margin-top: 10px;\">View National Highlights<\/a>\n    <\/div>\n<div class=\"case-card warning-case\" data-topic=\"change\" data-country=\"turkey\">\n<div class=\"case-badge\">C\u00e1s Rabhaidh<\/div>\n<div class=\"case-country\">Turkey<\/div>\n<h3>Comhth\u00e9acs eacnama\u00edoch<\/h3>\n<p>Is iad d\u00e1ileadh n\u00edos leithne coinn\u00edollacha s\u00f3isialta agus eacnama\u00edocha a mh\u00fanla\u00edonn riosca\u00ed s\u00edceas\u00f3isialta. B\u00edonn tionchar ag athruithe sa mhargadh saothair agus athruithe eacnama\u00edocha ar chobhsa\u00edocht fosta\u00edochta agus ar nochtadh do strus agus do ghuaiseacha eile.<\/p>\n<div class=\"case-footer\">Theme: <strong>Bainisti\u00fa athraithe<\/strong><\/div>\n<p>        <a class=\"btn-tool\" href=\"https:\/\/www.adapt.it\/wp-content\/uploads\/2025\/03\/NH_Turkey_Final_TR_14.3.2025.pdf\" target=\"_blank\" style=\"font-size: 12px; padding: 8px 15px; margin-top: 10px;\">View National Highlights<\/a>\n    <\/div>\n<div class=\"case-card best-practice\" data-topic=\"training\" data-country=\"ireland\">\n<div class=\"case-badge\">Dea-chleachtas<\/div>\n<div class=\"case-country\">Ireland<\/div>\n<h3>Seirbh\u00eds Bainist\u00edochta Riosca S\u00edceas\u00f3isialta<\/h3>\n<p>Is cl\u00e1r saor in aisce \u00e9 seirbh\u00eds Work PositiveCI a chabhra\u00edonn le heagra\u00edochta\u00ed struis\u00ed s\u00edceas\u00f3isialta a aithint, foll\u00e1ine a mheas, agus pleananna gn\u00edomha\u00edochta a th\u00e1irgeadh chun riosca\u00ed a mhaol\u00fa.<\/p>\n<div class=\"case-footer\">Theme: <strong>Training<\/strong><\/div>\n<p>        <a class=\"btn-tool\" href=\"https:\/\/www.adapt.it\/wp-content\/uploads\/2025\/03\/National-Highlights-Ireland-final-14-03-2025.pdf\" target=\"_blank\" style=\"font-size: 12px; padding: 8px 15px; margin-top: 10px;\">View National Highlights<\/a>\n    <\/div>\n<div class=\"case-card best-practice\" data-topic=\"work-org\" data-country=\"slovenia\">\n<div class=\"case-badge\">Dea-chleachtas<\/div>\n<div class=\"case-country\">Slovenia<\/div>\n<h3>Meas\u00fan\u00fa Riosca S\u00edceas\u00f3isialta san \u00c1it Oibre<\/h3>\n<p>Ionchorpra\u00edonn an tSl\u00f3iv\u00e9in meas\u00fan\u00fa riosca s\u00edceas\u00f3isialta i ndualgais fost\u00f3ra. Cabhra\u00edonn meast\u00f3ireacht rialta agus rannph\u00e1irt\u00edocht fostaithe le heagra\u00edochta\u00ed comhartha\u00ed luatha struis agus r\u00f3dh\u00f3ite a bhrath.<\/p>\n<div class=\"case-footer\">Theme: <strong>Eagr\u00fa na hOibre<\/strong><\/div>\n<p>        <a class=\"btn-tool\" href=\"https:\/\/www.adapt.it\/wp-content\/uploads\/2025\/03\/NH_Slovenia_Final_12.3.2025.pdf\" target=\"_blank\" style=\"font-size: 12px; padding: 8px 15px; margin-top: 10px;\">View National Highlights<\/a>\n    <\/div>\n<div class=\"case-card warning-case\" data-topic=\"work-org\" data-country=\"slovakia\">\n<div class=\"case-badge\">C\u00e1s Rabhaidh<\/div>\n<div class=\"case-country\">Slovakia<\/div>\n<h3>D\u00fashl\u00e1in na hOibre Digit\u00ed<\/h3>\n<p>Cuid\u00edonn strus a bhaineann leis an digiti\u00fa agus r\u00f3-ualach oibre le br\u00fa moth\u00fach\u00e1nach. Crutha\u00edonn teorainneacha doil\u00e9ire idir an saol oibre agus an saol pearsanta riosca\u00ed nua nach bhfuil bearta reatha in ann a mhaol\u00fa go h\u00e9asca.<\/p>\n<div class=\"case-footer\">Theme: <strong>Eagr\u00fa na hOibre<\/strong><\/div>\n<p>        <a class=\"btn-tool\" href=\"https:\/\/www.adapt.it\/wp-content\/uploads\/2025\/03\/NH_Slovakia_in-Slovak_FINAL.pdf\" target=\"_blank\" style=\"font-size: 12px; padding: 8px 15px; margin-top: 10px;\">View National Highlights<\/a>\n    <\/div>\n<div class=\"case-card best-practice\" data-topic=\"change\" data-country=\"slovakia\">\n<div class=\"case-badge\">Dea-chleachtas<\/div>\n<div class=\"case-country\">Slovakia<\/div>\n<h3>Comhth\u00e1th\u00fa sa Strait\u00e9is N\u00e1isi\u00fanta Sl\u00e1inte agus S\u00e1bh\u00e1ilteachta ag an Obair<\/h3>\n<p>T\u00e1 ceanglais leabaithe ag an tSl\u00f3vaic i bpr\u00edomhdl\u00edthe saothair agus sa Strait\u00e9is Sl\u00e1inte agus S\u00e1bh\u00e1ilteachta ag an Obair 2021\u20132027, a aithn\u00edonn go sainr\u00e1ite riosca\u00ed s\u00edceas\u00f3isialta in \u00e9ineacht le d\u00fashl\u00e1in cos\u00fail leis an digiti\u00fa.<\/p>\n<div class=\"case-footer\">Theme: <strong>Bainisti\u00fa athraithe<\/strong><\/div>\n<p>        <a class=\"btn-tool\" href=\"https:\/\/www.adapt.it\/wp-content\/uploads\/2025\/03\/NH_Slovakia_in-Slovak_FINAL.pdf\" target=\"_blank\" style=\"font-size: 12px; padding: 8px 15px; margin-top: 10px;\">View National Highlights<\/a>\n    <\/div>\n<\/div>\n<div class=\"guide-navigation translation-block\"><a class=\"nav-link prev\" href=\"https:\/\/www.adapt.it\/incremental\/interactive-guide\/thematic-agenda\/\" target=\"_self\"><br>\n    <span class=\"nav-label\">Ar ais<\/span><br>\n    <span class=\"nav-title\">\u2190 Cl\u00e1r Oibre T\u00e9amach<\/span><br>\n<\/a><br>\n<a class=\"nav-link next\" href=\"https:\/\/www.adapt.it\/incremental\/interactive-guide\/glossary-action-plan\/\" target=\"_self\"><br>\n    <span class=\"nav-label\">An ch\u00e9ad ch\u00e9im eile<\/span><br>\n    <span class=\"nav-title\">Gluais &amp; Plean Gn\u00edomha\u00edochta \u2192<\/span><br>\n<\/a><\/div>","protected":false},"excerpt":{"rendered":"<p>Evidence Library This section links the project&#8217;s findings to specific contexts to provide practical evidence for bargaining demands. Below you can find practical examples and clauses to overcome management objections. Use these \u201cProof Points\u201d (the actual cases) to show that your demands are already standards elsewhere. Topics All Topics Work Org. Change Training Countries All [&hellip;]<\/p>\n","protected":false},"author":7,"featured_media":0,"parent":10814,"menu_order":0,"comment_status":"closed","ping_status":"closed","template":"page-incremental-guide.php","meta":{"_acf_changed":false,"ocean_post_layout":"","ocean_both_sidebars_style":"","ocean_both_sidebars_content_width":0,"ocean_both_sidebars_sidebars_width":0,"ocean_sidebar":"0","ocean_second_sidebar":"0","ocean_disable_margins":"enable","ocean_add_body_class":"","ocean_shortcode_before_top_bar":"","ocean_shortcode_after_top_bar":"","ocean_shortcode_before_header":"","ocean_shortcode_after_header":"","ocean_has_shortcode":"","ocean_shortcode_after_title":"","ocean_shortcode_before_footer_widgets":"","ocean_shortcode_after_footer_widgets":"","ocean_shortcode_before_footer_bottom":"","ocean_shortcode_after_footer_bottom":"","ocean_display_top_bar":"default","ocean_display_header":"default","ocean_header_style":"","ocean_center_header_left_menu":"0","ocean_custom_header_template":"0","ocean_custom_logo":0,"ocean_custom_retina_logo":0,"ocean_custom_logo_max_width":0,"ocean_custom_logo_tablet_max_width":0,"ocean_custom_logo_mobile_max_width":0,"ocean_custom_logo_max_height":0,"ocean_custom_logo_tablet_max_height":0,"ocean_custom_logo_mobile_max_height":0,"ocean_header_custom_menu":"0","ocean_menu_typo_font_family":"0","ocean_menu_typo_font_subset":"","ocean_menu_typo_font_size":0,"ocean_menu_typo_font_size_tablet":0,"ocean_menu_typo_font_size_mobile":0,"ocean_menu_typo_font_size_unit":"px","ocean_menu_typo_font_weight":"","ocean_menu_typo_font_weight_tablet":"","ocean_menu_typo_font_weight_mobile":"","ocean_menu_typo_transform":"","ocean_menu_typo_transform_tablet":"","ocean_menu_typo_transform_mobile":"","ocean_menu_typo_line_height":0,"ocean_menu_typo_line_height_tablet":0,"ocean_menu_typo_line_height_mobile":0,"ocean_menu_typo_line_height_unit":"","ocean_menu_typo_spacing":0,"ocean_menu_typo_spacing_tablet":0,"ocean_menu_typo_spacing_mobile":0,"ocean_menu_typo_spacing_unit":"","ocean_menu_link_color":"","ocean_menu_link_color_hover":"","ocean_menu_link_color_active":"","ocean_menu_link_background":"","ocean_menu_link_hover_background":"","ocean_menu_link_active_background":"","ocean_menu_social_links_bg":"","ocean_menu_social_hover_links_bg":"","ocean_menu_social_links_color":"","ocean_menu_social_hover_links_color":"","ocean_disable_title":"default","ocean_disable_heading":"default","ocean_post_title":"","ocean_post_subheading":"","ocean_post_title_style":"","ocean_post_title_background_color":"","ocean_post_title_background":0,"ocean_post_title_bg_image_position":"","ocean_post_title_bg_image_attachment":"","ocean_post_title_bg_image_repeat":"","ocean_post_title_bg_image_size":"","ocean_post_title_height":0,"ocean_post_title_bg_overlay":0.5,"ocean_post_title_bg_overlay_color":"","ocean_disable_breadcrumbs":"default","ocean_breadcrumbs_color":"","ocean_breadcrumbs_separator_color":"","ocean_breadcrumbs_links_color":"","ocean_breadcrumbs_links_hover_color":"","ocean_display_footer_widgets":"default","ocean_display_footer_bottom":"default","ocean_custom_footer_template":"0","footnotes":""},"class_list":["post-10822","page","type-page","status-publish","hentry","entry"],"acf":[],"yoast_head":"<!-- This site is optimized with the Yoast SEO plugin v27.3 - https:\/\/yoast.com\/product\/yoast-seo-wordpress\/ -->\n<title>Practical Examples - The Evidence<\/title>\n<meta name=\"robots\" content=\"index, follow, max-snippet:-1, max-image-preview:large, max-video-preview:-1\" \/>\n<link rel=\"canonical\" href=\"https:\/\/www.adapt.it\/ga\/incremental\/interactive-guide\/practical-examples\/\" \/>\n<meta property=\"og:locale\" content=\"en_US\" \/>\n<meta property=\"og:type\" content=\"article\" \/>\n<meta property=\"og:title\" content=\"Practical Examples - The Evidence\" \/>\n<meta property=\"og:description\" content=\"Evidence Library This section links the project&#8217;s findings to specific contexts to provide practical evidence for bargaining demands. Below you can find practical examples and clauses to overcome management objections. Use these \u201cProof Points\u201d (the actual cases) to show that your demands are already standards elsewhere. Topics All Topics Work Org. Change Training Countries All [&hellip;]\" \/>\n<meta property=\"og:url\" content=\"https:\/\/www.adapt.it\/ga\/incremental\/interactive-guide\/practical-examples\/\" \/>\n<meta property=\"og:site_name\" content=\"Adapt.it\" \/>\n<meta property=\"article:publisher\" content=\"https:\/\/www.facebook.com\/adaptland\/\" \/>\n<meta property=\"article:modified_time\" content=\"2026-03-13T12:24:21+00:00\" \/>\n<meta name=\"twitter:card\" content=\"summary_large_image\" \/>\n<meta name=\"twitter:site\" content=\"@adaptland\" \/>\n<meta name=\"twitter:label1\" content=\"Est. reading time\" \/>\n\t<meta name=\"twitter:data1\" content=\"1 minute\" \/>\n<script type=\"application\/ld+json\" class=\"yoast-schema-graph\">{\"@context\":\"https:\\\/\\\/schema.org\",\"@graph\":[{\"@type\":\"WebPage\",\"@id\":\"https:\\\/\\\/www.adapt.it\\\/incremental\\\/interactive-guide\\\/practical-examples\\\/\",\"url\":\"https:\\\/\\\/www.adapt.it\\\/incremental\\\/interactive-guide\\\/practical-examples\\\/\",\"name\":\"Practical Examples - The Evidence\",\"isPartOf\":{\"@id\":\"https:\\\/\\\/www.adapt.it\\\/#website\"},\"datePublished\":\"2026-02-18T12:38:30+00:00\",\"dateModified\":\"2026-03-13T12:24:21+00:00\",\"breadcrumb\":{\"@id\":\"https:\\\/\\\/www.adapt.it\\\/incremental\\\/interactive-guide\\\/practical-examples\\\/#breadcrumb\"},\"inLanguage\":\"ga\",\"potentialAction\":[{\"@type\":\"ReadAction\",\"target\":[\"https:\\\/\\\/www.adapt.it\\\/incremental\\\/interactive-guide\\\/practical-examples\\\/\"]}]},{\"@type\":\"BreadcrumbList\",\"@id\":\"https:\\\/\\\/www.adapt.it\\\/incremental\\\/interactive-guide\\\/practical-examples\\\/#breadcrumb\",\"itemListElement\":[{\"@type\":\"ListItem\",\"position\":1,\"name\":\"Home\",\"item\":\"https:\\\/\\\/www.adapt.it\\\/\"},{\"@type\":\"ListItem\",\"position\":2,\"name\":\"Incremental\",\"item\":\"https:\\\/\\\/www.adapt.it\\\/incremental\\\/\"},{\"@type\":\"ListItem\",\"position\":3,\"name\":\"The Increme(n)tal Interactive Guide\",\"item\":\"https:\\\/\\\/www.adapt.it\\\/incremental\\\/interactive-guide\\\/\"},{\"@type\":\"ListItem\",\"position\":4,\"name\":\"Practical Examples &#8211; The Evidence\"}]},{\"@type\":\"WebSite\",\"@id\":\"https:\\\/\\\/www.adapt.it\\\/#website\",\"url\":\"https:\\\/\\\/www.adapt.it\\\/\",\"name\":\"adapt.it\",\"description\":\"Building the Future of Work Together\",\"publisher\":{\"@id\":\"https:\\\/\\\/www.adapt.it\\\/#organization\"},\"potentialAction\":[{\"@type\":\"SearchAction\",\"target\":{\"@type\":\"EntryPoint\",\"urlTemplate\":\"https:\\\/\\\/www.adapt.it\\\/?s={search_term_string}\"},\"query-input\":{\"@type\":\"PropertyValueSpecification\",\"valueRequired\":true,\"valueName\":\"search_term_string\"}}],\"inLanguage\":\"ga\"},{\"@type\":\"Organization\",\"@id\":\"https:\\\/\\\/www.adapt.it\\\/#organization\",\"name\":\"ADAPT\",\"url\":\"https:\\\/\\\/www.adapt.it\\\/\",\"logo\":{\"@type\":\"ImageObject\",\"inLanguage\":\"ga\",\"@id\":\"https:\\\/\\\/www.adapt.it\\\/#\\\/schema\\\/logo\\\/image\\\/\",\"url\":\"https:\\\/\\\/www.adapt.it\\\/wp-content\\\/uploads\\\/2026\\\/01\\\/ADAPT.jpg\",\"contentUrl\":\"https:\\\/\\\/www.adapt.it\\\/wp-content\\\/uploads\\\/2026\\\/01\\\/ADAPT.jpg\",\"width\":2378,\"height\":744,\"caption\":\"ADAPT\"},\"image\":{\"@id\":\"https:\\\/\\\/www.adapt.it\\\/#\\\/schema\\\/logo\\\/image\\\/\"},\"sameAs\":[\"https:\\\/\\\/www.facebook.com\\\/adaptland\\\/\",\"https:\\\/\\\/x.com\\\/adaptland\",\"https:\\\/\\\/www.instagram.com\\\/adaptland\\\/\",\"https:\\\/\\\/www.linkedin.com\\\/company\\\/adapt---centro-studi-marco-biagi\\\/\",\"https:\\\/\\\/www.youtube.com\\\/@adaptchannel\"]}]}<\/script>\n<!-- \/ Yoast SEO plugin. -->","yoast_head_json":{"title":"Practical Examples - The Evidence","robots":{"index":"index","follow":"follow","max-snippet":"max-snippet:-1","max-image-preview":"max-image-preview:large","max-video-preview":"max-video-preview:-1"},"canonical":"https:\/\/www.adapt.it\/ga\/incremental\/interactive-guide\/practical-examples\/","og_locale":"en_US","og_type":"article","og_title":"Practical Examples - The Evidence","og_description":"Evidence Library This section links the project&#8217;s findings to specific contexts to provide practical evidence for bargaining demands. Below you can find practical examples and clauses to overcome management objections. Use these \u201cProof Points\u201d (the actual cases) to show that your demands are already standards elsewhere. Topics All Topics Work Org. Change Training Countries All [&hellip;]","og_url":"https:\/\/www.adapt.it\/ga\/incremental\/interactive-guide\/practical-examples\/","og_site_name":"Adapt.it","article_publisher":"https:\/\/www.facebook.com\/adaptland\/","article_modified_time":"2026-03-13T12:24:21+00:00","twitter_card":"summary_large_image","twitter_site":"@adaptland","twitter_misc":{"Est. reading time":"1 minute"},"schema":{"@context":"https:\/\/schema.org","@graph":[{"@type":"WebPage","@id":"https:\/\/www.adapt.it\/incremental\/interactive-guide\/practical-examples\/","url":"https:\/\/www.adapt.it\/incremental\/interactive-guide\/practical-examples\/","name":"Practical Examples - The Evidence","isPartOf":{"@id":"https:\/\/www.adapt.it\/#website"},"datePublished":"2026-02-18T12:38:30+00:00","dateModified":"2026-03-13T12:24:21+00:00","breadcrumb":{"@id":"https:\/\/www.adapt.it\/incremental\/interactive-guide\/practical-examples\/#breadcrumb"},"inLanguage":"ga","potentialAction":[{"@type":"ReadAction","target":["https:\/\/www.adapt.it\/incremental\/interactive-guide\/practical-examples\/"]}]},{"@type":"BreadcrumbList","@id":"https:\/\/www.adapt.it\/incremental\/interactive-guide\/practical-examples\/#breadcrumb","itemListElement":[{"@type":"ListItem","position":1,"name":"Home","item":"https:\/\/www.adapt.it\/"},{"@type":"ListItem","position":2,"name":"Incremental","item":"https:\/\/www.adapt.it\/incremental\/"},{"@type":"ListItem","position":3,"name":"The Increme(n)tal Interactive Guide","item":"https:\/\/www.adapt.it\/incremental\/interactive-guide\/"},{"@type":"ListItem","position":4,"name":"Practical Examples &#8211; The Evidence"}]},{"@type":"WebSite","@id":"https:\/\/www.adapt.it\/#website","url":"https:\/\/www.adapt.it\/","name":"adapt.it","description":"Building the Future of Work Together","publisher":{"@id":"https:\/\/www.adapt.it\/#organization"},"potentialAction":[{"@type":"SearchAction","target":{"@type":"EntryPoint","urlTemplate":"https:\/\/www.adapt.it\/?s={search_term_string}"},"query-input":{"@type":"PropertyValueSpecification","valueRequired":true,"valueName":"search_term_string"}}],"inLanguage":"ga"},{"@type":"Organization","@id":"https:\/\/www.adapt.it\/#organization","name":"ADAPT","url":"https:\/\/www.adapt.it\/","logo":{"@type":"ImageObject","inLanguage":"ga","@id":"https:\/\/www.adapt.it\/#\/schema\/logo\/image\/","url":"https:\/\/www.adapt.it\/wp-content\/uploads\/2026\/01\/ADAPT.jpg","contentUrl":"https:\/\/www.adapt.it\/wp-content\/uploads\/2026\/01\/ADAPT.jpg","width":2378,"height":744,"caption":"ADAPT"},"image":{"@id":"https:\/\/www.adapt.it\/#\/schema\/logo\/image\/"},"sameAs":["https:\/\/www.facebook.com\/adaptland\/","https:\/\/x.com\/adaptland","https:\/\/www.instagram.com\/adaptland\/","https:\/\/www.linkedin.com\/company\/adapt---centro-studi-marco-biagi\/","https:\/\/www.youtube.com\/@adaptchannel"]}]}},"_links":{"self":[{"href":"https:\/\/www.adapt.it\/ga\/wp-json\/wp\/v2\/pages\/10822","targetHints":{"allow":["GET"]}}],"collection":[{"href":"https:\/\/www.adapt.it\/ga\/wp-json\/wp\/v2\/pages"}],"about":[{"href":"https:\/\/www.adapt.it\/ga\/wp-json\/wp\/v2\/types\/page"}],"author":[{"embeddable":true,"href":"https:\/\/www.adapt.it\/ga\/wp-json\/wp\/v2\/users\/7"}],"replies":[{"embeddable":true,"href":"https:\/\/www.adapt.it\/ga\/wp-json\/wp\/v2\/comments?post=10822"}],"version-history":[{"count":11,"href":"https:\/\/www.adapt.it\/ga\/wp-json\/wp\/v2\/pages\/10822\/revisions"}],"predecessor-version":[{"id":11081,"href":"https:\/\/www.adapt.it\/ga\/wp-json\/wp\/v2\/pages\/10822\/revisions\/11081"}],"up":[{"embeddable":true,"href":"https:\/\/www.adapt.it\/ga\/wp-json\/wp\/v2\/pages\/10814"}],"wp:attachment":[{"href":"https:\/\/www.adapt.it\/ga\/wp-json\/wp\/v2\/media?parent=10822"}],"curies":[{"name":"wp","href":"https:\/\/api.w.org\/{rel}","templated":true}]}}