{"id":10814,"date":"2026-02-18T12:29:37","date_gmt":"2026-02-18T12:29:37","guid":{"rendered":"https:\/\/www.adapt.it\/?page_id=10814"},"modified":"2026-03-13T15:08:44","modified_gmt":"2026-03-13T15:08:44","slug":"interactive-guide","status":"publish","type":"page","link":"https:\/\/www.adapt.it\/ga\/incremental\/interactive-guide\/","title":{"rendered":"The Increme(n)tal  Interactive Guide"},"content":{"rendered":"<div class=\"guide-welcome-text\">\n<p>F\u00e1ilte chuig Treoir Idirghn\u00edomhach The Increme-n-tal. T\u00e1 an t-ard\u00e1n seo deartha mar chreat at\u00e1 d\u00edrithe ar r\u00e9itigh d'ionadaithe Ceardchumann. In ionad l\u00e1mhleabhar l\u00edneach, bain \u00fas\u00e1id as an deais mhod\u00falach seo chun l\u00e9im go d\u00edreach chuig do chuid riachtanas caibidl\u00edochta: \u00f3n modheola\u00edocht (Conas) go dt\u00ed na cro\u00ed-\u00e1bhair th\u00e9amacha (Cad) agus an fhianaise phraitici\u00fail (Fianaise).<\/p>\n<\/div>\n<div class=\"incremental-horizontal-dashboard\">\n<p>    <a href=\"https:\/\/www.adapt.it\/incremental\/interactive-guide\/the-process-how\/\" class=\"step-card\"><\/p>\n<div class=\"step-number\">1<\/div>\n<p>        <span class=\"card-label\">The Method<\/span><\/p>\n<h3>An Pr\u00f3iseas<\/h3>\n<p>Antr\u00e1th \u2192 Caibidil \u2192 Faireach\u00e1n. T\u00f3g do shainord\u00fa leis an Uirlis Bailithe Sonra\u00ed.<\/p>\n<div class=\"step-footer\">Isteach sa timthriall \u2192<\/div>\n<p>    <\/a><\/p>\n<p>    <a href=\"https:\/\/www.adapt.it\/incremental\/interactive-guide\/thematic-agenda\/\" class=\"step-card\"><\/p>\n<div class=\"step-number\">2<\/div>\n<p>        <span class=\"card-label\">Na Topaic\u00ed<\/span><\/p>\n<h3>Cl\u00e1r Oibre T\u00e9amach<\/h3>\n<p>Eagr\u00fa Oibre, Intleacht Shaorga, Algartaim, agus uirlis\u00ed neagoda\u00edochta an Trasduithe Ghlais.<\/p>\n<div class=\"step-footer\">Ini\u00fachadh Uirlis\u00ed \u2192<\/div>\n<p>    <\/a><\/p>\n<p>    <a href=\"https:\/\/www.adapt.it\/incremental\/interactive-guide\/practical-examples\/\" class=\"step-card\"><\/p>\n<div class=\"step-number\">3<\/div>\n<p>        <span class=\"card-label\">An Fhianaise<\/span><\/p>\n<h3>Sampla\u00ed Praitici\u00fala<\/h3>\n<p>Leabharlann cl\u00e1sal agus staid\u00e9ir ch\u00e1is chun d\u2019iarratais a bhail\u00edocht\u00fa e agus chun dul i ngleic le hag\u00f3id\u00ed.<\/p>\n<div class=\"step-footer\">F\u00e9ach ar an bhFianaise \u2192<\/div>\n<p>    <\/a><\/p>\n<\/div>\n<div style=\"text-align: center; margin: 40px 0;\"><a class=\"btn-tool\" style=\"background: #1e293b !important; color: #ffffff !important; box-shadow: 0 4px 0 #000; border-radius: 50px; display: inline-flex; align-items: center; justify-content: center; padding: 25px 50px !important; \/* questo aumenta il blu sopra e sotto *\/ text-decoration: none; line-height: 1 !important; \/* centra il testo perfettamente *\/ gap: 20px; border: none;\" href=\"https:\/\/www.adapt.it\/incremental\/interactive-guide\/glossary-action-plan\/\"><br \/>\n<span style=\"font-weight: 600;\">F\u00e9ach ar an nGluais &amp; ar an bPlean Gn\u00edomha\u00edochta<\/span><br \/>\n<span style=\"font-size: 24px; line-height: 0; margin-top: -2px;\">\u2192<\/span><br \/>\n<\/a><\/div>\n<div class=\"guide-welcome-text\">\n<p>Chun in\u00fas\u00e1idteacht ard a chinnti\u00fa d\u2019ionadaithe Ceardchumann, tr\u00e9igeann an t-ard\u00e1n seo cur chuige l\u00edneach caibidil ar chaibidil i bhfabhar dearadh mod\u00falach \"Deais\". Ligeann s\u00e9 seo d'\u00fas\u00e1ideoir\u00ed l\u00e9im l\u00e1ithreach chuig riachtanas caibidl\u00edochta sonrach. Sreabhann an loingseoireacht \u00f3n Modh (An Pr\u00f3iseas) go dt\u00ed an Topaic (An Cl\u00e1r Oibre) agus ar deireadh go dt\u00ed an Cruth\u00fa (An Fhianaise). Tugann an strucht\u00far seo aghaidh ar an moladh sonrach caitheamh leis an \"gCur Chuige Increme-n-tal\" mar chreat at\u00e1 d\u00edrithe ar r\u00e9itigh seachas mar \u00e1bhar eile amh\u00e1in.<\/p>\n<\/div>\n<div class=\"guide-navigation translation-block\"><a class=\"nav-link next\" href=\"https:\/\/www.adapt.it\/incremental\/interactive-guide\/the-process-how\/\" target=\"_self\"><br>\r\n<span class=\"nav-label\">Next Step<\/span><br>\r\n<span class=\"nav-title\">The Increme-n-tal Process \u2192<\/span><br>\r\n<\/a><\/div>","protected":false},"excerpt":{"rendered":"<p>Welcome to the Increme-n-tal Interactive Guide. This platform is designed as a solution-oriented framework for Trade Union representatives. Instead of a linear manual, use this modular dashboard to jump directly to your negotiation needs: from the methodology (How) to the core thematic topics (What) and the practical evidence (Proof). 1 The Method The Process Anticipate [&hellip;]<\/p>\n","protected":false},"author":7,"featured_media":0,"parent":7645,"menu_order":0,"comment_status":"closed","ping_status":"closed","template":"page-incremental-guide.php","meta":{"_acf_changed":false,"ocean_post_layout":"","ocean_both_sidebars_style":"","ocean_both_sidebars_content_width":0,"ocean_both_sidebars_sidebars_width":0,"ocean_sidebar":"0","ocean_second_sidebar":"0","ocean_disable_margins":"enable","ocean_add_body_class":"","ocean_shortcode_before_top_bar":"","ocean_shortcode_after_top_bar":"","ocean_shortcode_before_header":"","ocean_shortcode_after_header":"","ocean_has_shortcode":"","ocean_shortcode_after_title":"","ocean_shortcode_before_footer_widgets":"","ocean_shortcode_after_footer_widgets":"","ocean_shortcode_before_footer_bottom":"","ocean_shortcode_after_footer_bottom":"","ocean_display_top_bar":"default","ocean_display_header":"default","ocean_header_style":"","ocean_center_header_left_menu":"0","ocean_custom_header_template":"0","ocean_custom_logo":0,"ocean_custom_retina_logo":0,"ocean_custom_logo_max_width":0,"ocean_custom_logo_tablet_max_width":0,"ocean_custom_logo_mobile_max_width":0,"ocean_custom_logo_max_height":0,"ocean_custom_logo_tablet_max_height":0,"ocean_custom_logo_mobile_max_height":0,"ocean_header_custom_menu":"0","ocean_menu_typo_font_family":"0","ocean_menu_typo_font_subset":"","ocean_menu_typo_font_size":0,"ocean_menu_typo_font_size_tablet":0,"ocean_menu_typo_font_size_mobile":0,"ocean_menu_typo_font_size_unit":"px","ocean_menu_typo_font_weight":"","ocean_menu_typo_font_weight_tablet":"","ocean_menu_typo_font_weight_mobile":"","ocean_menu_typo_transform":"","ocean_menu_typo_transform_tablet":"","ocean_menu_typo_transform_mobile":"","ocean_menu_typo_line_height":0,"ocean_menu_typo_line_height_tablet":0,"ocean_menu_typo_line_height_mobile":0,"ocean_menu_typo_line_height_unit":"","ocean_menu_typo_spacing":0,"ocean_menu_typo_spacing_tablet":0,"ocean_menu_typo_spacing_mobile":0,"ocean_menu_typo_spacing_unit":"","ocean_menu_link_color":"","ocean_menu_link_color_hover":"","ocean_menu_link_color_active":"","ocean_menu_link_background":"","ocean_menu_link_hover_background":"","ocean_menu_link_active_background":"","ocean_menu_social_links_bg":"","ocean_menu_social_hover_links_bg":"","ocean_menu_social_links_color":"","ocean_menu_social_hover_links_color":"","ocean_disable_title":"default","ocean_disable_heading":"default","ocean_post_title":"","ocean_post_subheading":"","ocean_post_title_style":"","ocean_post_title_background_color":"","ocean_post_title_background":0,"ocean_post_title_bg_image_position":"","ocean_post_title_bg_image_attachment":"","ocean_post_title_bg_image_repeat":"","ocean_post_title_bg_image_size":"","ocean_post_title_height":0,"ocean_post_title_bg_overlay":0.5,"ocean_post_title_bg_overlay_color":"","ocean_disable_breadcrumbs":"default","ocean_breadcrumbs_color":"","ocean_breadcrumbs_separator_color":"","ocean_breadcrumbs_links_color":"","ocean_breadcrumbs_links_hover_color":"","ocean_display_footer_widgets":"default","ocean_display_footer_bottom":"default","ocean_custom_footer_template":"0","footnotes":""},"class_list":["post-10814","page","type-page","status-publish","hentry","entry"],"acf":[],"yoast_head":"<!-- This site is optimized with the Yoast SEO plugin v27.3 - https:\/\/yoast.com\/product\/yoast-seo-wordpress\/ -->\n<title>The Increme(n)tal Interactive Guide<\/title>\n<meta name=\"description\" content=\"Incremental Guide: Negotiating the Future of Work. Dashboard for Anticipate-Negotiate-Monitor cycle, thematic agenda, case studies &amp; template.\" \/>\n<meta name=\"robots\" content=\"index, follow, max-snippet:-1, max-image-preview:large, max-video-preview:-1\" \/>\n<link rel=\"canonical\" href=\"https:\/\/www.adapt.it\/ga\/incremental\/interactive-guide\/\" \/>\n<meta property=\"og:locale\" content=\"en_US\" \/>\n<meta property=\"og:type\" content=\"article\" \/>\n<meta property=\"og:title\" content=\"The Increme(n)tal Interactive Guide\" \/>\n<meta property=\"og:description\" content=\"Incremental Guide: Negotiating the Future of Work. Dashboard for Anticipate-Negotiate-Monitor cycle, thematic agenda, case studies &amp; template.\" \/>\n<meta property=\"og:url\" content=\"https:\/\/www.adapt.it\/ga\/incremental\/interactive-guide\/\" \/>\n<meta property=\"og:site_name\" content=\"Adapt.it\" \/>\n<meta property=\"article:publisher\" content=\"https:\/\/www.facebook.com\/adaptland\/\" \/>\n<meta property=\"article:modified_time\" content=\"2026-03-13T15:08:44+00:00\" \/>\n<meta name=\"twitter:card\" content=\"summary_large_image\" \/>\n<meta name=\"twitter:site\" content=\"@adaptland\" \/>\n<meta name=\"twitter:label1\" content=\"Est. reading time\" \/>\n\t<meta name=\"twitter:data1\" content=\"2 minutes\" \/>\n<script type=\"application\/ld+json\" class=\"yoast-schema-graph\">{\"@context\":\"https:\\\/\\\/schema.org\",\"@graph\":[{\"@type\":\"WebPage\",\"@id\":\"https:\\\/\\\/www.adapt.it\\\/incremental\\\/interactive-guide\\\/\",\"url\":\"https:\\\/\\\/www.adapt.it\\\/incremental\\\/interactive-guide\\\/\",\"name\":\"The Increme(n)tal Interactive Guide\",\"isPartOf\":{\"@id\":\"https:\\\/\\\/www.adapt.it\\\/#website\"},\"datePublished\":\"2026-02-18T12:29:37+00:00\",\"dateModified\":\"2026-03-13T15:08:44+00:00\",\"description\":\"Incremental Guide: Negotiating the Future of Work. Dashboard for Anticipate-Negotiate-Monitor cycle, thematic agenda, case studies & template.\",\"breadcrumb\":{\"@id\":\"https:\\\/\\\/www.adapt.it\\\/incremental\\\/interactive-guide\\\/#breadcrumb\"},\"inLanguage\":\"ga\",\"potentialAction\":[{\"@type\":\"ReadAction\",\"target\":[\"https:\\\/\\\/www.adapt.it\\\/incremental\\\/interactive-guide\\\/\"]}]},{\"@type\":\"BreadcrumbList\",\"@id\":\"https:\\\/\\\/www.adapt.it\\\/incremental\\\/interactive-guide\\\/#breadcrumb\",\"itemListElement\":[{\"@type\":\"ListItem\",\"position\":1,\"name\":\"Home\",\"item\":\"https:\\\/\\\/www.adapt.it\\\/\"},{\"@type\":\"ListItem\",\"position\":2,\"name\":\"Incremental\",\"item\":\"https:\\\/\\\/www.adapt.it\\\/incremental\\\/\"},{\"@type\":\"ListItem\",\"position\":3,\"name\":\"The Increme(n)tal Interactive Guide\"}]},{\"@type\":\"WebSite\",\"@id\":\"https:\\\/\\\/www.adapt.it\\\/#website\",\"url\":\"https:\\\/\\\/www.adapt.it\\\/\",\"name\":\"adapt.it\",\"description\":\"Building the Future of Work Together\",\"publisher\":{\"@id\":\"https:\\\/\\\/www.adapt.it\\\/#organization\"},\"potentialAction\":[{\"@type\":\"SearchAction\",\"target\":{\"@type\":\"EntryPoint\",\"urlTemplate\":\"https:\\\/\\\/www.adapt.it\\\/?s={search_term_string}\"},\"query-input\":{\"@type\":\"PropertyValueSpecification\",\"valueRequired\":true,\"valueName\":\"search_term_string\"}}],\"inLanguage\":\"ga\"},{\"@type\":\"Organization\",\"@id\":\"https:\\\/\\\/www.adapt.it\\\/#organization\",\"name\":\"ADAPT\",\"url\":\"https:\\\/\\\/www.adapt.it\\\/\",\"logo\":{\"@type\":\"ImageObject\",\"inLanguage\":\"ga\",\"@id\":\"https:\\\/\\\/www.adapt.it\\\/#\\\/schema\\\/logo\\\/image\\\/\",\"url\":\"https:\\\/\\\/www.adapt.it\\\/wp-content\\\/uploads\\\/2026\\\/01\\\/ADAPT.jpg\",\"contentUrl\":\"https:\\\/\\\/www.adapt.it\\\/wp-content\\\/uploads\\\/2026\\\/01\\\/ADAPT.jpg\",\"width\":2378,\"height\":744,\"caption\":\"ADAPT\"},\"image\":{\"@id\":\"https:\\\/\\\/www.adapt.it\\\/#\\\/schema\\\/logo\\\/image\\\/\"},\"sameAs\":[\"https:\\\/\\\/www.facebook.com\\\/adaptland\\\/\",\"https:\\\/\\\/x.com\\\/adaptland\",\"https:\\\/\\\/www.instagram.com\\\/adaptland\\\/\",\"https:\\\/\\\/www.linkedin.com\\\/company\\\/adapt---centro-studi-marco-biagi\\\/\",\"https:\\\/\\\/www.youtube.com\\\/@adaptchannel\"]}]}<\/script>\n<!-- \/ Yoast SEO plugin. -->","yoast_head_json":{"title":"The Increme(n)tal Interactive Guide","description":"Incremental Guide: Negotiating the Future of Work. Dashboard for Anticipate-Negotiate-Monitor cycle, thematic agenda, case studies & template.","robots":{"index":"index","follow":"follow","max-snippet":"max-snippet:-1","max-image-preview":"max-image-preview:large","max-video-preview":"max-video-preview:-1"},"canonical":"https:\/\/www.adapt.it\/ga\/incremental\/interactive-guide\/","og_locale":"en_US","og_type":"article","og_title":"The Increme(n)tal Interactive Guide","og_description":"Incremental Guide: Negotiating the Future of Work. Dashboard for Anticipate-Negotiate-Monitor cycle, thematic agenda, case studies & template.","og_url":"https:\/\/www.adapt.it\/ga\/incremental\/interactive-guide\/","og_site_name":"Adapt.it","article_publisher":"https:\/\/www.facebook.com\/adaptland\/","article_modified_time":"2026-03-13T15:08:44+00:00","twitter_card":"summary_large_image","twitter_site":"@adaptland","twitter_misc":{"Est. reading time":"2 minutes"},"schema":{"@context":"https:\/\/schema.org","@graph":[{"@type":"WebPage","@id":"https:\/\/www.adapt.it\/incremental\/interactive-guide\/","url":"https:\/\/www.adapt.it\/incremental\/interactive-guide\/","name":"The Increme(n)tal Interactive Guide","isPartOf":{"@id":"https:\/\/www.adapt.it\/#website"},"datePublished":"2026-02-18T12:29:37+00:00","dateModified":"2026-03-13T15:08:44+00:00","description":"Incremental Guide: Negotiating the Future of Work. Dashboard for Anticipate-Negotiate-Monitor cycle, thematic agenda, case studies & template.","breadcrumb":{"@id":"https:\/\/www.adapt.it\/incremental\/interactive-guide\/#breadcrumb"},"inLanguage":"ga","potentialAction":[{"@type":"ReadAction","target":["https:\/\/www.adapt.it\/incremental\/interactive-guide\/"]}]},{"@type":"BreadcrumbList","@id":"https:\/\/www.adapt.it\/incremental\/interactive-guide\/#breadcrumb","itemListElement":[{"@type":"ListItem","position":1,"name":"Home","item":"https:\/\/www.adapt.it\/"},{"@type":"ListItem","position":2,"name":"Incremental","item":"https:\/\/www.adapt.it\/incremental\/"},{"@type":"ListItem","position":3,"name":"The Increme(n)tal Interactive Guide"}]},{"@type":"WebSite","@id":"https:\/\/www.adapt.it\/#website","url":"https:\/\/www.adapt.it\/","name":"adapt.it","description":"Building the Future of Work Together","publisher":{"@id":"https:\/\/www.adapt.it\/#organization"},"potentialAction":[{"@type":"SearchAction","target":{"@type":"EntryPoint","urlTemplate":"https:\/\/www.adapt.it\/?s={search_term_string}"},"query-input":{"@type":"PropertyValueSpecification","valueRequired":true,"valueName":"search_term_string"}}],"inLanguage":"ga"},{"@type":"Organization","@id":"https:\/\/www.adapt.it\/#organization","name":"ADAPT","url":"https:\/\/www.adapt.it\/","logo":{"@type":"ImageObject","inLanguage":"ga","@id":"https:\/\/www.adapt.it\/#\/schema\/logo\/image\/","url":"https:\/\/www.adapt.it\/wp-content\/uploads\/2026\/01\/ADAPT.jpg","contentUrl":"https:\/\/www.adapt.it\/wp-content\/uploads\/2026\/01\/ADAPT.jpg","width":2378,"height":744,"caption":"ADAPT"},"image":{"@id":"https:\/\/www.adapt.it\/#\/schema\/logo\/image\/"},"sameAs":["https:\/\/www.facebook.com\/adaptland\/","https:\/\/x.com\/adaptland","https:\/\/www.instagram.com\/adaptland\/","https:\/\/www.linkedin.com\/company\/adapt---centro-studi-marco-biagi\/","https:\/\/www.youtube.com\/@adaptchannel"]}]}},"_links":{"self":[{"href":"https:\/\/www.adapt.it\/ga\/wp-json\/wp\/v2\/pages\/10814","targetHints":{"allow":["GET"]}}],"collection":[{"href":"https:\/\/www.adapt.it\/ga\/wp-json\/wp\/v2\/pages"}],"about":[{"href":"https:\/\/www.adapt.it\/ga\/wp-json\/wp\/v2\/types\/page"}],"author":[{"embeddable":true,"href":"https:\/\/www.adapt.it\/ga\/wp-json\/wp\/v2\/users\/7"}],"replies":[{"embeddable":true,"href":"https:\/\/www.adapt.it\/ga\/wp-json\/wp\/v2\/comments?post=10814"}],"version-history":[{"count":35,"href":"https:\/\/www.adapt.it\/ga\/wp-json\/wp\/v2\/pages\/10814\/revisions"}],"predecessor-version":[{"id":11082,"href":"https:\/\/www.adapt.it\/ga\/wp-json\/wp\/v2\/pages\/10814\/revisions\/11082"}],"up":[{"embeddable":true,"href":"https:\/\/www.adapt.it\/ga\/wp-json\/wp\/v2\/pages\/7645"}],"wp:attachment":[{"href":"https:\/\/www.adapt.it\/ga\/wp-json\/wp\/v2\/media?parent=10814"}],"curies":[{"name":"wp","href":"https:\/\/api.w.org\/{rel}","templated":true}]}}