{"id":10820,"date":"2026-02-18T12:36:48","date_gmt":"2026-02-18T12:36:48","guid":{"rendered":"https:\/\/www.adapt.it\/?page_id=10820"},"modified":"2026-03-13T16:31:25","modified_gmt":"2026-03-13T16:31:25","slug":"thematic-agenda","status":"publish","type":"page","link":"https:\/\/www.adapt.it\/fi\/incremental\/interactive-guide\/thematic-agenda\/","title":{"rendered":"Thematic Agenda &#8211; The What"},"content":{"rendered":"<div class=\"process-header\">\n<h2 style=\"font-size: 42px; font-weight: 800;\">Teemakohtainen asialista<\/h2>\n<p style=\"font-size: 22px; max-width: 900px; margin: 0 auto 50px auto; color: #475569;\">Keskeiset neuvotteluaiheet digitalisaation, muutoksen ja ty\u00f6n tulevaisuuden k\u00e4sittelemiseksi ratkaisukeskeisell\u00e4 asenteella.<\/p>\n<\/div>\n<div class=\"node-container\">\n<div class=\"node-header\">\n<div class=\"node-number\">1<\/div>\n<h2>Ty\u00f6n organisointi<\/h2>\n<\/p><\/div>\n<div style=\"margin-bottom: 25px; line-height: 1.6;\" class=\" translation-block\"><strong>Painopiste:<\/strong> Ty\u00f6n suunnittelu, oikeuksien oikeudellinen kehys ja psykososiaalinen ymp\u00e4rist\u00f6.<\/div>\n<div class=\"theme-grid\">\n<div class=\"theme-box\">\n<h4>Sis\u00e4lt\u00f6<\/h4>\n<p>            Liialliseen ty\u00f6m\u00e4\u00e4r\u00e4\u00e4n, voimakkaaseen stressiin sek\u00e4 ty\u00f6- ja yksityisel\u00e4m\u00e4n rajojen h\u00e4m\u00e4rtymiseen puuttuminen.\n        <\/p><\/div>\n<div class=\"theme-box\">\n<h4>Psykososiaalinen ja oikeudellinen painopiste<\/h4>\n<p class=\" translation-block\">K\u00e4sittelee nimenomaisesti v\u00e4kivaltaa, h\u00e4irint\u00e4\u00e4 ja <strong>\u201doikeutta olla tavoittamattomissa\u201d<\/strong> (oikeus katkaista yhteys, oikeus sulkea laitteet). Sis\u00e4lt\u00e4\u00e4 uusia s\u00e4\u00e4nn\u00f6ksi\u00e4 psykososiaalisten riskien varhaisesta tunnistamisesta.<\/div>\n<div class=\"theme-box\" style=\"background-color: #f1f5f9;\">\n<h4>Konteksti<\/h4>\n<p class=\" translation-block\">Psykososiaaliset riskit eiv\u00e4t synny tyhji\u00f6ss\u00e4, vaan niit\u00e4 muokkaavat laajemmat sosioekonomiset olosuhteet. T\u00e4ss\u00e4 osiossa havainnollistetaan <strong>Turkista ja Italiasta<\/strong> saatujen erityisten havaintojen perusteella, miten makrotason paineet pahentavat suoraan ty\u00f6ntekij\u00f6iden stressi\u00e4.<\/div>\n<\/p><\/div>\n<div class=\"tool-card-agenda\">\n<div class=\"tool-icon-box\"><span><\/span><\/div>\n<div class=\"tool-info\">\n<h3>Oikeus olla tavoittamattomissa ja h\u00e4irinn\u00e4n vastainen lauseke<\/h3>\n<p>Lue ty\u00f6kalukortti: Ty\u00f6ntekij\u00f6iden suojatoimet ja neuvottelup\u00f6yt\u00e4kirjat<\/p>\n<p>            <a class=\"btn-tool\" href=\"https:\/\/www.adapt.it\/wp-content\/uploads\/2026\/03\/Tool-Card.docx\">Download Tool Card (.docx)<\/a>\n        <\/div>\n<\/p><\/div>\n<\/div>\n<div class=\"node-container\">\n<div class=\"node-header\">\n<div class=\"node-number\">2<\/div>\n<h2>Muutoksen hallinta (sis\u00e4iset ja ulkoiset tekij\u00e4t)<\/h2>\n<\/p><\/div>\n<p style=\"margin-bottom: 25px; line-height: 1.6;\" class=\" translation-block\"><strong>Painopiste:<\/strong> Navigointi teknologian tai s\u00e4\u00e4ntelyn ohjaamissa muutoksissa.<\/p>\n<div class=\"theme-grid\">\n<div class=\"theme-box\" style=\"border-left-color: #1e293b;\">\n<h4>Sis\u00e4iset tekij\u00e4t (digitalisaatio ja strategia)<\/h4>\n<p class=\" translation-block\">Keskittyy liiketoimintastrategiaan ja teknologiseen toteutukseen. Kattaa <strong>teko\u00e4lyvalvonnan<\/strong>, suoritusten mittauksen sek\u00e4 tietosuoja-\/GDPR-kysymykset.<br>\n<br><strong>Psykosiaalinen n\u00e4k\u00f6kulma:<\/strong> \u201dTeknostressi\u201d ja jatkuvan seurannan aiheuttama paine.<\/div>\n<div class=\"theme-box\" style=\"border-left-color: #3b82f6;\">\n<h4>Ulkoiset tekij\u00e4t (vihre\u00e4 siirtym\u00e4 ja s\u00e4\u00e4ntely):<\/h4>\n<p class=\" translation-block\">T\u00e4ss\u00e4 alajaksossa keskityt\u00e4\u00e4n uuden lains\u00e4\u00e4d\u00e4nn\u00f6n, tullien tai vihre\u00e4n siirtym\u00e4n edellytt\u00e4miin muutoksiin. Siin\u00e4 tunnustetaan nimenomaisesti, ett\u00e4 laajemmat sosioekonomiset olosuhteet muokkaavat perusteellisesti tapaa, jolla ty\u00f6nantajat j\u00e4rjest\u00e4v\u00e4t ty\u00f6n: taantumat tai taloudelliset laskusuhdanteet johtavat usein irtisanomisiin, ty\u00f6n tehostumiseen ja lis\u00e4\u00e4ntyneeseen ty\u00f6n ep\u00e4varmuuteen, kun taas nopean kasvun kaudet johtavat usein osaamispulaan, ylit\u00f6ihin ja h\u00e4t\u00e4isiin tuotantotavoitteisiin.<br>\n<br><strong>Perustelut:<\/strong> Vaikka vihre\u00e4 teknologia ei alun perin ollut koulutuksen ensisijainen painopiste, se on sis\u00e4llytetty t\u00e4h\u00e4n keskeisen\u00e4 ulkoisena s\u00e4\u00e4ntelytekij\u00e4n\u00e4 \u2013 esimerkkin\u00e4 EU:n vihre\u00e4n kehityksen ohjelma (Green Deal) \u2013 joka vaikuttaa suoraan ty\u00f6turvallisuuteen. Lis\u00e4ksi keskustelut koulutukseen osallistujien kanssa ja heid\u00e4n erityisten organisaatiokontekstiensa tutkiminen antoivat meille mahdollisuuden havaita, ett\u00e4 t\u00e4m\u00e4 kysymys on uusi nouseva psykososiaalinen riski ty\u00f6paikalla ja sellaisenaan aihe, joka ansaitsee erityist\u00e4 huomiota koulutuksissa.<br>\n<br><strong>Psykososiaalinen n\u00e4k\u00f6kulma:<\/strong> T\u00e4ss\u00e4 osassa k\u00e4sitell\u00e4\u00e4n \u201dilmastoahdistusta\u201d ja ty\u00f6n ep\u00e4varmuutta. Tunnistaen, ett\u00e4 \u201dilmastoahdistus\u201d voi olla termi, joka vaatii selvent\u00e4mist\u00e4 monille ty\u00f6ntekij\u00f6ille ja ammattiyhdistysedustajille, se m\u00e4\u00e4ritell\u00e4\u00e4n t\u00e4ss\u00e4 mielenterveysvaikutukseksi, joka syntyy ilmastonmuutoksen seurauksena, esim. pelko ja ahdistus tulevista ymp\u00e4rist\u00f6vahingoista ja niiden seurauksista sek\u00e4 ep\u00e4varmuus ymp\u00e4rist\u00f6n tilasta; muuttuvat tai heikkenev\u00e4t elinolosuhteet ilmastotapahtumien vuoksi, sopeutuminen katastrofien j\u00e4lkeen ja reaktiot eriarvoisuuteen; \u00e4\u00e4rimm\u00e4iset s\u00e4\u00e4ilmi\u00f6t tai muuttuva ja heikkenev\u00e4 luonnonymp\u00e4rist\u00f6 (esim. l\u00e4mp\u00f6tilan muutokset, kuivuus, sadem\u00e4\u00e4r\u00e4t) (<a href=\"https:\/\/osha.europa.eu\/sites\/default\/files\/documents\/Eco-anxiety-OSH-emerging-risks_EN.pdf\" target=\"_self\">EU-OSHA, 2025<\/a>) sek\u00e4 nopeiden ymp\u00e4rist\u00f6- ja s\u00e4\u00e4ntelymuutosten aiheuttama krooninen ahdistus ja ep\u00e4varmuus omasta ammatillisesta tulevaisuudesta.<\/div>\n<\/p><\/div>\n<div style=\"display: flex; gap: 20px; flex-wrap: wrap;\">\n<div class=\"tool-card-agenda\" style=\"flex: 1; min-width: 300px;\">\n<div class=\"tool-icon-box\"><span><\/span><\/div>\n<div class=\"tool-info\">\n<h3>Algoritmien vaikutustenarviointi<\/h3>\n<p>Tarkistuslista avoimuuden, tietosuojan ja teknostressin riskien seurantaan.<\/p>\n<p>            <button class=\"btn-tool\" onclick=\"openModal('algorithmic')\" type=\"button\">Open Tool A<\/button>\n        <\/div>\n<\/p><\/div>\n<div class=\"tool-card-agenda\" style=\"flex: 1; min-width: 300px; background: #3b82f6;\">\n<div class=\"tool-icon-box\" style=\"background: #1e293b;\"><span><\/span><\/div>\n<div class=\"tool-info\">\n<h3>Oikeudenmukaisen siirtym\u00e4n tarkistuslista<\/h3>\n<p>Auditointivalmius ulkoisten s\u00e4\u00e4ntelyshokkien varalta ja ty\u00f6paikan s\u00e4ilymistakuut.<\/p>\n<p>            <button class=\"btn-tool\" onclick=\"openModal('green')\" style=\"background: #1e293b;\" type=\"button\">Open Tool B<\/button>\n        <\/div>\n<\/p><\/div>\n<\/div>\n<\/div>\n<div class=\"node-container\">\n<div class=\"node-header\">\n<div class=\"node-number\">3<\/div>\n<h2>Koulutus ja urakehitys<\/h2>\n<\/p><\/div>\n<div style=\"margin-bottom: 25px; line-height: 1.6;\" class=\" translation-block\"><strong>Painopiste:<\/strong> Ty\u00f6voiman t\u00e4ydennyskoulutus, taitojen hankkiminen ja ammatillisen vanhentumisen ehk\u00e4iseminen.<\/div>\n<div class=\"theme-grid\">\n<div class=\"theme-box\">\n<h4>Sis\u00e4lt\u00f6<\/h4>\n<p class=\" translation-block\">Muuttaa koulutuksen vapaaehtoisesta \u201dedusta\u201d <strong>pakolliseksi sopimusoikeudeksi<\/strong>. Siin\u00e4 s\u00e4\u00e4det\u00e4\u00e4n, ett\u00e4 kaiken koulutuksen on oltava t\u00e4ysin palkallista, se on suoritettava ty\u00f6aikana ja \u2014 mik\u00e4 on ratkaisevaa \u2014 sen on liitytt\u00e4v\u00e4 automaattiseen <strong>luokitukseen ja palkankorotukseen<\/strong> sertifioinnin j\u00e4lkeen.<\/div>\n<div class=\"theme-box\">\n<h4>Psykososiaalinen n\u00e4k\u00f6kulma<\/h4>\n<p class=\" translation-block\">Torjuu suoraan nopean digitalisaation aiheuttamaa <strong>\u201dvanhentumisen pelkoa\u201d<\/strong> ja ep\u00e4p\u00e4tevyyden tunnetta. Takaamalla tulevan urapolun se v\u00e4hent\u00e4\u00e4 ahdistusta ja palauttaa ammatillisen itseluottamuksen.<\/div>\n<div class=\"theme-box\">\n<h4>Operatiivinen tavoite:<\/h4>\n<p class=\" translation-block\">Hy\u00f6dynt\u00e4\u00e4 <strong>Training Clause Builder<\/strong> -ty\u00f6kalua osaamisvajeiden yhteiseen m\u00e4\u00e4rittelyyn ja rahoituksen turvaamiseen varmistaen, ett\u00e4 teolliset siirtym\u00e4t johtavat sis\u00e4iseen liikkuvuuteen \u0438 laadukkaampiin ty\u00f6paikkoihin irtisanomisten sijaan.<\/div>\n<\/p><\/div>\n<div class=\"tool-card-agenda\" style=\"background: #27ae60;\">\n<div class=\"tool-icon-box\" style=\"background: #1e293b;\"><span><\/span><\/div>\n<div class=\"tool-info\">\n<h3>Koulutuslausekkeiden rakentaja<\/h3>\n<p>M\u00e4\u00e4rittele osaamisvajeet ja luo r\u00e4\u00e4t\u00e4l\u00f6ity oikeudellinen lauseke paikalliseen sopimukseesi.<\/p>\n<p>        <button class=\"btn-tool\" onclick=\"openModal('training')\" style=\"background: #1e293b;\" type=\"button\">Luo lauseke<\/button>\n    <\/div>\n<\/div>\n<\/div>\n<div class=\"guide-navigation translation-block\"><a class=\"nav-link prev\" href=\"https:\/\/www.adapt.it\/incremental\/interactive-guide\/the-process-how\/\" target=\"_self\"><br>\r\n        <span class=\"nav-label\">Back<\/span><br>\r\n        <span class=\"nav-title\">\u2190 The Process<\/span><br>\r\n    <\/a><br>\r\n    <a class=\"nav-link next\" href=\"https:\/\/www.adapt.it\/incremental\/interactive-guide\/practical-examples\/\" target=\"_self\"><br>\r\n        <span class=\"nav-label\">Next Step<\/span><br>\r\n        <span class=\"nav-title\">Evidence Library \u2192<\/span><br>\r\n    <\/a><\/div>","protected":false},"excerpt":{"rendered":"<p>Thematic Agenda Core negotiation nodes to address digitalization, change, and the future of work with a solution-oriented mindset. 1 Work Organisation Focus: The design of work, the legal framework of rights, and the psychosocial environment. Content Addressing excessive workload, intense stress, and the blurring of work-life boundaries. Psychosocial &#038; Legal Focus Explicitly addresses violence, harassment, [&hellip;]<\/p>\n","protected":false},"author":7,"featured_media":0,"parent":10814,"menu_order":0,"comment_status":"closed","ping_status":"closed","template":"page-incremental-guide.php","meta":{"_acf_changed":false,"ocean_post_layout":"","ocean_both_sidebars_style":"","ocean_both_sidebars_content_width":0,"ocean_both_sidebars_sidebars_width":0,"ocean_sidebar":"0","ocean_second_sidebar":"0","ocean_disable_margins":"enable","ocean_add_body_class":"","ocean_shortcode_before_top_bar":"","ocean_shortcode_after_top_bar":"","ocean_shortcode_before_header":"","ocean_shortcode_after_header":"","ocean_has_shortcode":"","ocean_shortcode_after_title":"","ocean_shortcode_before_footer_widgets":"","ocean_shortcode_after_footer_widgets":"","ocean_shortcode_before_footer_bottom":"","ocean_shortcode_after_footer_bottom":"","ocean_display_top_bar":"default","ocean_display_header":"default","ocean_header_style":"","ocean_center_header_left_menu":"0","ocean_custom_header_template":"0","ocean_custom_logo":0,"ocean_custom_retina_logo":0,"ocean_custom_logo_max_width":0,"ocean_custom_logo_tablet_max_width":0,"ocean_custom_logo_mobile_max_width":0,"ocean_custom_logo_max_height":0,"ocean_custom_logo_tablet_max_height":0,"ocean_custom_logo_mobile_max_height":0,"ocean_header_custom_menu":"0","ocean_menu_typo_font_family":"0","ocean_menu_typo_font_subset":"","ocean_menu_typo_font_size":0,"ocean_menu_typo_font_size_tablet":0,"ocean_menu_typo_font_size_mobile":0,"ocean_menu_typo_font_size_unit":"px","ocean_menu_typo_font_weight":"","ocean_menu_typo_font_weight_tablet":"","ocean_menu_typo_font_weight_mobile":"","ocean_menu_typo_transform":"","ocean_menu_typo_transform_tablet":"","ocean_menu_typo_transform_mobile":"","ocean_menu_typo_line_height":0,"ocean_menu_typo_line_height_tablet":0,"ocean_menu_typo_line_height_mobile":0,"ocean_menu_typo_line_height_unit":"","ocean_menu_typo_spacing":0,"ocean_menu_typo_spacing_tablet":0,"ocean_menu_typo_spacing_mobile":0,"ocean_menu_typo_spacing_unit":"","ocean_menu_link_color":"","ocean_menu_link_color_hover":"","ocean_menu_link_color_active":"","ocean_menu_link_background":"","ocean_menu_link_hover_background":"","ocean_menu_link_active_background":"","ocean_menu_social_links_bg":"","ocean_menu_social_hover_links_bg":"","ocean_menu_social_links_color":"","ocean_menu_social_hover_links_color":"","ocean_disable_title":"default","ocean_disable_heading":"default","ocean_post_title":"","ocean_post_subheading":"","ocean_post_title_style":"","ocean_post_title_background_color":"","ocean_post_title_background":0,"ocean_post_title_bg_image_position":"","ocean_post_title_bg_image_attachment":"","ocean_post_title_bg_image_repeat":"","ocean_post_title_bg_image_size":"","ocean_post_title_height":0,"ocean_post_title_bg_overlay":0.5,"ocean_post_title_bg_overlay_color":"","ocean_disable_breadcrumbs":"default","ocean_breadcrumbs_color":"","ocean_breadcrumbs_separator_color":"","ocean_breadcrumbs_links_color":"","ocean_breadcrumbs_links_hover_color":"","ocean_display_footer_widgets":"default","ocean_display_footer_bottom":"default","ocean_custom_footer_template":"0","footnotes":""},"class_list":["post-10820","page","type-page","status-publish","hentry","entry"],"acf":[],"yoast_head":"<!-- This site is optimized with the Yoast SEO plugin v27.3 - https:\/\/yoast.com\/product\/yoast-seo-wordpress\/ -->\n<title>Thematic Agenda - The What<\/title>\n<meta name=\"robots\" content=\"index, follow, max-snippet:-1, max-image-preview:large, max-video-preview:-1\" \/>\n<link rel=\"canonical\" href=\"https:\/\/www.adapt.it\/fi\/incremental\/interactive-guide\/thematic-agenda\/\" \/>\n<meta property=\"og:locale\" content=\"fi_FI\" \/>\n<meta property=\"og:type\" content=\"article\" \/>\n<meta property=\"og:title\" content=\"Thematic Agenda - The What\" \/>\n<meta property=\"og:description\" content=\"Thematic Agenda Core negotiation nodes to address digitalization, change, and the future of work with a solution-oriented mindset. 1 Work Organisation Focus: The design of work, the legal framework of rights, and the psychosocial environment. Content Addressing excessive workload, intense stress, and the blurring of work-life boundaries. Psychosocial &#038; Legal Focus Explicitly addresses violence, harassment, [&hellip;]\" \/>\n<meta property=\"og:url\" content=\"https:\/\/www.adapt.it\/fi\/incremental\/interactive-guide\/thematic-agenda\/\" \/>\n<meta property=\"og:site_name\" content=\"Adapt.it\" \/>\n<meta property=\"article:publisher\" content=\"https:\/\/www.facebook.com\/adaptland\/\" \/>\n<meta property=\"article:modified_time\" content=\"2026-03-13T16:31:25+00:00\" \/>\n<meta name=\"twitter:card\" content=\"summary_large_image\" \/>\n<meta name=\"twitter:site\" content=\"@adaptland\" \/>\n<meta name=\"twitter:label1\" content=\"Arvioitu lukuaika\" \/>\n\t<meta name=\"twitter:data1\" content=\"4 minuuttia\" \/>\n<script type=\"application\/ld+json\" class=\"yoast-schema-graph\">{\"@context\":\"https:\\\/\\\/schema.org\",\"@graph\":[{\"@type\":\"WebPage\",\"@id\":\"https:\\\/\\\/www.adapt.it\\\/incremental\\\/interactive-guide\\\/thematic-agenda\\\/\",\"url\":\"https:\\\/\\\/www.adapt.it\\\/incremental\\\/interactive-guide\\\/thematic-agenda\\\/\",\"name\":\"Thematic Agenda - The What\",\"isPartOf\":{\"@id\":\"https:\\\/\\\/www.adapt.it\\\/#website\"},\"datePublished\":\"2026-02-18T12:36:48+00:00\",\"dateModified\":\"2026-03-13T16:31:25+00:00\",\"breadcrumb\":{\"@id\":\"https:\\\/\\\/www.adapt.it\\\/incremental\\\/interactive-guide\\\/thematic-agenda\\\/#breadcrumb\"},\"inLanguage\":\"fi\",\"potentialAction\":[{\"@type\":\"ReadAction\",\"target\":[\"https:\\\/\\\/www.adapt.it\\\/incremental\\\/interactive-guide\\\/thematic-agenda\\\/\"]}]},{\"@type\":\"BreadcrumbList\",\"@id\":\"https:\\\/\\\/www.adapt.it\\\/incremental\\\/interactive-guide\\\/thematic-agenda\\\/#breadcrumb\",\"itemListElement\":[{\"@type\":\"ListItem\",\"position\":1,\"name\":\"Home\",\"item\":\"https:\\\/\\\/www.adapt.it\\\/\"},{\"@type\":\"ListItem\",\"position\":2,\"name\":\"Incremental\",\"item\":\"https:\\\/\\\/www.adapt.it\\\/incremental\\\/\"},{\"@type\":\"ListItem\",\"position\":3,\"name\":\"The Increme(n)tal Interactive Guide\",\"item\":\"https:\\\/\\\/www.adapt.it\\\/incremental\\\/interactive-guide\\\/\"},{\"@type\":\"ListItem\",\"position\":4,\"name\":\"Thematic Agenda &#8211; The What\"}]},{\"@type\":\"WebSite\",\"@id\":\"https:\\\/\\\/www.adapt.it\\\/#website\",\"url\":\"https:\\\/\\\/www.adapt.it\\\/\",\"name\":\"adapt.it\",\"description\":\"Building the Future of Work Together\",\"publisher\":{\"@id\":\"https:\\\/\\\/www.adapt.it\\\/#organization\"},\"potentialAction\":[{\"@type\":\"SearchAction\",\"target\":{\"@type\":\"EntryPoint\",\"urlTemplate\":\"https:\\\/\\\/www.adapt.it\\\/?s={search_term_string}\"},\"query-input\":{\"@type\":\"PropertyValueSpecification\",\"valueRequired\":true,\"valueName\":\"search_term_string\"}}],\"inLanguage\":\"fi\"},{\"@type\":\"Organization\",\"@id\":\"https:\\\/\\\/www.adapt.it\\\/#organization\",\"name\":\"ADAPT\",\"url\":\"https:\\\/\\\/www.adapt.it\\\/\",\"logo\":{\"@type\":\"ImageObject\",\"inLanguage\":\"fi\",\"@id\":\"https:\\\/\\\/www.adapt.it\\\/#\\\/schema\\\/logo\\\/image\\\/\",\"url\":\"https:\\\/\\\/www.adapt.it\\\/wp-content\\\/uploads\\\/2026\\\/01\\\/ADAPT.jpg\",\"contentUrl\":\"https:\\\/\\\/www.adapt.it\\\/wp-content\\\/uploads\\\/2026\\\/01\\\/ADAPT.jpg\",\"width\":2378,\"height\":744,\"caption\":\"ADAPT\"},\"image\":{\"@id\":\"https:\\\/\\\/www.adapt.it\\\/#\\\/schema\\\/logo\\\/image\\\/\"},\"sameAs\":[\"https:\\\/\\\/www.facebook.com\\\/adaptland\\\/\",\"https:\\\/\\\/x.com\\\/adaptland\",\"https:\\\/\\\/www.instagram.com\\\/adaptland\\\/\",\"https:\\\/\\\/www.linkedin.com\\\/company\\\/adapt---centro-studi-marco-biagi\\\/\",\"https:\\\/\\\/www.youtube.com\\\/@adaptchannel\"]}]}<\/script>\n<!-- \/ Yoast SEO plugin. -->","yoast_head_json":{"title":"Thematic Agenda - The What","robots":{"index":"index","follow":"follow","max-snippet":"max-snippet:-1","max-image-preview":"max-image-preview:large","max-video-preview":"max-video-preview:-1"},"canonical":"https:\/\/www.adapt.it\/fi\/incremental\/interactive-guide\/thematic-agenda\/","og_locale":"fi_FI","og_type":"article","og_title":"Thematic Agenda - The What","og_description":"Thematic Agenda Core negotiation nodes to address digitalization, change, and the future of work with a solution-oriented mindset. 1 Work Organisation Focus: The design of work, the legal framework of rights, and the psychosocial environment. Content Addressing excessive workload, intense stress, and the blurring of work-life boundaries. Psychosocial &#038; Legal Focus Explicitly addresses violence, harassment, [&hellip;]","og_url":"https:\/\/www.adapt.it\/fi\/incremental\/interactive-guide\/thematic-agenda\/","og_site_name":"Adapt.it","article_publisher":"https:\/\/www.facebook.com\/adaptland\/","article_modified_time":"2026-03-13T16:31:25+00:00","twitter_card":"summary_large_image","twitter_site":"@adaptland","twitter_misc":{"Arvioitu lukuaika":"4 minuuttia"},"schema":{"@context":"https:\/\/schema.org","@graph":[{"@type":"WebPage","@id":"https:\/\/www.adapt.it\/incremental\/interactive-guide\/thematic-agenda\/","url":"https:\/\/www.adapt.it\/incremental\/interactive-guide\/thematic-agenda\/","name":"Thematic Agenda - The What","isPartOf":{"@id":"https:\/\/www.adapt.it\/#website"},"datePublished":"2026-02-18T12:36:48+00:00","dateModified":"2026-03-13T16:31:25+00:00","breadcrumb":{"@id":"https:\/\/www.adapt.it\/incremental\/interactive-guide\/thematic-agenda\/#breadcrumb"},"inLanguage":"fi","potentialAction":[{"@type":"ReadAction","target":["https:\/\/www.adapt.it\/incremental\/interactive-guide\/thematic-agenda\/"]}]},{"@type":"BreadcrumbList","@id":"https:\/\/www.adapt.it\/incremental\/interactive-guide\/thematic-agenda\/#breadcrumb","itemListElement":[{"@type":"ListItem","position":1,"name":"Home","item":"https:\/\/www.adapt.it\/"},{"@type":"ListItem","position":2,"name":"Incremental","item":"https:\/\/www.adapt.it\/incremental\/"},{"@type":"ListItem","position":3,"name":"The Increme(n)tal Interactive Guide","item":"https:\/\/www.adapt.it\/incremental\/interactive-guide\/"},{"@type":"ListItem","position":4,"name":"Thematic Agenda &#8211; The What"}]},{"@type":"WebSite","@id":"https:\/\/www.adapt.it\/#website","url":"https:\/\/www.adapt.it\/","name":"adapt.it","description":"Building the Future of Work Together","publisher":{"@id":"https:\/\/www.adapt.it\/#organization"},"potentialAction":[{"@type":"SearchAction","target":{"@type":"EntryPoint","urlTemplate":"https:\/\/www.adapt.it\/?s={search_term_string}"},"query-input":{"@type":"PropertyValueSpecification","valueRequired":true,"valueName":"search_term_string"}}],"inLanguage":"fi"},{"@type":"Organization","@id":"https:\/\/www.adapt.it\/#organization","name":"ADAPT","url":"https:\/\/www.adapt.it\/","logo":{"@type":"ImageObject","inLanguage":"fi","@id":"https:\/\/www.adapt.it\/#\/schema\/logo\/image\/","url":"https:\/\/www.adapt.it\/wp-content\/uploads\/2026\/01\/ADAPT.jpg","contentUrl":"https:\/\/www.adapt.it\/wp-content\/uploads\/2026\/01\/ADAPT.jpg","width":2378,"height":744,"caption":"ADAPT"},"image":{"@id":"https:\/\/www.adapt.it\/#\/schema\/logo\/image\/"},"sameAs":["https:\/\/www.facebook.com\/adaptland\/","https:\/\/x.com\/adaptland","https:\/\/www.instagram.com\/adaptland\/","https:\/\/www.linkedin.com\/company\/adapt---centro-studi-marco-biagi\/","https:\/\/www.youtube.com\/@adaptchannel"]}]}},"_links":{"self":[{"href":"https:\/\/www.adapt.it\/fi\/wp-json\/wp\/v2\/pages\/10820","targetHints":{"allow":["GET"]}}],"collection":[{"href":"https:\/\/www.adapt.it\/fi\/wp-json\/wp\/v2\/pages"}],"about":[{"href":"https:\/\/www.adapt.it\/fi\/wp-json\/wp\/v2\/types\/page"}],"author":[{"embeddable":true,"href":"https:\/\/www.adapt.it\/fi\/wp-json\/wp\/v2\/users\/7"}],"replies":[{"embeddable":true,"href":"https:\/\/www.adapt.it\/fi\/wp-json\/wp\/v2\/comments?post=10820"}],"version-history":[{"count":17,"href":"https:\/\/www.adapt.it\/fi\/wp-json\/wp\/v2\/pages\/10820\/revisions"}],"predecessor-version":[{"id":11089,"href":"https:\/\/www.adapt.it\/fi\/wp-json\/wp\/v2\/pages\/10820\/revisions\/11089"}],"up":[{"embeddable":true,"href":"https:\/\/www.adapt.it\/fi\/wp-json\/wp\/v2\/pages\/10814"}],"wp:attachment":[{"href":"https:\/\/www.adapt.it\/fi\/wp-json\/wp\/v2\/media?parent=10820"}],"curies":[{"name":"wp","href":"https:\/\/api.w.org\/{rel}","templated":true}]}}