{"id":10820,"date":"2026-02-18T12:36:48","date_gmt":"2026-02-18T12:36:48","guid":{"rendered":"https:\/\/www.adapt.it\/?page_id=10820"},"modified":"2026-03-13T16:31:25","modified_gmt":"2026-03-13T16:31:25","slug":"thematic-agenda","status":"publish","type":"page","link":"https:\/\/www.adapt.it\/da\/incremental\/interactive-guide\/thematic-agenda\/","title":{"rendered":"Thematic Agenda &#8211; The What"},"content":{"rendered":"<div class=\"process-header\">\n<h2 style=\"font-size: 42px; font-weight: 800;\">Tematisk dagsorden<\/h2>\n<p style=\"font-size: 22px; max-width: 900px; margin: 0 auto 50px auto; color: #475569;\">Centrale forhandlingspunkter til at h\u00e5ndtere digitalisering, forandring og fremtidens arbejde med en l\u00f8sningsorienteret tankegang.<\/p>\n<\/div>\n<div class=\"node-container\">\n<div class=\"node-header\">\n<div class=\"node-number\">1<\/div>\n<h2>Arbejdsorganisering<\/h2>\n<\/p><\/div>\n<div style=\"margin-bottom: 25px; line-height: 1.6;\" class=\" translation-block\"><strong>Fokus:<\/strong> Tilrettel\u00e6ggelse af arbejdet, de juridiske rammer for rettigheder og det psykosociale milj\u00f8.<\/div>\n<div class=\"theme-grid\">\n<div class=\"theme-box\">\n<h4>Indhold<\/h4>\n<p>            H\u00e5ndtering af overdreven arbejdsm\u00e6ngde, intens stress og udviskning af gr\u00e6nserne mellem arbejdsliv og privatliv.\n        <\/p><\/div>\n<div class=\"theme-box\">\n<h4>Psykosocialt og juridisk fokus<\/h4>\n<p class=\" translation-block\">Adresserer eksplicit vold, chikane og <strong>\u201eretten til at koble fra\u201c<\/strong> (retten til ikke at v\u00e6re tilg\u00e6ngelig, retten til at slukke). Indeholder nye regler om tidlig erkendelse af psykosociale risici.<\/div>\n<div class=\"theme-box\" style=\"background-color: #f1f5f9;\">\n<h4>Kontekst<\/h4>\n<p class=\" translation-block\">Psykosociale risici opst\u00e5r ikke i et vakuum; de formes af bredere socio\u00f8konomiske forhold. P\u00e5 baggrund af specifikke resultater fra <strong>Tyrkiet og Italien<\/strong> illustrerer dette afsnit, hvordan pres p\u00e5 makroniveau direkte forv\u00e6rrer arbejdstageres stress.<\/div>\n<\/p><\/div>\n<div class=\"tool-card-agenda\">\n<div class=\"tool-icon-box\"><span><\/span><\/div>\n<div class=\"tool-info\">\n<h3>Bestemmelse om retten til at koble fra og bek\u00e6mpelse af chikane<\/h3>\n<p>L\u00e6s v\u00e6rkt\u00f8jskortet: Plan for arbejdstagerbeskyttelse og forhandlingsprotokoller<\/p>\n<p>            <a class=\"btn-tool\" href=\"https:\/\/www.adapt.it\/wp-content\/uploads\/2026\/03\/Tool-Card.docx\">Download Tool Card (.docx)<\/a>\n        <\/div>\n<\/p><\/div>\n<\/div>\n<div class=\"node-container\">\n<div class=\"node-header\">\n<div class=\"node-number\">2<\/div>\n<h2>Forandringsledelse (interne og eksterne drivkr\u00e6fter)<\/h2>\n<\/p><\/div>\n<p style=\"margin-bottom: 25px; line-height: 1.6;\" class=\" translation-block\"><strong>Fokus:<\/strong> Navigering i transformationer drevet af teknologi eller regulering.<\/p>\n<div class=\"theme-grid\">\n<div class=\"theme-box\" style=\"border-left-color: #1e293b;\">\n<h4>Internt drevne (digitalisering og strategi)<\/h4>\n<p class=\" translation-block\">Fokuserer p\u00e5 forretningsstrategi og teknologisk implementering. D\u00e6kker <strong>AI-overv\u00e5gning<\/strong>, resultatm\u00e5ling og privatlivs-\/GDPR-sp\u00f8rgsm\u00e5l.<br>\n<br><strong>Psykosocial vinkel:<\/strong> \u201eTeknostress\u201c og presset fra l\u00f8bende overv\u00e5gning.<\/div>\n<div class=\"theme-box\" style=\"border-left-color: #3b82f6;\">\n<h4>Eksternt drevne (gr\u00f8n omstilling og regulering):<\/h4>\n<p class=\" translation-block\">Dette underafsnit fokuserer p\u00e5 de transformationer, der er dikteret af ny lovgivning, tariffer eller den gr\u00f8nne omstilling. Det anerkender eksplicit, at bredere socio\u00f8konomiske forhold grundl\u00e6ggende pr\u00e6ger, hvordan arbejdsgivere organiserer arbejdet: recessioner eller \u00f8konomiske nedgangstider f\u00f8rer ofte til nedsk\u00e6ringer, arbejdsintensivering og \u00f8get usikkerhed i ans\u00e6ttelsen, mens perioder med hurtig v\u00e6kst ofte resulterer i mangel p\u00e5 kompetencer, pres for overarbejde og forhastede produktionsm\u00e5l.<br>\n<br><strong>Rationel:<\/strong> Selvom gr\u00f8n teknologi oprindeligt ikke var et prim\u00e6rt uddannelsesfokus, er det inkluderet her som en afg\u00f8rende ekstern regulatorisk drivkraft \u2013 eksemplificeret ved EU's Green Deal \u2013 som direkte p\u00e5virker jobsikkerheden. Desuden har diskussioner med uddannelsesdeltagere og udforskningen af deres specifikke organisatoriske sammenh\u00e6nge gjort det muligt for os at observere, hvordan dette sp\u00f8rgsm\u00e5l udgjorde en yderligere spirende psykosocial risiko p\u00e5 arbejdspladsen og som s\u00e5dan er et emne, der fortjener s\u00e6rlig overvejelse i uddannelsessessionerne.<br>\n<br><strong>Psykosocial vinkel:<\/strong> Denne komponent adresserer \u201eklimaangst\u201c (eco-anxiety) og usikkerhed i ans\u00e6ttelsen. I erkendelse af, at \u201eklimaangst\u201c kan v\u00e6re et udtryk, der kr\u00e6ver afklaring for mange l\u00f8nmodtagere og tillidsrepr\u00e6sentanter, defineres det her som en mental sundhedsp\u00e5virkning, der opst\u00e5r som f\u00f8lge af klimaforandringer, f.eks. frygt og bekymring for fremtidige milj\u00f8skader og konsekvenser samt usikkerhed om milj\u00f8ets tilstand; \u00e6ndrede eller forringede levevilk\u00e5r p\u00e5 grund af klimah\u00e6ndelser, tilpasninger efter katastrofer og reaktioner p\u00e5 uligheder; ekstreme vejrh\u00e6ndelser eller forandringer og forringelser af det naturlige milj\u00f8 (f.eks. temperatur\u00e6ndringer, t\u00f8rke, nedb\u00f8r) (<a href=\"https:\/\/osha.europa.eu\/sites\/default\/files\/documents\/Eco-anxiety-OSH-emerging-risks_EN.pdf\" target=\"_self\">EU-OSHA, 2025<\/a>), plus den kroniske bekymring og usikkerhed vedr\u00f8rende ens professionelle fremtid for\u00e5rsaget af hurtige milj\u00f8m\u00e6ssige og lovgivningsm\u00e6ssige skift.<\/div>\n<\/p><\/div>\n<div style=\"display: flex; gap: 20px; flex-wrap: wrap;\">\n<div class=\"tool-card-agenda\" style=\"flex: 1; min-width: 300px;\">\n<div class=\"tool-icon-box\"><span><\/span><\/div>\n<div class=\"tool-info\">\n<h3>Konsekvensanalyse af algoritmer<\/h3>\n<p>Tjekliste til overv\u00e5gning af risici for gennemsigtighed, privatliv og teknostress.<\/p>\n<p>            <button class=\"btn-tool\" onclick=\"openModal('algorithmic')\" type=\"button\">Open Tool A<\/button>\n        <\/div>\n<\/p><\/div>\n<div class=\"tool-card-agenda\" style=\"flex: 1; min-width: 300px; background: #3b82f6;\">\n<div class=\"tool-icon-box\" style=\"background: #1e293b;\"><span><\/span><\/div>\n<div class=\"tool-info\">\n<h3>Tjekliste for retf\u00e6rdig omstilling<\/h3>\n<p>Audit-parathed over for eksterne lovgivningsm\u00e6ssige chok og garantier for jobsikkerhed.<\/p>\n<p>            <button class=\"btn-tool\" onclick=\"openModal('green')\" style=\"background: #1e293b;\" type=\"button\">Open Tool B<\/button>\n        <\/div>\n<\/p><\/div>\n<\/div>\n<\/div>\n<div class=\"node-container\">\n<div class=\"node-header\">\n<div class=\"node-number\">3<\/div>\n<h2>Uddannelse og karriereudvikling<\/h2>\n<\/p><\/div>\n<div style=\"margin-bottom: 25px; line-height: 1.6;\" class=\" translation-block\"><strong>Fokus:<\/strong> Opkvalificering af arbejdsstyrken, erhvervelse af f\u00e6rdigheder og forebyggelse af faglig for\u00e6ldelse.<\/div>\n<div class=\"theme-grid\">\n<div class=\"theme-box\">\n<h4>Indhold<\/h4>\n<p class=\" translation-block\">Skifter uddannelse fra et frivilligt \"frynsegode\" til en <strong>obligatorisk kontraktlig rettighed<\/strong>. Det fastsl\u00e5r, at al uddannelse skal v\u00e6re fuldt betalt, foreg\u00e5 i arbejdstiden og \u2014 afg\u00f8rende \u2014 v\u00e6re knyttet til automatisk <strong>indplacering og l\u00f8nopgradering<\/strong> ved certificering.<\/div>\n<div class=\"theme-box\">\n<h4>Psykosocial vinkel<\/h4>\n<p class=\" translation-block\">Bek\u00e6mper direkte <strong>\"frygten for for\u00e6ldelse\"<\/strong> og f\u00f8lelsen af inkompetence for\u00e5rsaget af hurtig digitalisering. Ved at garantere en fremtidig karrierevej reducerer det angst og genopretter professionel selvtillid.<\/div>\n<div class=\"theme-box\">\n<h4>Operationelt m\u00e5l:<\/h4>\n<p class=\" translation-block\">Benytter <strong>Training Clause Builder<\/strong> til i f\u00e6llesskab at definere f\u00e6rdighedshuller og sikre finansiering, hvilket sikrer, at industrielle omstillinger f\u00f8rer til intern mobilitet og job af h\u00f8jere kvalitet frem for afskedigelser.<\/div>\n<\/p><\/div>\n<div class=\"tool-card-agenda\" style=\"background: #27ae60;\">\n<div class=\"tool-icon-box\" style=\"background: #1e293b;\"><span><\/span><\/div>\n<div class=\"tool-info\">\n<h3>V\u00e6rkt\u00f8j til udarbejdelse af uddannelsesklausuler<\/h3>\n<p>Definer f\u00e6rdighedshuller og generer en tilpasset juridisk klausul til din lokale aftale.<\/p>\n<p>        <button class=\"btn-tool\" onclick=\"openModal('training')\" style=\"background: #1e293b;\" type=\"button\">Generer klausul<\/button>\n    <\/div>\n<\/div>\n<\/div>\n<div class=\"guide-navigation translation-block\"><a class=\"nav-link prev\" href=\"https:\/\/www.adapt.it\/incremental\/interactive-guide\/the-process-how\/\" target=\"_self\"><br>\r\n        <span class=\"nav-label\">Back<\/span><br>\r\n        <span class=\"nav-title\">\u2190 The Process<\/span><br>\r\n    <\/a><br>\r\n    <a class=\"nav-link next\" href=\"https:\/\/www.adapt.it\/incremental\/interactive-guide\/practical-examples\/\" target=\"_self\"><br>\r\n        <span class=\"nav-label\">Next Step<\/span><br>\r\n        <span class=\"nav-title\">Evidence Library \u2192<\/span><br>\r\n    <\/a><\/div>","protected":false},"excerpt":{"rendered":"<p>Thematic Agenda Core negotiation nodes to address digitalization, change, and the future of work with a solution-oriented mindset. 1 Work Organisation Focus: The design of work, the legal framework of rights, and the psychosocial environment. Content Addressing excessive workload, intense stress, and the blurring of work-life boundaries. Psychosocial &#038; Legal Focus Explicitly addresses violence, harassment, [&hellip;]<\/p>\n","protected":false},"author":7,"featured_media":0,"parent":10814,"menu_order":0,"comment_status":"closed","ping_status":"closed","template":"page-incremental-guide.php","meta":{"_acf_changed":false,"ocean_post_layout":"","ocean_both_sidebars_style":"","ocean_both_sidebars_content_width":0,"ocean_both_sidebars_sidebars_width":0,"ocean_sidebar":"0","ocean_second_sidebar":"0","ocean_disable_margins":"enable","ocean_add_body_class":"","ocean_shortcode_before_top_bar":"","ocean_shortcode_after_top_bar":"","ocean_shortcode_before_header":"","ocean_shortcode_after_header":"","ocean_has_shortcode":"","ocean_shortcode_after_title":"","ocean_shortcode_before_footer_widgets":"","ocean_shortcode_after_footer_widgets":"","ocean_shortcode_before_footer_bottom":"","ocean_shortcode_after_footer_bottom":"","ocean_display_top_bar":"default","ocean_display_header":"default","ocean_header_style":"","ocean_center_header_left_menu":"0","ocean_custom_header_template":"0","ocean_custom_logo":0,"ocean_custom_retina_logo":0,"ocean_custom_logo_max_width":0,"ocean_custom_logo_tablet_max_width":0,"ocean_custom_logo_mobile_max_width":0,"ocean_custom_logo_max_height":0,"ocean_custom_logo_tablet_max_height":0,"ocean_custom_logo_mobile_max_height":0,"ocean_header_custom_menu":"0","ocean_menu_typo_font_family":"0","ocean_menu_typo_font_subset":"","ocean_menu_typo_font_size":0,"ocean_menu_typo_font_size_tablet":0,"ocean_menu_typo_font_size_mobile":0,"ocean_menu_typo_font_size_unit":"px","ocean_menu_typo_font_weight":"","ocean_menu_typo_font_weight_tablet":"","ocean_menu_typo_font_weight_mobile":"","ocean_menu_typo_transform":"","ocean_menu_typo_transform_tablet":"","ocean_menu_typo_transform_mobile":"","ocean_menu_typo_line_height":0,"ocean_menu_typo_line_height_tablet":0,"ocean_menu_typo_line_height_mobile":0,"ocean_menu_typo_line_height_unit":"","ocean_menu_typo_spacing":0,"ocean_menu_typo_spacing_tablet":0,"ocean_menu_typo_spacing_mobile":0,"ocean_menu_typo_spacing_unit":"","ocean_menu_link_color":"","ocean_menu_link_color_hover":"","ocean_menu_link_color_active":"","ocean_menu_link_background":"","ocean_menu_link_hover_background":"","ocean_menu_link_active_background":"","ocean_menu_social_links_bg":"","ocean_menu_social_hover_links_bg":"","ocean_menu_social_links_color":"","ocean_menu_social_hover_links_color":"","ocean_disable_title":"default","ocean_disable_heading":"default","ocean_post_title":"","ocean_post_subheading":"","ocean_post_title_style":"","ocean_post_title_background_color":"","ocean_post_title_background":0,"ocean_post_title_bg_image_position":"","ocean_post_title_bg_image_attachment":"","ocean_post_title_bg_image_repeat":"","ocean_post_title_bg_image_size":"","ocean_post_title_height":0,"ocean_post_title_bg_overlay":0.5,"ocean_post_title_bg_overlay_color":"","ocean_disable_breadcrumbs":"default","ocean_breadcrumbs_color":"","ocean_breadcrumbs_separator_color":"","ocean_breadcrumbs_links_color":"","ocean_breadcrumbs_links_hover_color":"","ocean_display_footer_widgets":"default","ocean_display_footer_bottom":"default","ocean_custom_footer_template":"0","footnotes":""},"class_list":["post-10820","page","type-page","status-publish","hentry","entry"],"acf":[],"yoast_head":"<!-- This site is optimized with the Yoast SEO plugin v27.3 - https:\/\/yoast.com\/product\/yoast-seo-wordpress\/ -->\n<title>Thematic Agenda - The What<\/title>\n<meta name=\"robots\" content=\"index, follow, max-snippet:-1, max-image-preview:large, max-video-preview:-1\" \/>\n<link rel=\"canonical\" href=\"https:\/\/www.adapt.it\/da\/incremental\/interactive-guide\/thematic-agenda\/\" \/>\n<meta property=\"og:locale\" content=\"da_DK\" \/>\n<meta property=\"og:type\" content=\"article\" \/>\n<meta property=\"og:title\" content=\"Thematic Agenda - The What\" \/>\n<meta property=\"og:description\" content=\"Thematic Agenda Core negotiation nodes to address digitalization, change, and the future of work with a solution-oriented mindset. 1 Work Organisation Focus: The design of work, the legal framework of rights, and the psychosocial environment. Content Addressing excessive workload, intense stress, and the blurring of work-life boundaries. Psychosocial &#038; Legal Focus Explicitly addresses violence, harassment, [&hellip;]\" \/>\n<meta property=\"og:url\" content=\"https:\/\/www.adapt.it\/da\/incremental\/interactive-guide\/thematic-agenda\/\" \/>\n<meta property=\"og:site_name\" content=\"Adapt.it\" \/>\n<meta property=\"article:publisher\" content=\"https:\/\/www.facebook.com\/adaptland\/\" \/>\n<meta property=\"article:modified_time\" content=\"2026-03-13T16:31:25+00:00\" \/>\n<meta name=\"twitter:card\" content=\"summary_large_image\" \/>\n<meta name=\"twitter:site\" content=\"@adaptland\" \/>\n<meta name=\"twitter:label1\" content=\"Estimeret l\u00e6setid\" \/>\n\t<meta name=\"twitter:data1\" content=\"4 minutter\" \/>\n<script type=\"application\/ld+json\" class=\"yoast-schema-graph\">{\"@context\":\"https:\\\/\\\/schema.org\",\"@graph\":[{\"@type\":\"WebPage\",\"@id\":\"https:\\\/\\\/www.adapt.it\\\/incremental\\\/interactive-guide\\\/thematic-agenda\\\/\",\"url\":\"https:\\\/\\\/www.adapt.it\\\/incremental\\\/interactive-guide\\\/thematic-agenda\\\/\",\"name\":\"Thematic Agenda - The What\",\"isPartOf\":{\"@id\":\"https:\\\/\\\/www.adapt.it\\\/#website\"},\"datePublished\":\"2026-02-18T12:36:48+00:00\",\"dateModified\":\"2026-03-13T16:31:25+00:00\",\"breadcrumb\":{\"@id\":\"https:\\\/\\\/www.adapt.it\\\/incremental\\\/interactive-guide\\\/thematic-agenda\\\/#breadcrumb\"},\"inLanguage\":\"da-DK\",\"potentialAction\":[{\"@type\":\"ReadAction\",\"target\":[\"https:\\\/\\\/www.adapt.it\\\/incremental\\\/interactive-guide\\\/thematic-agenda\\\/\"]}]},{\"@type\":\"BreadcrumbList\",\"@id\":\"https:\\\/\\\/www.adapt.it\\\/incremental\\\/interactive-guide\\\/thematic-agenda\\\/#breadcrumb\",\"itemListElement\":[{\"@type\":\"ListItem\",\"position\":1,\"name\":\"Home\",\"item\":\"https:\\\/\\\/www.adapt.it\\\/\"},{\"@type\":\"ListItem\",\"position\":2,\"name\":\"Incremental\",\"item\":\"https:\\\/\\\/www.adapt.it\\\/incremental\\\/\"},{\"@type\":\"ListItem\",\"position\":3,\"name\":\"The Increme(n)tal Interactive Guide\",\"item\":\"https:\\\/\\\/www.adapt.it\\\/incremental\\\/interactive-guide\\\/\"},{\"@type\":\"ListItem\",\"position\":4,\"name\":\"Thematic Agenda &#8211; The What\"}]},{\"@type\":\"WebSite\",\"@id\":\"https:\\\/\\\/www.adapt.it\\\/#website\",\"url\":\"https:\\\/\\\/www.adapt.it\\\/\",\"name\":\"adapt.it\",\"description\":\"Building the Future of Work Together\",\"publisher\":{\"@id\":\"https:\\\/\\\/www.adapt.it\\\/#organization\"},\"potentialAction\":[{\"@type\":\"SearchAction\",\"target\":{\"@type\":\"EntryPoint\",\"urlTemplate\":\"https:\\\/\\\/www.adapt.it\\\/?s={search_term_string}\"},\"query-input\":{\"@type\":\"PropertyValueSpecification\",\"valueRequired\":true,\"valueName\":\"search_term_string\"}}],\"inLanguage\":\"da-DK\"},{\"@type\":\"Organization\",\"@id\":\"https:\\\/\\\/www.adapt.it\\\/#organization\",\"name\":\"ADAPT\",\"url\":\"https:\\\/\\\/www.adapt.it\\\/\",\"logo\":{\"@type\":\"ImageObject\",\"inLanguage\":\"da-DK\",\"@id\":\"https:\\\/\\\/www.adapt.it\\\/#\\\/schema\\\/logo\\\/image\\\/\",\"url\":\"https:\\\/\\\/www.adapt.it\\\/wp-content\\\/uploads\\\/2026\\\/01\\\/ADAPT.jpg\",\"contentUrl\":\"https:\\\/\\\/www.adapt.it\\\/wp-content\\\/uploads\\\/2026\\\/01\\\/ADAPT.jpg\",\"width\":2378,\"height\":744,\"caption\":\"ADAPT\"},\"image\":{\"@id\":\"https:\\\/\\\/www.adapt.it\\\/#\\\/schema\\\/logo\\\/image\\\/\"},\"sameAs\":[\"https:\\\/\\\/www.facebook.com\\\/adaptland\\\/\",\"https:\\\/\\\/x.com\\\/adaptland\",\"https:\\\/\\\/www.instagram.com\\\/adaptland\\\/\",\"https:\\\/\\\/www.linkedin.com\\\/company\\\/adapt---centro-studi-marco-biagi\\\/\",\"https:\\\/\\\/www.youtube.com\\\/@adaptchannel\"]}]}<\/script>\n<!-- \/ Yoast SEO plugin. -->","yoast_head_json":{"title":"Thematic Agenda - The What","robots":{"index":"index","follow":"follow","max-snippet":"max-snippet:-1","max-image-preview":"max-image-preview:large","max-video-preview":"max-video-preview:-1"},"canonical":"https:\/\/www.adapt.it\/da\/incremental\/interactive-guide\/thematic-agenda\/","og_locale":"da_DK","og_type":"article","og_title":"Thematic Agenda - The What","og_description":"Thematic Agenda Core negotiation nodes to address digitalization, change, and the future of work with a solution-oriented mindset. 1 Work Organisation Focus: The design of work, the legal framework of rights, and the psychosocial environment. Content Addressing excessive workload, intense stress, and the blurring of work-life boundaries. Psychosocial &#038; Legal Focus Explicitly addresses violence, harassment, [&hellip;]","og_url":"https:\/\/www.adapt.it\/da\/incremental\/interactive-guide\/thematic-agenda\/","og_site_name":"Adapt.it","article_publisher":"https:\/\/www.facebook.com\/adaptland\/","article_modified_time":"2026-03-13T16:31:25+00:00","twitter_card":"summary_large_image","twitter_site":"@adaptland","twitter_misc":{"Estimeret l\u00e6setid":"4 minutter"},"schema":{"@context":"https:\/\/schema.org","@graph":[{"@type":"WebPage","@id":"https:\/\/www.adapt.it\/incremental\/interactive-guide\/thematic-agenda\/","url":"https:\/\/www.adapt.it\/incremental\/interactive-guide\/thematic-agenda\/","name":"Thematic Agenda - The What","isPartOf":{"@id":"https:\/\/www.adapt.it\/#website"},"datePublished":"2026-02-18T12:36:48+00:00","dateModified":"2026-03-13T16:31:25+00:00","breadcrumb":{"@id":"https:\/\/www.adapt.it\/incremental\/interactive-guide\/thematic-agenda\/#breadcrumb"},"inLanguage":"da-DK","potentialAction":[{"@type":"ReadAction","target":["https:\/\/www.adapt.it\/incremental\/interactive-guide\/thematic-agenda\/"]}]},{"@type":"BreadcrumbList","@id":"https:\/\/www.adapt.it\/incremental\/interactive-guide\/thematic-agenda\/#breadcrumb","itemListElement":[{"@type":"ListItem","position":1,"name":"Home","item":"https:\/\/www.adapt.it\/"},{"@type":"ListItem","position":2,"name":"Incremental","item":"https:\/\/www.adapt.it\/incremental\/"},{"@type":"ListItem","position":3,"name":"The Increme(n)tal Interactive Guide","item":"https:\/\/www.adapt.it\/incremental\/interactive-guide\/"},{"@type":"ListItem","position":4,"name":"Thematic Agenda &#8211; The What"}]},{"@type":"WebSite","@id":"https:\/\/www.adapt.it\/#website","url":"https:\/\/www.adapt.it\/","name":"adapt.it","description":"Building the Future of Work Together","publisher":{"@id":"https:\/\/www.adapt.it\/#organization"},"potentialAction":[{"@type":"SearchAction","target":{"@type":"EntryPoint","urlTemplate":"https:\/\/www.adapt.it\/?s={search_term_string}"},"query-input":{"@type":"PropertyValueSpecification","valueRequired":true,"valueName":"search_term_string"}}],"inLanguage":"da-DK"},{"@type":"Organization","@id":"https:\/\/www.adapt.it\/#organization","name":"ADAPT","url":"https:\/\/www.adapt.it\/","logo":{"@type":"ImageObject","inLanguage":"da-DK","@id":"https:\/\/www.adapt.it\/#\/schema\/logo\/image\/","url":"https:\/\/www.adapt.it\/wp-content\/uploads\/2026\/01\/ADAPT.jpg","contentUrl":"https:\/\/www.adapt.it\/wp-content\/uploads\/2026\/01\/ADAPT.jpg","width":2378,"height":744,"caption":"ADAPT"},"image":{"@id":"https:\/\/www.adapt.it\/#\/schema\/logo\/image\/"},"sameAs":["https:\/\/www.facebook.com\/adaptland\/","https:\/\/x.com\/adaptland","https:\/\/www.instagram.com\/adaptland\/","https:\/\/www.linkedin.com\/company\/adapt---centro-studi-marco-biagi\/","https:\/\/www.youtube.com\/@adaptchannel"]}]}},"_links":{"self":[{"href":"https:\/\/www.adapt.it\/da\/wp-json\/wp\/v2\/pages\/10820","targetHints":{"allow":["GET"]}}],"collection":[{"href":"https:\/\/www.adapt.it\/da\/wp-json\/wp\/v2\/pages"}],"about":[{"href":"https:\/\/www.adapt.it\/da\/wp-json\/wp\/v2\/types\/page"}],"author":[{"embeddable":true,"href":"https:\/\/www.adapt.it\/da\/wp-json\/wp\/v2\/users\/7"}],"replies":[{"embeddable":true,"href":"https:\/\/www.adapt.it\/da\/wp-json\/wp\/v2\/comments?post=10820"}],"version-history":[{"count":17,"href":"https:\/\/www.adapt.it\/da\/wp-json\/wp\/v2\/pages\/10820\/revisions"}],"predecessor-version":[{"id":11089,"href":"https:\/\/www.adapt.it\/da\/wp-json\/wp\/v2\/pages\/10820\/revisions\/11089"}],"up":[{"embeddable":true,"href":"https:\/\/www.adapt.it\/da\/wp-json\/wp\/v2\/pages\/10814"}],"wp:attachment":[{"href":"https:\/\/www.adapt.it\/da\/wp-json\/wp\/v2\/media?parent=10820"}],"curies":[{"name":"wp","href":"https:\/\/api.w.org\/{rel}","templated":true}]}}