{"id":10820,"date":"2026-02-18T12:36:48","date_gmt":"2026-02-18T12:36:48","guid":{"rendered":"https:\/\/www.adapt.it\/?page_id=10820"},"modified":"2026-03-13T16:31:25","modified_gmt":"2026-03-13T16:31:25","slug":"thematic-agenda","status":"publish","type":"page","link":"https:\/\/www.adapt.it\/cs\/incremental\/interactive-guide\/thematic-agenda\/","title":{"rendered":"Thematic Agenda &#8211; The What"},"content":{"rendered":"<div class=\"process-header\">\n<h2 style=\"font-size: 42px; font-weight: 800;\">Tematick\u00e1 agenda<\/h2>\n<p style=\"font-size: 22px; max-width: 900px; margin: 0 auto 50px auto; color: #475569;\">Hlavn\u00ed vyjedn\u00e1vac\u00ed body pro \u0159e\u0161en\u00ed digitalizace, zm\u011bn a budoucnosti pr\u00e1ce s p\u0159\u00edstupem zam\u011b\u0159en\u00fdm na \u0159e\u0161en\u00ed.<\/p>\n<\/div>\n<div class=\"node-container\">\n<div class=\"node-header\">\n<div class=\"node-number\">1<\/div>\n<h2>Organizace pr\u00e1ce<\/h2>\n<\/p><\/div>\n<div style=\"margin-bottom: 25px; line-height: 1.6;\" class=\" translation-block\"><strong>Zam\u011b\u0159en\u00ed:<\/strong> Podoba pr\u00e1ce, pr\u00e1vn\u00ed r\u00e1mec pr\u00e1v a psychosoci\u00e1ln\u00ed prost\u0159ed\u00ed.<\/div>\n<div class=\"theme-grid\">\n<div class=\"theme-box\">\n<h4>Obsah<\/h4>\n<p>            \u0158e\u0161en\u00ed nadm\u011brn\u00e9 pracovn\u00ed z\u00e1t\u011b\u017ee, intenzivn\u00edho stresu a st\u00edr\u00e1n\u00ed hranic mezi pracovn\u00edm a soukrom\u00fdm \u017eivotem.\n        <\/p><\/div>\n<div class=\"theme-box\">\n<h4>Psychosoci\u00e1ln\u00ed a pr\u00e1vn\u00ed zam\u011b\u0159en\u00ed<\/h4>\n<p class=\" translation-block\">Izri\u010dito se bavi nasiljem, uznemiravanjem i <strong>\u201epravom na isklju\u010denje\u201d<\/strong> (pravo na nedostupnost, pravo na isklju\u010divanje ure\u0111aja). Uklju\u010duje nove propise o ranom prepoznavanju psihosocijalnih rizika.<\/div>\n<div class=\"theme-box\" style=\"background-color: #f1f5f9;\">\n<h4>Kontext<\/h4>\n<p class=\" translation-block\">Psychosoci\u00e1ln\u00ed rizika nevznikaj\u00ed ve vakuu; jsou utv\u00e1\u0159ena \u0161ir\u0161\u00edmi socioekonomick\u00fdmi podm\u00ednkami. Na z\u00e1klad\u011b konkr\u00e9tn\u00edch zji\u0161t\u011bn\u00ed z <strong>Turecka a It\u00e1lie<\/strong> tento odd\u00edl ilustruje, jak tlaky na makro\u00farovni p\u0159\u00edmo zvy\u0161uj\u00ed stres pracovn\u00edk\u016f.<\/div>\n<\/p><\/div>\n<div class=\"tool-card-agenda\">\n<div class=\"tool-icon-box\"><span><\/span><\/div>\n<div class=\"tool-info\">\n<h3>Ustanoven\u00ed o pr\u00e1vu na odpojen\u00ed a proti obt\u011b\u017eov\u00e1n\u00ed<\/h3>\n<p>P\u0159e\u010dt\u011bte si kartu n\u00e1stroje: Pl\u00e1n ochrann\u00fdch opat\u0159en\u00ed pro pracovn\u00edky a vyjedn\u00e1vac\u00edch protokol\u016f<\/p>\n<p>            <a class=\"btn-tool\" href=\"https:\/\/www.adapt.it\/wp-content\/uploads\/2026\/03\/Tool-Card.docx\">Download Tool Card (.docx)<\/a>\n        <\/div>\n<\/p><\/div>\n<\/div>\n<div class=\"node-container\">\n<div class=\"node-header\">\n<div class=\"node-number\">2<\/div>\n<h2>\u0158\u00edzen\u00ed zm\u011bn (vnit\u0159n\u00ed a vn\u011bj\u0161\u00ed faktory)<\/h2>\n<\/p><\/div>\n<p style=\"margin-bottom: 25px; line-height: 1.6;\" class=\" translation-block\"><strong>Zam\u011b\u0159en\u00ed:<\/strong> Zvl\u00e1d\u00e1n\u00ed transformac\u00ed poh\u00e1n\u011bn\u00fdch technologiemi nebo regulac\u00ed.<\/p>\n<div class=\"theme-grid\">\n<div class=\"theme-box\" style=\"border-left-color: #1e293b;\">\n<h4>Vnit\u0159n\u011b motivovan\u00e9 (digitalizace a strategie)<\/h4>\n<p class=\" translation-block\">Zam\u011b\u0159uje se na obchodn\u00ed strategii a technologickou implementaci. Zahrnuje <strong>sledov\u00e1n\u00ed pomoc\u00ed AI<\/strong>, m\u011b\u0159en\u00ed v\u00fdkonu a ot\u00e1zky soukrom\u00ed\/GDPR.<br>\n<br><strong>Psychosoci\u00e1ln\u00ed pohled:<\/strong> \u201eTechnostres\u201c a tlak plynouc\u00ed z nep\u0159etr\u017eit\u00e9ho monitorov\u00e1n\u00ed.<\/div>\n<div class=\"theme-box\" style=\"border-left-color: #3b82f6;\">\n<h4>Vn\u011bj\u0161n\u011b motivovan\u00e9 (zelen\u00e1 transformace a regulace):<\/h4>\n<p class=\" translation-block\">Tato podsekce se zam\u011b\u0159uje na transformace na\u0159\u00edzen\u00e9 novou legislativou, tarify nebo Zelenou transformac\u00ed. V\u00fdslovn\u011b uzn\u00e1v\u00e1, \u017ee \u0161ir\u0161\u00ed socioekonomick\u00e9 podm\u00ednky z\u00e1sadn\u011b formuj\u00ed zp\u016fsob, jak\u00fdm zam\u011bstnavatel\u00e9 organizuj\u00ed pr\u00e1ci: recese nebo hospod\u00e1\u0159sk\u00fd \u00fatlum \u010dasto vedou k propou\u0161t\u011bn\u00ed, intenzifikaci pr\u00e1ce a zv\u00fd\u0161en\u00e9 nejistot\u011b zam\u011bstn\u00e1n\u00ed, zat\u00edmco obdob\u00ed rychl\u00e9ho r\u016fstu \u010dasto vy\u00fas\u0165uj\u00ed v nedostatek dovednost\u00ed, tlak na p\u0159es\u010dasy a un\u00e1hlen\u00e9 v\u00fdrobn\u00ed c\u00edle.<br>\n<br><strong>Od\u016fvodn\u011bn\u00ed:<\/strong> A\u010dkoliv zelen\u00e9 technologie nebyly p\u016fvodn\u011b prim\u00e1rn\u00edm zam\u011b\u0159en\u00edm \u0161kolen\u00ed, jsou zde zahrnuty jako kl\u00ed\u010dov\u00fd vn\u011bj\u0161\u00ed regula\u010dn\u00ed faktor \u2013 p\u0159\u00edkladem je Zelen\u00e1 dohoda pro EU \u2013 kter\u00fd m\u00e1 p\u0159\u00edm\u00fd dopad na jistotu zam\u011bstn\u00e1n\u00ed. Diskuze s \u00fa\u010dastn\u00edky \u0161kolen\u00ed a zkoum\u00e1n\u00ed jejich specifick\u00fdch organiza\u010dn\u00edch kontext\u016f n\u00e1m nav\u00edc umo\u017enily pozorovat, jak je tato ot\u00e1zka dal\u0161\u00edm vznikaj\u00edc\u00edm psychosoci\u00e1ln\u00edm rizikem na pracovi\u0161ti, a jako takov\u00e1 p\u0159edstavuje t\u00e9ma hodn\u00e9 zvl\u00e1\u0161tn\u00edho z\u0159etele v r\u00e1mci \u0161kolen\u00ed.<br>\n<br><strong>Psychosoci\u00e1ln\u00ed pohled:<\/strong> Tato slo\u017eka se zab\u00fdv\u00e1 \u201eeko-\u00fazkost\u00ed\u201c a nejistotou zam\u011bstn\u00e1n\u00ed. Vzhledem k tomu, \u017ee \u201eeko-\u00fazkost\u201c m\u016f\u017ee b\u00fdt term\u00edn vy\u017eaduj\u00edc\u00ed u mnoha pracovn\u00edk\u016f a odborov\u00fdch z\u00e1stupc\u016f vysv\u011btlen\u00ed, je zde definov\u00e1na jako dopad na du\u0161evn\u00ed zdrav\u00ed, kter\u00fd vznik\u00e1 v d\u016fsledku zm\u011bny klimatu, nap\u0159. strach a \u00fazkost z budouc\u00edch \u0161kod na \u017eivotn\u00edm prost\u0159ed\u00ed a jejich n\u00e1sledk\u016f a nejistota ohledn\u011b stavu \u017eivotn\u00edho prost\u0159ed\u00ed; m\u011bn\u00edc\u00ed se nebo zhor\u0161uj\u00edc\u00ed se \u017eivotn\u00ed podm\u00ednky v d\u016fsledku klimatick\u00fdch ud\u00e1lost\u00ed, adaptace po katastrof\u00e1ch a reakce na nerovnosti; extr\u00e9mn\u00ed pov\u011btrnostn\u00ed jevy nebo m\u011bn\u00edc\u00ed se a degraduj\u00edc\u00ed p\u0159\u00edrodn\u00ed prost\u0159ed\u00ed (nap\u0159. zm\u011bny teplot, sucho, sr\u00e1\u017eky) (<a href=\"https:\/\/osha.europa.eu\/sites\/default\/files\/documents\/Eco-anxiety-OSH-emerging-risks_EN.pdf\" target=\"_self\">EU-OSHA, 2025<\/a>), plus chronick\u00e1 \u00fazkost a nejistota ohledn\u011b profesn\u00ed budoucnosti zp\u016fsoben\u00e1 rychl\u00fdmi environment\u00e1ln\u00edmi a regula\u010dn\u00edmi zm\u011bnami.<\/div>\n<\/p><\/div>\n<div style=\"display: flex; gap: 20px; flex-wrap: wrap;\">\n<div class=\"tool-card-agenda\" style=\"flex: 1; min-width: 300px;\">\n<div class=\"tool-icon-box\"><span><\/span><\/div>\n<div class=\"tool-info\">\n<h3>Posouzen\u00ed dopad\u016f algoritm\u016f<\/h3>\n<p>Kontroln\u00ed seznam pro sledov\u00e1n\u00ed rizik v oblasti transparentnosti, soukrom\u00ed a technostresu.<\/p>\n<p>            <button class=\"btn-tool\" onclick=\"openModal('algorithmic')\" type=\"button\">Open Tool A<\/button>\n        <\/div>\n<\/p><\/div>\n<div class=\"tool-card-agenda\" style=\"flex: 1; min-width: 300px; background: #3b82f6;\">\n<div class=\"tool-icon-box\" style=\"background: #1e293b;\"><span><\/span><\/div>\n<div class=\"tool-info\">\n<h3>Kontroln\u00ed seznam pro spravedlivou transformaci<\/h3>\n<p>P\u0159ipravenost na audit pro p\u0159\u00edpad vn\u011bj\u0161\u00edch regula\u010dn\u00edch \u0161ok\u016f a z\u00e1ruky jistoty zam\u011bstn\u00e1n\u00ed.<\/p>\n<p>            <button class=\"btn-tool\" onclick=\"openModal('green')\" style=\"background: #1e293b;\" type=\"button\">Open Tool B<\/button>\n        <\/div>\n<\/p><\/div>\n<\/div>\n<\/div>\n<div class=\"node-container\">\n<div class=\"node-header\">\n<div class=\"node-number\">3<\/div>\n<h2>Vzd\u011bl\u00e1v\u00e1n\u00ed a kariern\u00ed rozvoj<\/h2>\n<\/p><\/div>\n<div style=\"margin-bottom: 25px; line-height: 1.6;\" class=\" translation-block\"><strong>Zam\u011b\u0159en\u00ed:<\/strong> Zvy\u0161ov\u00e1n\u00ed kvalifikace pracovn\u00ed s\u00edly, z\u00edsk\u00e1v\u00e1n\u00ed dovednost\u00ed a prevence profesn\u00edho zastar\u00e1v\u00e1n\u00ed.<\/div>\n<div class=\"theme-grid\">\n<div class=\"theme-box\">\n<h4>Obsah<\/h4>\n<p class=\" translation-block\">Posouv\u00e1 \u0161kolen\u00ed z dobrovoln\u00e9ho \u201ebenefitu\u201c na <strong>povinn\u00e9 smluvn\u00ed pr\u00e1vo<\/strong>. Stanov\u00ed, \u017ee ve\u0161ker\u00e1 \u0161kolen\u00ed mus\u00ed b\u00fdt pln\u011b placena, prov\u00e1d\u011bna v pracovn\u00ed dob\u011b a \u2014 co je z\u00e1sadn\u00ed \u2014 spojena s automatick\u00fdm <strong>za\u0159azen\u00edm a zv\u00fd\u0161en\u00edm platu<\/strong> po z\u00edsk\u00e1n\u00ed certifikace.<\/div>\n<div class=\"theme-box\">\n<h4>Psychosoci\u00e1ln\u00ed aspekt<\/h4>\n<p class=\" translation-block\">P\u0159\u00edmo bojuje proti <strong>\u201estrachu ze zastar\u00e1v\u00e1n\u00ed\u201c<\/strong> a pocit\u016fm nekompetentnosti zp\u016fsoben\u00fdm rychlou digitalizac\u00ed. Zaru\u010den\u00edm budouc\u00ed kari\u00e9ry sni\u017euje \u00fazkost a obnovuje profesn\u00ed sebev\u011bdom\u00ed.<\/div>\n<div class=\"theme-box\">\n<h4>Operativn\u00ed c\u00edl:<\/h4>\n<p class=\" translation-block\">Vyu\u017e\u00edv\u00e1 <strong>Training Clause Builder<\/strong> ke spole\u010dn\u00e9mu definov\u00e1n\u00ed nedostatk\u016f v dovednostech a zaji\u0161t\u011bn\u00ed financov\u00e1n\u00ed, \u010d\u00edm\u017e zaji\u0161\u0165uje, \u017ee pr\u016fmyslov\u00e1 transformace povede k vnit\u0159n\u00ed mobilit\u011b a kvalitn\u011bj\u0161\u00edm pracovn\u00edm m\u00edst\u016fm nam\u00edsto propou\u0161t\u011bn\u00ed.<\/div>\n<\/p><\/div>\n<div class=\"tool-card-agenda\" style=\"background: #27ae60;\">\n<div class=\"tool-icon-box\" style=\"background: #1e293b;\"><span><\/span><\/div>\n<div class=\"tool-info\">\n<h3>N\u00e1stroj pro tvorbu dolo\u017eek o vzd\u011bl\u00e1v\u00e1n\u00ed<\/h3>\n<p>Definirajte nedostatke u vje\u0161tinama i izradite prilago\u0111enu pravnu klauzulu za svoj lokalni sporazum.<\/p>\n<p>        <button class=\"btn-tool\" onclick=\"openModal('training')\" style=\"background: #1e293b;\" type=\"button\">Generovat dolo\u017eku<\/button>\n    <\/div>\n<\/div>\n<\/div>\n<div class=\"guide-navigation translation-block\"><a class=\"nav-link prev\" href=\"https:\/\/www.adapt.it\/incremental\/interactive-guide\/the-process-how\/\" target=\"_self\"><br>\r\n        <span class=\"nav-label\">Back<\/span><br>\r\n        <span class=\"nav-title\">\u2190 The Process<\/span><br>\r\n    <\/a><br>\r\n    <a class=\"nav-link next\" href=\"https:\/\/www.adapt.it\/incremental\/interactive-guide\/practical-examples\/\" target=\"_self\"><br>\r\n        <span class=\"nav-label\">Next Step<\/span><br>\r\n        <span class=\"nav-title\">Evidence Library \u2192<\/span><br>\r\n    <\/a><\/div>","protected":false},"excerpt":{"rendered":"<p>Thematic Agenda Core negotiation nodes to address digitalization, change, and the future of work with a solution-oriented mindset. 1 Work Organisation Focus: The design of work, the legal framework of rights, and the psychosocial environment. Content Addressing excessive workload, intense stress, and the blurring of work-life boundaries. Psychosocial &#038; Legal Focus Explicitly addresses violence, harassment, [&hellip;]<\/p>\n","protected":false},"author":7,"featured_media":0,"parent":10814,"menu_order":0,"comment_status":"closed","ping_status":"closed","template":"page-incremental-guide.php","meta":{"_acf_changed":false,"ocean_post_layout":"","ocean_both_sidebars_style":"","ocean_both_sidebars_content_width":0,"ocean_both_sidebars_sidebars_width":0,"ocean_sidebar":"0","ocean_second_sidebar":"0","ocean_disable_margins":"enable","ocean_add_body_class":"","ocean_shortcode_before_top_bar":"","ocean_shortcode_after_top_bar":"","ocean_shortcode_before_header":"","ocean_shortcode_after_header":"","ocean_has_shortcode":"","ocean_shortcode_after_title":"","ocean_shortcode_before_footer_widgets":"","ocean_shortcode_after_footer_widgets":"","ocean_shortcode_before_footer_bottom":"","ocean_shortcode_after_footer_bottom":"","ocean_display_top_bar":"default","ocean_display_header":"default","ocean_header_style":"","ocean_center_header_left_menu":"0","ocean_custom_header_template":"0","ocean_custom_logo":0,"ocean_custom_retina_logo":0,"ocean_custom_logo_max_width":0,"ocean_custom_logo_tablet_max_width":0,"ocean_custom_logo_mobile_max_width":0,"ocean_custom_logo_max_height":0,"ocean_custom_logo_tablet_max_height":0,"ocean_custom_logo_mobile_max_height":0,"ocean_header_custom_menu":"0","ocean_menu_typo_font_family":"0","ocean_menu_typo_font_subset":"","ocean_menu_typo_font_size":0,"ocean_menu_typo_font_size_tablet":0,"ocean_menu_typo_font_size_mobile":0,"ocean_menu_typo_font_size_unit":"px","ocean_menu_typo_font_weight":"","ocean_menu_typo_font_weight_tablet":"","ocean_menu_typo_font_weight_mobile":"","ocean_menu_typo_transform":"","ocean_menu_typo_transform_tablet":"","ocean_menu_typo_transform_mobile":"","ocean_menu_typo_line_height":0,"ocean_menu_typo_line_height_tablet":0,"ocean_menu_typo_line_height_mobile":0,"ocean_menu_typo_line_height_unit":"","ocean_menu_typo_spacing":0,"ocean_menu_typo_spacing_tablet":0,"ocean_menu_typo_spacing_mobile":0,"ocean_menu_typo_spacing_unit":"","ocean_menu_link_color":"","ocean_menu_link_color_hover":"","ocean_menu_link_color_active":"","ocean_menu_link_background":"","ocean_menu_link_hover_background":"","ocean_menu_link_active_background":"","ocean_menu_social_links_bg":"","ocean_menu_social_hover_links_bg":"","ocean_menu_social_links_color":"","ocean_menu_social_hover_links_color":"","ocean_disable_title":"default","ocean_disable_heading":"default","ocean_post_title":"","ocean_post_subheading":"","ocean_post_title_style":"","ocean_post_title_background_color":"","ocean_post_title_background":0,"ocean_post_title_bg_image_position":"","ocean_post_title_bg_image_attachment":"","ocean_post_title_bg_image_repeat":"","ocean_post_title_bg_image_size":"","ocean_post_title_height":0,"ocean_post_title_bg_overlay":0.5,"ocean_post_title_bg_overlay_color":"","ocean_disable_breadcrumbs":"default","ocean_breadcrumbs_color":"","ocean_breadcrumbs_separator_color":"","ocean_breadcrumbs_links_color":"","ocean_breadcrumbs_links_hover_color":"","ocean_display_footer_widgets":"default","ocean_display_footer_bottom":"default","ocean_custom_footer_template":"0","footnotes":""},"class_list":["post-10820","page","type-page","status-publish","hentry","entry"],"acf":[],"yoast_head":"<!-- This site is optimized with the Yoast SEO plugin v27.3 - https:\/\/yoast.com\/product\/yoast-seo-wordpress\/ -->\n<title>Thematic Agenda - The What<\/title>\n<meta name=\"robots\" content=\"index, follow, max-snippet:-1, max-image-preview:large, max-video-preview:-1\" \/>\n<link rel=\"canonical\" href=\"https:\/\/www.adapt.it\/cs\/incremental\/interactive-guide\/thematic-agenda\/\" \/>\n<meta property=\"og:locale\" content=\"cs_CZ\" \/>\n<meta property=\"og:type\" content=\"article\" \/>\n<meta property=\"og:title\" content=\"Thematic Agenda - The What\" \/>\n<meta property=\"og:description\" content=\"Thematic Agenda Core negotiation nodes to address digitalization, change, and the future of work with a solution-oriented mindset. 1 Work Organisation Focus: The design of work, the legal framework of rights, and the psychosocial environment. Content Addressing excessive workload, intense stress, and the blurring of work-life boundaries. Psychosocial &#038; Legal Focus Explicitly addresses violence, harassment, [&hellip;]\" \/>\n<meta property=\"og:url\" content=\"https:\/\/www.adapt.it\/cs\/incremental\/interactive-guide\/thematic-agenda\/\" \/>\n<meta property=\"og:site_name\" content=\"Adapt.it\" \/>\n<meta property=\"article:publisher\" content=\"https:\/\/www.facebook.com\/adaptland\/\" \/>\n<meta property=\"article:modified_time\" content=\"2026-03-13T16:31:25+00:00\" \/>\n<meta name=\"twitter:card\" content=\"summary_large_image\" \/>\n<meta name=\"twitter:site\" content=\"@adaptland\" \/>\n<meta name=\"twitter:label1\" content=\"Odhadovan\u00e1 doba \u010dten\u00ed\" \/>\n\t<meta name=\"twitter:data1\" content=\"4 minuty\" \/>\n<script type=\"application\/ld+json\" class=\"yoast-schema-graph\">{\"@context\":\"https:\\\/\\\/schema.org\",\"@graph\":[{\"@type\":\"WebPage\",\"@id\":\"https:\\\/\\\/www.adapt.it\\\/incremental\\\/interactive-guide\\\/thematic-agenda\\\/\",\"url\":\"https:\\\/\\\/www.adapt.it\\\/incremental\\\/interactive-guide\\\/thematic-agenda\\\/\",\"name\":\"Thematic Agenda - The What\",\"isPartOf\":{\"@id\":\"https:\\\/\\\/www.adapt.it\\\/#website\"},\"datePublished\":\"2026-02-18T12:36:48+00:00\",\"dateModified\":\"2026-03-13T16:31:25+00:00\",\"breadcrumb\":{\"@id\":\"https:\\\/\\\/www.adapt.it\\\/incremental\\\/interactive-guide\\\/thematic-agenda\\\/#breadcrumb\"},\"inLanguage\":\"cs\",\"potentialAction\":[{\"@type\":\"ReadAction\",\"target\":[\"https:\\\/\\\/www.adapt.it\\\/incremental\\\/interactive-guide\\\/thematic-agenda\\\/\"]}]},{\"@type\":\"BreadcrumbList\",\"@id\":\"https:\\\/\\\/www.adapt.it\\\/incremental\\\/interactive-guide\\\/thematic-agenda\\\/#breadcrumb\",\"itemListElement\":[{\"@type\":\"ListItem\",\"position\":1,\"name\":\"Home\",\"item\":\"https:\\\/\\\/www.adapt.it\\\/\"},{\"@type\":\"ListItem\",\"position\":2,\"name\":\"Incremental\",\"item\":\"https:\\\/\\\/www.adapt.it\\\/incremental\\\/\"},{\"@type\":\"ListItem\",\"position\":3,\"name\":\"The Increme(n)tal Interactive Guide\",\"item\":\"https:\\\/\\\/www.adapt.it\\\/incremental\\\/interactive-guide\\\/\"},{\"@type\":\"ListItem\",\"position\":4,\"name\":\"Thematic Agenda &#8211; The What\"}]},{\"@type\":\"WebSite\",\"@id\":\"https:\\\/\\\/www.adapt.it\\\/#website\",\"url\":\"https:\\\/\\\/www.adapt.it\\\/\",\"name\":\"adapt.it\",\"description\":\"Building the Future of Work Together\",\"publisher\":{\"@id\":\"https:\\\/\\\/www.adapt.it\\\/#organization\"},\"potentialAction\":[{\"@type\":\"SearchAction\",\"target\":{\"@type\":\"EntryPoint\",\"urlTemplate\":\"https:\\\/\\\/www.adapt.it\\\/?s={search_term_string}\"},\"query-input\":{\"@type\":\"PropertyValueSpecification\",\"valueRequired\":true,\"valueName\":\"search_term_string\"}}],\"inLanguage\":\"cs\"},{\"@type\":\"Organization\",\"@id\":\"https:\\\/\\\/www.adapt.it\\\/#organization\",\"name\":\"ADAPT\",\"url\":\"https:\\\/\\\/www.adapt.it\\\/\",\"logo\":{\"@type\":\"ImageObject\",\"inLanguage\":\"cs\",\"@id\":\"https:\\\/\\\/www.adapt.it\\\/#\\\/schema\\\/logo\\\/image\\\/\",\"url\":\"https:\\\/\\\/www.adapt.it\\\/wp-content\\\/uploads\\\/2026\\\/01\\\/ADAPT.jpg\",\"contentUrl\":\"https:\\\/\\\/www.adapt.it\\\/wp-content\\\/uploads\\\/2026\\\/01\\\/ADAPT.jpg\",\"width\":2378,\"height\":744,\"caption\":\"ADAPT\"},\"image\":{\"@id\":\"https:\\\/\\\/www.adapt.it\\\/#\\\/schema\\\/logo\\\/image\\\/\"},\"sameAs\":[\"https:\\\/\\\/www.facebook.com\\\/adaptland\\\/\",\"https:\\\/\\\/x.com\\\/adaptland\",\"https:\\\/\\\/www.instagram.com\\\/adaptland\\\/\",\"https:\\\/\\\/www.linkedin.com\\\/company\\\/adapt---centro-studi-marco-biagi\\\/\",\"https:\\\/\\\/www.youtube.com\\\/@adaptchannel\"]}]}<\/script>\n<!-- \/ Yoast SEO plugin. -->","yoast_head_json":{"title":"Thematic Agenda - The What","robots":{"index":"index","follow":"follow","max-snippet":"max-snippet:-1","max-image-preview":"max-image-preview:large","max-video-preview":"max-video-preview:-1"},"canonical":"https:\/\/www.adapt.it\/cs\/incremental\/interactive-guide\/thematic-agenda\/","og_locale":"cs_CZ","og_type":"article","og_title":"Thematic Agenda - The What","og_description":"Thematic Agenda Core negotiation nodes to address digitalization, change, and the future of work with a solution-oriented mindset. 1 Work Organisation Focus: The design of work, the legal framework of rights, and the psychosocial environment. Content Addressing excessive workload, intense stress, and the blurring of work-life boundaries. Psychosocial &#038; Legal Focus Explicitly addresses violence, harassment, [&hellip;]","og_url":"https:\/\/www.adapt.it\/cs\/incremental\/interactive-guide\/thematic-agenda\/","og_site_name":"Adapt.it","article_publisher":"https:\/\/www.facebook.com\/adaptland\/","article_modified_time":"2026-03-13T16:31:25+00:00","twitter_card":"summary_large_image","twitter_site":"@adaptland","twitter_misc":{"Odhadovan\u00e1 doba \u010dten\u00ed":"4 minuty"},"schema":{"@context":"https:\/\/schema.org","@graph":[{"@type":"WebPage","@id":"https:\/\/www.adapt.it\/incremental\/interactive-guide\/thematic-agenda\/","url":"https:\/\/www.adapt.it\/incremental\/interactive-guide\/thematic-agenda\/","name":"Thematic Agenda - The What","isPartOf":{"@id":"https:\/\/www.adapt.it\/#website"},"datePublished":"2026-02-18T12:36:48+00:00","dateModified":"2026-03-13T16:31:25+00:00","breadcrumb":{"@id":"https:\/\/www.adapt.it\/incremental\/interactive-guide\/thematic-agenda\/#breadcrumb"},"inLanguage":"cs","potentialAction":[{"@type":"ReadAction","target":["https:\/\/www.adapt.it\/incremental\/interactive-guide\/thematic-agenda\/"]}]},{"@type":"BreadcrumbList","@id":"https:\/\/www.adapt.it\/incremental\/interactive-guide\/thematic-agenda\/#breadcrumb","itemListElement":[{"@type":"ListItem","position":1,"name":"Home","item":"https:\/\/www.adapt.it\/"},{"@type":"ListItem","position":2,"name":"Incremental","item":"https:\/\/www.adapt.it\/incremental\/"},{"@type":"ListItem","position":3,"name":"The Increme(n)tal Interactive Guide","item":"https:\/\/www.adapt.it\/incremental\/interactive-guide\/"},{"@type":"ListItem","position":4,"name":"Thematic Agenda &#8211; The What"}]},{"@type":"WebSite","@id":"https:\/\/www.adapt.it\/#website","url":"https:\/\/www.adapt.it\/","name":"adapt.it","description":"Building the Future of Work Together","publisher":{"@id":"https:\/\/www.adapt.it\/#organization"},"potentialAction":[{"@type":"SearchAction","target":{"@type":"EntryPoint","urlTemplate":"https:\/\/www.adapt.it\/?s={search_term_string}"},"query-input":{"@type":"PropertyValueSpecification","valueRequired":true,"valueName":"search_term_string"}}],"inLanguage":"cs"},{"@type":"Organization","@id":"https:\/\/www.adapt.it\/#organization","name":"ADAPT","url":"https:\/\/www.adapt.it\/","logo":{"@type":"ImageObject","inLanguage":"cs","@id":"https:\/\/www.adapt.it\/#\/schema\/logo\/image\/","url":"https:\/\/www.adapt.it\/wp-content\/uploads\/2026\/01\/ADAPT.jpg","contentUrl":"https:\/\/www.adapt.it\/wp-content\/uploads\/2026\/01\/ADAPT.jpg","width":2378,"height":744,"caption":"ADAPT"},"image":{"@id":"https:\/\/www.adapt.it\/#\/schema\/logo\/image\/"},"sameAs":["https:\/\/www.facebook.com\/adaptland\/","https:\/\/x.com\/adaptland","https:\/\/www.instagram.com\/adaptland\/","https:\/\/www.linkedin.com\/company\/adapt---centro-studi-marco-biagi\/","https:\/\/www.youtube.com\/@adaptchannel"]}]}},"_links":{"self":[{"href":"https:\/\/www.adapt.it\/cs\/wp-json\/wp\/v2\/pages\/10820","targetHints":{"allow":["GET"]}}],"collection":[{"href":"https:\/\/www.adapt.it\/cs\/wp-json\/wp\/v2\/pages"}],"about":[{"href":"https:\/\/www.adapt.it\/cs\/wp-json\/wp\/v2\/types\/page"}],"author":[{"embeddable":true,"href":"https:\/\/www.adapt.it\/cs\/wp-json\/wp\/v2\/users\/7"}],"replies":[{"embeddable":true,"href":"https:\/\/www.adapt.it\/cs\/wp-json\/wp\/v2\/comments?post=10820"}],"version-history":[{"count":17,"href":"https:\/\/www.adapt.it\/cs\/wp-json\/wp\/v2\/pages\/10820\/revisions"}],"predecessor-version":[{"id":11089,"href":"https:\/\/www.adapt.it\/cs\/wp-json\/wp\/v2\/pages\/10820\/revisions\/11089"}],"up":[{"embeddable":true,"href":"https:\/\/www.adapt.it\/cs\/wp-json\/wp\/v2\/pages\/10814"}],"wp:attachment":[{"href":"https:\/\/www.adapt.it\/cs\/wp-json\/wp\/v2\/media?parent=10820"}],"curies":[{"name":"wp","href":"https:\/\/api.w.org\/{rel}","templated":true}]}}